{"id":2117,"date":"2019-10-17T14:49:49","date_gmt":"2019-10-17T12:49:49","guid":{"rendered":"https:\/\/us.edu.pl\/pracownik\/?page_id=2117"},"modified":"2020-07-14T10:37:48","modified_gmt":"2020-07-14T08:37:48","slug":"czynniki-biologiczne","status":"publish","type":"page","link":"https:\/\/us.edu.pl\/pracownik\/procedury-i-obieg-dokumentow\/instrukcje-i-procedury-bhp-i-op\/czynniki-biologiczne\/","title":{"rendered":"Czynniki biologiczne"},"content":{"rendered":"<p>[vc_row][vc_column][\/vc_column][\/vc_row][vc_row][vc_column]\r\n                <div class=\"text-modules\">\r\n                    <div class=\"container\">\r\n                        <h3 class=\"page-title text__title\">Czynniki biologiczne<\/h3>\r\n                        <div class=\"text-modules__content\"><p><span style=\"font-weight: 400\">Informacj\u0119 dotycz\u0105c\u0105 u\u017cycia szkodliwego czynnika biologicznego w celach naukowo-badawczych, nale\u017cy przekaza\u0107 do Inspektoratu BHP i OP na druku<br \/>\n<em><br \/>\n<a href=\"\/pracownik\/wp-content\/uploads\/sites\/2\/pracownik\/druki\/za\u0142.11-Informacja-o-u\u017cyciu-czynnika-biologicznego-w-\u015brodowisku-pracy.doc\" class=\"mtli_attachment mtli_doc\" data-mtli=\"mtli_filesize94,00kB\" class=\"mtli_attachment mtli_doc\" data-mtli=\"mtli_filesize94,00kB\">Informacja o u\u017cyciu czynnika biologicznego w \u015brodowisku pracy<\/a><\/em><\/span><\/p>\n<p><span style=\"font-weight: 400\">W przypadku u\u017cycia czynnika biologicznego zakwalifikowanego do 3 lub 4 grupy zagro\u017cenia nale\u017cy wype\u0142ni\u0107 nast\u0119puj\u0105ce druki do pobrania z linku druki:<\/span><\/p>\n<ol>\n<li style=\"font-weight: 400\"><span style=\"font-weight: 400\">rejestr prac nara\u017caj\u0105cych pracownik\u00f3w na dzia\u0142anie szkodliwego czynnika biologicznego zakwalifikowanego do grupy 3 lub 4 zagro\u017cenia<br \/>\n<\/span><em><em><span style=\"font-weight: 400\"><a href=\"\/pracownik\/wp-content\/uploads\/sites\/2\/pracownik\/druki\/za\u0142.9-rejesrt_-prac_na_dzialanie_szkodliwego_czynnika_biologicznego.doc\" class=\"mtli_attachment mtli_doc\" data-mtli=\"mtli_filesize37,00kB\" class=\"mtli_attachment mtli_doc\" data-mtli=\"mtli_filesize37,00kB\">dokument do pobrania<\/a><\/span><\/em><\/em><\/li>\n<li style=\"font-weight: 400\"><span style=\"font-weight: 400\">rejestr pracownik\u00f3w nara\u017conych na dzia\u0142anie szkodliwego czynnika biologicznego zakwalifikowanego do grupy 3 lub 4 zagro\u017cenia<br \/>\n<\/span><span style=\"font-weight: 400\"><em><a href=\"\/pracownik\/wp-content\/uploads\/sites\/2\/pracownik\/druki\/za\u0142.10-rejesrt_-pracownik\u00f3w_na_dzialanie_szkodliwego_czynnika_biologicznego.doc\" class=\"mtli_attachment mtli_doc\" data-mtli=\"mtli_filesize32,50kB\" class=\"mtli_attachment mtli_doc\" data-mtli=\"mtli_filesize32,50kB\">dokument do pobrania<\/a><\/em>\u00a0<\/span><\/li>\n<\/ol>\n<p><span style=\"font-weight: 400\">Wykaz szkodliwych\u00a0czynnik\u00f3w\u00a0biologicznych znajduje si\u0119 w Rozporz\u0105dzeniu Ministra Zdrowia z dnia 22 kwietnia 2005 r. w sprawie szkodliwych\u00a0czynnik\u00f3w\u00a0biologicznych\u00a0dla zdrowia w \u015brodowisku pracy oraz ochrony zdrowia pracownik\u00f3w zawodowo nara\u017conych na te\u00a0czynniki ( Dz. U. Nr 81, poz. 716 z 2005 r.).<\/span><\/p>\n<p><span style=\"font-weight: 400\">Szkodliwe czynniki biologiczne mog\u0105ce by\u0107 przyczyn\u0105 zaka\u017cenia, alergii lub zatrucia obejmuj\u0105:<\/span><\/p>\n<p><span style=\"font-weight: 400\">1) \u00a0 drobnoustroje kom\u00f3rkowe, w tym zmodyfikowane genetycznie;<\/span><\/p>\n<p><span style=\"font-weight: 400\">2) \u00a0 jednostki bezkom\u00f3rkowe zdolne do replikacji lub przenoszenia materia\u0142u genetycznego, w tym zmodyfikowane genetycznie;<\/span><\/p>\n<p><span style=\"font-weight: 400\">3) \u00a0 hodowle kom\u00f3rkowe;<\/span><\/p>\n<p><span style=\"font-weight: 400\">4) \u00a0 paso\u017cyty wewn\u0119trzne cz\u0142owieka.<\/span><\/p>\n<style type=\"text\/css\">a[data-mtli~=\"mtli_filesize94,00kB\"]:after {content:\" (94,00 kB)\"}a[data-mtli~=\"mtli_filesize37,00kB\"]:after {content:\" (37,00 kB)\"}a[data-mtli~=\"mtli_filesize32,50kB\"]:after {content:\" (32,50 kB)\"}<\/style><\/div>\r\n                    <\/div>\r\n                <\/div>[\/vc_column][\/vc_row]<\/p>\n<style type=\"text\/css\">a[data-mtli~=\"mtli_filesize94,00kB\"]:after {content:\" (94,00 kB)\"}a[data-mtli~=\"mtli_filesize37,00kB\"]:after {content:\" (37,00 kB)\"}a[data-mtli~=\"mtli_filesize32,50kB\"]:after {content:\" (32,50 kB)\"}a[data-mtli~=\"mtli_filesize42,77kB\"]:after {content:\" (42,77 kB)\"}a[data-mtli~=\"mtli_filesize7,49kB\"]:after {content:\" (7,49 kB)\"}a[data-mtli~=\"mtli_filesize7,85kB\"]:after {content:\" (7,85 kB)\"}<\/style>","protected":false},"excerpt":{"rendered":"<p>[vc_row][vc_column][\/vc_column][\/vc_row][vc_row][vc_column][\/vc_column][\/vc_row] [&#8230;]<\/p>\n<p><a class=\"btn btn-secondary understrap-read-more-link\" href=\"https:\/\/us.edu.pl\/pracownik\/procedury-i-obieg-dokumentow\/instrukcje-i-procedury-bhp-i-op\/czynniki-biologiczne\/\">Read More&#8230;<\/a><\/p>\n","protected":false},"author":41,"featured_media":0,"parent":905,"menu_order":327,"comment_status":"closed","ping_status":"closed","template":"page-templates\/inner-page.php","meta":{"_expiration-date-status":"saved","_expiration-date":0,"_expiration-date-type":"","_expiration-date-categories":[],"_expiration-date-options":[]},"acf":[],"_links":{"self":[{"href":"https:\/\/us.edu.pl\/pracownik\/wp-json\/wp\/v2\/pages\/2117"}],"collection":[{"href":"https:\/\/us.edu.pl\/pracownik\/wp-json\/wp\/v2\/pages"}],"about":[{"href":"https:\/\/us.edu.pl\/pracownik\/wp-json\/wp\/v2\/types\/page"}],"author":[{"embeddable":true,"href":"https:\/\/us.edu.pl\/pracownik\/wp-json\/wp\/v2\/users\/41"}],"replies":[{"embeddable":true,"href":"https:\/\/us.edu.pl\/pracownik\/wp-json\/wp\/v2\/comments?post=2117"}],"version-history":[{"count":13,"href":"https:\/\/us.edu.pl\/pracownik\/wp-json\/wp\/v2\/pages\/2117\/revisions"}],"predecessor-version":[{"id":8590,"href":"https:\/\/us.edu.pl\/pracownik\/wp-json\/wp\/v2\/pages\/2117\/revisions\/8590"}],"up":[{"embeddable":true,"href":"https:\/\/us.edu.pl\/pracownik\/wp-json\/wp\/v2\/pages\/905"}],"wp:attachment":[{"href":"https:\/\/us.edu.pl\/pracownik\/wp-json\/wp\/v2\/media?parent=2117"}],"curies":[{"name":"wp","href":"https:\/\/api.w.org\/{rel}","templated":true}]}}