{"id":213,"date":"2019-09-13T10:05:18","date_gmt":"2019-09-13T08:05:18","guid":{"rendered":"http:\/\/php71.nfinity-beta.pl\/us\/pracownik\/?page_id=213"},"modified":"2019-09-13T10:08:56","modified_gmt":"2019-09-13T08:08:56","slug":"wysokosci-odsetek-ustawowych-od-zaleglosci-w-oplatach","status":"publish","type":"page","link":"https:\/\/us.edu.pl\/pracownik\/wysokosci-odsetek-ustawowych-od-zaleglosci-w-oplatach\/","title":{"rendered":"Wysoko\u015bci odsetek ustawowych od zaleg\u0142o\u015bci w op\u0142atach"},"content":{"rendered":"<p>[vc_row][vc_column]\r\n                <div class=\"text-modules\">\r\n                    <div class=\"container\">\r\n                        <h3 class=\"page-title text__title\">Wysoko\u015bci odsetek ustawowych od zaleg\u0142o\u015bci w op\u0142atach<\/h3>\r\n                        <div class=\"text-modules__content\"><p>Osoby, kt\u00f3re posiadaj\u0105 zaleg\u0142o\u015bci w op\u0142atach za miejsca w <b>domach studenckich<\/b> lub <b>hotelach Uniwersytetu \u015al\u0105skiego w Katowicach<\/b>, oraz wszystkie inne osoby, kt\u00f3rych to mo\u017ce dotyczy\u0107, informujemy o obowi\u0105zuj\u0105cej wysoko\u015bci <b>odsetek ustawowych<\/b>:<\/p>\n<table style=\"border-style: solid; width: 100%; border-color: #000000;\" border=\"0\" width=\"100%\" cellpadding=\"5\" align=\"center\">\n<tbody>\n<tr>\n<td><span style=\"color: #878888;\">od 15.12.2008<\/span><\/td>\n<td>13%<\/td>\n<td><span style=\"color: #002e5a;\">Dz. U. Nr 220, poz. 1434\/2008<\/span><\/td>\n<\/tr>\n<\/tbody>\n<\/table>\n<p>\n<\/div>\r\n                    <\/div>\r\n                <\/div>[\/vc_column][\/vc_row]<\/p>","protected":false},"excerpt":{"rendered":"<p>[vc_row][vc_column][\/vc_column][\/vc_row] [&#8230;]<\/p>\n<p><a class=\"btn btn-secondary understrap-read-more-link\" href=\"https:\/\/us.edu.pl\/pracownik\/wysokosci-odsetek-ustawowych-od-zaleglosci-w-oplatach\/\">Read More&#8230;<\/a><\/p>\n","protected":false},"author":1,"featured_media":0,"parent":0,"menu_order":400,"comment_status":"closed","ping_status":"closed","template":"","meta":{"_expiration-date-status":"","_expiration-date":0,"_expiration-date-type":"","_expiration-date-categories":[],"_expiration-date-options":[]},"acf":[],"_links":{"self":[{"href":"https:\/\/us.edu.pl\/pracownik\/wp-json\/wp\/v2\/pages\/213"}],"collection":[{"href":"https:\/\/us.edu.pl\/pracownik\/wp-json\/wp\/v2\/pages"}],"about":[{"href":"https:\/\/us.edu.pl\/pracownik\/wp-json\/wp\/v2\/types\/page"}],"author":[{"embeddable":true,"href":"https:\/\/us.edu.pl\/pracownik\/wp-json\/wp\/v2\/users\/1"}],"replies":[{"embeddable":true,"href":"https:\/\/us.edu.pl\/pracownik\/wp-json\/wp\/v2\/comments?post=213"}],"version-history":[{"count":3,"href":"https:\/\/us.edu.pl\/pracownik\/wp-json\/wp\/v2\/pages\/213\/revisions"}],"predecessor-version":[{"id":216,"href":"https:\/\/us.edu.pl\/pracownik\/wp-json\/wp\/v2\/pages\/213\/revisions\/216"}],"wp:attachment":[{"href":"https:\/\/us.edu.pl\/pracownik\/wp-json\/wp\/v2\/media?parent=213"}],"curies":[{"name":"wp","href":"https:\/\/api.w.org\/{rel}","templated":true}]}}