{"id":2134,"date":"2019-10-18T09:15:35","date_gmt":"2019-10-18T07:15:35","guid":{"rendered":"https:\/\/us.edu.pl\/pracownik\/?page_id=2134"},"modified":"2026-03-12T15:13:52","modified_gmt":"2026-03-12T14:13:52","slug":"dodatek-specjalny-ze-wzgledu-na-charakter-pracy-lub-warunki-wykonywania-pracy","status":"publish","type":"page","link":"https:\/\/us.edu.pl\/pracownik\/procedury-i-obieg-dokumentow\/instrukcje-i-procedury-bhp-i-op\/dodatek-specjalny-ze-wzgledu-na-charakter-pracy-lub-warunki-wykonywania-pracy\/","title":{"rendered":"Dodatek specjalny ze wzgl\u0119du na charakter pracy lub warunki wykonywania pracy"},"content":{"rendered":"<p>[vc_row][vc_column][\/vc_column][\/vc_row][vc_row][vc_column]\r\n                <div class=\"text-modules\">\r\n                    <div class=\"container\">\r\n                        <h3 class=\"page-title text__title\">Dodatek specjalny ze wzgl\u0119du na charakter pracy lub warunki wykonywania pracy<\/h3>\r\n                        <div class=\"text-modules__content\"><p><strong>Podstawa prawna<\/strong>:<\/p>\n<p><a href=\"https:\/\/aktyprawne.us.edu.pl\/423-lista\/?search-global=157%2F2024\">Zarz\u0105dzenie Rektora nr 157\/2024<\/a> Rektora Uniwersytetu \u015al\u0105skiego w Katowicach w sprawie warunk\u00f3w i trybu przyznawania i wyp\u0142acania dodatku za prac\u0119 w warunkach szkodliwych dla zdrowia.<\/p>\n<p>Dodatek przyznaje i cofa Komisja ds. opiniowania wniosk\u00f3w o przyznanie lub cofni\u0119cie dodatku na podstawie wniosku bezpo\u015bredniego prze\u0142o\u017conego, zaakceptowanego przez kierownika jednostki organizacyjnej i po zaopiniowaniu przez Komisj\u0119, o kt\u00f3rej mowa wy\u017cej. Decyzj\u0119 o przyznaniu lub cofni\u0119ciu dodatku podpisuje przewodnicz\u0105cy Komisji.<\/p>\n<p>Dodatek przyznaje si\u0119 na czas nieokre\u015blony do czasu wykonywania pracy, o kt\u00f3rej mowa w \u00a7 2 ust. 2 w\/w zarz\u0105dzenia.<\/p>\n<p>Druki wniosk\u00f3w o przyznanie lub cofni\u0119cie dodatku do pobrania:<\/p>\n<ul>\n<li><a href=\"https:\/\/us.edu.pl\/pracownik\/wp-content\/uploads\/sites\/2\/Editor\/BHP\/zal.-nr-1_wniosek-o-przyznanie-dodatku-specjalnego.docx\" class=\"mtli_attachment mtli_docx\" data-mtli=\"mtli_filesize16,80kB\" class=\"mtli_attachment mtli_docx\" data-mtli=\"mtli_filesize16,80kB\" target=\"_blank\" rel=\"noopener\">Wniosek o przyznanie dodatku specjalnego (za\u0142.1)<\/a><\/li>\n<li><a href=\"https:\/\/us.edu.pl\/pracownik\/wp-content\/uploads\/sites\/2\/Editor\/BHP\/zal.-nr-3_decyzja-o-przyznaniu-dodatku-specjalnego.docx\" class=\"mtli_attachment mtli_docx\" data-mtli=\"mtli_filesize15,22kB\" class=\"mtli_attachment mtli_docx\" data-mtli=\"mtli_filesize15,22kB\" target=\"_blank\" rel=\"noopener\">Wniosek o przyznanie dodatku specjalnego (za\u0142. 2)<\/a><\/li>\n<li><a href=\"https:\/\/us.edu.pl\/pracownik\/wp-content\/uploads\/sites\/2\/Editor\/BHP\/zal.-nr-2_wniosek-o-cofniecie-dodatku-specjalnego.docx\" class=\"mtli_attachment mtli_docx\" data-mtli=\"mtli_filesize15,63kB\" class=\"mtli_attachment mtli_docx\" data-mtli=\"mtli_filesize15,63kB\" target=\"_blank\" rel=\"noopener\">Wniosek o cofni\u0119cie dodatku specjalnego (za\u0142.3)<\/a><\/li>\n<li><a href=\"https:\/\/us.edu.pl\/pracownik\/wp-content\/uploads\/sites\/2\/Editor\/BHP\/zal.-nr-4_decyzja-o-cofnieciu-dodatku-specjalnego.docx\" class=\"mtli_attachment mtli_docx\" data-mtli=\"mtli_filesize13,95kB\" class=\"mtli_attachment mtli_docx\" data-mtli=\"mtli_filesize13,95kB\" target=\"_blank\" rel=\"noopener\">Wniosek o cofni\u0119cie dodatku specjalnego (za\u0142. 4)<\/a><\/li>\n<\/ul>\n<p>Dodatek, ze wzgl\u0119du na charakter pracy lub warunki wykonywania pracy przyznaje si\u0119 nauczycielom akademickim i pracownikom nieb\u0119d\u0105cym nauczycielami akademickimi zatrudnionym w Uniwersytecie \u015al\u0105skim, wykonuj\u0105cym prac\u0119 w warunkach szkodliwych dla zdrowia przez co najmniej 40 godzin w miesi\u0105cu lub przez po\u0142ow\u0119 dopuszczalnego czasu przebywania w strefie zagro\u017cenia \u2013 niezale\u017cnie od wymiaru czasu pracy wynikaj\u0105cego ze stosunku pracy.<\/p>\n<style type=\"text\/css\">a[data-mtli~=\"mtli_filesize16,80kB\"]:after {content:\" (16,80 kB)\"}a[data-mtli~=\"mtli_filesize15,22kB\"]:after {content:\" (15,22 kB)\"}a[data-mtli~=\"mtli_filesize15,63kB\"]:after {content:\" (15,63 kB)\"}a[data-mtli~=\"mtli_filesize13,95kB\"]:after {content:\" (13,95 kB)\"}<\/style><\/div>\r\n                    <\/div>\r\n                <\/div>[\/vc_column][\/vc_row]<\/p>\n<style type=\"text\/css\">a[data-mtli~=\"mtli_filesize16,80kB\"]:after {content:\" (16,80 kB)\"}a[data-mtli~=\"mtli_filesize15,22kB\"]:after {content:\" (15,22 kB)\"}a[data-mtli~=\"mtli_filesize15,63kB\"]:after {content:\" (15,63 kB)\"}a[data-mtli~=\"mtli_filesize13,95kB\"]:after {content:\" (13,95 kB)\"}a[data-mtli~=\"mtli_filesize14,16kB\"]:after {content:\" (14,16 kB)\"}<\/style>","protected":false},"excerpt":{"rendered":"<p>[vc_row][vc_column][\/vc_column][\/vc_row][vc_row][vc_column][\/vc_column][\/vc_row] [&#8230;]<\/p>\n<p><a class=\"btn btn-secondary understrap-read-more-link\" href=\"https:\/\/us.edu.pl\/pracownik\/procedury-i-obieg-dokumentow\/instrukcje-i-procedury-bhp-i-op\/dodatek-specjalny-ze-wzgledu-na-charakter-pracy-lub-warunki-wykonywania-pracy\/\">Read More&#8230;<\/a><\/p>\n","protected":false},"author":41,"featured_media":0,"parent":905,"menu_order":325,"comment_status":"closed","ping_status":"closed","template":"page-templates\/inner-page-with-bookmarks.php","meta":{"_expiration-date-status":"","_expiration-date":0,"_expiration-date-type":"","_expiration-date-categories":[],"_expiration-date-options":[]},"acf":[],"_links":{"self":[{"href":"https:\/\/us.edu.pl\/pracownik\/wp-json\/wp\/v2\/pages\/2134"}],"collection":[{"href":"https:\/\/us.edu.pl\/pracownik\/wp-json\/wp\/v2\/pages"}],"about":[{"href":"https:\/\/us.edu.pl\/pracownik\/wp-json\/wp\/v2\/types\/page"}],"author":[{"embeddable":true,"href":"https:\/\/us.edu.pl\/pracownik\/wp-json\/wp\/v2\/users\/41"}],"replies":[{"embeddable":true,"href":"https:\/\/us.edu.pl\/pracownik\/wp-json\/wp\/v2\/comments?post=2134"}],"version-history":[{"count":10,"href":"https:\/\/us.edu.pl\/pracownik\/wp-json\/wp\/v2\/pages\/2134\/revisions"}],"predecessor-version":[{"id":42624,"href":"https:\/\/us.edu.pl\/pracownik\/wp-json\/wp\/v2\/pages\/2134\/revisions\/42624"}],"up":[{"embeddable":true,"href":"https:\/\/us.edu.pl\/pracownik\/wp-json\/wp\/v2\/pages\/905"}],"wp:attachment":[{"href":"https:\/\/us.edu.pl\/pracownik\/wp-json\/wp\/v2\/media?parent=2134"}],"curies":[{"name":"wp","href":"https:\/\/api.w.org\/{rel}","templated":true}]}}