{"id":2139,"date":"2019-10-18T09:27:34","date_gmt":"2019-10-18T07:27:34","guid":{"rendered":"https:\/\/us.edu.pl\/pracownik\/?page_id=2139"},"modified":"2025-10-24T13:55:56","modified_gmt":"2025-10-24T11:55:56","slug":"gospodarowanie-odpadami","status":"publish","type":"page","link":"https:\/\/us.edu.pl\/pracownik\/procedury-i-obieg-dokumentow\/instrukcje-i-procedury-bhp-i-op\/gospodarowanie-odpadami\/","title":{"rendered":"Gospodarowanie odpadami"},"content":{"rendered":"<p>[vc_row][vc_column][\/vc_column][\/vc_row][vc_row][vc_column]\r\n                <div class=\"text-modules\">\r\n                    <div class=\"container\">\r\n                        <h3 class=\"page-title text__title\">Gospodarowanie odpadami<\/h3>\r\n                        <div class=\"text-modules__content\"><p>Firmy zajmuj\u0105ce si\u0119 utylizacj\u0105 na uczelni:<\/p>\n<ol>\n<li>Zak\u0142ad Gospodarowania Odpadami \u201eEKO ALF\u201d\u2013odbi\u00f3r, transport i unieszkodliwienie odpad\u00f3w chemicznych.\u00a0<em>Umowa nr BHP.382.6.2024<\/em><\/li>\n<li>REMONDIS MEDISON Sp. z o.o. \u2013 odbi\u00f3r, transport i unieszkodliwienie odpad\u00f3w medycznych.\u00a0<em>Umowa nr BHP.382.6.2025<\/em><\/li>\n<li>EKO-BASURA s.c. Krzysztof Tabor, Adrian Ku\u015b\u2013 odbi\u00f3r, transport i utylizacja sprz\u0119tu elektrycznego i elektronicznego, akumulator\u00f3w, baterii, sprz\u0119tu o\u015bwietleniowego.\u00a0<em>Umowa nr BHP.0620.2.2023<\/em><\/li>\n<\/ol>\n<p>\n<\/div>\r\n                    <\/div>\r\n                <\/div>[\/vc_column][\/vc_row]<\/p>","protected":false},"excerpt":{"rendered":"<p>[vc_row][vc_column][\/vc_column][\/vc_row][vc_row][vc_column][\/vc_column][\/vc_row] [&#8230;]<\/p>\n<p><a class=\"btn btn-secondary understrap-read-more-link\" href=\"https:\/\/us.edu.pl\/pracownik\/procedury-i-obieg-dokumentow\/instrukcje-i-procedury-bhp-i-op\/gospodarowanie-odpadami\/\">Read More&#8230;<\/a><\/p>\n","protected":false},"author":41,"featured_media":0,"parent":905,"menu_order":324,"comment_status":"closed","ping_status":"closed","template":"page-templates\/inner-page.php","meta":{"_expiration-date-status":"","_expiration-date":0,"_expiration-date-type":"","_expiration-date-categories":[],"_expiration-date-options":[]},"acf":[],"_links":{"self":[{"href":"https:\/\/us.edu.pl\/pracownik\/wp-json\/wp\/v2\/pages\/2139"}],"collection":[{"href":"https:\/\/us.edu.pl\/pracownik\/wp-json\/wp\/v2\/pages"}],"about":[{"href":"https:\/\/us.edu.pl\/pracownik\/wp-json\/wp\/v2\/types\/page"}],"author":[{"embeddable":true,"href":"https:\/\/us.edu.pl\/pracownik\/wp-json\/wp\/v2\/users\/41"}],"replies":[{"embeddable":true,"href":"https:\/\/us.edu.pl\/pracownik\/wp-json\/wp\/v2\/comments?post=2139"}],"version-history":[{"count":6,"href":"https:\/\/us.edu.pl\/pracownik\/wp-json\/wp\/v2\/pages\/2139\/revisions"}],"predecessor-version":[{"id":41251,"href":"https:\/\/us.edu.pl\/pracownik\/wp-json\/wp\/v2\/pages\/2139\/revisions\/41251"}],"up":[{"embeddable":true,"href":"https:\/\/us.edu.pl\/pracownik\/wp-json\/wp\/v2\/pages\/905"}],"wp:attachment":[{"href":"https:\/\/us.edu.pl\/pracownik\/wp-json\/wp\/v2\/media?parent=2139"}],"curies":[{"name":"wp","href":"https:\/\/api.w.org\/{rel}","templated":true}]}}