{"id":21712,"date":"2023-05-17T08:16:17","date_gmt":"2023-05-17T06:16:17","guid":{"rendered":"https:\/\/us.edu.pl\/pracownik\/?page_id=21712"},"modified":"2023-05-18T12:12:28","modified_gmt":"2023-05-18T10:12:28","slug":"posiedzenie-komisji-18-05-2023","status":"publish","type":"page","link":"https:\/\/us.edu.pl\/pracownik\/sprawy-dydaktyczne\/senacka-komisja-ds-ksztalcenia\/senacka-komisja-ds-ksztalcenia-sklad-komisji\/kadencja-2020-2024\/posiedzenie-komisji-18-05-2023\/","title":{"rendered":"Posiedzenie komisji &#8211; 18.05.2023"},"content":{"rendered":"<p>[vc_row][vc_column]\r\n                <div class=\"text-modules\">\r\n                    <div class=\"container\">\r\n                        <h3 class=\"page-title text__title\">Posiedzenie Komisji ds. kszta\u0142cenia i student\u00f3w - 18 maja 2023 r.<\/h3>\r\n                        <div class=\"text-modules__content\"><\/p>\n<p style=\"font-weight: 400;\">Posiedzenie Komisji ds. kszta\u0142cenia i student\u00f3w odb\u0119dzie si\u0119 w czwartek <strong>18 maja 2023 roku o godzinie 13.00<\/strong> na Wydziale Humanistycznym U\u015a ul. Uniwersytecka 4 w siedzibie Uniwersytetu Otwartego na parterze sala numer B0.21.<\/p>\n<p>Planowany porz\u0105dek posiedzenia:<\/p>\n<p>1. Komunikaty Prorektorki ds. kszta\u0142cenia i student\u00f3w.<\/p>\n<p>2. Opiniowanie <a href=\"https:\/\/us.edu.pl\/pracownik\/wp-content\/uploads\/sites\/2\/Editor\/sprawy-dydatktyczne\/Komisja-ksztalcenia\/Kadencja-2020-2024\/20222023\/18-maja\/Uchwala-dot.-programow-studiow-2023.zip\">Uchwa\u0142y Senatu Uniwersytetu \u015al\u0105skiego w sprawie wytycznych dotycz\u0105cych wymaga\u0144 w zakresie tworzenia i zmiany program\u00f3w studi\u00f3w prowadzonych w Uniwersytecie \u015al\u0105skim w Katowicach<\/a>.<\/p>\n<p>3. Uchwa\u0142a w sprawie przyj\u0119cia <a href=\"https:\/\/us.edu.pl\/pracownik\/wp-content\/uploads\/sites\/2\/Editor\/sprawy-dydatktyczne\/Komisja-ksztalcenia\/Kadencja-2020-2024\/20222023\/18-maja\/Ocena-2027-kryteria-dydaktyczne.docx\" class=\"mtli_attachment mtli_docx\" data-mtli=\"mtli_filesize30,78kB\" class=\"mtli_attachment mtli_docx\" data-mtli=\"mtli_filesize30,78kB\">kryteri\u00f3w oceny okresowej nauczycieli akademickich w zakresie obowi\u0105zk\u00f3w dydaktycznych.<\/a><\/p>\n<p>4. Opiniowanie nowych program\u00f3w studi\u00f3w:<\/p>\n<ul>\n<li style=\"list-style-type: none;\">\n<ul>\n<li><a href=\"https:\/\/us.edu.pl\/pracownik\/wp-content\/uploads\/sites\/2\/Editor\/sprawy-dydatktyczne\/Komisja-ksztalcenia\/Kadencja-2020-2024\/20222023\/18-maja\/Aquamatyka-studia-stacjonarne-I-stopnia.zip\">aquamatyka \u2013 interdyscyplinarne gospodarowanie \u015brodowiskami wodnymi &#8211; studia stacjonarne pierwszego stopnia<\/a>;<\/li>\n<li><a href=\"https:\/\/us.edu.pl\/pracownik\/wp-content\/uploads\/sites\/2\/Editor\/sprawy-dydatktyczne\/Komisja-ksztalcenia\/Kadencja-2020-2024\/20222023\/18-maja\/lingwistyka-stosowana_studia-stacjonarne-I-stopnia.zip\">lingwistyka stosowana \u2014 studia stacjonarne pierwszego stopnia<\/a>;<\/li>\n<li><a href=\"https:\/\/us.edu.pl\/pracownik\/wp-content\/uploads\/sites\/2\/Editor\/sprawy-dydatktyczne\/Komisja-ksztalcenia\/Kadencja-2020-2024\/20222023\/18-maja\/filologia-francuska_studia-stacjonarne-I-stopnia.zip\">filologia francuska \u2014 studia stacjonarne pierwszego stopnia<\/a>;<\/li>\n<li><a href=\"https:\/\/us.edu.pl\/pracownik\/wp-content\/uploads\/sites\/2\/Editor\/sprawy-dydatktyczne\/Komisja-ksztalcenia\/Kadencja-2020-2024\/20222023\/18-maja\/filologia-hiszpanska_studia-stacjonarne-I-stopnia.zip\">filologia hiszpa\u0144ska \u2014 studia stacjonarne pierwszego stopnia<\/a>;<\/li>\n<li><a href=\"https:\/\/us.edu.pl\/pracownik\/wp-content\/uploads\/sites\/2\/Editor\/sprawy-dydatktyczne\/Komisja-ksztalcenia\/Kadencja-2020-2024\/20222023\/18-maja\/filologia-wloska_studia-stacjonarne-I-stopnia.zip\">filologia w\u0142oska \u2014 studia stacjonarne pierwszego stopnia<\/a>;<\/li>\n<\/ul>\n<\/li>\n<\/ul>\n<p>5. Opinie do wniosk\u00f3w w sprawie modyfikacji program\u00f3w studi\u00f3w:<\/p>\n<ul>\n<li style=\"list-style-type: none;\">\n<ul>\n<li><a href=\"https:\/\/us.edu.pl\/pracownik\/wp-content\/uploads\/sites\/2\/Editor\/sprawy-dydatktyczne\/Komisja-ksztalcenia\/Kadencja-2020-2024\/20222023\/18-maja\/filologia-wschodnioslowianska_studia-stacjonarne-I-i-II-stopnia.zip\">filologia wschodnios\u0142owia\u0144ska \u2014 studia stacjonarne pierwszego i drugiego stopnia<\/a>;<\/li>\n<li><a href=\"https:\/\/us.edu.pl\/pracownik\/wp-content\/uploads\/sites\/2\/Editor\/sprawy-dydatktyczne\/Komisja-ksztalcenia\/Kadencja-2020-2024\/20222023\/18-maja\/filologia-slowianska_studia-stacjonarne-I-stopnia.zip\">filologia s\u0142owia\u0144ska \u2014 studia stacjonarne pierwszego stopnia<\/a>.<\/li>\n<\/ul>\n<\/li>\n<\/ul>\n<p>6. Wolne wnioski.<\/p>\n<style type=\"text\/css\">a[data-mtli~=\"mtli_filesize30,78kB\"]:after {content:\" (30,78 kB)\"}<\/style><\/div>\r\n                    <\/div>\r\n                <\/div>[\/vc_column][\/vc_row]<\/p>\n<style type=\"text\/css\">a[data-mtli~=\"mtli_filesize30,78kB\"]:after {content:\" (30,78 kB)\"}<\/style>","protected":false},"excerpt":{"rendered":"<p>[vc_row][vc_column][\/vc_column][\/vc_row] [&#8230;]<\/p>\n<p><a class=\"btn btn-secondary understrap-read-more-link\" href=\"https:\/\/us.edu.pl\/pracownik\/sprawy-dydaktyczne\/senacka-komisja-ds-ksztalcenia\/senacka-komisja-ds-ksztalcenia-sklad-komisji\/kadencja-2020-2024\/posiedzenie-komisji-18-05-2023\/\">Read More&#8230;<\/a><\/p>\n","protected":false},"author":5108,"featured_media":0,"parent":5151,"menu_order":-27,"comment_status":"closed","ping_status":"closed","template":"page-templates\/inner-page.php","meta":{"_expiration-date-status":"saved","_expiration-date":0,"_expiration-date-type":"","_expiration-date-categories":[],"_expiration-date-options":[]},"acf":[],"_links":{"self":[{"href":"https:\/\/us.edu.pl\/pracownik\/wp-json\/wp\/v2\/pages\/21712"}],"collection":[{"href":"https:\/\/us.edu.pl\/pracownik\/wp-json\/wp\/v2\/pages"}],"about":[{"href":"https:\/\/us.edu.pl\/pracownik\/wp-json\/wp\/v2\/types\/page"}],"author":[{"embeddable":true,"href":"https:\/\/us.edu.pl\/pracownik\/wp-json\/wp\/v2\/users\/5108"}],"replies":[{"embeddable":true,"href":"https:\/\/us.edu.pl\/pracownik\/wp-json\/wp\/v2\/comments?post=21712"}],"version-history":[{"count":7,"href":"https:\/\/us.edu.pl\/pracownik\/wp-json\/wp\/v2\/pages\/21712\/revisions"}],"predecessor-version":[{"id":21736,"href":"https:\/\/us.edu.pl\/pracownik\/wp-json\/wp\/v2\/pages\/21712\/revisions\/21736"}],"up":[{"embeddable":true,"href":"https:\/\/us.edu.pl\/pracownik\/wp-json\/wp\/v2\/pages\/5151"}],"wp:attachment":[{"href":"https:\/\/us.edu.pl\/pracownik\/wp-json\/wp\/v2\/media?parent=21712"}],"curies":[{"name":"wp","href":"https:\/\/api.w.org\/{rel}","templated":true}]}}