{"id":2175,"date":"2019-10-18T14:05:16","date_gmt":"2019-10-18T12:05:16","guid":{"rendered":"https:\/\/us.edu.pl\/pracownik\/?page_id=2175"},"modified":"2024-03-08T10:35:24","modified_gmt":"2024-03-08T09:35:24","slug":"schemat-postepowania-i-obieg-dokumentow","status":"publish","type":"page","link":"https:\/\/us.edu.pl\/pracownik\/procedury-i-obieg-dokumentow\/logistyka\/schemat-postepowania-i-obieg-dokumentow\/","title":{"rendered":"Schemat post\u0119powania i obieg dokument\u00f3w"},"content":{"rendered":"<p>[vc_row][vc_column][\/vc_column][\/vc_row][vc_row][vc_column]\r\n                <div class=\"text-modules\">\r\n                    <div class=\"container\">\r\n                        <h3 class=\"page-title text__title\">Schemat post\u0119powania i obieg dokument\u00f3w<\/h3>\r\n                        <div class=\"text-modules__content\"><\/p>\n<table style=\"width: 96.646%; height: 322px;\">\n<tbody>\n<tr>\n<td style=\"width: 26.9585%;\" colspan=\"2\"><em><strong><span style=\"font-size: 14pt;\">\u00a0<\/span><\/strong><\/em><\/td>\n<\/tr>\n<tr>\n<td style=\"width: 26.9585%;\" colspan=\"2\"><a href=\"https:\/\/us.edu.pl\/pracownik\/wp-content\/uploads\/sites\/2\/Editor\/logistyka\/Schemat-postepowania-i-obieg-dokumentow\/Obieg-dokumentow-Wniosek-08.03.2024.pdf\" class=\"mtli_attachment mtli_pdf\" data-mtli=\"mtli_filesize115,20kB\" class=\"mtli_attachment mtli_pdf\" data-mtli=\"mtli_filesize115,20kB\"><em><strong><span style=\"font-size: 14pt;\">Obieg dokument\u00f3w &#8211; Wniosek SAP<\/span><\/strong><\/em><\/a><\/td>\n<\/tr>\n<tr>\n<td style=\"width: 26.9585%;\" colspan=\"2\"><strong><a href=\"https:\/\/us.edu.pl\/pracownik\/wp-content\/uploads\/sites\/2\/Editor\/logistyka\/Schemat-post\u0119powania-i-obieg-dokument\u00f3w\/Wniosek-o-zwi\u0119kszenie-\u015brodk\u00f3w-na-sfinansowanie-zam\u00f3wienia.pdf\" class=\"mtli_attachment mtli_pdf\" data-mtli=\"mtli_filesize119,59kB\" class=\"mtli_attachment mtli_pdf\" data-mtli=\"mtli_filesize119,59kB\"><em><span style=\"font-size: 14pt;\">Wniosek o zwi\u0119kszenie \u015brodk\u00f3w na sfinansowanie zam\u00f3wienia\u00a0<\/span><\/em><\/a><\/strong><\/td>\n<\/tr>\n<tr>\n<td style=\"width: 26.9585%;\" colspan=\"2\"><a href=\"https:\/\/us.edu.pl\/pracownik\/wp-content\/uploads\/sites\/2\/Editor\/logistyka\/Schemat-post\u0119powania-i-obieg-dokument\u00f3w\/O\u015bwiadczenie-o-istnieniu-lub-braku-istnienia-okoliczno\u015bci-o-kt\u00f3rych-mowa-w-art.-56-ust.-3-Pzp.docx\" class=\"mtli_attachment mtli_docx\" data-mtli=\"mtli_filesize232,58kB\" class=\"mtli_attachment mtli_docx\" data-mtli=\"mtli_filesize232,58kB\"><em><span style=\"font-size: 14pt;\"><strong>O\u015bwiadczenie o istnieniu lub braku istnienia okoliczno\u015bci, o kt\u00f3rych mowa w\u00a0art. 56 ust. 3 Pzp<\/strong><\/span><\/em><\/a><\/td>\n<\/tr>\n<\/tbody>\n<\/table>\n<p>\n<style type=\"text\/css\">a[data-mtli~=\"mtli_filesize115,20kB\"]:after {content:\" (115,20 kB)\"}a[data-mtli~=\"mtli_filesize119,59kB\"]:after {content:\" (119,59 kB)\"}a[data-mtli~=\"mtli_filesize232,58kB\"]:after {content:\" (232,58 kB)\"}<\/style><\/div>\r\n                    <\/div>\r\n                <\/div>[\/vc_column][\/vc_row]<\/p>\n<style type=\"text\/css\">a[data-mtli~=\"mtli_filesize115,20kB\"]:after {content:\" (115,20 kB)\"}a[data-mtli~=\"mtli_filesize119,59kB\"]:after {content:\" (119,59 kB)\"}a[data-mtli~=\"mtli_filesize232,58kB\"]:after {content:\" (232,58 kB)\"}<\/style>","protected":false},"excerpt":{"rendered":"<p>[vc_row][vc_column][\/vc_column][\/vc_row][vc_row][vc_column][\/vc_column][\/vc_row] [&#8230;]<\/p>\n<p><a class=\"btn btn-secondary understrap-read-more-link\" href=\"https:\/\/us.edu.pl\/pracownik\/procedury-i-obieg-dokumentow\/logistyka\/schemat-postepowania-i-obieg-dokumentow\/\">Read More&#8230;<\/a><\/p>\n","protected":false},"author":41,"featured_media":0,"parent":2168,"menu_order":320,"comment_status":"closed","ping_status":"closed","template":"page-templates\/inner-page-with-bookmarks.php","meta":{"_expiration-date-status":"","_expiration-date":0,"_expiration-date-type":"","_expiration-date-categories":[],"_expiration-date-options":[]},"acf":[],"_links":{"self":[{"href":"https:\/\/us.edu.pl\/pracownik\/wp-json\/wp\/v2\/pages\/2175"}],"collection":[{"href":"https:\/\/us.edu.pl\/pracownik\/wp-json\/wp\/v2\/pages"}],"about":[{"href":"https:\/\/us.edu.pl\/pracownik\/wp-json\/wp\/v2\/types\/page"}],"author":[{"embeddable":true,"href":"https:\/\/us.edu.pl\/pracownik\/wp-json\/wp\/v2\/users\/41"}],"replies":[{"embeddable":true,"href":"https:\/\/us.edu.pl\/pracownik\/wp-json\/wp\/v2\/comments?post=2175"}],"version-history":[{"count":10,"href":"https:\/\/us.edu.pl\/pracownik\/wp-json\/wp\/v2\/pages\/2175\/revisions"}],"predecessor-version":[{"id":24820,"href":"https:\/\/us.edu.pl\/pracownik\/wp-json\/wp\/v2\/pages\/2175\/revisions\/24820"}],"up":[{"embeddable":true,"href":"https:\/\/us.edu.pl\/pracownik\/wp-json\/wp\/v2\/pages\/2168"}],"wp:attachment":[{"href":"https:\/\/us.edu.pl\/pracownik\/wp-json\/wp\/v2\/media?parent=2175"}],"curies":[{"name":"wp","href":"https:\/\/api.w.org\/{rel}","templated":true}]}}