{"id":22055,"date":"2023-06-12T14:50:40","date_gmt":"2023-06-12T12:50:40","guid":{"rendered":"https:\/\/us.edu.pl\/pracownik\/?page_id=22055"},"modified":"2023-06-15T12:54:23","modified_gmt":"2023-06-15T10:54:23","slug":"posiedzenie-komisji-15-06-2023","status":"publish","type":"page","link":"https:\/\/us.edu.pl\/pracownik\/sprawy-dydaktyczne\/senacka-komisja-ds-ksztalcenia\/senacka-komisja-ds-ksztalcenia-sklad-komisji\/kadencja-2020-2024\/posiedzenie-komisji-15-06-2023\/","title":{"rendered":"Posiedzenie komisji &#8211; 15.06.2023"},"content":{"rendered":"<p>[vc_row][vc_column]\r\n                <div class=\"text-modules\">\r\n                    <div class=\"container\">\r\n                        <h3 class=\"page-title text__title\">Posiedzenie Komisji ds. kszta\u0142cenia i student\u00f3w - 15 czerwca 2023 r.<\/h3>\r\n                        <div class=\"text-modules__content\"><\/p>\n<p style=\"font-weight: 400;\">Posiedzenie Komisji ds. kszta\u0142cenia i student\u00f3w odb\u0119dzie si\u0119 w czwartek <strong>15 czerwca 2023 r. o godz. 13.00<\/strong> w Rektoracie Uniwersytetu \u015al\u0105skiego w Katowicach w sali 1.20.<\/p>\n<p>Planowany porz\u0105dek posiedzenia:<\/p>\n<p>1.Komunikaty Prorektorki ds. kszta\u0142cenia i student\u00f3w<\/p>\n<p>2. Opiniowanie kandydatury do nagrody Ministra Edukacji i Nauki za znacz\u0105ce osi\u0105gni\u0119cia w zakresie dzia\u0142alno\u015bci dydaktycznej<\/p>\n<p>3. Powo\u0142anie ekspert\u00f3w do opiniowania wniosk\u00f3w dotycz\u0105cych awansu na stanowisko profesora uczelni w grupie pracownik\u00f3w dydaktycznych i badawczo-dydaktycznych.<\/p>\n<p>4. Opinia do wniosku w sprawie ustalenia programu studi\u00f3w dla nowej formy studi\u00f3w \u2013 <a href=\"https:\/\/us.edu.pl\/pracownik\/wp-content\/uploads\/sites\/2\/Editor\/sprawy-dydatktyczne\/Komisja-ksztalcenia\/Kadencja-2020-2024\/20222023\/15-czerwiec\/Fil.-germanska-_-II-st.-NS.zip\">filologia germa\u0144ska, II stopie\u0144 studia niestacjonarne<\/a><\/p>\n<p>5. Opinie do wniosk\u00f3w w sprawie modyfikacji program\u00f3w studi\u00f3w od cyklu dydaktycznego 2023\/2024<\/p>\n<ol>\n<li><a href=\"https:\/\/us.edu.pl\/pracownik\/wp-content\/uploads\/sites\/2\/Editor\/sprawy-dydatktyczne\/Komisja-ksztalcenia\/Kadencja-2020-2024\/20222023\/15-czerwiec\/Geografia-_-I-st.-SS.zip\">Geografia &#8211; studia stacjonarne I stopnia<\/a><\/li>\n<li><a href=\"https:\/\/us.edu.pl\/pracownik\/wp-content\/uploads\/sites\/2\/Editor\/sprawy-dydatktyczne\/Komisja-ksztalcenia\/Kadencja-2020-2024\/20222023\/15-czerwiec\/Inz.-zagr.-srod.-_-I-st.-SS.zip\">In\u017cynieria zagro\u017ce\u0144 \u015brodowiskowych &#8211; studia stacjonarne I stopnia<\/a><\/li>\n<li><a href=\"https:\/\/us.edu.pl\/pracownik\/wp-content\/uploads\/sites\/2\/Editor\/sprawy-dydatktyczne\/Komisja-ksztalcenia\/Kadencja-2020-2024\/20222023\/15-czerwiec\/Praca-socjalna-_studia-I-stopnia_-stacjonarne-i-niestacjonarne.zip\">Praca socjalna &#8211; studia stacjonarne i niestacjonarne I stopnia<\/a><\/li>\n<li><a href=\"https:\/\/us.edu.pl\/pracownik\/wp-content\/uploads\/sites\/2\/Editor\/sprawy-dydatktyczne\/Komisja-ksztalcenia\/Kadencja-2020-2024\/20222023\/15-czerwiec\/Socjologia-_studia-I-stopnia_-stacjonarne-i-niestacjonare.zip\">Socjologia &#8211; studia stacjonarne i niestacjonarne I stopnia<\/a><\/li>\n<li><a href=\"https:\/\/us.edu.pl\/pracownik\/wp-content\/uploads\/sites\/2\/Editor\/sprawy-dydatktyczne\/Komisja-ksztalcenia\/Kadencja-2020-2024\/20222023\/15-czerwiec\/Fil.-germanska-_-I-st.-SS.zip\">Filologia germa\u0144ska &#8211; studia stacjonarne I stopnia<\/a><\/li>\n<li><a href=\"https:\/\/us.edu.pl\/pracownik\/wp-content\/uploads\/sites\/2\/Editor\/sprawy-dydatktyczne\/Komisja-ksztalcenia\/Kadencja-2020-2024\/20222023\/15-czerwiec\/Historia-sztuki-_-studia-stacjonarne-I-stopnia.zip\">Historia sztuki &#8211; studia stacjonarne I stopnia<\/a><\/li>\n<li><a href=\"https:\/\/us.edu.pl\/pracownik\/wp-content\/uploads\/sites\/2\/Editor\/sprawy-dydatktyczne\/Komisja-ksztalcenia\/Kadencja-2020-2024\/20222023\/15-czerwiec\/Komun.-prom.-i-kryzys.-_-I-st.-SS.zip\">Komunikacja promocyjna i kryzysowa &#8211; studia stacjonarne I stopnia<\/a><\/li>\n<li><a href=\"https:\/\/us.edu.pl\/pracownik\/wp-content\/uploads\/sites\/2\/Editor\/sprawy-dydatktyczne\/Komisja-ksztalcenia\/Kadencja-2020-2024\/20222023\/15-czerwiec\/Kulturoznawstwo-_-I-st.-SS_NS.zip\">Kulturoznawstwo &#8211; studia stacjonarne i niestacjonarne I stopnia<\/a><\/li>\n<li><a href=\"https:\/\/us.edu.pl\/pracownik\/wp-content\/uploads\/sites\/2\/Editor\/sprawy-dydatktyczne\/Komisja-ksztalcenia\/Kadencja-2020-2024\/20222023\/15-czerwiec\/Kulturoznawstwo-_-II-st.-SS_NS.zip\">Kulturoznawstwo &#8211; studia stacjonarne i niestacjonarne II stopnia<\/a><\/li>\n<li><a href=\"https:\/\/us.edu.pl\/pracownik\/wp-content\/uploads\/sites\/2\/Editor\/sprawy-dydatktyczne\/Komisja-ksztalcenia\/Kadencja-2020-2024\/20222023\/15-czerwiec\/Sztuka-pisania-_-I-st.-SS.zip\">Sztuka pisania &#8211; studia stacjonarne I stopnia<\/a><\/li>\n<li><a href=\"https:\/\/us.edu.pl\/pracownik\/wp-content\/uploads\/sites\/2\/Editor\/sprawy-dydatktyczne\/Komisja-ksztalcenia\/Kadencja-2020-2024\/20222023\/15-czerwiec\/Turystyka-historyczna_studia-sacjonarne-I-stopnia.zip\">Turystyka historyczna &#8211; studia stacjonarne I stopnia<\/a><\/li>\n<li><a href=\"https:\/\/us.edu.pl\/pracownik\/wp-content\/uploads\/sites\/2\/Editor\/sprawy-dydatktyczne\/Komisja-ksztalcenia\/Kadencja-2020-2024\/20222023\/15-czerwiec\/Informatyka-stosowana-studia-stacjonarne-I-stopnia.zip\">Informatyka stosowana &#8211; studia stacjonarne I stopnia<\/a><\/li>\n<li><a href=\"https:\/\/us.edu.pl\/pracownik\/wp-content\/uploads\/sites\/2\/Editor\/sprawy-dydatktyczne\/Komisja-ksztalcenia\/Kadencja-2020-2024\/20222023\/15-czerwiec\/Nauki-o-rodzinie-_-studia-stacjonarne-I-stopnia.zip\">Nauki o rodzinie &#8211; studia stacjonarne I stopnia<\/a><\/li>\n<li><a href=\"https:\/\/us.edu.pl\/pracownik\/wp-content\/uploads\/sites\/2\/Editor\/sprawy-dydatktyczne\/Komisja-ksztalcenia\/Kadencja-2020-2024\/20222023\/15-czerwiec\/Teologia-_-studia-jednolite-magisterskie-1.zip\">Teologia &#8211; studia stacjonarne i niestacjonarne jednolite magisterskie<\/a><\/li>\n<li><a href=\"https:\/\/us.edu.pl\/pracownik\/wp-content\/uploads\/sites\/2\/Editor\/sprawy-dydatktyczne\/Komisja-ksztalcenia\/Kadencja-2020-2024\/20222023\/15-czerwiec\/Animacja-spol.-kult.-_-I-st.-SS.zip\">Animacja spo\u0142eczno-kulturalna z edukacj\u0105 kulturaln\u0105 &#8211; studia stacjonarne I stopnia<\/a><\/li>\n<li><a href=\"https:\/\/us.edu.pl\/pracownik\/wp-content\/uploads\/sites\/2\/Editor\/sprawy-dydatktyczne\/Komisja-ksztalcenia\/Kadencja-2020-2024\/20222023\/15-czerwiec\/Ed.-art.-w-zakresie-sztuk-plastycznych-studia-stacjonarne-I-stopnia.zip\">Edukacja artystyczna w zakresie sztuk plastycznych &#8211; studia stacjonarne I stopnia<\/a><\/li>\n<li><a href=\"https:\/\/us.edu.pl\/pracownik\/wp-content\/uploads\/sites\/2\/Editor\/sprawy-dydatktyczne\/Komisja-ksztalcenia\/Kadencja-2020-2024\/20222023\/15-czerwiec\/Ed.-art.-w-zakresie-sztuk-plastycznych-studia-stacjonarne-II-stopnia.zip\">Edukacja artystyczna w zakresie sztuk plastycznych &#8211; studia stacjonarne II stopnia<\/a><\/li>\n<li><a href=\"https:\/\/us.edu.pl\/pracownik\/wp-content\/uploads\/sites\/2\/Editor\/sprawy-dydatktyczne\/Komisja-ksztalcenia\/Kadencja-2020-2024\/20222023\/15-czerwiec\/Etnologia-i-antrop.-kult.-_-I-st-SS.zip\">Etnologia i antropologia kulturowa &#8211; studia stacjonarne I stopnia<\/a><\/li>\n<li><a href=\"https:\/\/us.edu.pl\/pracownik\/wp-content\/uploads\/sites\/2\/Editor\/sprawy-dydatktyczne\/Komisja-ksztalcenia\/Kadencja-2020-2024\/20222023\/15-czerwiec\/Grafika-studia-stacjonarne-jednolite-magisterskie.zip\">Grafika &#8211; studia stacjonarne jednolite magisterskie<\/a><\/li>\n<li><a href=\"https:\/\/us.edu.pl\/pracownik\/wp-content\/uploads\/sites\/2\/Editor\/sprawy-dydatktyczne\/Komisja-ksztalcenia\/Kadencja-2020-2024\/20222023\/15-czerwiec\/Rezyseria-_-I-st.-SS.zip\">Re\u017cyseria &#8211; studia stacjonarne I stopnia<\/a><\/li>\n<\/ol>\n<p>6. Wolne wnioski.<\/p>\n<\/div>\r\n                    <\/div>\r\n                <\/div>[\/vc_column][\/vc_row]<\/p>","protected":false},"excerpt":{"rendered":"<p>[vc_row][vc_column][\/vc_column][\/vc_row] [&#8230;]<\/p>\n<p><a class=\"btn btn-secondary understrap-read-more-link\" href=\"https:\/\/us.edu.pl\/pracownik\/sprawy-dydaktyczne\/senacka-komisja-ds-ksztalcenia\/senacka-komisja-ds-ksztalcenia-sklad-komisji\/kadencja-2020-2024\/posiedzenie-komisji-15-06-2023\/\">Read More&#8230;<\/a><\/p>\n","protected":false},"author":31,"featured_media":0,"parent":5151,"menu_order":-28,"comment_status":"closed","ping_status":"closed","template":"page-templates\/inner-page.php","meta":{"_expiration-date-status":"saved","_expiration-date":0,"_expiration-date-type":"","_expiration-date-categories":[],"_expiration-date-options":[]},"acf":[],"_links":{"self":[{"href":"https:\/\/us.edu.pl\/pracownik\/wp-json\/wp\/v2\/pages\/22055"}],"collection":[{"href":"https:\/\/us.edu.pl\/pracownik\/wp-json\/wp\/v2\/pages"}],"about":[{"href":"https:\/\/us.edu.pl\/pracownik\/wp-json\/wp\/v2\/types\/page"}],"author":[{"embeddable":true,"href":"https:\/\/us.edu.pl\/pracownik\/wp-json\/wp\/v2\/users\/31"}],"replies":[{"embeddable":true,"href":"https:\/\/us.edu.pl\/pracownik\/wp-json\/wp\/v2\/comments?post=22055"}],"version-history":[{"count":10,"href":"https:\/\/us.edu.pl\/pracownik\/wp-json\/wp\/v2\/pages\/22055\/revisions"}],"predecessor-version":[{"id":22155,"href":"https:\/\/us.edu.pl\/pracownik\/wp-json\/wp\/v2\/pages\/22055\/revisions\/22155"}],"up":[{"embeddable":true,"href":"https:\/\/us.edu.pl\/pracownik\/wp-json\/wp\/v2\/pages\/5151"}],"wp:attachment":[{"href":"https:\/\/us.edu.pl\/pracownik\/wp-json\/wp\/v2\/media?parent=22055"}],"curies":[{"name":"wp","href":"https:\/\/api.w.org\/{rel}","templated":true}]}}