{"id":22171,"date":"2023-06-16T13:29:50","date_gmt":"2023-06-16T11:29:50","guid":{"rendered":"https:\/\/us.edu.pl\/pracownik\/?page_id=22171"},"modified":"2023-06-19T10:15:28","modified_gmt":"2023-06-19T08:15:28","slug":"posiedzenie-komisji-19-06-2023-2","status":"publish","type":"page","link":"https:\/\/us.edu.pl\/pracownik\/sprawy-dydaktyczne\/senacka-komisja-ds-ksztalcenia\/senacka-komisja-ds-ksztalcenia-sklad-komisji\/kadencja-2020-2024\/posiedzenie-komisji-19-06-2023-2\/","title":{"rendered":"Posiedzenie komisji &#8211; 19.06.2023"},"content":{"rendered":"<p>[vc_row][vc_column]\r\n                <div class=\"text-modules\">\r\n                    <div class=\"container\">\r\n                        <h3 class=\"page-title text__title\">Posiedzenie Komisji ds. kszta\u0142cenia i student\u00f3w - 19 czerwca 2023 r.<\/h3>\r\n                        <div class=\"text-modules__content\"><\/p>\n<p style=\"font-weight: 400;\">Posiedzenie Komisji ds. kszta\u0142cenia i student\u00f3w odb\u0119dzie si\u0119 w poniedzia\u0142ek <strong>19 czerwca 2023 r. o godz. 12.00<\/strong> w Rektoracie Uniwersytetu \u015al\u0105skiego w Katowicach w sali 1.20.<\/p>\n<p>Planowany porz\u0105dek posiedzenia:<\/p>\n<p>1. Opinia do <a href=\"https:\/\/us.edu.pl\/pracownik\/wp-content\/uploads\/sites\/2\/Editor\/sprawy-dydatktyczne\/Komisja-ksztalcenia\/Kadencja-2020-2024\/20222023\/19-czerwiec\/uchwala-2024_2025.zip\">projektu uchwa\u0142y w sprawie warunk\u00f3w i trybu rekrutacji na I rok studi\u00f3w w Uniwersytecie \u015al\u0105skim w roku akademickim 2024\/2025.<\/a><\/p>\n<p>2. Opinia do wniosku inicjuj\u0105cego utworzenie nowego kierunku studi\u00f3w: \u00a0<a href=\"https:\/\/us.edu.pl\/pracownik\/wp-content\/uploads\/sites\/2\/Editor\/sprawy-dydatktyczne\/Komisja-ksztalcenia\/Kadencja-2020-2024\/20222023\/19-czerwiec\/wniosek-ISN.docx\" class=\"mtli_attachment mtli_docx\" data-mtli=\"mtli_filesize31,88kB\" class=\"mtli_attachment mtli_docx\" data-mtli=\"mtli_filesize31,88kB\">Indywidualne Studia Nauczycielskie \u2013 stacjonarne, II stopie\u0144.<\/a><\/p>\n<p>3. Opinia do wniosku w sprawie ustalenia programu studi\u00f3w dla nowego kierunku \u2013 <a href=\"https:\/\/us.edu.pl\/pracownik\/wp-content\/uploads\/sites\/2\/Editor\/sprawy-dydatktyczne\/Komisja-ksztalcenia\/Kadencja-2020-2024\/20222023\/19-czerwiec\/ZZl-w-organizacji-_-I-SS-i-NS.zip\">zarz\u0105dzanie zasobami ludzkimi w organizacji, I stopie\u0144 studia stacjonarne i niestacjonarne.<\/a><\/p>\n<p>4. Opinie do wniosk\u00f3w w sprawie modyfikacji program\u00f3w studi\u00f3w od cyklu dydaktycznego 2023\/2024:<\/p>\n<ol>\n<li><a href=\"https:\/\/us.edu.pl\/pracownik\/wp-content\/uploads\/sites\/2\/Editor\/sprawy-dydatktyczne\/Komisja-ksztalcenia\/Kadencja-2020-2024\/20222023\/19-czerwiec\/Architektura-informacji-_-I-st.-SS.zip\">architektura informacji &#8211; studia stacjonarne I stopnia<\/a><\/li>\n<li><a href=\"https:\/\/us.edu.pl\/pracownik\/wp-content\/uploads\/sites\/2\/Editor\/sprawy-dydatktyczne\/Komisja-ksztalcenia\/Kadencja-2020-2024\/20222023\/19-czerwiec\/Doradztwo-filozoficzne-i-coaching-I-SS-i-NS.zip\">doradztwo filozoficzne i coaching &#8211; studia stacjonarne i niestacjonarne I stopnia<\/a><\/li>\n<li><a href=\"https:\/\/us.edu.pl\/pracownik\/wp-content\/uploads\/sites\/2\/Editor\/sprawy-dydatktyczne\/Komisja-ksztalcenia\/Kadencja-2020-2024\/20222023\/19-czerwiec\/Filozofia-studia-stacjonarne-i-niestacjonarne-I-stopnia.zip\">filozofia &#8211; studia stacjonarne i niestacjonarne I stopnia<\/a><\/li>\n<li><a href=\"https:\/\/us.edu.pl\/pracownik\/wp-content\/uploads\/sites\/2\/Editor\/sprawy-dydatktyczne\/Komisja-ksztalcenia\/Kadencja-2020-2024\/20222023\/19-czerwiec\/Kognitywistyka-I-SS-i-NS.zip\">kognitywistyka &#8211; studia stacjonarne i niestacjonarne I stopnia<\/a><\/li>\n<li><a href=\"https:\/\/us.edu.pl\/pracownik\/wp-content\/uploads\/sites\/2\/Editor\/sprawy-dydatktyczne\/Komisja-ksztalcenia\/Kadencja-2020-2024\/20222023\/19-czerwiec\/Biofizyka-_-studia-stacjonarne-I-stopnia.zip\">biofizyka &#8211; studia stacjonarne I stopnia<\/a><\/li>\n<li><a href=\"https:\/\/us.edu.pl\/pracownik\/wp-content\/uploads\/sites\/2\/Editor\/sprawy-dydatktyczne\/Komisja-ksztalcenia\/Kadencja-2020-2024\/20222023\/19-czerwiec\/Fizyka-_-studia-stacjonarne-I-stopnia.zip\">fizyka &#8211; studia stacjonarne I stopnia<\/a><\/li>\n<li><a href=\"https:\/\/us.edu.pl\/pracownik\/wp-content\/uploads\/sites\/2\/Editor\/sprawy-dydatktyczne\/Komisja-ksztalcenia\/Kadencja-2020-2024\/20222023\/19-czerwiec\/Chemia-_-studia-stacjonarne-I-stopnia.zip\">chemia &#8211; studia stacjonarne I stopnia<\/a><\/li>\n<li><a href=\"https:\/\/us.edu.pl\/pracownik\/wp-content\/uploads\/sites\/2\/Editor\/sprawy-dydatktyczne\/Komisja-ksztalcenia\/Kadencja-2020-2024\/20222023\/19-czerwiec\/Inzynieria-materialowa-_-studia-stacjonarne-I-stopnia.zip\">in\u017cynieria materia\u0142owa (Materials Science and Engineering) &#8211; studia stacjonarne I stopnia &#8211; kierunek prowadzony w j\u0119zyku polskim oraz j\u0119zyku angielskim<\/a><\/li>\n<li><a href=\"https:\/\/us.edu.pl\/pracownik\/wp-content\/uploads\/sites\/2\/Editor\/sprawy-dydatktyczne\/Komisja-ksztalcenia\/Kadencja-2020-2024\/20222023\/19-czerwiec\/Psychologia-_-studia-stacjonarne-JM.zip\">psychologia &#8211; studia stacjonarne jednolite magisterskie<\/a><\/li>\n<li><a href=\"https:\/\/us.edu.pl\/pracownik\/wp-content\/uploads\/sites\/2\/Editor\/sprawy-dydatktyczne\/Komisja-ksztalcenia\/Kadencja-2020-2024\/20222023\/19-czerwiec\/Pedag.-specjalna_Katowice-_-JM-_SS-i-NS.zip\">pedagogika specjalna (Katowice) &#8211; studia stacjonarne i niestacjonarne jednolite magisterskie<\/a><\/li>\n<li><a href=\"https:\/\/us.edu.pl\/pracownik\/wp-content\/uploads\/sites\/2\/Editor\/sprawy-dydatktyczne\/Komisja-ksztalcenia\/Kadencja-2020-2024\/20222023\/19-czerwiec\/Pedag.-specjalna_Cieszyn-_-JM-_-SS-i-NS.zip\">pedagogika specjalna (Cieszyn) &#8211; studia stacjonarne i niestacjonarne jednolite magisterskie<\/a><\/li>\n<li><a href=\"https:\/\/us.edu.pl\/pracownik\/wp-content\/uploads\/sites\/2\/Editor\/sprawy-dydatktyczne\/Komisja-ksztalcenia\/Kadencja-2020-2024\/20222023\/19-czerwiec\/Realizacja-obrazu-_-JM-SS.zip\">realizacja obrazu filmowego, telewizyjnego i fotografia &#8211; studia stacjonarne jednolite magisterskie<\/a><\/li>\n<\/ol>\n<p>5. Wolne wnioski.<\/p>\n<style type=\"text\/css\">a[data-mtli~=\"mtli_filesize31,88kB\"]:after {content:\" (31,88 kB)\"}<\/style><\/div>\r\n                    <\/div>\r\n                <\/div>[\/vc_column][\/vc_row]<\/p>\n<style type=\"text\/css\">a[data-mtli~=\"mtli_filesize31,88kB\"]:after {content:\" (31,88 kB)\"}<\/style>","protected":false},"excerpt":{"rendered":"<p>[vc_row][vc_column][\/vc_column][\/vc_row] [&#8230;]<\/p>\n<p><a class=\"btn btn-secondary understrap-read-more-link\" href=\"https:\/\/us.edu.pl\/pracownik\/sprawy-dydaktyczne\/senacka-komisja-ds-ksztalcenia\/senacka-komisja-ds-ksztalcenia-sklad-komisji\/kadencja-2020-2024\/posiedzenie-komisji-19-06-2023-2\/\">Read More&#8230;<\/a><\/p>\n","protected":false},"author":5108,"featured_media":0,"parent":5151,"menu_order":-29,"comment_status":"closed","ping_status":"closed","template":"page-templates\/inner-page.php","meta":{"_expiration-date-status":"saved","_expiration-date":0,"_expiration-date-type":"","_expiration-date-categories":[],"_expiration-date-options":[]},"acf":[],"_links":{"self":[{"href":"https:\/\/us.edu.pl\/pracownik\/wp-json\/wp\/v2\/pages\/22171"}],"collection":[{"href":"https:\/\/us.edu.pl\/pracownik\/wp-json\/wp\/v2\/pages"}],"about":[{"href":"https:\/\/us.edu.pl\/pracownik\/wp-json\/wp\/v2\/types\/page"}],"author":[{"embeddable":true,"href":"https:\/\/us.edu.pl\/pracownik\/wp-json\/wp\/v2\/users\/5108"}],"replies":[{"embeddable":true,"href":"https:\/\/us.edu.pl\/pracownik\/wp-json\/wp\/v2\/comments?post=22171"}],"version-history":[{"count":10,"href":"https:\/\/us.edu.pl\/pracownik\/wp-json\/wp\/v2\/pages\/22171\/revisions"}],"predecessor-version":[{"id":22212,"href":"https:\/\/us.edu.pl\/pracownik\/wp-json\/wp\/v2\/pages\/22171\/revisions\/22212"}],"up":[{"embeddable":true,"href":"https:\/\/us.edu.pl\/pracownik\/wp-json\/wp\/v2\/pages\/5151"}],"wp:attachment":[{"href":"https:\/\/us.edu.pl\/pracownik\/wp-json\/wp\/v2\/media?parent=22171"}],"curies":[{"name":"wp","href":"https:\/\/api.w.org\/{rel}","templated":true}]}}