{"id":222,"date":"2019-09-13T10:26:33","date_gmt":"2019-09-13T08:26:33","guid":{"rendered":"http:\/\/php71.nfinity-beta.pl\/us\/pracownik\/?page_id=222"},"modified":"2019-09-13T10:32:51","modified_gmt":"2019-09-13T08:32:51","slug":"przyjazdy-z-zagranicy","status":"publish","type":"page","link":"https:\/\/us.edu.pl\/pracownik\/przyjazdy-z-zagranicy\/","title":{"rendered":"Przyjazdy z zagranicy"},"content":{"rendered":"<p>[vc_row][vc_column]\r\n                <div class=\"text-modules\">\r\n                    <div class=\"container\">\r\n                        <h3 class=\"page-title text__title\">Przyjazdy z zagranicy<\/h3>\r\n                        <div class=\"text-modules__content\"><\/p>\n<p class=\"rtecenter\"><strong>Procedury przyjmowania go\u015bci zagranicznych oraz os\u00f3b z zagranicy, z kt\u00f3rymi zawarto umowy cywilnoprawne<\/strong><\/p>\n<p>Procedury przyjmowania go\u015bci zagranicznych oraz os\u00f3b z zagranicy, z kt\u00f3rymi zawarto umowy cywilnoprawne reguluje <a href=\"http:\/\/bip.us.edu.pl\/zarzadzenie-nr-302016\"><span style=\"color: #002e5a;\">Zarz\u0105dzenie nr 30 Rektora Uniwersytetu \u015al\u0105skiego z dnia 20 kwietnia 2016 r<\/span><\/a><span style=\"color: #002e5a;\">.<\/span> oraz <a href=\"http:\/\/bip.us.edu.pl\/zarzadzenie-nr-1862018\"><span style=\"color: #002e5a;\">Zarz\u0105dzenie nr 186 Rektora Uniwersytetu \u015al\u0105skiego z dnia 14 listopada 2018 r.<\/span><\/a><\/p>\n<div><\/div>\n<ol>\n<li class=\"rtejustify\">Przyjazd go\u015bcia zagranicznego<strong>\u00a0 <\/strong>musi by\u0107 poprzedzony z\u0142o\u017ceniem w Dziale Wsp\u00f3\u0142pracy z Zagranic\u0105, w Biurze Mi\u0119dzynarodowej Mobilno\u015bci, prawid\u0142owo wype\u0142nionego <a href=\"http:\/\/php71.nfinity-beta.pl\/us\/pracownik\/wp-content\/uploads\/sites\/2\/new-folder\/zal20163005-wniosek_gz.doc\" class=\"mtli_attachment mtli_doc\" class=\"mtli_attachment mtli_doc\"><span style=\"color: #002e5a;\">Wniosku G\/Z<\/span><\/a>, zaakceptowanego przez Dziekana Wydzia\u0142u.<\/li>\n<li class=\"rtejustify\">Przyjazd osoby z zagranicy, z kt\u00f3r\u0105 zawarto umow\u0119 cywilnoprawn\u0105, musi by\u0107 poprzedzony\u00a0z\u0142o\u017ceniem w Dziale Wsp\u00f3\u0142pracy z Zagranic\u0105, w Biurze Mi\u0119dzynarodowej Mobilno\u015bci, prawid\u0142owo wype\u0142nionego Wniosku O\/Z,\u00a0zaakceptowanego przez Dziekana Wydzia\u0142u.<\/li>\n<li class=\"rtejustify\"><a href=\"http:\/\/php71.nfinity-beta.pl\/us\/pracownik\/wp-content\/uploads\/sites\/2\/new-folder\/zal20163005-wniosek_gz.doc\" class=\"mtli_attachment mtli_doc\" class=\"mtli_attachment mtli_doc\"><span style=\"color: #002e5a;\">Wniosek G\/Z<\/span><\/a>\u00a0oraz <a href=\"http:\/\/dwz.us.edu.pl\/sites\/dwz.us.edu.pl\/files\/imce\/wniosek_oz.doc\" class=\"mtli_attachment mtli_doc\" class=\"mtli_attachment mtli_doc\"><span style=\"color: #002e5a;\">Wniosek O\/Z <\/span><\/a>powinny zosta\u0107 z\u0142o\u017cone w Dziale Wsp\u00f3\u0142pracy z Zagranic\u0105\u00a0najp\u00f3\u017aniej 2 tygodnie przed planowan\u0105 dat\u0105 przyjazdu. Zachowanie tego terminu gwarantuje przygotowanie wyp\u0142aty \u015bwiadcze\u0144.<\/li>\n<li class=\"rtejustify\">Zaakceptowany przez Rektora <a href=\"http:\/\/php71.nfinity-beta.pl\/us\/pracownik\/wp-content\/uploads\/sites\/2\/new-folder\/zal20163005-wniosek_gz.doc\" class=\"mtli_attachment mtli_doc\" class=\"mtli_attachment mtli_doc\"><span style=\"color: #002e5a;\">Wniosek G\/Z<\/span><\/a>\u00a0oraz <a href=\"http:\/\/dwz.us.edu.pl\/sites\/dwz.us.edu.pl\/files\/imce\/wniosek_oz.doc\" class=\"mtli_attachment mtli_doc\" class=\"mtli_attachment mtli_doc\"><span style=\"color: #002e5a;\">Wniosek O\/Z<\/span><\/a> stanowi podstaw\u0119 do wystosowania oficjalnego zaproszenia.<\/li>\n<li>\n<p class=\"rtejustify\">Do wystosowania zaproszenia wymagane s\u0105 nast\u0119puj\u0105ce informacje:<\/p>\n<\/li>\n<\/ol>\n<ul>\n<li class=\"rtejustify\">dok\u0142adny adres, na kt\u00f3ry mo\u017cna przes\u0142a\u0107 zaproszenie,<\/li>\n<li class=\"rtejustify\">termin, miejsce oraz pe\u0142ny tytu\u0142 konferencji, sympozj\u00f3w, zjazd\u00f3w naukowych, itp.,<\/li>\n<li class=\"rtejustify\">dok\u0142adny adres zamieszkania\u00a0oraz dodatkowo dane personalne w przypadku zaprosze\u0144 dla go\u015bci zagranicznych z teren\u00f3w dawnego ZSRR lub ChLR (wed\u0142ug wymog\u00f3w okre\u015blonych przez odpowiednie plac\u00f3wki dyplomatyczne RP w danym kraju).<\/li>\n<\/ul>\n<p class=\"rtejustify\"><strong><u>Uwaga!<\/u><\/strong><br \/>\nW Dziale powinny zosta\u0107 z\u0142o\u017cone wnioski w ka\u017cdym przypadku przyjazdu go\u015bci z zagranicy, tak\u017ce w przypadku przyjazd\u00f3w na konferencje, przyjazd\u00f3w stypendyst\u00f3w, sta\u017cyst\u00f3w oraz go\u015bci uczelni, gdy Uniwersytet nie ponosi zobowi\u0105za\u0144 finansowych.<\/p>\n<p class=\"rtejustify\"><a href=\"http:\/\/php71.nfinity-beta.pl\/us\/pracownik\/wp-content\/uploads\/sites\/2\/new-folder\/zal20163005-wniosek_gz.doc\" class=\"mtli_attachment mtli_doc\" class=\"mtli_attachment mtli_doc\"><span style=\"color: #002e5a;\">Wnioski G\/Z<\/span><\/a> oraz <span style=\"color: #002e5a;\"><a style=\"color: #002e5a;\" href=\"http:\/\/dwz.us.edu.pl\/sites\/dwz.us.edu.pl\/files\/wniosek_oz.doc\" class=\"mtli_attachment mtli_doc\" class=\"mtli_attachment mtli_doc\">Wnioski O\/Z<\/a> <\/span>prosimy sk\u0142ada\u0107:<\/p>\n<p class=\"rtecenter\">Dzia\u0142 Wsp\u00f3\u0142pracy z Zagranic\u0105<\/p>\n<p class=\"rtecenter\"><strong>Biuro Mi\u0119dzynarodowej Mobilno\u015bci<\/strong><\/p>\n<p class=\"rtecenter\">ul. Bankowa 12<\/p>\n<p class=\"rtecenter\">pok\u00f3j 79, III p.<\/p>\n<p>\n<\/div>\r\n                    <\/div>\r\n                <\/div>[\/vc_column][\/vc_row]<\/p>","protected":false},"excerpt":{"rendered":"<p>[vc_row][vc_column][\/vc_column][\/vc_row] [&#8230;]<\/p>\n<p><a class=\"btn btn-secondary understrap-read-more-link\" href=\"https:\/\/us.edu.pl\/pracownik\/przyjazdy-z-zagranicy\/\">Read More&#8230;<\/a><\/p>\n","protected":false},"author":1,"featured_media":0,"parent":0,"menu_order":399,"comment_status":"closed","ping_status":"closed","template":"","meta":{"_expiration-date-status":"","_expiration-date":0,"_expiration-date-type":"","_expiration-date-categories":[],"_expiration-date-options":[]},"acf":[],"_links":{"self":[{"href":"https:\/\/us.edu.pl\/pracownik\/wp-json\/wp\/v2\/pages\/222"}],"collection":[{"href":"https:\/\/us.edu.pl\/pracownik\/wp-json\/wp\/v2\/pages"}],"about":[{"href":"https:\/\/us.edu.pl\/pracownik\/wp-json\/wp\/v2\/types\/page"}],"author":[{"embeddable":true,"href":"https:\/\/us.edu.pl\/pracownik\/wp-json\/wp\/v2\/users\/1"}],"replies":[{"embeddable":true,"href":"https:\/\/us.edu.pl\/pracownik\/wp-json\/wp\/v2\/comments?post=222"}],"version-history":[{"count":2,"href":"https:\/\/us.edu.pl\/pracownik\/wp-json\/wp\/v2\/pages\/222\/revisions"}],"predecessor-version":[{"id":242,"href":"https:\/\/us.edu.pl\/pracownik\/wp-json\/wp\/v2\/pages\/222\/revisions\/242"}],"wp:attachment":[{"href":"https:\/\/us.edu.pl\/pracownik\/wp-json\/wp\/v2\/media?parent=222"}],"curies":[{"name":"wp","href":"https:\/\/api.w.org\/{rel}","templated":true}]}}