{"id":2224,"date":"2019-10-21T10:22:53","date_gmt":"2019-10-21T08:22:53","guid":{"rendered":"https:\/\/us.edu.pl\/pracownik\/?page_id=2224"},"modified":"2020-07-07T09:10:41","modified_gmt":"2020-07-07T07:10:41","slug":"badawcze-prace-zlecone","status":"publish","type":"page","link":"https:\/\/us.edu.pl\/pracownik\/sprawy-naukowe\/sprawy-pracownika-naukowego-na\/badawcze-prace-zlecone\/","title":{"rendered":"Badawcze prace zlecone"},"content":{"rendered":"<p>[vc_row][vc_column][\/vc_column][\/vc_row][vc_row][vc_column]\r\n                <div class=\"text-modules\">\r\n                    <div class=\"container\">\r\n                        <h3 class=\"page-title text__title\">Badawcze prace zlecone<\/h3>\r\n                        <div class=\"text-modules__content\"><p><b>Procedury dotycz\u0105ce prac badawczych zleconych:<\/b><\/p>\n<p><span style=\"font-weight: 400\">1. Procedura dla pracownika naukowego<\/span><\/p>\n<p><a href=\"https:\/\/us.edu.pl\/pracownik\/wp-content\/uploads\/sites\/2\/Nieprzypisane\/PROCEDURA-DLA-PRACOWNIKA-NAUKOWEGO-PRACE-BADAWCZE-ZLECONE.pdf\" class=\"mtli_attachment mtli_pdf\" data-mtli=\"mtli_filesize237,56kB\" class=\"mtli_attachment mtli_pdf\" data-mtli=\"mtli_filesize237,56kB\">PROCEDURA DLA PRACOWNIKA NAUKOWEGO<\/a><\/p>\n<p><span style=\"font-weight: 400\"> 2. Procedura dla przedsi\u0119biorcy\u00a0<\/span><\/p>\n<p><span style=\"font-weight: 400\"><a href=\"https:\/\/us.edu.pl\/pracownik\/wp-content\/uploads\/sites\/2\/Nieprzypisane\/PROCEDURA-DLA-PRZEDSI\u0118BIORCY-PRACE-BADAWCZE-ZLECONE.pdf\" class=\"mtli_attachment mtli_pdf\" data-mtli=\"mtli_filesize217,95kB\" class=\"mtli_attachment mtli_pdf\" data-mtli=\"mtli_filesize217,95kB\">PROCEDURA DLA PRZEDSI\u0118BIORCY<\/a><\/span><\/p>\n<p>&nbsp;<\/p>\n<p><strong>Akty prawne:<\/strong><\/p>\n<p><a href=\"http:\/\/bip.us.edu.pl\/zarzadzenie-nr-1992018\">Zarz\u0105dzenie nr 199\/2018 Rektora U\u015a w sprawie ustalenia procedury przyjmowania, realizacji i rozliczania prac zleconych do realizacji w Uniwersytecie \u015al\u0105skim przez instytucje zewn\u0119trzne.\u00a0<\/a><\/p>\n<style type=\"text\/css\">a[data-mtli~=\"mtli_filesize237,56kB\"]:after {content:\" (237,56 kB)\"}a[data-mtli~=\"mtli_filesize217,95kB\"]:after {content:\" (217,95 kB)\"}<\/style><\/div>\r\n                    <\/div>\r\n                <\/div>[\/vc_column][\/vc_row][vc_row][vc_column][vc_column_text][\/vc_column_text][\/vc_column][\/vc_row]<\/p>\n<style type=\"text\/css\">a[data-mtli~=\"mtli_filesize237,56kB\"]:after {content:\" (237,56 kB)\"}a[data-mtli~=\"mtli_filesize217,95kB\"]:after {content:\" (217,95 kB)\"}<\/style>","protected":false},"excerpt":{"rendered":"<p>[vc_row][vc_column][\/vc_column][\/vc_row][vc_row][vc_column][\/vc_column][\/vc_row][vc_row][vc_column][vc_column_text][\/vc_column_text][\/vc_column][\/vc_row] [&#8230;]<\/p>\n<p><a class=\"btn btn-secondary understrap-read-more-link\" href=\"https:\/\/us.edu.pl\/pracownik\/sprawy-naukowe\/sprawy-pracownika-naukowego-na\/badawcze-prace-zlecone\/\">Read More&#8230;<\/a><\/p>\n","protected":false},"author":90,"featured_media":0,"parent":989,"menu_order":317,"comment_status":"closed","ping_status":"closed","template":"page-templates\/inner-page.php","meta":{"_expiration-date-status":"saved","_expiration-date":0,"_expiration-date-type":"","_expiration-date-categories":[],"_expiration-date-options":[]},"acf":[],"_links":{"self":[{"href":"https:\/\/us.edu.pl\/pracownik\/wp-json\/wp\/v2\/pages\/2224"}],"collection":[{"href":"https:\/\/us.edu.pl\/pracownik\/wp-json\/wp\/v2\/pages"}],"about":[{"href":"https:\/\/us.edu.pl\/pracownik\/wp-json\/wp\/v2\/types\/page"}],"author":[{"embeddable":true,"href":"https:\/\/us.edu.pl\/pracownik\/wp-json\/wp\/v2\/users\/90"}],"replies":[{"embeddable":true,"href":"https:\/\/us.edu.pl\/pracownik\/wp-json\/wp\/v2\/comments?post=2224"}],"version-history":[{"count":5,"href":"https:\/\/us.edu.pl\/pracownik\/wp-json\/wp\/v2\/pages\/2224\/revisions"}],"predecessor-version":[{"id":3720,"href":"https:\/\/us.edu.pl\/pracownik\/wp-json\/wp\/v2\/pages\/2224\/revisions\/3720"}],"up":[{"embeddable":true,"href":"https:\/\/us.edu.pl\/pracownik\/wp-json\/wp\/v2\/pages\/989"}],"wp:attachment":[{"href":"https:\/\/us.edu.pl\/pracownik\/wp-json\/wp\/v2\/media?parent=2224"}],"curies":[{"name":"wp","href":"https:\/\/api.w.org\/{rel}","templated":true}]}}