{"id":22243,"date":"2023-06-21T10:27:52","date_gmt":"2023-06-21T08:27:52","guid":{"rendered":"https:\/\/us.edu.pl\/pracownik\/?page_id=22243"},"modified":"2023-06-22T13:23:23","modified_gmt":"2023-06-22T11:23:23","slug":"posiedzenie-komisji-22-06-2023","status":"publish","type":"page","link":"https:\/\/us.edu.pl\/pracownik\/sprawy-dydaktyczne\/senacka-komisja-ds-ksztalcenia\/senacka-komisja-ds-ksztalcenia-sklad-komisji\/kadencja-2020-2024\/posiedzenie-komisji-22-06-2023\/","title":{"rendered":"Posiedzenie komisji &#8211; 22.06.2023"},"content":{"rendered":"<p>[vc_row][vc_column]\r\n                <div class=\"text-modules\">\r\n                    <div class=\"container\">\r\n                        <h3 class=\"page-title text__title\">Posiedzenie Komisji ds. kszta\u0142cenia i student\u00f3w - 22 czerwca 2023 r.<\/h3>\r\n                        <div class=\"text-modules__content\"><\/p>\n<p style=\"font-weight: 400;\">Posiedzenie Komisji ds. kszta\u0142cenia i student\u00f3w odb\u0119dzie si\u0119 w poniedzia\u0142ek <strong>22 czerwca 2023 r. o godz. 13.00<\/strong> w auli im. Kazimierza Lepszego w budynku Rektoratu Uniwersytetu \u015al\u0105skiego.<\/p>\n<p>Planowany porz\u0105dek posiedzenia:<\/p>\n<p>1. Opiniowanie wniosk\u00f3w dotycz\u0105cych awansu na stanowisko profesora uczelni w grupie pracownik\u00f3w dydaktycznych i badawczo-dydaktycznych.<\/p>\n<p>2. Opinia do wniosku w sprawie ustalenia programu studi\u00f3w dla nowego poziomu studi\u00f3w: <a href=\"https:\/\/us.edu.pl\/pracownik\/wp-content\/uploads\/sites\/2\/Editor\/sprawy-dydatktyczne\/Komisja-ksztalcenia\/Kadencja-2020-2024\/20222023\/22-czerwiec\/Aquamatyka-_-I-st.-SS.zip\">Aquamatyka &#8211; interdyscyplinarne gospodarowanie \u015brodowiskami wodnymi &#8211; studia stacjonarne I stopnia.<\/a><\/p>\n<p>3. Opinia do wniosku w sprawie ustalenia programu studi\u00f3w dla nowego poziomu studi\u00f3w: <a href=\"https:\/\/us.edu.pl\/pracownik\/wp-content\/uploads\/sites\/2\/Editor\/sprawy-dydatktyczne\/Komisja-ksztalcenia\/Kadencja-2020-2024\/20222023\/22-czerwiec\/Indywidualne-studia-nauczycielskie-II-SS.zip\">Indywidualne studia nauczycielskie \u2013 studia stacjonarne II stopnia.<\/a><\/p>\n<p>4. Opinie do wniosk\u00f3w w sprawie modyfikacji program\u00f3w studi\u00f3w od cyklu dydaktycznego 2023\/2024:<\/p>\n<ol>\n<li><a href=\"https:\/\/us.edu.pl\/pracownik\/wp-content\/uploads\/sites\/2\/Editor\/sprawy-dydatktyczne\/Komisja-ksztalcenia\/Kadencja-2020-2024\/20222023\/22-czerwiec\/Biologia-I-SS.zip\">biologia &#8211; studia stacjonarne I stopnia<\/a><\/li>\n<li><a href=\"https:\/\/us.edu.pl\/pracownik\/wp-content\/uploads\/sites\/2\/Editor\/sprawy-dydatktyczne\/Komisja-ksztalcenia\/Kadencja-2020-2024\/20222023\/22-czerwiec\/Biotechnologia-I-SS.zip\">biotechnologia &#8211; studia stacjonarne I stopnia<\/a><\/li>\n<li><a href=\"https:\/\/us.edu.pl\/pracownik\/wp-content\/uploads\/sites\/2\/Editor\/sprawy-dydatktyczne\/Komisja-ksztalcenia\/Kadencja-2020-2024\/20222023\/22-czerwiec\/Ochrona-srodowiska-I-SS.zip\">ochrona \u015brodowiska &#8211; studia stacjonarne I stopnia<\/a><\/li>\n<li><a href=\"https:\/\/us.edu.pl\/pracownik\/wp-content\/uploads\/sites\/2\/Editor\/sprawy-dydatktyczne\/Komisja-ksztalcenia\/Kadencja-2020-2024\/20222023\/22-czerwiec\/Fizyka-medyczna-I-SS.zip\">fizyka medyczna &#8211; studia stacjonarne I stopnia<\/a><\/li>\n<li><a href=\"https:\/\/us.edu.pl\/pracownik\/wp-content\/uploads\/sites\/2\/Editor\/sprawy-dydatktyczne\/Komisja-ksztalcenia\/Kadencja-2020-2024\/20222023\/22-czerwiec\/Inzyniera-biomedyczna-I-SS.zip\">in\u017cynieria biomedyczna &#8211; studia stacjonarne I stopnia<\/a><\/li>\n<li><a href=\"https:\/\/us.edu.pl\/pracownik\/wp-content\/uploads\/sites\/2\/Editor\/sprawy-dydatktyczne\/Komisja-ksztalcenia\/Kadencja-2020-2024\/20222023\/22-czerwiec\/Matematyka-I-SS.zip\">matematyka &#8211; studia stacjonarne I stopnia<\/a><\/li>\n<li><a href=\"https:\/\/us.edu.pl\/pracownik\/wp-content\/uploads\/sites\/2\/Editor\/sprawy-dydatktyczne\/Komisja-ksztalcenia\/Kadencja-2020-2024\/20222023\/22-czerwiec\/Matematyka-II-SS-i-NS.zip\">matematyka &#8211; studia stacjonarne i niestacjonarne II stopnia<\/a><\/li>\n<li><a href=\"https:\/\/us.edu.pl\/pracownik\/wp-content\/uploads\/sites\/2\/Editor\/sprawy-dydatktyczne\/Komisja-ksztalcenia\/Kadencja-2020-2024\/20222023\/22-czerwiec\/Doradztwo-polityczne-i-publiczne-I-SS.zip\">doradztwo polityczne i publiczne &#8211; studia stacjonarne I stopnia<\/a><\/li>\n<li><a href=\"https:\/\/us.edu.pl\/pracownik\/wp-content\/uploads\/sites\/2\/Editor\/sprawy-dydatktyczne\/Komisja-ksztalcenia\/Kadencja-2020-2024\/20222023\/22-czerwiec\/Dziennikarstwo-i-komunikacja-spoleczna-I-SS-i-NS.zip\">dziennikarstwo i komunikacja spo\u0142eczna &#8211; studia stacjonarne i niestacjonarne I stopnia<\/a><\/li>\n<li><a href=\"https:\/\/us.edu.pl\/pracownik\/wp-content\/uploads\/sites\/2\/Editor\/sprawy-dydatktyczne\/Komisja-ksztalcenia\/Kadencja-2020-2024\/20222023\/22-czerwiec\/Politologia-I-SS.zip\">politologia &#8211; studia stacjonarne I stopnia<\/a><\/li>\n<li><a href=\"https:\/\/us.edu.pl\/pracownik\/wp-content\/uploads\/sites\/2\/Editor\/sprawy-dydatktyczne\/Komisja-ksztalcenia\/Kadencja-2020-2024\/20222023\/22-czerwiec\/Edukacja-artystyczna-w-zakresie-sztuki-muzycznej-I-SS-2.zip\">edukacja artystyczna w zakresie sztuki muzycznej &#8211; studia stacjonarne I stopnia<\/a><\/li>\n<li><a href=\"https:\/\/us.edu.pl\/pracownik\/wp-content\/uploads\/sites\/2\/Editor\/sprawy-dydatktyczne\/Komisja-ksztalcenia\/Kadencja-2020-2024\/20222023\/22-czerwiec\/Muzyka-w-multimediach-I-SS-1.zip\">muzyka w multimediach &#8211; studia stacjonarne I stopnia<\/a><\/li>\n<li><a href=\"https:\/\/us.edu.pl\/pracownik\/wp-content\/uploads\/sites\/2\/Editor\/sprawy-dydatktyczne\/Komisja-ksztalcenia\/Kadencja-2020-2024\/20222023\/22-czerwiec\/Projektowanie-gier-i-przestrzeni-wirtualnej-I-SS.zip\">projektowanie gier i przestrzeni wirtualnej &#8211; studia stacjonarne I stopnia<\/a><\/li>\n<li><a href=\"https:\/\/us.edu.pl\/pracownik\/wp-content\/uploads\/sites\/2\/Editor\/sprawy-dydatktyczne\/Komisja-ksztalcenia\/Kadencja-2020-2024\/20222023\/22-czerwiec\/Pedagogika-Cieszyn-_-I-st.-SS_NS.zip\">pedagogika (Cieszyn) &#8211; studia stacjonarne i niestacjonarne I stopnia<\/a><\/li>\n<li><a href=\"https:\/\/us.edu.pl\/pracownik\/wp-content\/uploads\/sites\/2\/Editor\/sprawy-dydatktyczne\/Komisja-ksztalcenia\/Kadencja-2020-2024\/20222023\/22-czerwiec\/Pedag.-przed.-i-wczes.-Cieszyn.zip\">pedagogika przedszkolna i wczesnoszkolna (Cieszyn) &#8211; studia stacjonarne i niestacjonarne jednolite magisterskie<\/a><\/li>\n<\/ol>\n<p>5. Wolne wnioski.<\/p>\n<\/div>\r\n                    <\/div>\r\n                <\/div>[\/vc_column][\/vc_row]<\/p>","protected":false},"excerpt":{"rendered":"<p>[vc_row][vc_column][\/vc_column][\/vc_row] [&#8230;]<\/p>\n<p><a class=\"btn btn-secondary understrap-read-more-link\" href=\"https:\/\/us.edu.pl\/pracownik\/sprawy-dydaktyczne\/senacka-komisja-ds-ksztalcenia\/senacka-komisja-ds-ksztalcenia-sklad-komisji\/kadencja-2020-2024\/posiedzenie-komisji-22-06-2023\/\">Read More&#8230;<\/a><\/p>\n","protected":false},"author":5108,"featured_media":0,"parent":5151,"menu_order":-30,"comment_status":"closed","ping_status":"closed","template":"page-templates\/inner-page.php","meta":{"_expiration-date-status":"saved","_expiration-date":0,"_expiration-date-type":"","_expiration-date-categories":[],"_expiration-date-options":[]},"acf":[],"_links":{"self":[{"href":"https:\/\/us.edu.pl\/pracownik\/wp-json\/wp\/v2\/pages\/22243"}],"collection":[{"href":"https:\/\/us.edu.pl\/pracownik\/wp-json\/wp\/v2\/pages"}],"about":[{"href":"https:\/\/us.edu.pl\/pracownik\/wp-json\/wp\/v2\/types\/page"}],"author":[{"embeddable":true,"href":"https:\/\/us.edu.pl\/pracownik\/wp-json\/wp\/v2\/users\/5108"}],"replies":[{"embeddable":true,"href":"https:\/\/us.edu.pl\/pracownik\/wp-json\/wp\/v2\/comments?post=22243"}],"version-history":[{"count":10,"href":"https:\/\/us.edu.pl\/pracownik\/wp-json\/wp\/v2\/pages\/22243\/revisions"}],"predecessor-version":[{"id":22299,"href":"https:\/\/us.edu.pl\/pracownik\/wp-json\/wp\/v2\/pages\/22243\/revisions\/22299"}],"up":[{"embeddable":true,"href":"https:\/\/us.edu.pl\/pracownik\/wp-json\/wp\/v2\/pages\/5151"}],"wp:attachment":[{"href":"https:\/\/us.edu.pl\/pracownik\/wp-json\/wp\/v2\/media?parent=22243"}],"curies":[{"name":"wp","href":"https:\/\/api.w.org\/{rel}","templated":true}]}}