{"id":22375,"date":"2023-07-03T11:52:16","date_gmt":"2023-07-03T09:52:16","guid":{"rendered":"https:\/\/us.edu.pl\/pracownik\/?page_id=22375"},"modified":"2023-07-10T12:13:50","modified_gmt":"2023-07-10T10:13:50","slug":"zamkniecie-systemu-hostingowego-theta-us-edu-pl","status":"publish","type":"page","link":"https:\/\/us.edu.pl\/pracownik\/zamkniecie-systemu-hostingowego-theta-us-edu-pl\/","title":{"rendered":"Zamkni\u0119cie systemu hostingowego theta.us.edu.pl"},"content":{"rendered":"<p>[vc_row el_class=&#8221;container&#8221;][vc_column][vc_column_text]Szanowni Pa\u0144stwo,<\/p>\n<p>w zwi\u0105zku z wcze\u015bniejszymi zapowiedziami w dniu 1 wrze\u015bnia 2023 nast\u0105pi planowane zamkni\u0119cie systemu hostingowego <strong>theta.us.edu.pl<\/strong>.<\/p>\n<p>Wszystkie strony hostowane na wspomnianym serwerze zostan\u0105 zamkni\u0119te.<\/p>\n<p>Bardzo prosimy administrator\u00f3w\/opiekun\u00f3w serwis\u00f3w rezyduj\u0105cych na theta.us.edu.pl o kontakt z DASiUS, celem podj\u0119cia prac zwi\u0105zanych utrzymaniem serwisu w infrastrukturze U\u015a.<\/p>\n<p>W razie pyta\u0144 prosz\u0119 o kontakt <a href=\"mailto:Bartosz.Luppa@us.edu.pl\">Bartosz.Luppa@us.edu.pl<\/a><\/p>\n<p>&nbsp;<\/p>\n<p>Lista serwis\u00f3w:<\/p>\n<ul>\n<li>1.ukierunkujsie.us.edu.pl<\/li>\n<li>2.ukierunkujsie.us.edu.pl<\/li>\n<li>20.ism.us.edu.pl<\/li>\n<li>4zjazd-systemypolityczne.us.edu.pl<\/li>\n<li>actte.us.edu.pl<\/li>\n<li>aepe.us.edu.pl<\/li>\n<li>ags.wnoz.us.edu.pl<\/li>\n<li>anthropos.us.edu.pl<\/li>\n<li>aplikacja.adapciak.us.edu.pl<\/li>\n<li>ar.exhibition.us.edu.pl<\/li>\n<li>architekturainformacji.us.edu.pl<\/li>\n<li>archiwum.if.us.edu.pl<\/li>\n<li>artcieszyn.us.edu.pl<\/li>\n<li>arthropod.new.us.edu.pl<\/li>\n<li>assw2013.us.edu.pl<\/li>\n<li>azscieszyn.us.edu.pl<\/li>\n<li>banys.us.edu.pl<\/li>\n<li>baworowski.us.edu.pl<\/li>\n<li>bezpieczenstwo-nm.us.edu.pl<\/li>\n<li>bibliotekarstwo.konferencja2019.us.edu.pl<\/li>\n<li>bibliotekawns.us.edu.pl<\/li>\n<li>bio-pro.us.edu.pl<\/li>\n<li>biofizyka.us.edu.pl<\/li>\n<li>biogalmany.us.edu.pl<\/li>\n<li>biomorpho.us.edu.pl<\/li>\n<li>bkn.us.edu.pl<\/li>\n<li>bliskiezwiazki.us.edu.pl<\/li>\n<li>bliskiezwiazki.us.edu.pl<\/li>\n<li>boskakomedia.us.edu.pl<\/li>\n<li>bpo-it.us.edu.pl<\/li>\n<li>brk.us.edu.pl<\/li>\n<li>cac.us.edu.pl<\/li>\n<li>ccts.us.edu.pl<\/li>\n<li>centrumdydaktyki.us.edu.pl<\/li>\n<li>certyfikatyspnjo.us.edu.pl<\/li>\n<li>chromatographia.us.edu.pl<\/li>\n<li>cond-mat.us.edu.pl<\/li>\n<li>cpsn.us.edu.pl<\/li>\n<li>croatica.us.edu.pl<\/li>\n<li>cscs.new.us.edu.pl<\/li>\n<li>cultural-landscape.us.edu.pl<\/li>\n<li>czasopismozoophilologica.us.edu.pl<\/li>\n<li>czlowiek-istota-relacyjna.us.edu.pl<\/li>\n<li>dlcc.old1.us.edu.pl<\/li>\n<li>dlcc.us.edu.pl<\/li>\n<li>ecoetno.us.edu.pl<\/li>\n<li>ecumeny-and-law.us.edu.pl<\/li>\n<li>edd.us.edu.pl<\/li>\n<li>edures.edu.pl<\/li>\n<li>eh.us.edu.pl<\/li>\n<li>ekonomianabank.us.edu.pl<\/li>\n<li>ekoplakat.us.edu.pl<\/li>\n<li>ekskursja.us.edu.pl<\/li>\n<li>emlex.us.edu.pl<\/li>\n<li>enginesofhistory.us.edu.pl<\/li>\n<li>fabrica.us.edu.pl<\/li>\n<li>feniks.us.edu.pl<\/li>\n<li>fenu-exp.us.edu.pl<\/li>\n<li>festiwalekspresji.us.edu.pl<\/li>\n<li>festiwalenauki.us.edu.pl<\/li>\n<li>festiwalswider.us.edu.pl<\/li>\n<li>filozofia-wspolczesna.us.edu.pl<\/li>\n<li>filozofia.old.us.edu.pl<\/li>\n<li>frazpol.us.edu.pl<\/li>\n<li>gaj.us.edu.pl<\/li>\n<li>gamelab.us.edu.pl<\/li>\n<li>geohazardsilesia.us.edu.pl<\/li>\n<li>gis.us.edu.pl<\/li>\n<li>gisday.us.edu.pl<\/li>\n<li>grantyrektora.us.edu.pl<\/li>\n<li>harmonia.us.edu.pl<\/li>\n<li>hec.platforma.us.edu.pl<\/li>\n<li>hec.us.edu.pl<\/li>\n<li>heteroptera.us.edu.pl<\/li>\n<li>historia.us.edu.pl<\/li>\n<li>hstory.us.edu.pl<\/li>\n<li>ib.us.edu.pl<\/li>\n<li>icbeh.us.edu.pl<\/li>\n<li>iccpc.us.edu.pl<\/li>\n<li>icfsla.us.edu.pl<\/li>\n<li>ifg.us.edu.pl<\/li>\n<li>ija.us.edu.pl<\/li>\n<li>ijp.us.edu.pl<\/li>\n<li>ijrel.us.edu.pl<\/li>\n<li>imagologia.us.edu.pl<\/li>\n<li>imz.us.edu.pl<\/li>\n<li>info-bio-staz.us.edu.pl<\/li>\n<li>inksi.us.edu.pl<\/li>\n<li>inkubatorinnowacyjnosci.us.edu.pl<\/li>\n<li>inno-daktyka.us.edu.pl<\/li>\n<li>innovativestart.wbios.us.edu.pl<\/li>\n<li>innowacje.humanistyczne.us.edu.pl<\/li>\n<li>inom.us.edu.pl<\/li>\n<li>interakcja-integracja-2018.us.edu.pl<\/li>\n<li>irnet.us.edu.pl<\/li>\n<li>iudaicarussica.us.edu.pl<\/li>\n<li>jacek.szade.us.edu.pl<\/li>\n<li>jakzaistniec.us.edu.pl<\/li>\n<li>jedrzejkrakowski.us.edu.pl<\/li>\n<li>jerzy.goraus.us.edu.pl<\/li>\n<li>jgluza.us.edu.pl<\/li>\n<li>jpacek.us.edu.pl<\/li>\n<li>jubileusz40lecia.kps.us.edu.pl<\/li>\n<li>kadrjanowicz.us.edu.pl<\/li>\n<li>kam.znp.us.edu.pl<\/li>\n<li>kameleon.us.edu.pl<\/li>\n<li>kdjilp.us.edu.pl<\/li>\n<li>keuper.us.edu.pl<\/li>\n<li>kge.wnoz.us.edu.pl<\/li>\n<li>kgf.wnoz.us.edu.pl<\/li>\n<li>kgs.wnoz.us.edu.pl<\/li>\n<li>ki-it.us.edu.pl<\/li>\n<li>kibnpw.us.edu.pl<\/li>\n<li>kk.us.edu.pl<\/li>\n<li>kk.wnoz.us.edu.pl<\/li>\n<li>klimatologia.old.us.edu.pl<\/li>\n<li>kne.cieszyn.us.edu.pl<\/li>\n<li>kni.ibin.us.edu.pl<\/li>\n<li>kni.us.edu.pl<\/li>\n<li>konferencjahoziu.us.edu.pl<\/li>\n<li>konferencjaspnjo.us.edu.pl<\/li>\n<li>kongresdydaktykipolonistycznej.us.edu.pl<\/li>\n<li>kontekstualni.us.edu.pl<\/li>\n<li>kontekstualni.us.edu.pl<\/li>\n<li>kos.us.edu.pl<\/li>\n<li>kpc.us.edu.pl<\/li>\n<li>kpgios.us.edu.pl<\/li>\n<li>kreatywnyobywatel.us.edu.pl<\/li>\n<li>kroatystyka.us.edu.pl<\/li>\n<li>krsg.us.edu.pl<\/li>\n<li>krystalografia.us.edu.pl<\/li>\n<li>krzysztof.jarosz.us.edu.pl<\/li>\n<li>ksups.us.edu.pl<\/li>\n<li>ktuherbarium.us.edu.pl<\/li>\n<li>kursyfrazeo.us.edu.pl<\/li>\n<li>kursyspnjo.us.edu.pl<\/li>\n<li>lagfestival.us.edu.pl<\/li>\n<li>lawinstyle.us.edu.pl<\/li>\n<li>lider.kagramat.us.edu.pl<\/li>\n<li>lizymetry.us.edu.pl<\/li>\n<li>logopedia.new.us.edu.pl<\/li>\n<li>logopedia.us.edu.pl<\/li>\n<li>m-penkala.us.edu.pl<\/li>\n<li>magazynsuplement.us.edu.pl<\/li>\n<li>mak.us.edu.pl<\/li>\n<li>malecki.chemia.us.edu.pl<\/li>\n<li>malgorzata.gajos.us.edu.pl<\/li>\n<li>marcin.sarnek.us.edu.pl<\/li>\n<li>marian.kisiel.us.edu.pl<\/li>\n<li>mba.us.edu.pl<\/li>\n<li>mcholewa.us.edu.pl<\/li>\n<li>memetyka.us.edu.pl<\/li>\n<li>meteo.us.edu.pl<\/li>\n<li>mish.us.edu.pl<\/li>\n<li>mlody-mechatronik.us.edu.pl<\/li>\n<li>mopala.us.edu.pl<\/li>\n<li>moralnosczducha.us.edu.pl<\/li>\n<li>msff.us.edu.pl<\/li>\n<li>mssd.us.edu.pl<\/li>\n<li>nauczyciel.us.edu.pl<\/li>\n<li>neofil.us.edu.pl<\/li>\n<li>nicolaihartmann.us.edu.pl<\/li>\n<li>nnpl.us.edu.pl<\/li>\n<li>nowabiblioteka.us.edu.pl<\/li>\n<li>noz.us.edu.pl<\/li>\n<li>ntb.us.edu.pl<\/li>\n<li>obirezwbios.us.edu.pl<\/li>\n<li>old.inpidz.us.edu.pl<\/li>\n<li>oldkoronawirus.us.edu.pl<\/li>\n<li>oprogramowanie.us.edu.pl<\/li>\n<li>optometriaslaska.us.edu.pl<\/li>\n<li>ossm2020.us.edu.pl<\/li>\n<li>paenew.us.edu.pl<\/li>\n<li>paidia.us.edu.pl<\/li>\n<li>panteon.gornoslaski.us.edu.pl<\/li>\n<li>papalauthority.us.edu.pl<\/li>\n<li>pase.us.edu.pl<\/li>\n<li>pdb.us.edu.pl<\/li>\n<li>pedagogika.us.edu.pl<\/li>\n<li>philosophy-and-canon-law.us.edu.pl<\/li>\n<li>pismahumanistyczne-wns.us.edu.pl<\/li>\n<li>piwonia.us.edu.pl<\/li>\n<li>pj2020.us.edu.pl<\/li>\n<li>pls.us.edu.pl<\/li>\n<li>podsumowaniekadencji.us.edu.pl<\/li>\n<li>polarknow.us.edu.pl<\/li>\n<li>polon.us.edu.pl<\/li>\n<li>polonez1-rodriquez-tinoco.us.edu.pl<\/li>\n<li>pomiedzynaukami.us.edu.pl<\/li>\n<li>pomocpsychologiczna.konferencja.us.edu.pl<\/li>\n<li>postindustrialplace.us.edu.pl<\/li>\n<li>postscriptum.us.edu.pl<\/li>\n<li>ppg.us.edu.pl<\/li>\n<li>ppn.wnoz.us.edu.pl<\/li>\n<li>prawozdrowie.us.edu.pl<\/li>\n<li>programowanie-w-mooc.us.edu.pl<\/li>\n<li>projekt-elephant.us.edu.pl<\/li>\n<li>projekt-pmp.us.edu.pl<\/li>\n<li>projekt.new.wbios.us.edu.pl<\/li>\n<li>projektkariera.ijp.us.edu.pl<\/li>\n<li>projektowaniegier.us.edu.pl<\/li>\n<li>pros.us.edu.pl<\/li>\n<li>prospectus.us.edu.pl<\/li>\n<li>przestrzenieprzekladu.us.edu.pl<\/li>\n<li>przestrzenieprzekladu2016.us.edu.pl<\/li>\n<li>psoin.us.edu.pl<\/li>\n<li>psychologiamuzyki.us.edu.pl<\/li>\n<li>psychometria.katowice.us.edu.pl<\/li>\n<li>psychomuzy.us.edu.pl<\/li>\n<li>pszczolylubiamiasto.us.edu.pl<\/li>\n<li>ptchem.katowice.us.edu.pl<\/li>\n<li>ptf.us.edu.pl<\/li>\n<li>ptg.wnoz.us.edu.pl<\/li>\n<li>ptgeof.us.edu.pl<\/li>\n<li>ptin.new.us.edu.pl<\/li>\n<li>ptin.us.edu.pl<\/li>\n<li>ptnp.katowice.us.edu.pl<\/li>\n<li>ptsm-mossbauer.us.edu.pl<\/li>\n<li>publikacje.inoz-old.us.edu.pl<\/li>\n<li>pwi.us.edu.pl<\/li>\n<li>rana.us.edu.pl<\/li>\n<li>ratuszna.us.edu.pl<\/li>\n<li>refleksyjnewychowanie.us.edu.pl<\/li>\n<li>robert.rduch.us.edu.pl<\/li>\n<li>romanicasilesiana.us.edu.pl<\/li>\n<li>romanistyka.us.edu.pl<\/li>\n<li>rugosa.us.edu.pl<\/li>\n<li>rzg2018.us.edu.pl<\/li>\n<li>samorzad.us.edu.pl<\/li>\n<li>sbc.us.edu.pl<\/li>\n<li>sedll.us.edu.pl<\/li>\n<li>serbica.us.edu.pl<\/li>\n<li>silgis.new.us.edu.pl<\/li>\n<li>silgis.us.edu.pl<\/li>\n<li>sjikp-old.us.edu.pl<\/li>\n<li>skngis.new.us.edu.pl<\/li>\n<li>slabgis-old.us.edu.pl<\/li>\n<li>slaskifestiwalnauki.2016.us.edu.pl<\/li>\n<li>slaskifestiwalnauki.pl<\/li>\n<li>slavic.network.us.edu.pl<\/li>\n<li>slebarski.us.edu.pl<\/li>\n<li>smcebi.us.edu.pl<\/li>\n<li>smugowski.us.edu.pl<\/li>\n<li>smys.yrism.us.edu.pl<\/li>\n<li>socialpainlab.us.edu.pl<\/li>\n<li>solidarnosc.us.edu.pl<\/li>\n<li>spinplace.us.edu.pl<\/li>\n<li>sport.us.edu.pl<\/li>\n<li>sprawnystudent.us.edu.pl<\/li>\n<li>sprintsearch.us.edu.pl<\/li>\n<li>stach.us.edu.pl<\/li>\n<li>strategia.us.edu.pl<\/li>\n<li>studenckifestiwalnauki.us.edu.pl<\/li>\n<li>student01.wns.us.edu.pl<\/li>\n<li>studiaicodalej.us.edu.pl<\/li>\n<li>studiapolskie.us.edu.pl<\/li>\n<li>suburbanizacja.us.edu.pl<\/li>\n<li>suitcase.us.edu.pl<\/li>\n<li>swanwbios.us.edu.pl<\/li>\n<li>swd.us.edu.pl<\/li>\n<li>swsw.us.edu.pl<\/li>\n<li>theatrum.us.edu.pl<\/li>\n<li>thermodynamics.us.edu.pl<\/li>\n<li>tin.us.edu.pl<\/li>\n<li>tomasz.kubalica.us.edu.pl<\/li>\n<li>tomasz.nawrocki.us.edu.pl<\/li>\n<li>transculturaldesignschool.us.edu.pl<\/li>\n<li>transpozycjeidei.us.edu.pl<\/li>\n<li>triennial.us.edu.pl<\/li>\n<li>turystyka.us.edu.pl<\/li>\n<li>tutor.us.edu.pl<\/li>\n<li>ukierunkujsie.new.us.edu.pl<\/li>\n<li>ukierunkujsie.us.edu.pl<\/li>\n<li>unibot.us.edu.pl<\/li>\n<li>uniwersytethumanistow.us.edu.pl<\/li>\n<li>uniwersytetotwarty.us.edu.pl<\/li>\n<li>utracki.us.edu.pl<\/li>\n<li>utw.new.us.edu.pl<\/li>\n<li>veritas.us.edu.pl<\/li>\n<li>vulnerability.us.edu.pl<\/li>\n<li>wff.us.edu.pl<\/li>\n<li>wiecjestem.us.edu.pl<\/li>\n<li>wiktoria.sapota.us.edu.pl<\/li>\n<li>wlacznik.us.edu.pl<\/li>\n<li>wlmk.us.edu.pl<\/li>\n<li>wnoz.us.edu.pl<\/li>\n<li>wns.us.edu.pl<\/li>\n<li>wolnaszkola.us.edu.pl<\/li>\n<li>writingcentre.us.edu.pl<\/li>\n<li>wtl.us.edu.pl<\/li>\n<li>wyborywpolsce2014-2015.us.edu.pl<\/li>\n<li>zaneta.garczyk.us.edu.pl<\/li>\n<li>zarzadzanie.regionami.us.edu.pl<\/li>\n<li>zasobyziemi.us.edu.pl<\/li>\n<li>zawodnauczyciel.us.edu.pl<\/li>\n<li>zchf.us.edu.pl<\/li>\n<li>zchorg.us.edu.pl<\/li>\n<li>zchp.us.edu.pl<\/li>\n<li>zdalny.us.edu.pl<\/li>\n<li>zff.us.edu.pl<\/li>\n<li>zhs.us.edu.pl<\/li>\n<li>zintegrowane.us.edu.pl<\/li>\n<li>zjazdkpgih2019.us.edu.pl<\/li>\n<li>zmiany.us.edu.pl<\/li>\n<li>znp.us.edu.pl<\/li>\n<li>zoologia.us.edu.pl<\/li>\n<li>zpkis.us.edu.pl<\/li>\n<li>ztipdjp.us.edu.pl<\/li>\n<li>zwierzeta-antarktydy.us.edu.pl<\/li>\n<\/ul>\n<p>[\/vc_column_text][\/vc_column][\/vc_row]<\/p>","protected":false},"excerpt":{"rendered":"<p>[vc_row el_class=&#8221;container&#8221;][vc_column][vc_column_text]Szanowni Pa\u0144stwo, w zwi\u0105zku z wcze\u015bniejszymi zapowiedziami w dniu 1 wrze\u015bnia 2023 nast\u0105pi planowane zamkni\u0119cie systemu hostingowego theta.us.edu.pl. Wszystkie strony hostowane na wspomnianym serwerze zostan\u0105 zamkni\u0119te. Bardzo prosimy administrator\u00f3w\/opiekun\u00f3w serwis\u00f3w rezyduj\u0105cych na theta.us.edu.pl o kontakt z DASiUS, celem podj\u0119cia prac zwi\u0105zanych utrzymaniem serwisu w infrastrukturze U\u015a. W razie pyta\u0144 prosz\u0119 o kontakt Bartosz.Luppa@us.edu.pl &nbsp; [&#8230;]<\/p>\n<p><a class=\"btn btn-secondary understrap-read-more-link\" href=\"https:\/\/us.edu.pl\/pracownik\/zamkniecie-systemu-hostingowego-theta-us-edu-pl\/\">Read More&#8230;<\/a><\/p>\n","protected":false},"author":2887,"featured_media":0,"parent":0,"menu_order":57,"comment_status":"closed","ping_status":"closed","template":"","meta":{"_expiration-date-status":"","_expiration-date":0,"_expiration-date-type":"","_expiration-date-categories":[],"_expiration-date-options":[]},"acf":[],"_links":{"self":[{"href":"https:\/\/us.edu.pl\/pracownik\/wp-json\/wp\/v2\/pages\/22375"}],"collection":[{"href":"https:\/\/us.edu.pl\/pracownik\/wp-json\/wp\/v2\/pages"}],"about":[{"href":"https:\/\/us.edu.pl\/pracownik\/wp-json\/wp\/v2\/types\/page"}],"author":[{"embeddable":true,"href":"https:\/\/us.edu.pl\/pracownik\/wp-json\/wp\/v2\/users\/2887"}],"replies":[{"embeddable":true,"href":"https:\/\/us.edu.pl\/pracownik\/wp-json\/wp\/v2\/comments?post=22375"}],"version-history":[{"count":9,"href":"https:\/\/us.edu.pl\/pracownik\/wp-json\/wp\/v2\/pages\/22375\/revisions"}],"predecessor-version":[{"id":22500,"href":"https:\/\/us.edu.pl\/pracownik\/wp-json\/wp\/v2\/pages\/22375\/revisions\/22500"}],"wp:attachment":[{"href":"https:\/\/us.edu.pl\/pracownik\/wp-json\/wp\/v2\/media?parent=22375"}],"curies":[{"name":"wp","href":"https:\/\/api.w.org\/{rel}","templated":true}]}}