{"id":2255,"date":"2019-10-21T14:28:12","date_gmt":"2019-10-21T12:28:12","guid":{"rendered":"https:\/\/us.edu.pl\/pracownik\/?page_id=2255"},"modified":"2026-02-03T13:00:04","modified_gmt":"2026-02-03T12:00:04","slug":"karta-kierunku","status":"publish","type":"page","link":"https:\/\/us.edu.pl\/pracownik\/sprawy-dydaktyczne\/karta-kierunku\/","title":{"rendered":"Karta kierunku, dokumentacja programu studi\u00f3w"},"content":{"rendered":"<p>[vc_row][vc_column]\r\n                <div class=\"text-modules\">\r\n                    <div class=\"container\">\r\n                        <h3 class=\"page-title text__title\">Karta kierunku, dokumentacja program\u00f3w studi\u00f3w<\/h3>\r\n                        <div class=\"text-modules__content\"><p>Stosownie do przepis\u00f3w <a href=\"https:\/\/aktyprawne.us.edu.pl\/d\/8867\/5\/\">uchwa\u0142y Senatu<\/a> U\u015a oraz <a href=\"https:\/\/aktyprawne.us.edu.pl\/423-lista\/d\/8519\/5\/?reporef=%2F%3FsearchKey%3D125736722\">zarz\u0105dzenia Rektora U\u015a<\/a> dokumentacj\u0119 programu studi\u00f3w sporz\u0105dza si\u0119 oraz modyfikuje z wykorzystaniem Karty kierunku. Wersja dokumentacji do wydruku generowana jest za pomoc\u0105 systemu USOS.<br \/>\nDyrektor kierunku studi\u00f3w, kt\u00f3ry planuje rozpocz\u0119cie prac nad opracowywaniem programu studi\u00f3w nowego kierunku, profilu, formy, poziomu lub specjalno\u015bci studi\u00f3w, w celu umo\u017cliwienia edycji w Karcie kierunku przekazuje informacj\u0119 o tym do Dzia\u0142u Kszta\u0142cenia z wykorzystaniem niniejszych formularzy:<\/p>\n<ul>\n<li><a href=\"https:\/\/us.edu.pl\/pracownik\/wp-content\/uploads\/sites\/2\/Editor\/sprawy-dydatktyczne\/karta-kierunku\/wnioski-2223\/KK_wniosek-o-utworzenie-nowego-kierunku-2022-23.docx\" class=\"mtli_attachment mtli_docx\" data-mtli=\"mtli_filesize25,01kB\" class=\"mtli_attachment mtli_docx\" data-mtli=\"mtli_filesize25,01kB\"><strong>w<\/strong><strong>niosek o utworzenie nowego kierunku studi\u00f3w w Karcie Kierunku<\/strong><\/a><\/li>\n<li><a href=\"https:\/\/us.edu.pl\/pracownik\/wp-content\/uploads\/sites\/2\/Editor\/sprawy-dydatktyczne\/karta-kierunku\/wnioski-2223\/KK_wniosek-o-utworzenie-nowej-specjalnosci-2022-23.docx\" class=\"mtli_attachment mtli_docx\" data-mtli=\"mtli_filesize24,43kB\" class=\"mtli_attachment mtli_docx\" data-mtli=\"mtli_filesize24,43kB\"><strong>wniosek o utworzenie nowej specjalno\u015bci w Karcie Kierunku<\/strong><\/a><\/li>\n<li><a href=\"https:\/\/us.edu.pl\/pracownik\/wp-content\/uploads\/sites\/2\/Editor\/sprawy-dydatktyczne\/karta-kierunku\/wnioski-2223\/KK_wniosek-o-zmiane-programu-studiow-....doc\" class=\"mtli_attachment mtli_doc\" data-mtli=\"mtli_filesize31,00kB\" class=\"mtli_attachment mtli_doc\" data-mtli=\"mtli_filesize31,00kB\"><strong>wniosek o zmian\u0119 programu studi\u00f3w w Karcie Kierunku<\/strong><\/a><\/li>\n<li><a href=\"https:\/\/us.edu.pl\/pracownik\/wp-content\/uploads\/sites\/2\/Editor\/sprawy-dydatktyczne\/karta-kierunku\/wnioski-2223\/KK-_-wniosek-o-dopisanie-kolejnego-cyklu.doc\" class=\"mtli_attachment mtli_doc\" data-mtli=\"mtli_filesize45,00kB\" class=\"mtli_attachment mtli_doc\" data-mtli=\"mtli_filesize45,00kB\"><strong>wniosek o dopisanie kolejnego cyklu w Karcie Kierunku<\/strong><\/a><\/li>\n<li><a href=\"https:\/\/us.edu.pl\/pracownik\/wp-content\/uploads\/sites\/2\/Editor\/sprawy-dydatktyczne\/karta-kierunku\/USOS-_-wniosek_interaktywny-3.docx\" class=\"mtli_attachment mtli_docx\" data-mtli=\"mtli_filesize49,23kB\" class=\"mtli_attachment mtli_docx\" data-mtli=\"mtli_filesize49,23kB\"><strong>wniosek o nadanie\/zmian\u0119 uprawnie\u0144 w systemie USOS<\/strong><\/a><\/li>\n<\/ul>\n<p>Wniosek dla propozycji utworzenia nowego kierunku studi\u00f3w: <a href=\"https:\/\/us.edu.pl\/pracownik\/wp-content\/uploads\/sites\/2\/Editor\/sprawy-dydatktyczne\/karta-kierunku\/wnioski-2223\/Wniosek-inicjujacy-nowy-kierunek.docx\" class=\"mtli_attachment mtli_docx\" data-mtli=\"mtli_filesize25,35kB\" class=\"mtli_attachment mtli_docx\" data-mtli=\"mtli_filesize25,35kB\">wz\u00f3r<\/a>.<\/p>\n<p><a href=\"https:\/\/us.edu.pl\/pracownik\/wp-content\/uploads\/sites\/2\/Editor\/sprawy-dydatktyczne\/karta-kierunku\/Terminarz-prac_PdSK-i-DrK-2024_25-1.pdf\" class=\"mtli_attachment mtli_pdf\" data-mtli=\"mtli_filesize179,04kB\" class=\"mtli_attachment mtli_pdf\" data-mtli=\"mtli_filesize179,04kB\">Terminarz prac Prodziekana ds. studenckich i kszta\u0142cenia oraz Dyrektora kierunku.<\/a><\/p>\n<style type=\"text\/css\">a[data-mtli~=\"mtli_filesize25,01kB\"]:after {content:\" (25,01 kB)\"}a[data-mtli~=\"mtli_filesize24,43kB\"]:after {content:\" (24,43 kB)\"}a[data-mtli~=\"mtli_filesize31,00kB\"]:after {content:\" (31,00 kB)\"}a[data-mtli~=\"mtli_filesize45,00kB\"]:after {content:\" (45,00 kB)\"}a[data-mtli~=\"mtli_filesize49,23kB\"]:after {content:\" (49,23 kB)\"}a[data-mtli~=\"mtli_filesize25,35kB\"]:after {content:\" (25,35 kB)\"}a[data-mtli~=\"mtli_filesize179,04kB\"]:after {content:\" (179,04 kB)\"}<\/style><\/div>\r\n                    <\/div>\r\n                <\/div>\r\n                <div class=\"tiles-section\" style=\"background: \">\r\n                    <div class=\"container\">\r\n                        <h3 class=\"page-title\">Zobacz tak\u017ce:<\/h3>\r\n                        <div class=\"tiles tiles-3\">\r\n                            <a href=\"https:\/\/informator.us.edu.pl\/programmes\/list\/all\/\" class=\"tile tile_ justify-content-center\" style=\"background-color: #002E5A; font-weight: ; color: #ffffff;  \">\r\n                                \r\n                                   \r\n                               \r\n                                <div class=\"tile__name\">Karta kierunku i informator ECTS<\/div>\r\n                            <\/a>\r\n                            <a href=\"https:\/\/usosadm.us.edu.pl\/usosadm\/\" class=\"tile tile_ justify-content-center\" style=\"background-color: #002E5A; font-weight: ; color: #ffffff;  \">\r\n                                \r\n                                   \r\n                               \r\n                                <div class=\"tile__name\">Logowanie do systemu USOS<\/div>\r\n                            <\/a>\r\n                            <a href=\"https:\/\/us.edu.pl\/pracownik\/sprawy-dydaktyczne\/karta-kierunku\/szkolenia-i-dokumenty-wewnetrzne\/\" class=\"tile tile_ justify-content-center\" style=\"background-color: #002E5A; font-weight: ; color: #ffffff;  \">\r\n                                \r\n                                   \r\n                               \r\n                                <div class=\"tile__name\">Instrukcje, szkolenia i dokumenty wewn\u0119trzne<\/div>\r\n                            <\/a><\/div>\r\n                    <\/div>\r\n                <\/div>[\/vc_column][\/vc_row][vc_row][vc_column]\r\n                <div class='sidebar_moduls sidebar_links color-blue' style='background-color: #EBEBEB'>\r\n                    <h3>Akty prawne wewn\u0119trzne U\u015a<\/h3>\r\n                    <ul class='angle-list'>\r\n                    <li><a href=\"https:\/\/aktyprawne.us.edu.pl\/d\/8867\/5\/\">Uchwa\u0142a nr 196\/2026 Senatu U\u015a w sprawie wytycznych dotycz\u0105cych wymaga\u0144 w zakresie tworzenia i zmiany program\u00f3w studi\u00f3w prowadzonych w Uniwersytecie \u015al\u0105skim w Katowicach<\/a><\/li><li><a href=\"https:\/\/aktyprawne.us.edu.pl\/423-lista\/d\/8519\/5\/?reporef=%2F%3FsearchKey%3D125736722\">Zarz\u0105dzenie Nr 185 Rektora Uniwersytetu \u015al\u0105skiego w Katowicach z dnia 16 pa\u017adziernika 2025 r. w sprawie funkcjonowania Karty kierunku oraz elektronicznych sylabus\u00f3w w Uniwersytecie \u015al\u0105skim w Katowicach<\/a><\/li><li><a href=\"https:\/\/aktyprawne.us.edu.pl\/d\/6916\/5\/?tc=17\">Zarz\u0105dzenie nr 183 Rektora Uniwersytetu \u015al\u0105skiego w Katowicach z dnia 29 listopada 2023 r. w sprawie organizacji zaj\u0119\u0107 z wychowania fizycznego.<\/a><\/li><li><a href=\"https:\/\/aktyprawne.us.edu.pl\/d\/6915\/5\/?tc=17\">Zarz\u0105dzenie nr 182 Rektora Uniwersytetu \u015al\u0105skiego w Katowicach z dnia 29 listopada 2023 r. w sprawie szczeg\u00f3\u0142owych zasad prowadzenia lektorat\u00f3w z j\u0119zyk\u00f3w obcych.<\/a><\/li><li><a href=\"https:\/\/aktyprawne.us.edu.pl\/d\/6761\/5\/?tc=17\">Zarz\u0105dzenie nr 165 Rektora Uniwersytetu \u015al\u0105skiego w Katowicach z dnia 24 pa\u017adziernika 2023 r. w sprawie sposobu organizacji zaj\u0119\u0107 realizowanych w ramach modu\u0142\u00f3w obszarowych wspieraj\u0105cych kszta\u0142cenie kierunkowe.<\/a><\/li><li><a href=\"https:\/\/aktyprawne.us.edu.pl\/d\/6763\/5\/?tc=17\">Zarz\u0105dzenie nr 166 Rektora Uniwersytetu \u015al\u0105skiego w Katowicach z dnia 24 pa\u017adziernika 2023 r. w sprawie sposobu organizacji zaj\u0119\u0107 w ramach Otwartych Modu\u0142\u00f3w Uniwersyteckich (OMU) i Og\u00f3lnoakademickiej Oferty Dydaktycznej (OOD).<\/a><\/li><li><a href=\"https:\/\/aktyprawne.us.edu.pl\/423-lista\/d\/6553\/5\/?reporef=%2F%3FsearchKey%3D095409804\">Zarz\u0105dzenie nr 113 Rektora Uniwersytetu \u015al\u0105skiego w Katowicach z dnia 13 lipca 2023 r. w sprawie okre\u015blenia maksymalnej liczby godzin w programach studi\u00f3w<\/a><\/li><li><a href=\"https:\/\/aktyprawne.us.edu.pl\/d\/4955\/5\/?tc=17\">Zarz\u0105dzenie nr 39\/2021 z dnia 24-02-2021 Rektora U\u015a w sprawie tworzenia i likwidacji studi\u00f3w w Uniwersytecie \u015al\u0105skim w Katowicach.<\/a><\/li><li><a href=\"https:\/\/aktyprawne.us.edu.pl\/423-lista\/d\/3222\/5\/?reporef=%2F%3FsearchKey%3D111732340\">Uchwa\u0142a nr 431\/2019 z dnia 24-09-2019 Senatu U\u015a w sprawie przyporz\u0105dkowania prowadzonych w Uniwersytecie \u015al\u0105skim w Katowicach kierunk\u00f3w studi\u00f3w do nowej klasyfikacji dziedzin nauki i dyscyplin naukowych lub dyscyplin artystycznych<\/a><\/li><li><a href=\"https:\/\/aktyprawne.us.edu.pl\/lang\/pl-PL\/d\/5268\/5\/\">Zarz\u0105dzenie nr 127 Rektora Uniwersytetu \u015al\u0105skiego w Katowicach z dnia 8 lipca 2021 r. w sprawie zasad powierzania nauczycielom akademickim zaj\u0119\u0107 dydaktycznych na studiach pierwszego, drugiego stopnia oraz jednolitych studiach magisterskich w Uniwersytecie \u015al\u0105skim w Katowicach<\/a><\/li><li><a href=\"https:\/\/us.edu.pl\/pracownik\/sprawy-dydaktyczne\/pion-ksztalcenia\/niezbednik-prawny\/slowniczek-rodzajow-zajec\/\">S\u0142owniczek rodzaj\u00f3w zaj\u0119\u0107 opracowany przez Zesp\u00f3\u0142 ds. dydaktyki akademickiej<\/a><\/li><li><a href=\"#\">AKTY ARCHIWALNE:<\/a><\/li><li><a href=\"https:\/\/aktyprawne.us.edu.pl\/d\/6396\/5\/?tc=66\">Uchwa\u0142a nr 385\/2023 Senatu U\u015a w sprawie wytycznych dotycz\u0105cych wymaga\u0144 w zakresie tworzenia i zmiany program\u00f3w studi\u00f3w prowadzonych w Uniwersytecie \u015al\u0105skim w Katowicach<\/a><\/li><li><a href=\"https:\/\/aktyprawne.us.edu.pl\/d\/5325\/5\/?tc=17\">Zarz\u0105dzenie nr 155\/2021 z dnia 13-09-2021 Rektora U\u015a w sprawie sposobu organizacji zaj\u0119\u0107 realizowanych na poziomie og\u00f3lnouczelnianym.<\/a><\/li><li><a href=\"https:\/\/aktyprawne.us.edu.pl\/423-lista\/d\/5075\/5\/\">Uchwa\u0142a nr 107\/2021 z dnia 27-04-2021 Senatu U\u015a zmieniaj\u0105ca uchwa\u0142\u0119 w sprawie wytycznych dotycz\u0105cych wymaga\u0144 w zakresie tworzenia i zmiany program\u00f3w studi\u00f3w prowadzonych w Uniwersytecie \u015al\u0105skim w Katowicach.<\/a><\/li><li><a href=\"https:\/\/aktyprawne.us.edu.pl\/d\/5566\/5\/?tc=66\">Uchwa\u0142a nr 490\/2020 z dnia 28-01-2020 Senatu U\u015a w sprawie wytycznych dotycz\u0105cych wymaga\u0144 w zakresie tworzenia i zmiany program\u00f3w studi\u00f3w prowadzonych w Uniwersytecie \u015al\u0105skim w Katowicach z p\u00f3\u017aniejszymi zmianami \u2013 tekst jednolity<\/a><\/li><li><a href=\"https:\/\/aktyprawne.us.edu.pl\/423-lista\/d\/1066\/5\/\">Zarz\u0105dzenie nr 6\/2015 z dnia 19-01-2015 Rektora U\u015a w sprawie wprowadzenia \"Karty kierunku\" oraz elektronicznych sylabus\u00f3w w Uniwersytecie \u015al\u0105skim w Katowicach.<\/a><\/li>\r\n                <\/ul>\r\n            <\/div>\r\n                <div class='sidebar_moduls sidebar_links color-blue' style='background-color: #EBEBEB'>\r\n                    <h3>Akty prawne zewn\u0119trzne<\/h3>\r\n                    <ul class='angle-list'>\r\n                    <li><a href=\"https:\/\/us.edu.pl\/pracownik\/wp-content\/uploads\/sites\/2\/Editor\/sprawy-dydatktyczne\/karta-kierunku\/rozp._MEiN_2020_12_22_w-spr.-danych-przetwarzanych-w-...-POL-on-_-zmieniajace.pdf\" class=\"mtli_attachment mtli_pdf\" data-mtli=\"mtli_filesize222,90kB\">Rozporz\u0105dzenie Ministra Edukacji i Nauki z dnia 22 grudnia 2020 r. zmieniaj\u0105ce rozporz\u0105dzenie w sprawie danych przetwarzanych w Zintegrowanym Systemie Informacji o Szkolnictwie Wy\u017cszym i Nauce POL-on<\/a><\/li><li><a href=\"https:\/\/us.edu.pl\/pracownik\/wp-content\/uploads\/sites\/2\/Editor\/sprawy-dydatktyczne\/karta-kierunku\/rozp._MNiSzW_2019_03_06_w-spr.-danych-przetwarzanych-w-...-POL-on.pdf\" class=\"mtli_attachment mtli_pdf\" data-mtli=\"mtli_filesize214,24kB\">Rozporz\u0105dzenie Ministra Nauki i Szkolnictwa Wy\u017cszego z dnia 6 marca 2019 r. w sprawie danych przetwarzanych w Zintegrowanym Systemie Informacji o Szkolnictwie Wy\u017cszym i Nauce POL-on<\/a><\/li><li><a href=\"https:\/\/us.edu.pl\/pracownik\/wp-content\/uploads\/sites\/2\/Editor\/sprawy-dydatktyczne\/karta-kierunku\/Rozp._MNiSzW_2019_01_22_w-spr.-wsp\u00f3\u0142czynnik\u00f3w-kosztoch\u0142onno\u015bci.pdf\" class=\"mtli_attachment mtli_pdf\" data-mtli=\"mtli_filesize269,80kB\">Rozporz\u0105dzenie Ministra Nauki I Szkolnictwa Wy\u017cszego z dnia 22 stycznia 2019 r. w sprawie wsp\u00f3\u0142czynnik\u00f3w kosztoch\u0142onno\u015bci<\/a><\/li><li><a href=\"https:\/\/us.edu.pl\/pracownik\/wp-content\/uploads\/sites\/2\/Editor\/sprawy-dydatktyczne\/karta-kierunku\/rozp._MNiSzW_2018_09_20_w-spr.-dziedzin-nauki-i-dyscyplin-nauk.-i-artyst..pdf\" class=\"mtli_attachment mtli_pdf\" data-mtli=\"mtli_filesize287,46kB\">Rozporz\u0105dzenie Ministra Nauki I Szkolnictwa Wy\u017cszego z dnia 20 wrze\u015bnia 2018 r. w sprawie dziedzin nauki i dyscyplin naukowych oraz dyscyplin artystycznych<\/a><\/li><li><a href=\"https:\/\/us.edu.pl\/pracownik\/wp-content\/uploads\/sites\/2\/Editor\/sprawy-dydatktyczne\/karta-kierunku\/Rozporzadzenie-w-sprawie-studiow.pdf\" class=\"mtli_attachment mtli_pdf\" data-mtli=\"mtli_filesize1,46MB\">Rozporz\u0105dzenie Ministra Nauki i Szkolnictwa Wy\u017cszego z dnia 27 wrze\u015bnia 2018 r. w sprawie studi\u00f3w<\/a><\/li><li><a href=\"https:\/\/us.edu.pl\/pracownik\/wp-content\/uploads\/sites\/2\/Editor\/sprawy-dydatktyczne\/karta-kierunku\/Rozporz\u0105dzenie-z-dn.-14.11.2018-w-sprawie-PRK.pdf\" class=\"mtli_attachment mtli_pdf\" data-mtli=\"mtli_filesize155,01kB\">Rozporz\u0105dzenie Ministra Nauki i Szkolnictwa Wy\u017cszego z dnia 14 listopada 2018 r. w sprawie charakterystyk drugiego stopnia efekt\u00f3w uczenia si\u0119 dla kwalifikacji na poziomach 6-8 Polskiej Ramy <\/a><\/li><li><a href=\"https:\/\/us.edu.pl\/pracownik\/wp-content\/uploads\/sites\/2\/Editor\/sprawy-dydatktyczne\/karta-kierunku\/rozp._MNiSzW_2019_07_25_w-spr.-standardu-ksztalcenia-nauczyciela.pdf\" class=\"mtli_attachment mtli_pdf\" data-mtli=\"mtli_filesize1,77MB\">ROZPORZ\u0104DZENIE MINISTRA NAUKI I SZKOLNICTWA WY\u017bSZEGO z dnia 25 lipca 2019 r. w sprawie standardu kszta\u0142cenia przygotowuj\u0105cego do wykonywania zawodu nauczyciela<\/a><\/li><li><a href=\"https:\/\/us.edu.pl\/pracownik\/wp-content\/uploads\/sites\/2\/Editor\/sprawy-dydatktyczne\/karta-kierunku\/Rozporzadzenie-w-sprawie-szczegolowych-kwalifikacji-wymaganych-od-nauczycieli.pdf\" class=\"mtli_attachment mtli_pdf\" data-mtli=\"mtli_filesize385,46kB\">Rozporz\u0105dzenie Ministra Edukacji i Nauki z dnia 14 wrze\u015bnia 2023 r. w sprawie szczeg\u00f3\u0142owych kwalifikacji wymaganych od nauczycieli<\/a><\/li>\r\n                <\/ul>\r\n            <\/div>[\/vc_column][\/vc_row]<\/p>\n<style type=\"text\/css\">a[data-mtli~=\"mtli_filesize25,01kB\"]:after {content:\" (25,01 kB)\"}a[data-mtli~=\"mtli_filesize24,43kB\"]:after {content:\" (24,43 kB)\"}a[data-mtli~=\"mtli_filesize31,00kB\"]:after {content:\" (31,00 kB)\"}a[data-mtli~=\"mtli_filesize45,00kB\"]:after {content:\" (45,00 kB)\"}a[data-mtli~=\"mtli_filesize49,23kB\"]:after {content:\" (49,23 kB)\"}a[data-mtli~=\"mtli_filesize25,35kB\"]:after {content:\" (25,35 kB)\"}a[data-mtli~=\"mtli_filesize179,04kB\"]:after {content:\" (179,04 kB)\"}a[data-mtli~=\"mtli_filesize222,90kB\"]:after {content:\" (222,90 kB)\"}a[data-mtli~=\"mtli_filesize214,24kB\"]:after {content:\" (214,24 kB)\"}a[data-mtli~=\"mtli_filesize269,80kB\"]:after {content:\" (269,80 kB)\"}a[data-mtli~=\"mtli_filesize287,46kB\"]:after {content:\" (287,46 kB)\"}a[data-mtli~=\"mtli_filesize1,46MB\"]:after {content:\" (1,46 MB)\"}a[data-mtli~=\"mtli_filesize155,01kB\"]:after {content:\" (155,01 kB)\"}a[data-mtli~=\"mtli_filesize1,77MB\"]:after {content:\" (1,77 MB)\"}a[data-mtli~=\"mtli_filesize385,46kB\"]:after {content:\" (385,46 kB)\"}<\/style>","protected":false},"excerpt":{"rendered":"<p>[vc_row][vc_column][\/vc_column][\/vc_row][vc_row][vc_column][\/vc_column][\/vc_row] [&#8230;]<\/p>\n<p><a class=\"btn btn-secondary understrap-read-more-link\" href=\"https:\/\/us.edu.pl\/pracownik\/sprawy-dydaktyczne\/karta-kierunku\/\">Read More&#8230;<\/a><\/p>\n","protected":false},"author":31,"featured_media":0,"parent":182,"menu_order":316,"comment_status":"closed","ping_status":"closed","template":"page-templates\/inner-page.php","meta":{"_expiration-date-status":"saved","_expiration-date":0,"_expiration-date-type":"","_expiration-date-categories":[],"_expiration-date-options":[]},"acf":[],"_links":{"self":[{"href":"https:\/\/us.edu.pl\/pracownik\/wp-json\/wp\/v2\/pages\/2255"}],"collection":[{"href":"https:\/\/us.edu.pl\/pracownik\/wp-json\/wp\/v2\/pages"}],"about":[{"href":"https:\/\/us.edu.pl\/pracownik\/wp-json\/wp\/v2\/types\/page"}],"author":[{"embeddable":true,"href":"https:\/\/us.edu.pl\/pracownik\/wp-json\/wp\/v2\/users\/31"}],"replies":[{"embeddable":true,"href":"https:\/\/us.edu.pl\/pracownik\/wp-json\/wp\/v2\/comments?post=2255"}],"version-history":[{"count":12,"href":"https:\/\/us.edu.pl\/pracownik\/wp-json\/wp\/v2\/pages\/2255\/revisions"}],"predecessor-version":[{"id":42215,"href":"https:\/\/us.edu.pl\/pracownik\/wp-json\/wp\/v2\/pages\/2255\/revisions\/42215"}],"up":[{"embeddable":true,"href":"https:\/\/us.edu.pl\/pracownik\/wp-json\/wp\/v2\/pages\/182"}],"wp:attachment":[{"href":"https:\/\/us.edu.pl\/pracownik\/wp-json\/wp\/v2\/media?parent=2255"}],"curies":[{"name":"wp","href":"https:\/\/api.w.org\/{rel}","templated":true}]}}