{"id":2268,"date":"2019-10-21T15:12:47","date_gmt":"2019-10-21T13:12:47","guid":{"rendered":"https:\/\/us.edu.pl\/pracownik\/?page_id=2268"},"modified":"2025-06-25T09:28:14","modified_gmt":"2025-06-25T07:28:14","slug":"aktualne-umowy-dlugoterminowe","status":"publish","type":"page","link":"https:\/\/us.edu.pl\/pracownik\/procedury-i-obieg-dokumentow\/logistyka\/aktualne-umowy-dlugoterminowe\/","title":{"rendered":"Aktualne umowy d\u0142ugoterminowe"},"content":{"rendered":"<p>[vc_row][vc_column][\/vc_column][\/vc_row][vc_row][vc_column][\/vc_column][\/vc_row][vc_row][vc_column]\r\n                <div class=\"text-modules\">\r\n                    <div class=\"container\">\r\n                        <h3 class=\"page-title text__title\">Aktualne umowy d\u0142ugoterminowe<\/h3>\r\n                        <div class=\"text-modules__content\"><\/div>\r\n                    <\/div>\r\n                <\/div>[\/vc_column][\/vc_row][vc_row][vc_column]\r\n                <div class=\"tiles-section\" style=\"background: \">\r\n                    <div class=\"container\">\r\n                        <div class=\"tiles tiles-5 color-blue\">\r\n                            <a href=\"\/pracownik\/procedury-i-obieg-dokumentow\/logistyka\/aktualne-umowy-dlugoterminowe\/zestawy-komputerowe\/\" class=\"tile tile_2\">\r\n                                <div class=\"tile__img\">\r\n                                    \r\n                                <\/div>\r\n                                <div class=\"tile__title-small\">zestawy komputerowe<\/div>\r\n                                <div class=\"tile__title-big\"><\/div>\r\n                            <\/a>\r\n                            <a href=\"\/pracownik\/procedury-i-obieg-dokumentow\/logistyka\/aktualne-umowy-dlugoterminowe\/meble\/\" class=\"tile tile_2\">\r\n                                <div class=\"tile__img\">\r\n                                    \r\n                                <\/div>\r\n                                <div class=\"tile__title-small\">meble<\/div>\r\n                                <div class=\"tile__title-big\"><\/div>\r\n                            <\/a>\r\n                            <a href=\"\/pracownik\/procedury-i-obieg-dokumentow\/logistyka\/aktualne-umowy-dlugoterminowe\/dostawa-gazow-technicznych\/\" class=\"tile tile_2\">\r\n                                <div class=\"tile__img\">\r\n                                    \r\n                                <\/div>\r\n                                <div class=\"tile__title-small\">gazy techniczne<\/div>\r\n                                <div class=\"tile__title-big\"><\/div>\r\n                            <\/a>\r\n                            <a href=\"\/pracownik\/procedury-i-obieg-dokumentow\/logistyka\/aktualne-umowy-dlugoterminowe\/dostawa-azotu-cieklego\/\" class=\"tile tile_2\">\r\n                                <div class=\"tile__img\">\r\n                                    \r\n                                <\/div>\r\n                                <div class=\"tile__title-small\">dostawa azotu ciek\u0142ego<\/div>\r\n                                <div class=\"tile__title-big\"><\/div>\r\n                            <\/a>\r\n                            <a href=\"\/pracownik\/procedury-i-obieg-dokumentow\/logistyka\/aktualne-umowy-dlugoterminowe\/notebooki\/\" class=\"tile tile_2\">\r\n                                <div class=\"tile__img\">\r\n                                    \r\n                                <\/div>\r\n                                <div class=\"tile__title-small\">notebooki<\/div>\r\n                                <div class=\"tile__title-big\"><\/div>\r\n                            <\/a>\r\n                            <a href=\"\/pracownik\/procedury-i-obieg-dokumentow\/logistyka\/aktualne-umowy-dlugoterminowe\/szklo-laboratoryjne\/\" class=\"tile tile_2\">\r\n                                <div class=\"tile__img\">\r\n                                    \r\n                                <\/div>\r\n                                <div class=\"tile__title-small\">szk\u0142o laboratoryjne <\/div>\r\n                                <div class=\"tile__title-big\"><\/div>\r\n                            <\/a>\r\n                            <a href=\"\/pracownik\/procedury-i-obieg-dokumentow\/logistyka\/aktualne-umowy-dlugoterminowe\/odczynniki-chemiczne\/\" class=\"tile tile_2\">\r\n                                <div class=\"tile__img\">\r\n                                    \r\n                                <\/div>\r\n                                <div class=\"tile__title-small\">odczynniki chemiczne <\/div>\r\n                                <div class=\"tile__title-big\"><\/div>\r\n                            <\/a>\r\n                            <a href=\"\/pracownik\/procedury-i-obieg-dokumentow\/logistyka\/aktualne-umowy-dlugoterminowe\/obsluga-kart-platniczych\/\" class=\"tile tile_2\">\r\n                                <div class=\"tile__img\">\r\n                                    \r\n                                <\/div>\r\n                                <div class=\"tile__title-small\">obs\u0142uga kart p\u0142atniczych<\/div>\r\n                                <div class=\"tile__title-big\"><\/div>\r\n                            <\/a>\r\n                            <a href=\"\/pracownik\/procedury-i-obieg-dokumentow\/logistyka\/aktualne-umowy-dlugoterminowe\/uslugi-pralnicze\/\" class=\"tile tile_2\">\r\n                                <div class=\"tile__img\">\r\n                                    \r\n                                <\/div>\r\n                                <div class=\"tile__title-small\">us\u0142ugi pralnicze<\/div>\r\n                                <div class=\"tile__title-big\"><\/div>\r\n                            <\/a>\r\n                            <a href=\"\/pracownik\/procedury-i-obieg-dokumentow\/logistyka\/aktualne-umowy-dlugoterminowe\/czyszczenie-i-naprawa-zaluzji\/\" class=\"tile tile_2\">\r\n                                <div class=\"tile__img\">\r\n                                    \r\n                                <\/div>\r\n                                <div class=\"tile__title-small\">czyszczenie i naprawa \u017caluzji<\/div>\r\n                                <div class=\"tile__title-big\"><\/div>\r\n                            <\/a>\r\n                            <a href=\"\/pracownik\/wp-admin\/post.php?post=2350&action=edit\" class=\"tile tile_2\">\r\n                                <div class=\"tile__img\">\r\n                                    \r\n                                <\/div>\r\n                                <div class=\"tile__title-small\">us\u0142ugi rekreacyjne i sportowe <\/div>\r\n                                <div class=\"tile__title-big\"><\/div>\r\n                            <\/a>\r\n                            <a href=\"\/pracownik\/procedury-i-obieg-dokumentow\/logistyka\/aktualne-umowy-dlugoterminowe\/dostawa-materialow-biurowych\/\" class=\"tile tile_2\">\r\n                                <div class=\"tile__img\">\r\n                                    \r\n                                <\/div>\r\n                                <div class=\"tile__title-small\">dostawa materia\u0142\u00f3w biurowych<\/div>\r\n                                <div class=\"tile__title-big\"><\/div>\r\n                            <\/a>\r\n                            <a href=\"\/pracownik\/procedury-i-obieg-dokumentow\/logistyka\/aktualne-umowy-dlugoterminowe\/dostawa-materialow-eksploatacyjnych-do-urzadzen-drukujacych\/\" class=\"tile tile_2\">\r\n                                <div class=\"tile__img\">\r\n                                    \r\n                                <\/div>\r\n                                <div class=\"tile__title-small\">dostawa materia\u0142\u00f3w eksploatacyjnych do urz\u0105dze\u0144 drukuj\u0105cych <\/div>\r\n                                <div class=\"tile__title-big\"><\/div>\r\n                            <\/a>\r\n                            <a href=\"\/pracownik\/procedury-i-obieg-dokumentow\/logistyka\/aktualne-umowy-dlugoterminowe\/dostawa-paliw-plynnych\/\" class=\"tile tile_2\">\r\n                                <div class=\"tile__img\">\r\n                                    \r\n                                <\/div>\r\n                                <div class=\"tile__title-small\">dostawa paliw p\u0142ynnych<\/div>\r\n                                <div class=\"tile__title-big\"><\/div>\r\n                            <\/a>\r\n                            <a href=\"\/pracownik\/procedury-i-obieg-dokumentow\/logistyka\/aktualne-umowy-dlugoterminowe\/uslugi-certyfikujace\/\" class=\"tile tile_2\">\r\n                                <div class=\"tile__img\">\r\n                                    \r\n                                <\/div>\r\n                                <div class=\"tile__title-small\">us\u0142ugi certyfikacyjne<\/div>\r\n                                <div class=\"tile__title-big\"><\/div>\r\n                            <\/a>\r\n                            <a href=\"\/pracownik\/procedury-i-obieg-dokumentow\/logistyka\/aktualne-umowy-dlugoterminowe\/uslugi-transportowe\/\" class=\"tile tile_2\">\r\n                                <div class=\"tile__img\">\r\n                                    \r\n                                <\/div>\r\n                                <div class=\"tile__title-small\">us\u0142ugi transportowe<\/div>\r\n                                <div class=\"tile__title-big\"><\/div>\r\n                            <\/a>\r\n                            <a href=\"https:\/\/us.edu.pl\/pracownik\/procedury-i-obieg-dokumentow\/logistyka\/aktualne-umowy-dlugoterminowe\/dostawa-zaluzji-pionowych-i-poziomych-oraz-rolet-wewnetrznych-i-zewnetrznych\/\" class=\"tile tile_2\">\r\n                                <div class=\"tile__img\">\r\n                                    \r\n                                <\/div>\r\n                                <div class=\"tile__title-small\">dostawa \u017caluzji pionowych i poziomych oraz rolet wewn\u0119trznych i zewn\u0119trznych<\/div>\r\n                                <div class=\"tile__title-big\"><\/div>\r\n                            <\/a>\r\n                            <a href=\"https:\/\/us.edu.pl\/pracownik\/procedury-i-obieg-dokumentow\/logistyka\/aktualne-umowy-dlugoterminowe\/eksploatacja-balonu-2\/\" class=\"tile tile_2\">\r\n                                <div class=\"tile__img\">\r\n                                    \r\n                                <\/div>\r\n                                <div class=\"tile__title-small\">eksploatacja balonu<\/div>\r\n                                <div class=\"tile__title-big\"><\/div>\r\n                            <\/a>\r\n                            <a href=\"https:\/\/us.edu.pl\/pracownik\/procedury-i-obieg-dokumentow\/logistyka\/aktualne-umowy-dlugoterminowe\/dostawa-pieczatek-2\/\" class=\"tile tile_2\">\r\n                                <div class=\"tile__img\">\r\n                                    \r\n                                <\/div>\r\n                                <div class=\"tile__title-small\">dostawa piecz\u0105tek<\/div>\r\n                                <div class=\"tile__title-big\"><\/div>\r\n                            <\/a>\r\n                            <a href=\"https:\/\/us.edu.pl\/pracownik\/procedury-i-obieg-dokumentow\/logistyka\/aktualne-umowy-dlugoterminowe\/dostawa-projektorow-i-ekranow-projekcyjnych\/\" class=\"tile tile_2\">\r\n                                <div class=\"tile__img\">\r\n                                    \r\n                                <\/div>\r\n                                <div class=\"tile__title-small\">dostawa projektor\u00f3w i ekran\u00f3w projekcyjnych<\/div>\r\n                                <div class=\"tile__title-big\"><\/div>\r\n                            <\/a>\r\n                            <a href=\"https:\/\/us.edu.pl\/pracownik\/procedury-i-obieg-dokumentow\/logistyka\/aktualne-umowy-dlugoterminowe\/kalendarze\/\" class=\"tile tile_2\">\r\n                                <div class=\"tile__img\">\r\n                                    \r\n                                <\/div>\r\n                                <div class=\"tile__title-small\">kalendarze<\/div>\r\n                                <div class=\"tile__title-big\"><\/div>\r\n                            <\/a>\r\n                            <a href=\"https:\/\/us.edu.pl\/pracownik\/procedury-i-obieg-dokumentow\/logistyka\/aktualne-umowy-dlugoterminowe\/podpis-simplysign\/\" class=\"tile tile_2\">\r\n                                <div class=\"tile__img\">\r\n                                    \r\n                                <\/div>\r\n                                <div class=\"tile__title-small\">...<\/div>\r\n                                <div class=\"tile__title-big\"><\/div>\r\n                            <\/a>\r\n                            <a href=\"https:\/\/us.edu.pl\/pracownik\/procedury-i-obieg-dokumentow\/logistyka\/aktualne-umowy-dlugoterminowe\/sukcesywna-dostawa-licencji-i-oprogramowania-biurowego\/\" class=\"tile tile_2\">\r\n                                <div class=\"tile__img\">\r\n                                    \r\n                                <\/div>\r\n                                <div class=\"tile__title-small\">Sukcesywna dostawa licencji i oprogramowania biurowego<\/div>\r\n                                <div class=\"tile__title-big\"><\/div>\r\n                            <\/a><\/div>\r\n                    <\/div>\r\n                <\/div>\r\n                [\/vc_column][\/vc_row]<\/p>","protected":false},"excerpt":{"rendered":"<p>[vc_row][vc_column][\/vc_column][\/vc_row][vc_row][vc_column][\/vc_column][\/vc_row][vc_row][vc_column][\/vc_column][\/vc_row][vc_row][vc_column][\/vc_column][\/vc_row] [&#8230;]<\/p>\n<p><a class=\"btn btn-secondary understrap-read-more-link\" href=\"https:\/\/us.edu.pl\/pracownik\/procedury-i-obieg-dokumentow\/logistyka\/aktualne-umowy-dlugoterminowe\/\">Read More&#8230;<\/a><\/p>\n","protected":false},"author":41,"featured_media":0,"parent":2168,"menu_order":315,"comment_status":"closed","ping_status":"closed","template":"page-templates\/inner-page.php","meta":{"_expiration-date-status":"","_expiration-date":0,"_expiration-date-type":"","_expiration-date-categories":[],"_expiration-date-options":[]},"acf":[],"_links":{"self":[{"href":"https:\/\/us.edu.pl\/pracownik\/wp-json\/wp\/v2\/pages\/2268"}],"collection":[{"href":"https:\/\/us.edu.pl\/pracownik\/wp-json\/wp\/v2\/pages"}],"about":[{"href":"https:\/\/us.edu.pl\/pracownik\/wp-json\/wp\/v2\/types\/page"}],"author":[{"embeddable":true,"href":"https:\/\/us.edu.pl\/pracownik\/wp-json\/wp\/v2\/users\/41"}],"replies":[{"embeddable":true,"href":"https:\/\/us.edu.pl\/pracownik\/wp-json\/wp\/v2\/comments?post=2268"}],"version-history":[{"count":11,"href":"https:\/\/us.edu.pl\/pracownik\/wp-json\/wp\/v2\/pages\/2268\/revisions"}],"predecessor-version":[{"id":38057,"href":"https:\/\/us.edu.pl\/pracownik\/wp-json\/wp\/v2\/pages\/2268\/revisions\/38057"}],"up":[{"embeddable":true,"href":"https:\/\/us.edu.pl\/pracownik\/wp-json\/wp\/v2\/pages\/2168"}],"wp:attachment":[{"href":"https:\/\/us.edu.pl\/pracownik\/wp-json\/wp\/v2\/media?parent=2268"}],"curies":[{"name":"wp","href":"https:\/\/api.w.org\/{rel}","templated":true}]}}