{"id":2287,"date":"2019-10-22T10:33:42","date_gmt":"2019-10-22T08:33:42","guid":{"rendered":"https:\/\/us.edu.pl\/pracownik\/?page_id=2287"},"modified":"2025-06-30T14:38:18","modified_gmt":"2025-06-30T12:38:18","slug":"zestawy-komputerowe","status":"publish","type":"page","link":"https:\/\/us.edu.pl\/pracownik\/procedury-i-obieg-dokumentow\/logistyka\/aktualne-umowy-dlugoterminowe\/zestawy-komputerowe\/","title":{"rendered":"Zestawy komputerowe i monitory"},"content":{"rendered":"<p>[vc_row][vc_column][\/vc_column][\/vc_row][vc_row][vc_column]\r\n                <div class=\"text-modules\">\r\n                    <div class=\"container\">\r\n                        <h3 class=\"page-title text__title\">Zestawy komputerowe i monitory<\/h3>\r\n                        <div class=\"text-modules__content\"><\/p>\n<ul>\n<li>Dzia\u0142 Zarz\u0105dzania Dostawami informuje, \u017ce w dniu 11 czerwca 2025 roku zosta\u0142a zawarta umowa nr DZP.382.2.3.2025 cz. A i C (konfiguracja 1 i konfiguracja 3) na dostaw\u0119 zestaw\u00f3w komputerowych wa\u017cna 24 miesi\u0105ce lub do wyczerpania asortymentu, realizowana wg bie\u017c\u0105cych potrzeb Zamawiaj\u0105cego.<\/li>\n<li>Dzia\u0142 Zarz\u0105dzania Dostawami informuje, \u017ce w dniu 12 czerwca 2025 zosta\u0142a zawarta umowa nr DZP.382.2.3.2025 cz. B na dostaw\u0119 zestaw\u00f3w komputerowych (konfiguracja 2) \u2013wa\u017cna 24 miesi\u0105ce lub do wyczerpania asortymentu, realizowana wg bie\u017c\u0105cych potrzeb Zamawiaj\u0105cego.<\/li>\n<li>Dzia\u0142 Zarz\u0105dzania Dostawami informuje, \u017ce w dniu 25 lipca 2023 zosta\u0142a zawarta umowa nr DZP.382.2.3.2025 cz. A, B, C na dostaw\u0119 monitor\u00f3w &#8211; wa\u017cna 24 miesi\u0105ce lub do wyczerpania asortymentu, realizowana wg bie\u017c\u0105cych potrzeb Zamawiaj\u0105cego \u2013 obowi\u0105zuje do 25.07.2025 &#8211; aktualnie dost\u0119pne ju\u017c tylko monitory 24\u201d (cz. A) oraz 34\u201d (cz. C)<\/li>\n<li>Dzia\u0142 Zarz\u0105dzania Dostawami informuje, \u017ce w dniu 25 czerwca 2025 zosta\u0142a zawarta umowa nr DZP.382.2.4.2025 cz. A, B, C, D, E na dostaw\u0119 monitor\u00f3w &#8211; wa\u017cna 24 miesi\u0105ce lub do wyczerpania asortymentu, realizowana wg bie\u017c\u0105cych potrzeb Zamawiaj\u0105cego.<\/li>\n<\/ul>\n<p>\n<\/div>\r\n                    <\/div>\r\n                <\/div>[\/vc_column][\/vc_row]<\/p>","protected":false},"excerpt":{"rendered":"<p>[vc_row][vc_column][\/vc_column][\/vc_row][vc_row][vc_column][\/vc_column][\/vc_row] [&#8230;]<\/p>\n<p><a class=\"btn btn-secondary understrap-read-more-link\" href=\"https:\/\/us.edu.pl\/pracownik\/procedury-i-obieg-dokumentow\/logistyka\/aktualne-umowy-dlugoterminowe\/zestawy-komputerowe\/\">Read More&#8230;<\/a><\/p>\n","protected":false},"author":41,"featured_media":0,"parent":2268,"menu_order":314,"comment_status":"closed","ping_status":"closed","template":"page-templates\/inner-page-with-bookmarks.php","meta":{"_expiration-date-status":"","_expiration-date":0,"_expiration-date-type":"","_expiration-date-categories":[],"_expiration-date-options":[]},"acf":[],"_links":{"self":[{"href":"https:\/\/us.edu.pl\/pracownik\/wp-json\/wp\/v2\/pages\/2287"}],"collection":[{"href":"https:\/\/us.edu.pl\/pracownik\/wp-json\/wp\/v2\/pages"}],"about":[{"href":"https:\/\/us.edu.pl\/pracownik\/wp-json\/wp\/v2\/types\/page"}],"author":[{"embeddable":true,"href":"https:\/\/us.edu.pl\/pracownik\/wp-json\/wp\/v2\/users\/41"}],"replies":[{"embeddable":true,"href":"https:\/\/us.edu.pl\/pracownik\/wp-json\/wp\/v2\/comments?post=2287"}],"version-history":[{"count":11,"href":"https:\/\/us.edu.pl\/pracownik\/wp-json\/wp\/v2\/pages\/2287\/revisions"}],"predecessor-version":[{"id":38465,"href":"https:\/\/us.edu.pl\/pracownik\/wp-json\/wp\/v2\/pages\/2287\/revisions\/38465"}],"up":[{"embeddable":true,"href":"https:\/\/us.edu.pl\/pracownik\/wp-json\/wp\/v2\/pages\/2268"}],"wp:attachment":[{"href":"https:\/\/us.edu.pl\/pracownik\/wp-json\/wp\/v2\/media?parent=2287"}],"curies":[{"name":"wp","href":"https:\/\/api.w.org\/{rel}","templated":true}]}}