{"id":23003,"date":"2023-09-08T10:32:25","date_gmt":"2023-09-08T08:32:25","guid":{"rendered":"https:\/\/us.edu.pl\/pracownik\/?page_id=23003"},"modified":"2023-09-08T10:32:25","modified_gmt":"2023-09-08T08:32:25","slug":"posiedzenie-komisji-22-06-2023-2","status":"publish","type":"page","link":"https:\/\/us.edu.pl\/pracownik\/sprawy-dydaktyczne\/senacka-komisja-ds-ksztalcenia\/senacka-komisja-ds-ksztalcenia-sklad-komisji\/kadencja-2020-2024\/posiedzenie-komisji-22-06-2023-2\/","title":{"rendered":"Posiedzenie komisji &#8211; 22.06.2023"},"content":{"rendered":"<p>[vc_row][vc_column]\r\n                <div class=\"text-modules\">\r\n                    <div class=\"container\">\r\n                        <h3 class=\"page-title text__title\">Posiedzenie Komisji ds. kszta\u0142cenia i student\u00f3w - 11 wrze\u015bnia 2023 r.<\/h3>\r\n                        <div class=\"text-modules__content\"><\/p>\n<p style=\"font-weight: 400;\">Posiedzenie Komisji ds. kszta\u0142cenia i student\u00f3w odb\u0119dzie si\u0119 w poniedzia\u0142ek 11 wrze\u015bnia <strong>2023 r. o godz. 9.30<\/strong> w sali 1.20 w budynku Rektoratu Uniwersytetu \u015al\u0105skiego.<\/p>\n<p>Planowany porz\u0105dek posiedzenia:<\/p>\n<ol>\n<li>Komunikaty Prorektorki ds. kszta\u0142cenia i student\u00f3w.<\/li>\n<li>Kalendarium prac organizacyjnych zwi\u0105zanych z rozpocz\u0119ciem nowego roku akademickiego &#8211; najbli\u017csze zadania (planowanie dydaktyki, IPO, ocena okresowa) oraz wizja tego co przed nami (Kongres Jako\u015bci Kszta\u0142cenia, Miasto Nauki).<\/li>\n<li>Podsumowanie procedur zwi\u0105zanych z\u00a0awansami nauczyli akademickich\u00a0na stanowisko profesora uczelni w grupie pracownik\u00f3w dydaktycznych i badawczo-dydaktycznych.<\/li>\n<li>Kolegium Dydaktyki Og\u00f3lnouczelnianej &#8211; za\u0142o\u017cenia organizacyjne.<\/li>\n<li>Wolne wnioski.<\/li>\n<\/ol>\n<p>\n<\/div>\r\n                    <\/div>\r\n                <\/div>[\/vc_column][\/vc_row]<\/p>","protected":false},"excerpt":{"rendered":"<p>[vc_row][vc_column][\/vc_column][\/vc_row] [&#8230;]<\/p>\n<p><a class=\"btn btn-secondary understrap-read-more-link\" href=\"https:\/\/us.edu.pl\/pracownik\/sprawy-dydaktyczne\/senacka-komisja-ds-ksztalcenia\/senacka-komisja-ds-ksztalcenia-sklad-komisji\/kadencja-2020-2024\/posiedzenie-komisji-22-06-2023-2\/\">Read More&#8230;<\/a><\/p>\n","protected":false},"author":31,"featured_media":0,"parent":5151,"menu_order":-31,"comment_status":"closed","ping_status":"closed","template":"page-templates\/inner-page.php","meta":{"_expiration-date-status":"saved","_expiration-date":0,"_expiration-date-type":"","_expiration-date-categories":[],"_expiration-date-options":[]},"acf":[],"_links":{"self":[{"href":"https:\/\/us.edu.pl\/pracownik\/wp-json\/wp\/v2\/pages\/23003"}],"collection":[{"href":"https:\/\/us.edu.pl\/pracownik\/wp-json\/wp\/v2\/pages"}],"about":[{"href":"https:\/\/us.edu.pl\/pracownik\/wp-json\/wp\/v2\/types\/page"}],"author":[{"embeddable":true,"href":"https:\/\/us.edu.pl\/pracownik\/wp-json\/wp\/v2\/users\/31"}],"replies":[{"embeddable":true,"href":"https:\/\/us.edu.pl\/pracownik\/wp-json\/wp\/v2\/comments?post=23003"}],"version-history":[{"count":1,"href":"https:\/\/us.edu.pl\/pracownik\/wp-json\/wp\/v2\/pages\/23003\/revisions"}],"predecessor-version":[{"id":23004,"href":"https:\/\/us.edu.pl\/pracownik\/wp-json\/wp\/v2\/pages\/23003\/revisions\/23004"}],"up":[{"embeddable":true,"href":"https:\/\/us.edu.pl\/pracownik\/wp-json\/wp\/v2\/pages\/5151"}],"wp:attachment":[{"href":"https:\/\/us.edu.pl\/pracownik\/wp-json\/wp\/v2\/media?parent=23003"}],"curies":[{"name":"wp","href":"https:\/\/api.w.org\/{rel}","templated":true}]}}