{"id":2308,"date":"2019-10-22T11:14:43","date_gmt":"2019-10-22T09:14:43","guid":{"rendered":"https:\/\/us.edu.pl\/pracownik\/?page_id=2308"},"modified":"2025-06-24T15:01:10","modified_gmt":"2025-06-24T13:01:10","slug":"dostawa-azotu-cieklego","status":"publish","type":"page","link":"https:\/\/us.edu.pl\/pracownik\/procedury-i-obieg-dokumentow\/logistyka\/aktualne-umowy-dlugoterminowe\/dostawa-azotu-cieklego\/","title":{"rendered":"Dostawa azotu ciek\u0142ego"},"content":{"rendered":"<p>[vc_row][vc_column][\/vc_column][\/vc_row][vc_row][vc_column]\r\n                <div class=\"text-modules\">\r\n                    <div class=\"container\">\r\n                        <h3 class=\"page-title text__title\">Dostawa azotu ciek\u0142ego<\/h3>\r\n                        <div class=\"text-modules__content\"><p>W dniu <strong>2 czerwca 2025<\/strong>\u00a0roku zosta\u0142a zawarta umowa d\u0142ugoterminowa na dostaw\u0119 azotu ciek\u0142ego oraz najem i serwis zbiornika na azot ciek\u0142y.<\/p>\n<p>&nbsp;<\/p>\n<p><strong>Wykonawca:\u00a0<\/strong><strong>Air Products Sp. z o.o.<\/strong><\/p>\n<p><strong>Numer umowy:\u00a0<\/strong><strong>DZD.382.1.17.2025<\/strong><\/p>\n<p><strong>Termin realizacji:\u00a0<\/strong><strong>od 02.06.2025 do 02.06.2028<\/strong><\/p>\n<p><strong>\u00a0<\/strong><\/p>\n<p>Wykonawca b\u0119dzie realizowa\u0142 przedmiot umowy sukcesywnie, partiami, wed\u0142ug bie\u017c\u0105cych potrzeb Zamawiaj\u0105cego, w okresie od 02.06.2025 do 02.06.2028\u00a0albo do wyczerpania maksymalnej liczby azotu ciek\u0142ego okre\u015blonej w umowie, je\u017celi jej wyczerpanie nast\u0105pi przed 02.06.2028. Wykonawca b\u0119dzie realizowa\u0142 zam\u00f3wienia w terminie 2 dni roboczych, licz\u0105c od daty przekazania zam\u00f3wienia.<\/p>\n<p>&nbsp;<\/p>\n<p><strong>Osoba nadzoruj\u0105ca realizacj\u0119 umowy ze strony Zamawiaj\u0105cego: \u00a0<\/strong><\/p>\n<p><strong>Konrad Cichocki<\/strong>; Dzia\u0142 Zarz\u0105dzania Dostawami U\u015a, ul. Bankowa 14, Katowice; tel. 32\/359 18 11, e-mail:\u00a0<a href=\"mailto:konrad.cichoki@us.edu.pl\">konrad.cichoki@us.edu.pl<\/a><\/p>\n<p><strong>Osoba upowa\u017cnione do sk\u0142adania zam\u00f3wie\u0144: \u00a0<\/strong><\/p>\n<p><strong>Anna \u015awitlicka<\/strong>, tel. 32 3591627, e-mail: <a href=\"mailto:anna.switlicka@us.edu.pl\">anna.switlicka@us.edu.pl<\/a><u><br \/>\n<\/u><strong>Bartosz Kie\u0142bik<\/strong>, tel. 32 3493923 e-mail: <a href=\"mailto:bartosz.kielbik@us.edu.pl\">bartosz.kielbik@us.edu.pl<\/a><br \/>\n<strong>S\u0142awomir Ma\u015blanka<\/strong>, tel.: 32 3591388, \u00a0e-mail: slawomir.maslanka@us.edu.pl<\/p>\n<p><strong>Osoba odpowiedzialna za realizacj\u0119 umowy ze strony Wykonawcy:<\/strong><\/p>\n<p><strong>Ma\u0142gorzata Sikora<\/strong>\u00a0tel. 801\u00a0100 107, 691\u00a0254\u00a0093,<br \/>\ne- mail:\u00a0sikoram@airproducts.com<\/p>\n<p>Zakres przedmiotu umowy obejmuje dostaw\u0119 azotu ciek\u0142ego oraz najem<br \/>\ni serwis zbiornika na azot ciek\u0142y wraz z monta\u017cem zbiornika.<\/p>\n<p>Warunkiem dokonania zakupu azotu ciek\u0142ego jest z\u0142o\u017cenie w systemie SAP Wniosku zgodnie z zawart\u0105 umow\u0105 oraz dostarczenie do Dzia\u0142u Zarz\u0105dzania Dostawami w\/w dokumentu zatwierdzonego przez osoby upowa\u017cnione (np.: Dziekan, Kanclerz, Kierownik projektu oraz Kwestor).<\/p>\n<p>\n<\/div>\r\n                    <\/div>\r\n                <\/div>[\/vc_column][\/vc_row]<\/p>","protected":false},"excerpt":{"rendered":"<p>[vc_row][vc_column][\/vc_column][\/vc_row][vc_row][vc_column][\/vc_column][\/vc_row] [&#8230;]<\/p>\n<p><a class=\"btn btn-secondary understrap-read-more-link\" href=\"https:\/\/us.edu.pl\/pracownik\/procedury-i-obieg-dokumentow\/logistyka\/aktualne-umowy-dlugoterminowe\/dostawa-azotu-cieklego\/\">Read More&#8230;<\/a><\/p>\n","protected":false},"author":41,"featured_media":0,"parent":2268,"menu_order":311,"comment_status":"closed","ping_status":"closed","template":"page-templates\/inner-page.php","meta":{"_expiration-date-status":"","_expiration-date":0,"_expiration-date-type":"","_expiration-date-categories":[],"_expiration-date-options":[]},"acf":[],"_links":{"self":[{"href":"https:\/\/us.edu.pl\/pracownik\/wp-json\/wp\/v2\/pages\/2308"}],"collection":[{"href":"https:\/\/us.edu.pl\/pracownik\/wp-json\/wp\/v2\/pages"}],"about":[{"href":"https:\/\/us.edu.pl\/pracownik\/wp-json\/wp\/v2\/types\/page"}],"author":[{"embeddable":true,"href":"https:\/\/us.edu.pl\/pracownik\/wp-json\/wp\/v2\/users\/41"}],"replies":[{"embeddable":true,"href":"https:\/\/us.edu.pl\/pracownik\/wp-json\/wp\/v2\/comments?post=2308"}],"version-history":[{"count":6,"href":"https:\/\/us.edu.pl\/pracownik\/wp-json\/wp\/v2\/pages\/2308\/revisions"}],"predecessor-version":[{"id":38001,"href":"https:\/\/us.edu.pl\/pracownik\/wp-json\/wp\/v2\/pages\/2308\/revisions\/38001"}],"up":[{"embeddable":true,"href":"https:\/\/us.edu.pl\/pracownik\/wp-json\/wp\/v2\/pages\/2268"}],"wp:attachment":[{"href":"https:\/\/us.edu.pl\/pracownik\/wp-json\/wp\/v2\/media?parent=2308"}],"curies":[{"name":"wp","href":"https:\/\/api.w.org\/{rel}","templated":true}]}}