{"id":2313,"date":"2019-10-22T11:37:50","date_gmt":"2019-10-22T09:37:50","guid":{"rendered":"https:\/\/us.edu.pl\/pracownik\/?page_id=2313"},"modified":"2025-03-04T14:00:10","modified_gmt":"2025-03-04T13:00:10","slug":"notebooki","status":"publish","type":"page","link":"https:\/\/us.edu.pl\/pracownik\/procedury-i-obieg-dokumentow\/logistyka\/aktualne-umowy-dlugoterminowe\/notebooki\/","title":{"rendered":"Notebooki"},"content":{"rendered":"<p>[vc_row][vc_column]\r\n                <div class=\"text-modules\">\r\n                    <div class=\"container\">\r\n                        <h3 class=\"page-title text__title\">Notebooki<\/h3>\r\n                        <div class=\"text-modules__content\"><p><b>Notebooki\u00a0<\/b><\/p>\n<p><strong>Dzia\u0142 Zarz\u0105dzanie Dostawami informuje, \u017ce w dniu 28 luty 2025r zosta\u0142a zawarta umowa nr DZP.382.2.48.2024 cz. A,B i C\u00a0 na sukcesywn\u0105 dostaw\u0119 Notebook\u00f3w wa\u017cna do 25 luty 2027r lub do wyczerpania asortymentu, realizowana wg bie\u017c\u0105cych potrzeb Zamawiaj\u0105cego<\/strong><\/p>\n<p><strong>Istnieje tak\u017ce mo\u017cliwo\u015b\u0107 zamawiania notebook\u00f3w z umowy d\u0142ugoterminowej nr DZP.382.2.10.2023 cz. A\u2013 umowa obowi\u0105zuje do 18.08.2025 lub wyczerpania ilo\u015bci notebook\u00f3w<\/strong><\/p>\n<p><strong>UWAGA:\u00a0notebooki nie zawieraj\u0105 oprogramowania Microsoft Office, w celu zam\u00f3wienia prosimy o z\u0142o\u017cenie osobnego wniosku w systemie SAP w grupie D6033A8T2:<\/strong><\/p>\n<p><strong>Office Std Dev SL Standard nr kat. AAA-03499 \u2013 320 z\u0142 brutto,<br \/>\nOffice Pro+ Dev SL Professional Plus nr kat. AAA-03509 \u2013 420 z\u0142 brutto.<\/strong><\/p>\n<p><strong>Zakupu oprogramowania dokonujemy w ramach umowy nr\u00a0DZP.382.1.94.2024<\/strong>\u00a0zawartej \u00a0<strong>25.11.2024<\/strong>\u00a0na okres 24 miesi\u0119cy<\/p>\n<p>&nbsp;<\/p>\n<p><strong>Procedura realizacji dostawy notebook\u00f3w:<\/strong><\/p>\n<ul>\n<li>z\u0142o\u017cenie zapotrzebowania w systemie SAP<br \/>\n(w przypadku zamawiania r\u00f3\u017cnych modeli notebook\u00f3w nale\u017cy sk\u0142ada\u0107 oddzielne wnioski)<\/li>\n<li>wydrukowanie wniosku i\u00a0 zatwierdzenie przez s\u0142u\u017cby finansowe U.\u015a.<\/li>\n<li>dostarczenie podpisanego wniosku do Dzia\u0142u Zarz\u0105dzania Dostawami<\/li>\n<\/ul>\n<p>\n<\/div>\r\n                    <\/div>\r\n                <\/div>[\/vc_column][\/vc_row][vc_row][vc_column][\/vc_column][\/vc_row]<\/p>","protected":false},"excerpt":{"rendered":"<p>[vc_row][vc_column][\/vc_column][\/vc_row][vc_row][vc_column][\/vc_column][\/vc_row] [&#8230;]<\/p>\n<p><a class=\"btn btn-secondary understrap-read-more-link\" href=\"https:\/\/us.edu.pl\/pracownik\/procedury-i-obieg-dokumentow\/logistyka\/aktualne-umowy-dlugoterminowe\/notebooki\/\">Read More&#8230;<\/a><\/p>\n","protected":false},"author":41,"featured_media":0,"parent":2268,"menu_order":310,"comment_status":"closed","ping_status":"closed","template":"page-templates\/inner-page-with-bookmarks.php","meta":{"_expiration-date-status":"","_expiration-date":0,"_expiration-date-type":"","_expiration-date-categories":[],"_expiration-date-options":[]},"acf":[],"_links":{"self":[{"href":"https:\/\/us.edu.pl\/pracownik\/wp-json\/wp\/v2\/pages\/2313"}],"collection":[{"href":"https:\/\/us.edu.pl\/pracownik\/wp-json\/wp\/v2\/pages"}],"about":[{"href":"https:\/\/us.edu.pl\/pracownik\/wp-json\/wp\/v2\/types\/page"}],"author":[{"embeddable":true,"href":"https:\/\/us.edu.pl\/pracownik\/wp-json\/wp\/v2\/users\/41"}],"replies":[{"embeddable":true,"href":"https:\/\/us.edu.pl\/pracownik\/wp-json\/wp\/v2\/comments?post=2313"}],"version-history":[{"count":10,"href":"https:\/\/us.edu.pl\/pracownik\/wp-json\/wp\/v2\/pages\/2313\/revisions"}],"predecessor-version":[{"id":33261,"href":"https:\/\/us.edu.pl\/pracownik\/wp-json\/wp\/v2\/pages\/2313\/revisions\/33261"}],"up":[{"embeddable":true,"href":"https:\/\/us.edu.pl\/pracownik\/wp-json\/wp\/v2\/pages\/2268"}],"wp:attachment":[{"href":"https:\/\/us.edu.pl\/pracownik\/wp-json\/wp\/v2\/media?parent=2313"}],"curies":[{"name":"wp","href":"https:\/\/api.w.org\/{rel}","templated":true}]}}