{"id":23191,"date":"2023-09-20T09:16:09","date_gmt":"2023-09-20T07:16:09","guid":{"rendered":"https:\/\/us.edu.pl\/pracownik\/?page_id=23191"},"modified":"2024-02-05T12:36:08","modified_gmt":"2024-02-05T11:36:08","slug":"instrukcje-i-materialy-szkoleniowe","status":"publish","type":"page","link":"https:\/\/us.edu.pl\/pracownik\/sprawy-miedzynarodowe\/mobilnosc-miedzynarodowa\/wyjazdy-zagraniczne\/instrukcje-i-materialy-szkoleniowe\/","title":{"rendered":"Instrukcje i materia\u0142y szkoleniowe"},"content":{"rendered":"<p>[vc_row][vc_column][\/vc_column][\/vc_row][vc_row][vc_column]\r\n                <div class=\"text-modules\">\r\n                    <div class=\"container\">\r\n                        <h3 class=\"page-title text__title\">Instrukcje i materia\u0142y szkoleniowe<\/h3>\r\n                        <div class=\"text-modules__content\"><p><a href=\"https:\/\/us.edu.pl\/pracownik\/wp-content\/uploads\/sites\/2\/pracownik\/Sprawy-miedzynarodowe\/WP-wyjazd-Krok-po-kroku_18.09.2023.pdf\" class=\"mtli_attachment mtli_pdf\" data-mtli=\"mtli_filesize1,44MB\" class=\"mtli_attachment mtli_pdf\" data-mtli=\"mtli_filesize1,44MB\">Instrukcja Krok po kroku &#8211; wyjazd w oparciu o wniosek WP<\/a><\/p>\n<p><a href=\"https:\/\/us.edu.pl\/pracownik\/wp-content\/uploads\/sites\/2\/pracownik\/Sprawy-miedzynarodowe\/WS-wyjazd-Krok-po-kroku-18.09.2023.pdf\" class=\"mtli_attachment mtli_pdf\" data-mtli=\"mtli_filesize1,35MB\" class=\"mtli_attachment mtli_pdf\" data-mtli=\"mtli_filesize1,35MB\">Instrukcja Krok po kroku &#8211; wyjazd w oparciu o wniosek WS<\/a><\/p>\n<p><a href=\"https:\/\/us.edu.pl\/pracownik\/wp-content\/uploads\/sites\/2\/pracownik\/Sprawy-miedzynarodowe\/Planowanie-wyjazdow-w-SAP-Materialy-szkoleniowe.docx\" class=\"mtli_attachment mtli_docx\" data-mtli=\"mtli_filesize14,04MB\" class=\"mtli_attachment mtli_docx\" data-mtli=\"mtli_filesize14,04MB\">Planowanie wyjazd\u00f3w w SAP &#8211; Materia\u0142y szkoleniowe<\/a><\/p>\n<p>&nbsp;<\/p>\n<p>Materia\u0142y zaprezentowane na spotkaniu z przedstawicielami wydzia\u0142\u00f3w i innych jednostek:<\/p>\n<p><a href=\"https:\/\/us.edu.pl\/pracownik\/wp-content\/uploads\/sites\/2\/pracownik\/Sprawy-miedzynarodowe\/prezentacja-spotkanie-30.03.2023.pdf\" class=\"mtli_attachment mtli_pdf\" data-mtli=\"mtli_filesize5,92MB\" class=\"mtli_attachment mtli_pdf\" data-mtli=\"mtli_filesize5,92MB\">Materia\u0142y informacyjne ze spotkania<\/a><\/p>\n<style type=\"text\/css\">a[data-mtli~=\"mtli_filesize1,44MB\"]:after {content:\" (1,44 MB)\"}a[data-mtli~=\"mtli_filesize1,35MB\"]:after {content:\" (1,35 MB)\"}a[data-mtli~=\"mtli_filesize14,04MB\"]:after {content:\" (14,04 MB)\"}a[data-mtli~=\"mtli_filesize5,92MB\"]:after {content:\" (5,92 MB)\"}<\/style><\/div>\r\n                    <\/div>\r\n                <\/div>[\/vc_column][\/vc_row][vc_row][vc_column][\/vc_column][\/vc_row]<\/p>\n<style type=\"text\/css\">a[data-mtli~=\"mtli_filesize1,44MB\"]:after {content:\" (1,44 MB)\"}a[data-mtli~=\"mtli_filesize1,35MB\"]:after {content:\" (1,35 MB)\"}a[data-mtli~=\"mtli_filesize14,04MB\"]:after {content:\" (14,04 MB)\"}a[data-mtli~=\"mtli_filesize5,92MB\"]:after {content:\" (5,92 MB)\"}<\/style>","protected":false},"excerpt":{"rendered":"<p>[vc_row][vc_column][\/vc_column][\/vc_row][vc_row][vc_column][\/vc_column][\/vc_row][vc_row][vc_column][\/vc_column][\/vc_row] [&#8230;]<\/p>\n<p><a class=\"btn btn-secondary understrap-read-more-link\" href=\"https:\/\/us.edu.pl\/pracownik\/sprawy-miedzynarodowe\/mobilnosc-miedzynarodowa\/wyjazdy-zagraniczne\/instrukcje-i-materialy-szkoleniowe\/\">Read More&#8230;<\/a><\/p>\n","protected":false},"author":41,"featured_media":0,"parent":9166,"menu_order":35,"comment_status":"closed","ping_status":"closed","template":"page-templates\/inner-page.php","meta":{"_expiration-date-status":"","_expiration-date":0,"_expiration-date-type":"","_expiration-date-categories":[],"_expiration-date-options":[]},"acf":[],"_links":{"self":[{"href":"https:\/\/us.edu.pl\/pracownik\/wp-json\/wp\/v2\/pages\/23191"}],"collection":[{"href":"https:\/\/us.edu.pl\/pracownik\/wp-json\/wp\/v2\/pages"}],"about":[{"href":"https:\/\/us.edu.pl\/pracownik\/wp-json\/wp\/v2\/types\/page"}],"author":[{"embeddable":true,"href":"https:\/\/us.edu.pl\/pracownik\/wp-json\/wp\/v2\/users\/41"}],"replies":[{"embeddable":true,"href":"https:\/\/us.edu.pl\/pracownik\/wp-json\/wp\/v2\/comments?post=23191"}],"version-history":[{"count":3,"href":"https:\/\/us.edu.pl\/pracownik\/wp-json\/wp\/v2\/pages\/23191\/revisions"}],"predecessor-version":[{"id":24205,"href":"https:\/\/us.edu.pl\/pracownik\/wp-json\/wp\/v2\/pages\/23191\/revisions\/24205"}],"up":[{"embeddable":true,"href":"https:\/\/us.edu.pl\/pracownik\/wp-json\/wp\/v2\/pages\/9166"}],"wp:attachment":[{"href":"https:\/\/us.edu.pl\/pracownik\/wp-json\/wp\/v2\/media?parent=23191"}],"curies":[{"name":"wp","href":"https:\/\/api.w.org\/{rel}","templated":true}]}}