{"id":23371,"date":"2023-10-11T18:51:00","date_gmt":"2023-10-11T16:51:00","guid":{"rendered":"https:\/\/us.edu.pl\/pracownik\/?page_id=23371"},"modified":"2023-10-12T11:33:46","modified_gmt":"2023-10-12T09:33:46","slug":"posiedzenie-komisji-22-06-2023-3","status":"publish","type":"page","link":"https:\/\/us.edu.pl\/pracownik\/sprawy-dydaktyczne\/senacka-komisja-ds-ksztalcenia\/senacka-komisja-ds-ksztalcenia-sklad-komisji\/kadencja-2020-2024\/posiedzenie-komisji-22-06-2023-3\/","title":{"rendered":"Posiedzenie komisji &#8211; 12.10.2023"},"content":{"rendered":"<p>[vc_row][vc_column]\r\n                <div class=\"text-modules\">\r\n                    <div class=\"container\">\r\n                        <h3 class=\"page-title text__title\">Posiedzenie Komisji ds. kszta\u0142cenia i student\u00f3w - 12 pa\u017adziernika 2023 r.<\/h3>\r\n                        <div class=\"text-modules__content\"><\/p>\n<p style=\"font-weight: 400;\">Posiedzenie Komisji ds. kszta\u0142cenia i student\u00f3w, kt\u00f3re odb\u0119dzie si\u0119 <strong>w czwartek 12 pa\u017adziernika 2023 r. o godz. 13.00<\/strong>\u00a0w Rektoracie Uniwersytetu \u015al\u0105skiego w Katowicach w sali 1.20.<\/p>\n<p style=\"font-weight: 400;\">\u00a0<u>Planowany porz\u0105dek posiedzenia:<\/u><\/p>\n<ol style=\"font-weight: 400;\">\n<li>Komunikaty Prorektorki ds. kszta\u0142cenia i student\u00f3w.<\/li>\n<li>Sprawy organizacyjne zwi\u0105zane z uruchamianiem Kolegium Dydaktyki Og\u00f3lnouniwersyteckiej:\n<ol style=\"font-weight: 400; list-style-type: lower-alpha;\">\n<li><a href=\"https:\/\/us.edu.pl\/pracownik\/wp-content\/uploads\/sites\/2\/Editor\/sprawy-dydatktyczne\/Komisja-ksztalcenia\/Kadencja-2020-2024\/20232024\/12-pazdziernik\/2023.10.04-Regulamin-KDO-nowy-zalacznik-do-Regulaminu-organizacyjnego.docx\" class=\"mtli_attachment mtli_docx\" data-mtli=\"mtli_filesize23,57kB\" class=\"mtli_attachment mtli_docx\" data-mtli=\"mtli_filesize23,57kB\">Regulamin Kolegium<\/a><\/li>\n<li><a href=\"https:\/\/us.edu.pl\/pracownik\/wp-content\/uploads\/sites\/2\/Editor\/sprawy-dydatktyczne\/Komisja-ksztalcenia\/Kadencja-2020-2024\/20232024\/12-pazdziernik\/2023.10.04_Zarzadzenie_moduly_obszarowe.docx\" class=\"mtli_attachment mtli_docx\" data-mtli=\"mtli_filesize40,94kB\" class=\"mtli_attachment mtli_docx\" data-mtli=\"mtli_filesize40,94kB\">Zarz\u0105dzenie w sprawie sposobu organizacji zaj\u0119\u0107 realizowanych w ramach modu\u0142\u00f3w obszarowych wspieraj\u0105cych kszta\u0142cenie kierunkow<\/a><\/li>\n<li><a href=\"https:\/\/us.edu.pl\/pracownik\/wp-content\/uploads\/sites\/2\/Editor\/sprawy-dydatktyczne\/Komisja-ksztalcenia\/Kadencja-2020-2024\/20232024\/12-pazdziernik\/2023.10.04_Zarzadzenie_OMU.docx\" class=\"mtli_attachment mtli_docx\" data-mtli=\"mtli_filesize40,22kB\" class=\"mtli_attachment mtli_docx\" data-mtli=\"mtli_filesize40,22kB\">Zarz\u0105dzenie w sprawie sposobu organizacji zaj\u0119\u0107 w ramach Otwartych Modu\u0142\u00f3w Uniwersyteckich (OMU) i Og\u00f3lnoakademickiej Oferty Dydaktycznej (OOD)<\/a><\/li>\n<\/ol>\n<\/li>\n<li>Wdra\u017canie nowej koncepcji kszta\u0142cenia j\u0119zykowego, w szczeg\u00f3lno\u015bci om\u00f3wienie diagnozy poziomu kompetencji j\u0119zykowych os\u00f3b rozpoczynaj\u0105cych studia.<\/li>\n<li>Vademecum studenckie \u2013 kolejne kroki adaptacji student\u00f3w\u00a0pierwszego roku.<\/li>\n<li><a href=\"https:\/\/us.edu.pl\/pracownik\/wp-content\/uploads\/sites\/2\/Editor\/sprawy-dydatktyczne\/Komisja-ksztalcenia\/Kadencja-2020-2024\/20232024\/12-pazdziernik\/2023.10.10-Zarzadzenie_WF.docx\" class=\"mtli_attachment mtli_docx\" data-mtli=\"mtli_filesize27,76kB\" class=\"mtli_attachment mtli_docx\" data-mtli=\"mtli_filesize27,76kB\">Organizacja zaj\u0119\u0107 z wychowania fizycznego.<\/a><\/li>\n<li>Komunikaty Pe\u0142nomocniczki Rektora ds. Jako\u015bci Kszta\u0142cenia i Akredytacji dr hab. Jolanty Skutnik, prof. U\u015a.<\/li>\n<li>Wolne wnioski &#8211; <a href=\"https:\/\/us.edu.pl\/pracownik\/wp-content\/uploads\/sites\/2\/Editor\/sprawy-dydatktyczne\/Komisja-ksztalcenia\/Kadencja-2020-2024\/20232024\/12-pazdziernik\/program-OZE.zip\">Opiniowanie programu studi\u00f3w podyplomowych <em>Studia podyplomowe Odnawialne \u0179r\u00f3d\u0142a Energii<\/em><\/a><\/li>\n<\/ol>\n<ol>\n<li style=\"list-style-type: none;\"><\/li>\n<\/ol>\n<p>\n<style type=\"text\/css\">a[data-mtli~=\"mtli_filesize23,57kB\"]:after {content:\" (23,57 kB)\"}a[data-mtli~=\"mtli_filesize40,94kB\"]:after {content:\" (40,94 kB)\"}a[data-mtli~=\"mtli_filesize40,22kB\"]:after {content:\" (40,22 kB)\"}a[data-mtli~=\"mtli_filesize27,76kB\"]:after {content:\" (27,76 kB)\"}<\/style><\/div>\r\n                    <\/div>\r\n                <\/div>[\/vc_column][\/vc_row]<\/p>\n<style type=\"text\/css\">a[data-mtli~=\"mtli_filesize23,57kB\"]:after {content:\" (23,57 kB)\"}a[data-mtli~=\"mtli_filesize40,94kB\"]:after {content:\" (40,94 kB)\"}a[data-mtli~=\"mtli_filesize40,22kB\"]:after {content:\" (40,22 kB)\"}a[data-mtli~=\"mtli_filesize27,76kB\"]:after {content:\" (27,76 kB)\"}<\/style>","protected":false},"excerpt":{"rendered":"<p>[vc_row][vc_column][\/vc_column][\/vc_row] [&#8230;]<\/p>\n<p><a class=\"btn btn-secondary understrap-read-more-link\" href=\"https:\/\/us.edu.pl\/pracownik\/sprawy-dydaktyczne\/senacka-komisja-ds-ksztalcenia\/senacka-komisja-ds-ksztalcenia-sklad-komisji\/kadencja-2020-2024\/posiedzenie-komisji-22-06-2023-3\/\">Read More&#8230;<\/a><\/p>\n","protected":false},"author":31,"featured_media":0,"parent":5151,"menu_order":-32,"comment_status":"closed","ping_status":"closed","template":"page-templates\/inner-page.php","meta":{"_expiration-date-status":"saved","_expiration-date":0,"_expiration-date-type":"","_expiration-date-categories":[],"_expiration-date-options":[]},"acf":[],"_links":{"self":[{"href":"https:\/\/us.edu.pl\/pracownik\/wp-json\/wp\/v2\/pages\/23371"}],"collection":[{"href":"https:\/\/us.edu.pl\/pracownik\/wp-json\/wp\/v2\/pages"}],"about":[{"href":"https:\/\/us.edu.pl\/pracownik\/wp-json\/wp\/v2\/types\/page"}],"author":[{"embeddable":true,"href":"https:\/\/us.edu.pl\/pracownik\/wp-json\/wp\/v2\/users\/31"}],"replies":[{"embeddable":true,"href":"https:\/\/us.edu.pl\/pracownik\/wp-json\/wp\/v2\/comments?post=23371"}],"version-history":[{"count":4,"href":"https:\/\/us.edu.pl\/pracownik\/wp-json\/wp\/v2\/pages\/23371\/revisions"}],"predecessor-version":[{"id":23386,"href":"https:\/\/us.edu.pl\/pracownik\/wp-json\/wp\/v2\/pages\/23371\/revisions\/23386"}],"up":[{"embeddable":true,"href":"https:\/\/us.edu.pl\/pracownik\/wp-json\/wp\/v2\/pages\/5151"}],"wp:attachment":[{"href":"https:\/\/us.edu.pl\/pracownik\/wp-json\/wp\/v2\/media?parent=23371"}],"curies":[{"name":"wp","href":"https:\/\/api.w.org\/{rel}","templated":true}]}}