{"id":23390,"date":"2023-10-12T16:22:59","date_gmt":"2023-10-12T14:22:59","guid":{"rendered":"https:\/\/us.edu.pl\/pracownik\/?page_id=23390"},"modified":"2025-01-08T14:48:32","modified_gmt":"2025-01-08T13:48:32","slug":"akredytacje-w-roku-akademickim-2023-2024","status":"publish","type":"page","link":"https:\/\/us.edu.pl\/pracownik\/sprawy-dydaktyczne\/pion-ksztalcenia\/akredytacja\/akredytacje-w-roku-akademickim-2023-2024\/","title":{"rendered":"Akredytacje w roku akademickim 2023\/2024"},"content":{"rendered":"<p>[vc_row][vc_column][\/vc_column][\/vc_row][vc_row][vc_column]\r\n                <div class=\"text-modules\">\r\n                    <div class=\"container\">\r\n                        <h3 class=\"page-title text__title\">Akredytacje w roku akademickim 2023\/2024<\/h3>\r\n                        <div class=\"text-modules__content\"><\/p>\n<p class=\"western\">Kierunki wyznaczone do akredytacji programowej w roku akademickim 2023\/2024:<\/p>\n<table style=\"height: 27px; width: 100%; border-collapse: collapse; border-style: solid;\" border=\"1\">\n<tbody>\n<tr style=\"height: 17px;\">\n<td style=\"width: 5.93588%; height: 17px;\"><strong>Lp.<\/strong><\/td>\n<td style=\"width: 44.7708%; height: 17px;\"><strong>Kierunek<\/strong><\/td>\n<td style=\"width: 24.2933%; height: 17px;\"><strong>Stan<\/strong><\/td>\n<td style=\"width: 25%; height: 17px;\"><strong>Raport Samooceny<\/strong><\/td>\n<\/tr>\n<tr style=\"height: 35px;\">\n<td style=\"width: 5.93588%; height: 10px;\">1.<\/td>\n<td style=\"width: 44.7708%; height: 10px;\">filozofia<\/td>\n<td style=\"width: 24.2933%; height: 10px;\" width=\"390\">akredytacja przyznana na 6 lat (uchwa\u0142a Prezydium PKA nr 481\/2024 z dn. 11.07.2024) &#8211; nast\u0119pna akredytacja powinna nast\u0105pi\u0107 w roku akademickim 2029\/2030<\/td>\n<td style=\"width: 25%; height: 10px;\"><a href=\"https:\/\/us.edu.pl\/pracownik\/wp-content\/uploads\/sites\/2\/Editor\/sprawy-dydatktyczne\/jakosc-ksztalcenia\/Raporty-PKA\/RS_filozofia_WH_US.pdf\" class=\"mtli_attachment mtli_pdf\" data-mtli=\"mtli_filesize14,63MB\" class=\"mtli_attachment mtli_pdf\" data-mtli=\"mtli_filesize14,63MB\" target=\"_blank\" rel=\"noopener\">pobierz<\/a><\/td>\n<\/tr>\n<\/tbody>\n<\/table>\n<p>\n<style type=\"text\/css\">a[data-mtli~=\"mtli_filesize14,63MB\"]:after {content:\" (14,63 MB)\"}<\/style><\/div>\r\n                    <\/div>\r\n                <\/div>[\/vc_column][\/vc_row]<\/p>\n<style type=\"text\/css\">a[data-mtli~=\"mtli_filesize14,63MB\"]:after {content:\" (14,63 MB)\"}<\/style>","protected":false},"excerpt":{"rendered":"<p>[vc_row][vc_column][\/vc_column][\/vc_row][vc_row][vc_column][\/vc_column][\/vc_row] [&#8230;]<\/p>\n<p><a class=\"btn btn-secondary understrap-read-more-link\" href=\"https:\/\/us.edu.pl\/pracownik\/sprawy-dydaktyczne\/pion-ksztalcenia\/akredytacja\/akredytacje-w-roku-akademickim-2023-2024\/\">Read More&#8230;<\/a><\/p>\n","protected":false},"author":33,"featured_media":0,"parent":724,"menu_order":450,"comment_status":"closed","ping_status":"closed","template":"page-templates\/inner-page.php","meta":{"_expiration-date-status":"","_expiration-date":0,"_expiration-date-type":"","_expiration-date-categories":[],"_expiration-date-options":[]},"acf":[],"_links":{"self":[{"href":"https:\/\/us.edu.pl\/pracownik\/wp-json\/wp\/v2\/pages\/23390"}],"collection":[{"href":"https:\/\/us.edu.pl\/pracownik\/wp-json\/wp\/v2\/pages"}],"about":[{"href":"https:\/\/us.edu.pl\/pracownik\/wp-json\/wp\/v2\/types\/page"}],"author":[{"embeddable":true,"href":"https:\/\/us.edu.pl\/pracownik\/wp-json\/wp\/v2\/users\/33"}],"replies":[{"embeddable":true,"href":"https:\/\/us.edu.pl\/pracownik\/wp-json\/wp\/v2\/comments?post=23390"}],"version-history":[{"count":10,"href":"https:\/\/us.edu.pl\/pracownik\/wp-json\/wp\/v2\/pages\/23390\/revisions"}],"predecessor-version":[{"id":31054,"href":"https:\/\/us.edu.pl\/pracownik\/wp-json\/wp\/v2\/pages\/23390\/revisions\/31054"}],"up":[{"embeddable":true,"href":"https:\/\/us.edu.pl\/pracownik\/wp-json\/wp\/v2\/pages\/724"}],"wp:attachment":[{"href":"https:\/\/us.edu.pl\/pracownik\/wp-json\/wp\/v2\/media?parent=23390"}],"curies":[{"name":"wp","href":"https:\/\/api.w.org\/{rel}","templated":true}]}}