{"id":2341,"date":"2019-10-22T12:30:10","date_gmt":"2019-10-22T10:30:10","guid":{"rendered":"https:\/\/us.edu.pl\/pracownik\/?page_id=2341"},"modified":"2025-02-13T10:22:05","modified_gmt":"2025-02-13T09:22:05","slug":"obsluga-kart-platniczych","status":"publish","type":"page","link":"https:\/\/us.edu.pl\/pracownik\/procedury-i-obieg-dokumentow\/logistyka\/aktualne-umowy-dlugoterminowe\/obsluga-kart-platniczych\/","title":{"rendered":"Obs\u0142uga kart p\u0142atniczych"},"content":{"rendered":"<p>[vc_row][vc_column][\/vc_column][\/vc_row][vc_row][vc_column]\r\n                <div class=\"text-modules\">\r\n                    <div class=\"container\">\r\n                        <h3 class=\"page-title text__title\">Obs\u0142uga kart p\u0142atniczych<\/h3>\r\n                        <div class=\"text-modules__content\"><p><strong>Obs\u0142uga i rozliczanie transakcji op\u0142acanych kartami p\u0142atniczymi system\u00f3w: VISA, VISA ELECTRON, MASTERCARD, MASTERCARD ELEKTRONIC i MAESTRO<\/strong><\/p>\n<p>W dniu\u00a0<strong>12.11.2024\u00a0<\/strong>r. zosta\u0142a zawarta w oparciu o przepisy ustawy z dnia 11 wrze\u015bnia 2019 r. Prawo zam\u00f3wie\u0144 publicznych w trybie podstawowym bez negocjacji, umowa na obs\u0142ug\u0119 i rozliczanie transakcji op\u0142acanych kartami p\u0142atniczymi.<\/p>\n<p><strong>Wykonawca : Bank Polska Kasa Opieki &#8211; Sp\u00f3\u0142k\u0105 Akcyjn\u0105 (Bank Pekao S.A.) z siedzib\u0105 w Warszawie; adres: ul. \u017bubra 1, 01-066 Warszawa,<\/strong><\/p>\n<p><strong>Numer umowy: DZP.382.4.15.2024<\/strong><\/p>\n<p><strong>Termin realizacji: od 18.11.2024 r. przez okres 48 miesi\u0119cy<\/strong><\/p>\n<p>Miesi\u0119czny czynsz za dzier\u017caw\u0119 1 terminala wynosi:\u00a0<strong>36,90 PLN brutto<\/strong>.<\/p>\n<p>Wysoko\u015b\u0107 stawki prowizji od transakcji op\u0142acanych kartami p\u0142atniczymi wynosi:\u00a0<strong>0,42%<\/strong>\u00a0liczone od warto\u015bci obrotu kartami.<\/p>\n<\/div>\r\n                    <\/div>\r\n                <\/div>[\/vc_column][\/vc_row][vc_row][vc_column]<div class=\"container\"><div class=\"separator\" style=\"background-color: #EBEBEB\"><\/div><\/div>[\/vc_column][\/vc_row][vc_row][vc_column]\r\n                <div class=\"text-modules\">\r\n                    <div class=\"container\">\r\n                        \r\n                        <div class=\"text-modules__content\"><\/p>\n<p style=\"font-weight: 400;\">Wykonawca comiesi\u0119cznie wystawia, ka\u017cdej jednostce Uczelni obj\u0119tej umow\u0105, faktur\u0119 za dzier\u017caw\u0119 terminala oraz zestawienie obrot\u00f3w dokonanych kartami p\u0142atniczymi za dany miesi\u0105c rozliczeniowy. Opisana faktura wraz z zestawieniem obrot\u00f3w winna trafi\u0107 do Dzia\u0142u Logistyki, Sekcji Us\u0142ug, pok.303\/304 celem rozliczenia. Na odwrocie faktury\u00a0za dzier\u017caw\u0119 terminala, jak r\u00f3wnie\u017c na zestawieniu obrot\u00f3w dokonanych kartami p\u0142atniczymi, nale\u017cy wpisa\u0107 dat\u0119 wp\u0142ywu do Uczelni, gdy\u017c od dat wskazanych na tych dokumentach, liczony jest termin p\u0142atno\u015bci faktury.<\/p>\n<p style=\"font-weight: 400;\">Osoby wskazane przez poszczeg\u00f3lne jednostki Uczelni do kontakt\u00f3w z Wykonawc\u0105 upowa\u017cnione s\u0105 do dokonywania zg\u0142osze\u0144 serwisowych Wykonawcy w zakresie obj\u0119tym umow\u0105.<\/p>\n<p><span style=\"font-weight: 400;\">Czas usuni\u0119cia problemu\/awarii wynosi 24 godziny od momentu otrzymania zg\u0142oszenia. Dane kontaktowe serwisu:<\/span><\/p>\n<ul style=\"font-weight: 400;\">\n<li>ca\u0142odobowa infolinia techniczna tel. 801 365 999 lub (42) 683 83 65 wew. 1<\/li>\n<li>strona internetowa:\u00a0<a href=\"http:\/\/www.pekao.com.pl\/terminal-pos\">www.pekao.com.pl\/terminal-pos<\/a>, zak\u0142adka STREFA KLIENTA, sekcja AWARIA TERMINALA<\/li>\n<li>osoby do kontaktu w sprawach zg\u0142osze\u0144 p.: Jacek Chrzanowski &#8211; tel.: 516-775-127, e-mail: jacek.chrzanowski@pekao.com.pl lub p.: Aleksandra Strawa &#8211; tel.: 518-470-026, e-mail: aleksandra.strawa@pekao.com.pl<\/li>\n<\/ul>\n<p>\n<\/div>\r\n                    <\/div>\r\n                <\/div>[\/vc_column][\/vc_row]<\/p>","protected":false},"excerpt":{"rendered":"<p>[vc_row][vc_column][\/vc_column][\/vc_row][vc_row][vc_column][\/vc_column][\/vc_row][vc_row][vc_column][\/vc_column][\/vc_row][vc_row][vc_column][\/vc_column][\/vc_row] [&#8230;]<\/p>\n<p><a class=\"btn btn-secondary understrap-read-more-link\" href=\"https:\/\/us.edu.pl\/pracownik\/procedury-i-obieg-dokumentow\/logistyka\/aktualne-umowy-dlugoterminowe\/obsluga-kart-platniczych\/\">Read More&#8230;<\/a><\/p>\n","protected":false},"author":41,"featured_media":0,"parent":2268,"menu_order":307,"comment_status":"closed","ping_status":"closed","template":"page-templates\/inner-page-with-bookmarks.php","meta":{"_expiration-date-status":"","_expiration-date":0,"_expiration-date-type":"","_expiration-date-categories":[],"_expiration-date-options":[]},"acf":[],"_links":{"self":[{"href":"https:\/\/us.edu.pl\/pracownik\/wp-json\/wp\/v2\/pages\/2341"}],"collection":[{"href":"https:\/\/us.edu.pl\/pracownik\/wp-json\/wp\/v2\/pages"}],"about":[{"href":"https:\/\/us.edu.pl\/pracownik\/wp-json\/wp\/v2\/types\/page"}],"author":[{"embeddable":true,"href":"https:\/\/us.edu.pl\/pracownik\/wp-json\/wp\/v2\/users\/41"}],"replies":[{"embeddable":true,"href":"https:\/\/us.edu.pl\/pracownik\/wp-json\/wp\/v2\/comments?post=2341"}],"version-history":[{"count":10,"href":"https:\/\/us.edu.pl\/pracownik\/wp-json\/wp\/v2\/pages\/2341\/revisions"}],"predecessor-version":[{"id":32171,"href":"https:\/\/us.edu.pl\/pracownik\/wp-json\/wp\/v2\/pages\/2341\/revisions\/32171"}],"up":[{"embeddable":true,"href":"https:\/\/us.edu.pl\/pracownik\/wp-json\/wp\/v2\/pages\/2268"}],"wp:attachment":[{"href":"https:\/\/us.edu.pl\/pracownik\/wp-json\/wp\/v2\/media?parent=2341"}],"curies":[{"name":"wp","href":"https:\/\/api.w.org\/{rel}","templated":true}]}}