{"id":2344,"date":"2019-10-22T12:35:53","date_gmt":"2019-10-22T10:35:53","guid":{"rendered":"https:\/\/us.edu.pl\/pracownik\/?page_id=2344"},"modified":"2025-02-14T12:29:41","modified_gmt":"2025-02-14T11:29:41","slug":"uslugi-pralnicze","status":"publish","type":"page","link":"https:\/\/us.edu.pl\/pracownik\/procedury-i-obieg-dokumentow\/logistyka\/aktualne-umowy-dlugoterminowe\/uslugi-pralnicze\/","title":{"rendered":"Us\u0142ugi pralnicze"},"content":{"rendered":"<p>[vc_row][vc_column][\/vc_column][\/vc_row][vc_row][vc_column]\r\n                <div class=\"text-modules\">\r\n                    <div class=\"container\">\r\n                        <h3 class=\"page-title text__title\">Us\u0142ugi pralnicze<\/h3>\r\n                        <div class=\"text-modules__content\"><p>Na okres\u00a0<em><strong>od 25.01.2025 r. do 25.01.2027 r.\u00a0<\/strong><\/em>zosta\u0142a zawarta umowa na us\u0142ugi pralnicze<\/p>\n<p>Nr Umowy:\u00a0<strong>DZP.382.4.23.2024 cz. A, cz. B<\/strong><\/p>\n<p>Przedmiot Umowy b\u0119dzie realizowany na podstawie zlece\u0144 dokonywanych poczt\u0105 elektroniczn\u0105 (e-mail) przez bezpo\u015brednio zainteresowan\u0105 jednostk\u0119 (osoby upowa\u017cnione). Ka\u017cdorazowy odbi\u00f3r asortymentu odbywa\u0107 si\u0119 b\u0119dzie na podstawie zlecenia\/potwierdzenia odbioru, stanowi\u0105cego za\u0142\u0105cznik nr 1 do Umowy.<\/p>\n<h2><strong><span style=\"font-size: 12pt;\">Termin reakcji na bie\u017c\u0105ce potrzeby wynosi do 2 dni roboczych. Przez \u201etermin reakcji na bie\u017c\u0105ce potrzeby&#8221; nale\u017cy rozumie\u0107 czas liczony od zg\u0142oszenia poczt\u0105 elektroniczn\u0105 (e-mail) do momentu przyjazdu Wykonawcy we wskazane miejsce po asortyment przeznaczony do prania.<\/span><\/strong><\/h2>\n<p>Faktur\u0119 oraz protok\u00f3\u0142 odbioru podpisany przez Wykonawc\u0119 oraz Zamawiaj\u0105cego nale\u017cy dostarczy\u0107 do realizatora celem rozliczenia p\u0142atno\u015bci.<\/p>\n<\/div>\r\n                    <\/div>\r\n                <\/div>[\/vc_column][\/vc_row]<\/p>","protected":false},"excerpt":{"rendered":"<p>[vc_row][vc_column][\/vc_column][\/vc_row][vc_row][vc_column][\/vc_column][\/vc_row] [&#8230;]<\/p>\n<p><a class=\"btn btn-secondary understrap-read-more-link\" href=\"https:\/\/us.edu.pl\/pracownik\/procedury-i-obieg-dokumentow\/logistyka\/aktualne-umowy-dlugoterminowe\/uslugi-pralnicze\/\">Read More&#8230;<\/a><\/p>\n","protected":false},"author":41,"featured_media":0,"parent":2268,"menu_order":306,"comment_status":"closed","ping_status":"closed","template":"page-templates\/inner-page-with-bookmarks.php","meta":{"_expiration-date-status":"","_expiration-date":0,"_expiration-date-type":"","_expiration-date-categories":[],"_expiration-date-options":[]},"acf":[],"_links":{"self":[{"href":"https:\/\/us.edu.pl\/pracownik\/wp-json\/wp\/v2\/pages\/2344"}],"collection":[{"href":"https:\/\/us.edu.pl\/pracownik\/wp-json\/wp\/v2\/pages"}],"about":[{"href":"https:\/\/us.edu.pl\/pracownik\/wp-json\/wp\/v2\/types\/page"}],"author":[{"embeddable":true,"href":"https:\/\/us.edu.pl\/pracownik\/wp-json\/wp\/v2\/users\/41"}],"replies":[{"embeddable":true,"href":"https:\/\/us.edu.pl\/pracownik\/wp-json\/wp\/v2\/comments?post=2344"}],"version-history":[{"count":10,"href":"https:\/\/us.edu.pl\/pracownik\/wp-json\/wp\/v2\/pages\/2344\/revisions"}],"predecessor-version":[{"id":32230,"href":"https:\/\/us.edu.pl\/pracownik\/wp-json\/wp\/v2\/pages\/2344\/revisions\/32230"}],"up":[{"embeddable":true,"href":"https:\/\/us.edu.pl\/pracownik\/wp-json\/wp\/v2\/pages\/2268"}],"wp:attachment":[{"href":"https:\/\/us.edu.pl\/pracownik\/wp-json\/wp\/v2\/media?parent=2344"}],"curies":[{"name":"wp","href":"https:\/\/api.w.org\/{rel}","templated":true}]}}