{"id":2356,"date":"2019-10-22T12:56:10","date_gmt":"2019-10-22T10:56:10","guid":{"rendered":"https:\/\/us.edu.pl\/pracownik\/?page_id=2356"},"modified":"2025-06-26T14:23:21","modified_gmt":"2025-06-26T12:23:21","slug":"dostawa-materialow-biurowych","status":"publish","type":"page","link":"https:\/\/us.edu.pl\/pracownik\/procedury-i-obieg-dokumentow\/logistyka\/aktualne-umowy-dlugoterminowe\/dostawa-materialow-biurowych\/","title":{"rendered":"Dostawa materia\u0142\u00f3w biurowych"},"content":{"rendered":"<p>[vc_row][vc_column][\/vc_column][\/vc_row][vc_row][vc_column]\r\n                <div class=\"text-modules\">\r\n                    <div class=\"container\">\r\n                        <h3 class=\"page-title text__title\">Dostawa materia\u0142\u00f3w biurowych<\/h3>\r\n                        <div class=\"text-modules__content\"><p><strong>Dostawa papieru \u2013 podpisana w dniu 03.06.2025 DZP.382.1.14.2025<\/strong><\/p>\n<p>&nbsp;<\/p>\n<p>&nbsp;<\/p>\n<p>Szanowni Pa\u0144stwo,<\/p>\n<p>uprzejmie informujemy, i\u017c w dniu\u00a0<strong>03<\/strong>\u00a0<strong>czerwca 2025<\/strong>\u00a0roku zosta\u0142a zawarta umowa na\u00a0\u201eDostaw\u0119 papieru\u201d.<\/p>\n<p><strong>Wykonawca: PRO OFFICE Sp. z o.o. Al. Korfantego 179B, 40-153 Katowice<\/strong><\/p>\n<p><strong>Numer umowy: DZP.382.1.14.2025<\/strong><\/p>\n<p><strong>Termin realizacji: 03.06.2025r. do 02.06.2025r.<\/strong><\/p>\n<p>Wykonawca b\u0119dzie realizowa\u0142 przedmiot umowy sukcesywnie, partiami, wed\u0142ug bie\u017c\u0105cych potrzeb Zamawiaj\u0105cego, od daty zawarcia umowy do dnia 02.06.2026 r. Dostawy b\u0119d\u0105 realizowane w\u00a0terminie do 1 dnia roboczego od daty otrzymania zam\u00f3wienia wystawionego przez Zamawiaj\u0105cego.<\/p>\n<p>Osoba nadzoruj\u0105ca realizacj\u0119 umowy ze strony Zamawiaj\u0105cego:<\/p>\n<p><strong>Anna Piasecka, tel. 32 359 2243, e-mail: <\/strong><a href=\"mailto:sylwia.angowska@us.edu.pl\">anna.piasecka@us.edu.pl<\/a><\/p>\n<p><strong>Sylwia Angowska,\u00a0tel. 32\u00a0359 1181, e-mail:\u00a0<\/strong><a href=\"mailto:sylwia.angowska@us.edu.pl\">sylwia.angowska@us.edu.pl<\/a><\/p>\n<p><strong>Leszek Walczak, tel. 32\u00a0359 1181, e-mail:\u00a0<\/strong><a href=\"mailto:leszek.walczak@us.edu.pl\">leszek.walczak@us.edu.pl<\/a><\/p>\n<p><strong>Ma\u0142gorzata Cabaj,\u00a0tel. 32\u00a0359 1181,\u00a0e-mail:\u00a0<\/strong><a href=\"mailto:malgorzata.cabaj@us.edu.pl\">malgorzata.cabaj@us.edu.pl<\/a><\/p>\n<p>Osoby odpowiedzialne za realizacj\u0119 umowy ze strony Wykonawcy:<\/p>\n<p><strong>Adam Kurowski<\/strong>, tel. 32\u00a0351 01 20, e-mail:\u00a0<a href=\"mailto:biuro@prooffice.pl\">biuro@prooffice.pl<\/a><\/p>\n<p><strong>\u00a0<\/strong><\/p>\n<p>\n<\/div>\r\n                    <\/div>\r\n                <\/div>[\/vc_column][\/vc_row]<\/p>","protected":false},"excerpt":{"rendered":"<p>[vc_row][vc_column][\/vc_column][\/vc_row][vc_row][vc_column][\/vc_column][\/vc_row] [&#8230;]<\/p>\n<p><a class=\"btn btn-secondary understrap-read-more-link\" href=\"https:\/\/us.edu.pl\/pracownik\/procedury-i-obieg-dokumentow\/logistyka\/aktualne-umowy-dlugoterminowe\/dostawa-materialow-biurowych\/\">Read More&#8230;<\/a><\/p>\n","protected":false},"author":41,"featured_media":0,"parent":2268,"menu_order":303,"comment_status":"closed","ping_status":"closed","template":"page-templates\/inner-page.php","meta":{"_expiration-date-status":"","_expiration-date":0,"_expiration-date-type":"","_expiration-date-categories":[],"_expiration-date-options":[]},"acf":[],"_links":{"self":[{"href":"https:\/\/us.edu.pl\/pracownik\/wp-json\/wp\/v2\/pages\/2356"}],"collection":[{"href":"https:\/\/us.edu.pl\/pracownik\/wp-json\/wp\/v2\/pages"}],"about":[{"href":"https:\/\/us.edu.pl\/pracownik\/wp-json\/wp\/v2\/types\/page"}],"author":[{"embeddable":true,"href":"https:\/\/us.edu.pl\/pracownik\/wp-json\/wp\/v2\/users\/41"}],"replies":[{"embeddable":true,"href":"https:\/\/us.edu.pl\/pracownik\/wp-json\/wp\/v2\/comments?post=2356"}],"version-history":[{"count":10,"href":"https:\/\/us.edu.pl\/pracownik\/wp-json\/wp\/v2\/pages\/2356\/revisions"}],"predecessor-version":[{"id":38145,"href":"https:\/\/us.edu.pl\/pracownik\/wp-json\/wp\/v2\/pages\/2356\/revisions\/38145"}],"up":[{"embeddable":true,"href":"https:\/\/us.edu.pl\/pracownik\/wp-json\/wp\/v2\/pages\/2268"}],"wp:attachment":[{"href":"https:\/\/us.edu.pl\/pracownik\/wp-json\/wp\/v2\/media?parent=2356"}],"curies":[{"name":"wp","href":"https:\/\/api.w.org\/{rel}","templated":true}]}}