{"id":2361,"date":"2019-10-22T13:03:56","date_gmt":"2019-10-22T11:03:56","guid":{"rendered":"https:\/\/us.edu.pl\/pracownik\/?page_id=2361"},"modified":"2025-06-26T14:19:51","modified_gmt":"2025-06-26T12:19:51","slug":"dostawa-materialow-eksploatacyjnych-do-urzadzen-drukujacych","status":"publish","type":"page","link":"https:\/\/us.edu.pl\/pracownik\/procedury-i-obieg-dokumentow\/logistyka\/aktualne-umowy-dlugoterminowe\/dostawa-materialow-eksploatacyjnych-do-urzadzen-drukujacych\/","title":{"rendered":"Dostawa materia\u0142\u00f3w eksploatacyjnych do urz\u0105dze\u0144 drukuj\u0105cych"},"content":{"rendered":"<p>[vc_row][vc_column][\/vc_column][\/vc_row][vc_row][vc_column]\r\n                <div class=\"text-modules\">\r\n                    <div class=\"container\">\r\n                        <h3 class=\"page-title text__title\">Dostawa materia\u0142\u00f3w eksploatacyjnych do urz\u0105dze\u0144 drukuj\u0105cych<\/h3>\r\n                        <div class=\"text-modules__content\"><p><strong>Dostawa toner\u00f3w \u2013 podpisana 19.11.2024 DZP. 382.1.73.2024<\/strong><\/p>\n<p><strong>\u00a0<\/strong><\/p>\n<p>Szanowni Pa\u0144stwo,<\/p>\n<p>uprzejmie informujemy, i\u017c w dniu\u00a0<strong>19<\/strong>\u00a0<strong>listopada 2024<\/strong>\u00a0roku zosta\u0142a zawarta umowa na\u00a0\u201eSukcesywn\u0105 dostaw\u0119 materia\u0142\u00f3w eksploatacyjnych\u201d.<\/p>\n<p><strong>Wykonawca: Golden Line Sp. z o.o. ul. Krakowska 150, 35-506 Rzesz\u00f3w<\/strong><\/p>\n<p><strong>Numer umowy: DZP.382.1.73.2024<\/strong><\/p>\n<p><strong>Termin realizacji: 19.11.2024r. do 18.11.2025r.<\/strong><\/p>\n<p>Wykonawca b\u0119dzie realizowa\u0142 przedmiot umowy sukcesywnie, partiami, wed\u0142ug bie\u017c\u0105cych potrzeb Zamawiaj\u0105cego, od daty zawarcia umowy do dnia 18.11.2025 r. Dostawy b\u0119d\u0105 realizowane w\u00a0terminie do 3 dni roboczego od daty wys\u0142ania zam\u00f3wienia wystawionego przez Zamawiaj\u0105cego.<\/p>\n<p>Osoba nadzoruj\u0105ca realizacj\u0119 umowy ze strony Zamawiaj\u0105cego:<\/p>\n<p><strong>Anna Piasecka, tel. 32 359 2243<\/strong><\/p>\n<p><strong>Sylwia Angowska,\u00a0tel. 32\u00a0359 1181, e-mail:\u00a0<\/strong><a href=\"mailto:sylwia.angowska@us.edu.pl\">sylwia.angowska@us.edu.pl<\/a><\/p>\n<p><strong>Leszek Walczak, tel. 32\u00a0359 1181, e-mail:\u00a0<\/strong><a href=\"mailto:leszek.walczak@us.edu.pl\">leszek.walczak@us.edu.pl<\/a><\/p>\n<p><strong>Ma\u0142gorzata Cabaj,\u00a0tel. 32\u00a0359 1181,\u00a0e-mail:\u00a0<\/strong><a href=\"mailto:malgorzata.cabaj@us.edu.pl\">malgorzata.cabaj@us.edu.pl<\/a><\/p>\n<p>Osoby odpowiedzialne za realizacj\u0119 umowy ze strony Wykonawcy:<\/p>\n<p><strong>Monika Moskal-Florek<\/strong>, tel. 504\u00a0938 722, e-mail:\u00a0<a href=\"mailto:biuro@golden-line.pl\">biuro@golden-line.pl<\/a><\/p>\n<p><strong>\u00a0<\/strong><\/p>\n<p><strong>Dostawa toner\u00f3w \u2013 podpisana 10.04.2025 DZP. 382.1.112.2024 w zakresie cz\u0119\u015bci B<\/strong><\/p>\n<p>&nbsp;<\/p>\n<p>Szanowni Pa\u0144stwo,<\/p>\n<p>uprzejmie informujemy, i\u017c w dniu\u00a0<strong>10<\/strong>\u00a0<strong>kwietnia 2025<\/strong>\u00a0roku zosta\u0142a zawarta umowa na\u00a0\u201eSukcesywn\u0105 dostaw\u0119 materia\u0142\u00f3w eksploatacyjnych \u2013 tuszy i toner\u00f3w\u201d w zakresie cz\u0119\u015bci B dotycz\u0105ca materia\u0142\u00f3w eksploatacyjnych do urz\u0105dze\u0144 drukuj\u0105cych, tj. toner\u00f3w<\/p>\n<p><strong>Wykonawca: Komatech s.c. Tomasz Marsza\u0142ek, Danuta Marsa\u0142ek, ul. Wojska Polskiego 8, 43-190 Miko\u0142\u00f3w<\/strong><\/p>\n<p><strong>Numer umowy: DZP.382.1.112.2024 w zakresie cz\u0119\u015bci B<\/strong><\/p>\n<p><strong>Termin realizacji: 10.04.2025r. do 09.04.2026r.<\/strong><\/p>\n<p>Wykonawca b\u0119dzie realizowa\u0142 przedmiot umowy sukcesywnie, partiami, wed\u0142ug bie\u017c\u0105cych potrzeb Zamawiaj\u0105cego, od daty zawarcia umowy do dnia 09.10.2026 r. Dostawy b\u0119d\u0105 realizowane w terminie do 3 dni roboczych od daty wys\u0142ania zam\u00f3wienia wystawionego przez Zamawiaj\u0105cego.<\/p>\n<p>Osoba nadzoruj\u0105ca realizacj\u0119 umowy ze strony Zamawiaj\u0105cego:<\/p>\n<p><strong>Anna Piasecka, tel. 32 359 2243<\/strong><\/p>\n<p><strong>Sylwia Angowska,\u00a0tel. 32\u00a0359 1181, e-mail:\u00a0<\/strong><a href=\"mailto:sylwia.angowska@us.edu.pl\">sylwia.angowska@us.edu.pl<\/a><\/p>\n<p><strong>Leszek Walczak, tel. 32\u00a0359 1181, e-mail:\u00a0<\/strong><a href=\"mailto:leszek.walczak@us.edu.pl\">leszek.walczak@us.edu.pl<\/a><\/p>\n<p><strong>Ma\u0142gorzata Cabaj,\u00a0tel. 32\u00a0359 1181,\u00a0e-mail:\u00a0<\/strong><a href=\"mailto:malgorzata.cabaj@us.edu.pl\">malgorzata.cabaj@us.edu.pl<\/a><\/p>\n<p>Osoby odpowiedzialne za realizacj\u0119 umowy ze strony Wykonawcy:<\/p>\n<p><strong>Dawid Bartel<\/strong>, tel. 666\u00a0712 770, e-mail:\u00a0<a href=\"mailto:dawid@komatech.com.pl\">dawid@komatech.com.pl<\/a><\/p>\n<p>&nbsp;<\/p>\n<p><strong>Dostawa tuszy \u2013 podpisana 08.04.2025 DZP. 382.1.112.2024 w zakresie cz\u0119\u015bci A<\/strong><\/p>\n<p>&nbsp;<\/p>\n<p>Szanowni Pa\u0144stwo,<\/p>\n<p>uprzejmie informujemy, i\u017c w dniu\u00a0<strong>08<\/strong>\u00a0<strong>kwietnia 2025<\/strong>\u00a0roku zosta\u0142a zawarta umowa na\u00a0\u201eSukcesywn\u0105 dostaw\u0119 materia\u0142\u00f3w eksploatacyjnych \u2013 tuszy i toner\u00f3w\u201d w zakresie cz\u0119\u015bci A dotycz\u0105ca materia\u0142\u00f3w eksploatacyjnych do urz\u0105dze\u0144 drukuj\u0105cych, tj. tuszy<\/p>\n<p><strong>Wykonawca: PRO OFFICE Sp. z o.o. Al. Korfantego 179B, 40-153 Katowice<\/strong><\/p>\n<p><strong>Numer umowy: DZP.382.1.112.2024 w zakresie cz\u0119\u015bci A<\/strong><\/p>\n<p><strong>Termin realizacji: 08.04.2025r. do 07.04.2026r.<\/strong><\/p>\n<p>Wykonawca b\u0119dzie realizowa\u0142 przedmiot umowy sukcesywnie, partiami, wed\u0142ug bie\u017c\u0105cych potrzeb Zamawiaj\u0105cego, od daty zawarcia umowy do dnia 07.04.2026 r. Dostawy b\u0119d\u0105 realizowane w terminie do 3 dni roboczych od daty wys\u0142ania zam\u00f3wienia wystawionego przez Zamawiaj\u0105cego.<\/p>\n<p>Osoba nadzoruj\u0105ca realizacj\u0119 umowy ze strony Zamawiaj\u0105cego:<\/p>\n<p><strong>Anna Piasecka, tel. 32 359 2243<\/strong><\/p>\n<p><strong>Sylwia Angowska,\u00a0tel. 32\u00a0359 1181, e-mail:\u00a0<\/strong><a href=\"mailto:sylwia.angowska@us.edu.pl\">sylwia.angowska@us.edu.pl<\/a><\/p>\n<p><strong>Leszek Walczak, tel. 32\u00a0359 1181, e-mail:\u00a0<\/strong><a href=\"mailto:leszek.walczak@us.edu.pl\">leszek.walczak@us.edu.pl<\/a><\/p>\n<p><strong>Ma\u0142gorzata Cabaj,\u00a0tel. 32\u00a0359 1181,\u00a0e-mail:\u00a0<\/strong><a href=\"mailto:malgorzata.cabaj@us.edu.pl\">malgorzata.cabaj@us.edu.pl<\/a><\/p>\n<p>Osoby odpowiedzialne za realizacj\u0119 umowy ze strony Wykonawcy:<\/p>\n<p><strong>Adam Kurowski<\/strong>, tel. 32\u00a0351 01 20, e-mail:\u00a0<a href=\"mailto:biuro@prooffice.pl\">biuro@prooffice.pl<\/a><\/p>\n<p>\n<\/div>\r\n                    <\/div>\r\n                <\/div>[\/vc_column][\/vc_row]<\/p>","protected":false},"excerpt":{"rendered":"<p>[vc_row][vc_column][\/vc_column][\/vc_row][vc_row][vc_column][\/vc_column][\/vc_row] [&#8230;]<\/p>\n<p><a class=\"btn btn-secondary understrap-read-more-link\" href=\"https:\/\/us.edu.pl\/pracownik\/procedury-i-obieg-dokumentow\/logistyka\/aktualne-umowy-dlugoterminowe\/dostawa-materialow-eksploatacyjnych-do-urzadzen-drukujacych\/\">Read More&#8230;<\/a><\/p>\n","protected":false},"author":41,"featured_media":0,"parent":2268,"menu_order":302,"comment_status":"closed","ping_status":"closed","template":"page-templates\/inner-page.php","meta":{"_expiration-date-status":"","_expiration-date":0,"_expiration-date-type":"","_expiration-date-categories":[],"_expiration-date-options":[]},"acf":[],"_links":{"self":[{"href":"https:\/\/us.edu.pl\/pracownik\/wp-json\/wp\/v2\/pages\/2361"}],"collection":[{"href":"https:\/\/us.edu.pl\/pracownik\/wp-json\/wp\/v2\/pages"}],"about":[{"href":"https:\/\/us.edu.pl\/pracownik\/wp-json\/wp\/v2\/types\/page"}],"author":[{"embeddable":true,"href":"https:\/\/us.edu.pl\/pracownik\/wp-json\/wp\/v2\/users\/41"}],"replies":[{"embeddable":true,"href":"https:\/\/us.edu.pl\/pracownik\/wp-json\/wp\/v2\/comments?post=2361"}],"version-history":[{"count":10,"href":"https:\/\/us.edu.pl\/pracownik\/wp-json\/wp\/v2\/pages\/2361\/revisions"}],"predecessor-version":[{"id":38141,"href":"https:\/\/us.edu.pl\/pracownik\/wp-json\/wp\/v2\/pages\/2361\/revisions\/38141"}],"up":[{"embeddable":true,"href":"https:\/\/us.edu.pl\/pracownik\/wp-json\/wp\/v2\/pages\/2268"}],"wp:attachment":[{"href":"https:\/\/us.edu.pl\/pracownik\/wp-json\/wp\/v2\/media?parent=2361"}],"curies":[{"name":"wp","href":"https:\/\/api.w.org\/{rel}","templated":true}]}}