{"id":23629,"date":"2023-11-15T10:23:30","date_gmt":"2023-11-15T09:23:30","guid":{"rendered":"https:\/\/us.edu.pl\/pracownik\/?page_id=23629"},"modified":"2023-11-16T12:31:46","modified_gmt":"2023-11-16T11:31:46","slug":"posiedzenie-komisji-16-11-2023","status":"publish","type":"page","link":"https:\/\/us.edu.pl\/pracownik\/sprawy-dydaktyczne\/senacka-komisja-ds-ksztalcenia\/senacka-komisja-ds-ksztalcenia-sklad-komisji\/kadencja-2020-2024\/posiedzenie-komisji-16-11-2023\/","title":{"rendered":"Posiedzenie komisji &#8211; 16.11.2023"},"content":{"rendered":"<p>[vc_row][vc_column]\r\n                <div class=\"text-modules\">\r\n                    <div class=\"container\">\r\n                        <h3 class=\"page-title text__title\">Posiedzenie Komisji ds. kszta\u0142cenia i student\u00f3w - 16 listopada 2023 r.<\/h3>\r\n                        <div class=\"text-modules__content\"><\/p>\n<p style=\"font-weight: 400;\">Posiedzenie Komisji ds. kszta\u0142cenia i student\u00f3w odb\u0119dzie si\u0119 <strong>w czwartek 16 listopada 2023 r.<br \/>\no godz. 13.00<\/strong>\u00a0w Rektoracie Uniwersytetu \u015al\u0105skiego w Katowicach w sali 1.20.<\/p>\n<p style=\"font-weight: 400;\">\u00a0<u>Planowany porz\u0105dek posiedzenia:<\/u><\/p>\n<ol style=\"font-weight: 400;\">\n<li>Komunikaty Prorektorki ds. kszta\u0142cenia i student\u00f3w.<\/li>\n<li>Modu\u0142y obszarowe wspieraj\u0105ce kszta\u0142cenie kierunkowe &#8211; \u00a0aspekty organizacyjne.<\/li>\n<li><a href=\"https:\/\/us.edu.pl\/pracownik\/wp-content\/uploads\/sites\/2\/Editor\/sprawy-dydatktyczne\/Komisja-ksztalcenia\/Kadencja-2020-2024\/20232024\/16-listopada-2023\/Rekrutacja-2023.24.zip\">Rekrutacja w Uniwersytecie \u015al\u0105skim kandydat\u00f3w na studia na rok akademicki 2023\/2024 \u2013 statystyki, analizy, wnioski.<\/a><\/li>\n<li>Opinia do wniosku inicjuj\u0105cego utworzenie nowego kierunku studi\u00f3w na Wydziale Sztuki i Nauk o Edukacji: <a href=\"https:\/\/us.edu.pl\/pracownik\/wp-content\/uploads\/sites\/2\/Editor\/sprawy-dydatktyczne\/Komisja-ksztalcenia\/Kadencja-2020-2024\/20232024\/16-listopada-2023\/Zarzadzanie-w-przemyslach-kreatywnych.zip\">Zarz\u0105dzanie w przemys\u0142ach kreatywnych<\/a><\/li>\n<li>Opinia do wniosku w sprawie modyfikacji programu studi\u00f3w:\n<ol style=\"list-style-type: lower-alpha;\">\n<li><a href=\"https:\/\/us.edu.pl\/pracownik\/wp-content\/uploads\/sites\/2\/Editor\/sprawy-dydatktyczne\/Komisja-ksztalcenia\/Kadencja-2020-2024\/20232024\/16-listopada-2023\/Inzynieria-biomedyczna-studia-stacjonarne-II-stopnia.zip\">In\u017cynieria biomedyczna \u2013 studia stacjonarne II stopnia<\/a><\/li>\n<\/ol>\n<\/li>\n<li>Wolne wnioski &#8211; <a href=\"https:\/\/us.edu.pl\/pracownik\/wp-content\/uploads\/sites\/2\/Editor\/sprawy-dydatktyczne\/Komisja-ksztalcenia\/Kadencja-2020-2024\/20232024\/16-listopada-2023\/zalacznik-nr-24-CENTRUM-JEZYKA-I-KULTURY-KOREANSKIEJ.doc\" class=\"mtli_attachment mtli_doc\" data-mtli=\"mtli_filesize75,50kB\" class=\"mtli_attachment mtli_doc\" data-mtli=\"mtli_filesize75,50kB\">regulamin organizacyjny Centrum J\u0119zyka i Kultury Korea\u0144skiej<\/a><\/li>\n<\/ol>\n<p>\n<style type=\"text\/css\">a[data-mtli~=\"mtli_filesize75,50kB\"]:after {content:\" (75,50 kB)\"}<\/style><\/div>\r\n                    <\/div>\r\n                <\/div>[\/vc_column][\/vc_row]<\/p>\n<style type=\"text\/css\">a[data-mtli~=\"mtli_filesize75,50kB\"]:after {content:\" (75,50 kB)\"}<\/style>","protected":false},"excerpt":{"rendered":"<p>[vc_row][vc_column][\/vc_column][\/vc_row] [&#8230;]<\/p>\n<p><a class=\"btn btn-secondary understrap-read-more-link\" href=\"https:\/\/us.edu.pl\/pracownik\/sprawy-dydaktyczne\/senacka-komisja-ds-ksztalcenia\/senacka-komisja-ds-ksztalcenia-sklad-komisji\/kadencja-2020-2024\/posiedzenie-komisji-16-11-2023\/\">Read More&#8230;<\/a><\/p>\n","protected":false},"author":5108,"featured_media":0,"parent":5151,"menu_order":-33,"comment_status":"closed","ping_status":"closed","template":"page-templates\/inner-page.php","meta":{"_expiration-date-status":"saved","_expiration-date":0,"_expiration-date-type":"","_expiration-date-categories":[],"_expiration-date-options":[]},"acf":[],"_links":{"self":[{"href":"https:\/\/us.edu.pl\/pracownik\/wp-json\/wp\/v2\/pages\/23629"}],"collection":[{"href":"https:\/\/us.edu.pl\/pracownik\/wp-json\/wp\/v2\/pages"}],"about":[{"href":"https:\/\/us.edu.pl\/pracownik\/wp-json\/wp\/v2\/types\/page"}],"author":[{"embeddable":true,"href":"https:\/\/us.edu.pl\/pracownik\/wp-json\/wp\/v2\/users\/5108"}],"replies":[{"embeddable":true,"href":"https:\/\/us.edu.pl\/pracownik\/wp-json\/wp\/v2\/comments?post=23629"}],"version-history":[{"count":7,"href":"https:\/\/us.edu.pl\/pracownik\/wp-json\/wp\/v2\/pages\/23629\/revisions"}],"predecessor-version":[{"id":23658,"href":"https:\/\/us.edu.pl\/pracownik\/wp-json\/wp\/v2\/pages\/23629\/revisions\/23658"}],"up":[{"embeddable":true,"href":"https:\/\/us.edu.pl\/pracownik\/wp-json\/wp\/v2\/pages\/5151"}],"wp:attachment":[{"href":"https:\/\/us.edu.pl\/pracownik\/wp-json\/wp\/v2\/media?parent=23629"}],"curies":[{"name":"wp","href":"https:\/\/api.w.org\/{rel}","templated":true}]}}