{"id":2364,"date":"2019-10-22T13:07:27","date_gmt":"2019-10-22T11:07:27","guid":{"rendered":"https:\/\/us.edu.pl\/pracownik\/?page_id=2364"},"modified":"2026-04-28T07:27:09","modified_gmt":"2026-04-28T05:27:09","slug":"dostawa-paliw-plynnych","status":"publish","type":"page","link":"https:\/\/us.edu.pl\/pracownik\/procedury-i-obieg-dokumentow\/logistyka\/aktualne-umowy-dlugoterminowe\/dostawa-paliw-plynnych\/","title":{"rendered":"Dostawa paliw p\u0142ynnych"},"content":{"rendered":"<p>[vc_row][vc_column][\/vc_column][\/vc_row][vc_row][vc_column]\r\n                <div class=\"text-modules\">\r\n                    <div class=\"container\">\r\n                        <h3 class=\"page-title text__title\">Dostawa paliw p\u0142ynnych<\/h3>\r\n                        <div class=\"text-modules__content\"><p>Dzia\u0142 Logistyki informuje, \u017ce w dniu 22.03.2024 zosta\u0142a zawarta na okres 24 miesi\u0119cy Umowa<br \/>\nnr <strong>DZP.382.1.3.2024<\/strong>\u00a0z Wykonawc\u0105:\u00a0<strong>PETROJET sp. z o.o.<\/strong>\u00a0na\u00a0 dostaw\u0119 paliw p\u0142ynnych.<\/p>\n<p>&nbsp;<\/p>\n<p>Procedura realizacji dostawy paliw p\u0142ynnych:<\/p>\n<p>Zawarta umowa upowa\u017cnia do bezgot\u00f3wkowego zakupu paliw na stacjach SHELL i obowi\u0105zuje do dnia <strong>31.05.2026 r.<\/strong>, lub do wykorzystania \u201ewarto\u015bciowego\u201d umowy.<\/p>\n<p>&nbsp;<\/p>\n<p>Uwagi:<\/p>\n<p>W ramach niniejszej umowy Dzia\u0142 Logistyki wydaje na wniosek wszystkich zainteresowanych karty p\u0142atnicze, umo\u017cliwiaj\u0105ce dokonanie transakcji bezgot\u00f3wkowego zakupu paliwa. Ka\u017cdy u\u017cytkownik\/wnioskodawca po uzyskaniu karty p\u0142atniczej, zobowi\u0105zany jest do jej u\u017cytkowania wy\u0142\u0105cznie w celach s\u0142u\u017cbowych w ramach swojej jednostki. Zabronione jest udost\u0119pnianie kart p\u0142atniczych osobom trzecim, nie upowa\u017cnionym przez Dzia\u0142 Logistyki do ich u\u017cytkowania.<\/p>\n<p>&nbsp;<\/p>\n<p><u>Osobami upowa\u017cnion\u0105 do kontakt\u00f3w z Wykonawc\u0105 s\u0105:<\/u><\/p>\n<p>Przemys\u0142aw Witwicki, tel. 32\/359-1941; e-mail: przemyslaw.witwicki@us.edu.pl<\/p>\n<p><u>\u00a0<\/u><\/p>\n<p><u>Osobami upowa\u017cnionymi do kontakt\u00f3w ze strony Wykonawcy jest:<\/u><\/p>\n<p>Rafa\u0142 Sosnowski tel. +48 384 80 24 wew. 126; e-mail: rafal@petrojet.pl<\/p>\n<\/div>\r\n                    <\/div>\r\n                <\/div>[\/vc_column][\/vc_row]<\/p>","protected":false},"excerpt":{"rendered":"<p>[vc_row][vc_column][\/vc_column][\/vc_row][vc_row][vc_column][\/vc_column][\/vc_row] [&#8230;]<\/p>\n<p><a class=\"btn btn-secondary understrap-read-more-link\" href=\"https:\/\/us.edu.pl\/pracownik\/procedury-i-obieg-dokumentow\/logistyka\/aktualne-umowy-dlugoterminowe\/dostawa-paliw-plynnych\/\">Read More&#8230;<\/a><\/p>\n","protected":false},"author":41,"featured_media":0,"parent":2268,"menu_order":301,"comment_status":"closed","ping_status":"closed","template":"page-templates\/inner-page.php","meta":{"_expiration-date-status":"","_expiration-date":0,"_expiration-date-type":"","_expiration-date-categories":[],"_expiration-date-options":[]},"acf":[],"_links":{"self":[{"href":"https:\/\/us.edu.pl\/pracownik\/wp-json\/wp\/v2\/pages\/2364"}],"collection":[{"href":"https:\/\/us.edu.pl\/pracownik\/wp-json\/wp\/v2\/pages"}],"about":[{"href":"https:\/\/us.edu.pl\/pracownik\/wp-json\/wp\/v2\/types\/page"}],"author":[{"embeddable":true,"href":"https:\/\/us.edu.pl\/pracownik\/wp-json\/wp\/v2\/users\/41"}],"replies":[{"embeddable":true,"href":"https:\/\/us.edu.pl\/pracownik\/wp-json\/wp\/v2\/comments?post=2364"}],"version-history":[{"count":9,"href":"https:\/\/us.edu.pl\/pracownik\/wp-json\/wp\/v2\/pages\/2364\/revisions"}],"predecessor-version":[{"id":43339,"href":"https:\/\/us.edu.pl\/pracownik\/wp-json\/wp\/v2\/pages\/2364\/revisions\/43339"}],"up":[{"embeddable":true,"href":"https:\/\/us.edu.pl\/pracownik\/wp-json\/wp\/v2\/pages\/2268"}],"wp:attachment":[{"href":"https:\/\/us.edu.pl\/pracownik\/wp-json\/wp\/v2\/media?parent=2364"}],"curies":[{"name":"wp","href":"https:\/\/api.w.org\/{rel}","templated":true}]}}