{"id":23681,"date":"2023-11-21T10:30:43","date_gmt":"2023-11-21T09:30:43","guid":{"rendered":"https:\/\/us.edu.pl\/pracownik\/?page_id=23681"},"modified":"2026-02-20T12:39:34","modified_gmt":"2026-02-20T11:39:34","slug":"szkolenia-okresowe-bhp","status":"publish","type":"page","link":"https:\/\/us.edu.pl\/pracownik\/procedury-i-obieg-dokumentow\/instrukcje-i-procedury-bhp-i-op\/szkolenia-okresowe-bhp\/","title":{"rendered":"Szkolenia okresowe BHP"},"content":{"rendered":"<p>[vc_row][vc_column][\/vc_column][\/vc_row][vc_row][vc_column]\r\n                <div class=\"text-modules\">\r\n                    <div class=\"container\">\r\n                        <h3 class=\"page-title text__title\">Szkolenia okresowe BHP<\/h3>\r\n                        <div class=\"text-modules__content\"><\/p>\n<h4><span style=\"font-size: 14pt;\"><strong>NOWY TERMIN SZKOLENIA BHP (2026)<\/strong><\/span><\/h4>\n<p>W terminie <strong>od 02 marca do 30 kwietnia 2026 r.<\/strong> b\u0119dzie uruchomione szkolenie okresowe BHP w formie online. Szkolenia okresowe bhp s\u0105 przeznaczone dla pracownik\u00f3w i os\u00f3b kieruj\u0105cych pracownikami.<\/p>\n<p><strong><u>Linki do szkole\u0144:<\/u><\/strong><\/p>\n<ul>\n<li>BHP \u2013 dla pracownik\u00f3w: <a href=\"https:\/\/el.us.edu.pl\/sw\/course\/view.php?id=30\">https:\/\/el.us.edu.pl\/sw\/course\/view.php?id=30<\/a><\/li>\n<li>BHP \u2013 dla os\u00f3b kieruj\u0105cych pracownikami: <a href=\"https:\/\/el.us.edu.pl\/sw\/course\/view.php?id=31\">https:\/\/el.us.edu.pl\/sw\/course\/view.php?id=31<\/a><\/li>\n<\/ul>\n<p>UWAGA <strong>szkolenie okresowe bhp jest obowi\u0105zkowe!<\/strong><\/p>\n<p>&nbsp;<\/p>\n<p>Pracownicy mog\u0105 po zalogowaniu sami sprawdzi\u0107 czy odbyli szkolenie w zak\u0142adce: \u201eSzkolenia wewn\u0119trzne-Narz\u0119dzia-Moje szkolenia\u201d,<\/p>\n<ul>\n<li>link: <a href=\"https:\/\/el.us.edu.pl\/sw\/local\/schooling\/my.php\">https:\/\/el.us.edu.pl\/sw\/local\/schooling\/my.php<\/a><\/li>\n<\/ul>\n<p>&nbsp;<\/p>\n<p><strong>!!! Szkole\u0144 online nie mog\u0105 wykonywa\u0107 pracownicy zatrudnieni na stanowiskach robotniczych.<br \/>\nW celu organizacji szkole\u0144 dla tej grupy pracownik\u00f3w nale\u017cy skontaktowa\u0107 si\u0119 z Inspektoratem BHP i OP.<\/strong><\/p>\n<p>&nbsp;<\/p>\n<p>Za\u015bwiadczenia z odbytego szkolenia zostan\u0105 przekazane przez pracownik\u00f3w Inspektoratu BHP i OP na wydzia\u0142y lub do jednostki, w kt\u00f3rej pracownik jest zatrudniony a kopie za\u015bwiadcze\u0144 b\u0119d\u0105 przekazane do Dzia\u0142u Spraw Osobowych i Socjalnych.\u201d<\/p>\n<\/div>\r\n                    <\/div>\r\n                <\/div>[\/vc_column][\/vc_row][vc_row][vc_column]<div class=\"container\"><div class=\"separator\" style=\"background-color: #EBEBEB\"><\/div><\/div>[\/vc_column][\/vc_row][vc_row][vc_column]\r\n                <div class=\"text-modules \">\r\n                    <div class=\"container\">\r\n                         \r\n                        <div class=\"row m-0\">\r\n                            <div class=\"text-modules__content\">\r\n                                W razie problem\u00f3w technicznych zwi\u0105zanych z logowaniem do systemu prosimy o kontakt z kierownikiem Centrum Kszta\u0142cenia na Odleg\u0142o\u015b\u0107<\/p>\n<ul>\n<li><strong> Pawe\u0142 Pawe\u0142czyk<\/strong> (e-mail: <a href=\"mailto:pawel.pawelczyk@us.edu.pl\">pawel.pawelczyk@us.edu.pl<\/a> , tel. 501 166 379).<\/li>\n<\/ul>\n<p>W razie jakichkolwiek pyta\u0144 dotycz\u0105cych szkole\u0144 prosimy o kontakt z pracownikami Inspektoratu BHP i OP:<\/p>\n<ul>\n<li><strong>Bo\u017cena Golanka<\/strong> \u2013 g\u0142\u00f3wny specjalista kieruj\u0105cy prac\u0105 dzia\u0142u<\/li>\n<\/ul>\n<p>(e-mail: <a href=\"mailto:bozena.golanka@us.edu.pl\">bozena.golanka@us.edu.pl<\/a> , tel. 504 096\u00a0143)<\/p>\n<ul>\n<li><strong>Ksenia Michalska<\/strong> &#8211; starszy specjalista ds.bezp. i hig.pracy<\/li>\n<\/ul>\n<p>(e-mail: <a href=\"mailto:ksenia.michalska@us.edu.pl\">ksenia.michalska@us.edu.pl<\/a> , tel.: 32 359 1343) \r\n                                <div class=\"mt-3\"><\/div>\r\n                            <\/div>\r\n                            \r\n                            \r\n                        <\/div>\r\n                    <\/div>\r\n                <\/div>[\/vc_column][\/vc_row]<\/p>","protected":false},"excerpt":{"rendered":"<p>[vc_row][vc_column][\/vc_column][\/vc_row][vc_row][vc_column][\/vc_column][\/vc_row][vc_row][vc_column][\/vc_column][\/vc_row][vc_row][vc_column][\/vc_column][\/vc_row] [&#8230;]<\/p>\n<p><a class=\"btn btn-secondary understrap-read-more-link\" href=\"https:\/\/us.edu.pl\/pracownik\/procedury-i-obieg-dokumentow\/instrukcje-i-procedury-bhp-i-op\/szkolenia-okresowe-bhp\/\">Read More&#8230;<\/a><\/p>\n","protected":false},"author":41,"featured_media":0,"parent":905,"menu_order":28,"comment_status":"closed","ping_status":"closed","template":"page-templates\/inner-page-with-bookmarks.php","meta":{"_expiration-date-status":"","_expiration-date":0,"_expiration-date-type":"","_expiration-date-categories":[],"_expiration-date-options":[]},"acf":[],"_links":{"self":[{"href":"https:\/\/us.edu.pl\/pracownik\/wp-json\/wp\/v2\/pages\/23681"}],"collection":[{"href":"https:\/\/us.edu.pl\/pracownik\/wp-json\/wp\/v2\/pages"}],"about":[{"href":"https:\/\/us.edu.pl\/pracownik\/wp-json\/wp\/v2\/types\/page"}],"author":[{"embeddable":true,"href":"https:\/\/us.edu.pl\/pracownik\/wp-json\/wp\/v2\/users\/41"}],"replies":[{"embeddable":true,"href":"https:\/\/us.edu.pl\/pracownik\/wp-json\/wp\/v2\/comments?post=23681"}],"version-history":[{"count":11,"href":"https:\/\/us.edu.pl\/pracownik\/wp-json\/wp\/v2\/pages\/23681\/revisions"}],"predecessor-version":[{"id":42378,"href":"https:\/\/us.edu.pl\/pracownik\/wp-json\/wp\/v2\/pages\/23681\/revisions\/42378"}],"up":[{"embeddable":true,"href":"https:\/\/us.edu.pl\/pracownik\/wp-json\/wp\/v2\/pages\/905"}],"wp:attachment":[{"href":"https:\/\/us.edu.pl\/pracownik\/wp-json\/wp\/v2\/media?parent=23681"}],"curies":[{"name":"wp","href":"https:\/\/api.w.org\/{rel}","templated":true}]}}