{"id":2380,"date":"2019-10-22T13:35:37","date_gmt":"2019-10-22T11:35:37","guid":{"rendered":"https:\/\/us.edu.pl\/pracownik\/?page_id=2380"},"modified":"2025-04-29T09:49:24","modified_gmt":"2025-04-29T07:49:24","slug":"uslugi-transportowe","status":"publish","type":"page","link":"https:\/\/us.edu.pl\/pracownik\/procedury-i-obieg-dokumentow\/logistyka\/aktualne-umowy-dlugoterminowe\/uslugi-transportowe\/","title":{"rendered":"Us\u0142ugi transportowe"},"content":{"rendered":"<p>[vc_row][vc_column][\/vc_column][\/vc_row][vc_row][vc_column]\r\n                <div class=\"text-modules\">\r\n                    <div class=\"container\">\r\n                        <h3 class=\"page-title text__title\">Us\u0142ugi transportowe<\/h3>\r\n                        <div class=\"text-modules__content\"><p><strong>Dzia\u0142 Logistyki <\/strong><\/p>\n<p><strong>Sekcja Ewidencji i Rozlicze\u0144 <\/strong><\/p>\n<p><strong>Us\u0142uga wynajmu autokar\u00f3w i mikrobus\u00f3w<\/strong><\/p>\n<p><strong>Dzia\u0142 Logistyki informuje, \u017ce zawarte zosta\u0142y umowy z Wykonawcami \u015bwiadcz\u0105cymi us\u0142ugi wynajmu autokar\u00f3w i mikrobus\u00f3w wraz z kierowc\u0105 w celu przewozu os\u00f3b na potrzeby U\u015a.<\/strong><\/p>\n<p>Poni\u017cej przedstawiono Wykonawc\u00f3w i koszt \u015bwiadczonych przez nich us\u0142ug przewozu os\u00f3b, a tak\u017ce informacj\u0119 jak nale\u017cy zamawia\u0107 transport.<\/p>\n<hr \/>\n<p>Wykonawca: <strong>P.T.U. Julbus<\/strong><\/p>\n<p>Nr Umowy: <strong>DZP.382.5.2.2024 cz. A<\/strong> \u2013 <strong>obowi\u0105zuje do dnia 11.06.2025.<\/strong><br \/>\nUmowa obejmuje wyjazdy z jednostek Zamawiaj\u0105cego zlokalizowanych w Katowicach, Chorzowie i Sosnowcu autokarami posiadaj\u0105cymi 51 miejsc siedz\u0105cych (wraz z kierowc\u0105).<\/p>\n<table style=\"width: 85.944%;\">\n<tbody>\n<tr>\n<td style=\"width: 60.5598%;\" width=\"234\">Rycza\u0142t \/ 1 dzie\u0144 \u2013 trasa do 180 km<\/td>\n<td style=\"width: 53.0683%;\" width=\"142\">1800 z\u0142 brutto<\/td>\n<\/tr>\n<tr>\n<td style=\"width: 60.5598%;\" width=\"234\">Trasa powy\u017cej 180 km \/ 1 dzie\u0144<\/td>\n<td style=\"width: 53.0683%;\" width=\"142\">7,50 z\u0142 brutto \/ km<\/td>\n<\/tr>\n<\/tbody>\n<\/table>\n<p><em><u>Osoba odpowiedzialna za realizacj\u0119 umowy ze strony Wykonawcy dla cz. A<\/u>:<\/em><\/p>\n<p>Daniel Noco\u0144 <strong>tel. 733 665 047<\/strong>, e- mail: biuro@julbus@pl<\/p>\n<hr \/>\n<p>Wykonawca: <strong>P.T.U. Julbus<\/strong><\/p>\n<p>Nr Umowy: <strong>DZP.382.5.2.2024 cz. B<\/strong>\u00a0\u2013 <strong>obowi\u0105zuje do dnia 11.06.2026.<\/strong><br \/>\nUmowa na potrzeby projektu Transformersi w szko\u0142ach.<\/p>\n<table style=\"width: 87.2252%; height: 140px;\">\n<tbody>\n<tr style=\"height: 26px;\">\n<td style=\"width: 63.0785%; height: 26px;\" width=\"234\">Trasa do 40 km \/ dzie\u0144<\/td>\n<td style=\"width: 88.7811%; height: 26px;\" width=\"142\">1800 z\u0142 brutto<\/td>\n<\/tr>\n<tr style=\"height: 26px;\">\n<td style=\"width: 63.0785%; height: 26px;\" width=\"234\">Trasa od 41 km do 80 km \/ dzie\u0144<\/td>\n<td style=\"width: 88.7811%; height: 26px;\" width=\"142\">1800 z\u0142 brutto<\/td>\n<\/tr>\n<tr style=\"height: 26px;\">\n<td style=\"width: 63.0785%; height: 26px;\" width=\"234\">Trasa od 81 km do 120 km \/ dzie\u0144<\/td>\n<td style=\"width: 88.7811%; height: 26px;\" width=\"142\">1800 z\u0142 brutto<\/td>\n<\/tr>\n<tr style=\"height: 26px;\">\n<td style=\"width: 63.0785%; height: 26px;\" width=\"234\">Trasa od 121 km do 160 km \/ dzie\u0144<\/td>\n<td style=\"width: 88.7811%; height: 26px;\" width=\"142\">1900 z\u0142 brutto<\/td>\n<\/tr>\n<tr style=\"height: 26px;\">\n<td style=\"width: 63.0785%; height: 26px;\" width=\"234\">Trasa od 161 km do 200 km \/ dzie\u0144<\/td>\n<td style=\"width: 88.7811%; height: 26px;\" width=\"142\">2000 z\u0142 brutto<\/td>\n<\/tr>\n<tr style=\"height: 10px;\">\n<td style=\"width: 63.0785%; height: 10px;\" width=\"234\">Trasa od 201 km do 250 km \/ dzie\u0144<\/td>\n<td style=\"width: 88.7811%; height: 10px;\" width=\"142\">2200 z\u0142 brutto<\/td>\n<\/tr>\n<\/tbody>\n<\/table>\n<p><em><u>Osoba odpowiedzialna za realizacj\u0119 umowy ze strony Wykonawcy dla cz. B<\/u>:<\/em><\/p>\n<p>Daniel Noco\u0144 <strong>tel. 733 665 047<\/strong>, e- mail: biuro@julbus@pl<\/p>\n<p>&nbsp;<\/p>\n<hr \/>\n<p>Wykonawca: <strong>P.T.U. Julbus<\/strong><\/p>\n<p>Nr Umowy: <strong>DZP.382.4.1.2025 cz. A<\/strong> \u2013 <strong>obowi\u0105zuje od 12.06.2025 do dnia 12.06.2026.<\/strong><\/p>\n<p>Umowa obejmuje wyjazdy z jednostek Zamawiaj\u0105cego zlokalizowanych w Katowicach, Chorzowie i Sosnowcu autokarami posiadaj\u0105cymi 51 miejsc siedz\u0105cych (wraz z kierowc\u0105).<\/p>\n<table style=\"width: 64.3019%;\">\n<tbody>\n<tr>\n<td style=\"width: 60.7595%;\" width=\"234\">Rycza\u0142t \/ 1 dzie\u0144 \u2013 trasa do 180 km<\/td>\n<td style=\"width: 78.9873%;\" width=\"142\">1.800,00 z\u0142 brutto<\/td>\n<\/tr>\n<tr>\n<td style=\"width: 60.7595%;\" width=\"234\">Trasa powy\u017cej 180 km \/ 1 dzie\u0144<\/td>\n<td style=\"width: 78.9873%;\" width=\"142\">7,00 z\u0142 brutto \/ km<\/td>\n<\/tr>\n<\/tbody>\n<\/table>\n<p><em><u>Osoba odpowiedzialna za realizacj\u0119 ze strony Wykonawcy dla cz. A: <\/u><\/em><\/p>\n<p>Daniel Noco\u0144 <strong>tel. 733\u00a0665 047<\/strong>, e- mail: biuro@julbus@pl<\/p>\n<hr \/>\n<p>Wykonawca: <strong>P.T.U. Julbus<\/strong><\/p>\n<p>Nr Umowy: <strong>DZP.382.4.1.2025 cz. B<\/strong> \u2013 <strong>obowi\u0105zuje od 16.04.2025 do dnia 16.04.2026.<\/strong><\/p>\n<p>Umowa obejmuje wyjazdy z jednostek Zamawiaj\u0105cego zlokalizowanych w Cieszynie autokarami posiadaj\u0105cymi 51 miejsc siedz\u0105cych (wraz z kierowc\u0105)<\/p>\n<table style=\"width: 64.0723%;\">\n<tbody>\n<tr>\n<td style=\"width: 60.7595%;\" width=\"234\">Rycza\u0142t \/ 1 dzie\u0144 \u2013 trasa do 180 km<\/td>\n<td style=\"width: 78.481%;\" width=\"142\">2.800,00 z\u0142 brutto<\/td>\n<\/tr>\n<tr>\n<td style=\"width: 60.7595%;\" width=\"234\">Trasa powy\u017cej 180 km \/ 1 dzie\u0144<\/td>\n<td style=\"width: 78.481%;\" width=\"142\">9,72 z\u0142 brutto \/ km<\/td>\n<\/tr>\n<\/tbody>\n<\/table>\n<p><em><u>Osoba odpowiedzialna za realizacj\u0119 ze strony Wykonawcy dla cz. B: <\/u><\/em><\/p>\n<p>Daniel Noco\u0144 <strong>tel. 733\u00a0665 047<\/strong>, e- mail: biuro@julbus@pl<\/p>\n<p>&nbsp;<\/p>\n<hr \/>\n<p>Wykonawca: <strong>Dariusz Jojko<\/strong><\/p>\n<p>Nr Umowy: <strong>DZP.382.4.1.2025 cz. C <\/strong>\u2013 <strong>obowi\u0105zuje od 30.04.2025 do dnia 30.04.2026.<\/strong><\/p>\n<p>Umowa obejmuje wyjazdy z jednostek Zamawiaj\u0105cego zlokalizowanych w Katowicach, Chorzowie i Sosnowcu mikrobusami posiadaj\u0105cymi 21 miejsc siedz\u0105cych (wraz z kierowc\u0105).<\/p>\n<table style=\"width: 54.5406%;\">\n<tbody>\n<tr>\n<td style=\"width: 60.7595%;\" width=\"234\">Rycza\u0142t \/ 1 dzie\u0144 \u2013 trasa do 100 km<\/td>\n<td style=\"width: 57.4684%;\" width=\"142\">893,16 z\u0142 brutto<\/td>\n<\/tr>\n<tr>\n<td style=\"width: 60.7595%;\" width=\"234\">Trasa powy\u017cej 100 km \/ 1 dzie\u0144<\/td>\n<td style=\"width: 57.4684%;\" width=\"142\">6,80 z\u0142 brutto \/ km<\/td>\n<\/tr>\n<\/tbody>\n<\/table>\n<p><em><u>Osoba odpowiedzialna za realizacj\u0119 ze strony Wykonawcy: <\/u><\/em><\/p>\n<p>Dawid Jojko <strong>tel. 511\u00a0626 000<\/strong>, e-mail: naszbus@o2.pl<\/p>\n<hr \/>\n<p>Wyjazdy z jednostek Zamawiaj\u0105cego zlokalizowanych w Cieszynie mikrobusami posiadaj\u0105cymi 21 miejsc siedz\u0105cych(wraz z kierowc\u0105). Konieczno\u015b\u0107 ka\u017cdorazowego przeprowadzenia post\u0119powania przetargowego (min. 4 miesi\u0105ce przed wyjazdem), b\u0105d\u017a uzyska\u0107 zgod\u0119 na udzielenie zam\u00f3wienia z pomini\u0119ciem procedury przetargowej (z\u0142o\u017cenia wniosku SAP z min. 14 dniowym wyprzedzeniem, do wniosku nale\u017cy do\u0142\u0105czy\u0107 druk 6-NK, ka\u017cdorazowo konieczno\u015b\u0107 rozeznania rynku przez realizatora).<\/p>\n<hr \/>\n<p>Warunkiem wykonania us\u0142ugi jest ka\u017cdorazowe zg\u0142oszenie przez jednostk\u0119 w systemie SAP zlecenia wyjazdu, zawieraj\u0105cego planowane dane dotycz\u0105ce podr\u00f3\u017cy, w szczeg\u00f3lno\u015bci: jej termin, miejsce wyjazdu, termin i miejsce powrotu, miejsce docelowe, ewentualne trasy dodatkowe oraz przewidywan\u0105 ilo\u015b\u0107 pasa\u017cer\u00f3w. Dodatkowo w celu u\u0142atwienia kontaktu prosz\u0119 poda\u0107 nr tel. kom\u00f3rkowego osoby odpowiedzialnej, koordynuj\u0105cej wyjazd. Jedno zlecenie obejmuje jedn\u0105 podr\u00f3\u017c.<\/p>\n<p><strong>\u00a0<\/strong><\/p>\n<p><strong>Zg\u0142oszenie zlecenia wyjazdu winno by\u0107 z\u0142o\u017cone z minimum 7-dniowym wyprzedzeniem,<\/strong><br \/>\na w przypadkach niedaj\u0105cych si\u0119 przewidzie\u0107 (np. pogrzeb) z co najmniej dwudniowym wyprzedzeniem.<\/p>\n<p>&nbsp;<\/p>\n<p>Pomocne informacje niezb\u0119dne do z\u0142o\u017cenia wniosk\u00f3w w Systemie SAP:<\/p>\n<ul>\n<li><strong>Grupa przedmiotowa<\/strong>: \u201eWynajem autokar\u00f3w\u201d U6033M291<\/li>\n<li><strong>CPV<\/strong> 60172000-4<\/li>\n<li><strong>Podatek<\/strong> VAT 8%<\/li>\n<li>Na wydrukowanym wniosku w okienku \u201eZakup dotyczy dzia\u0142alno\u015bci\u201d nale\u017cy zaznaczy\u0107 ostatni\u0105 kratk\u0119: \u201e\u2026. Zwolnionej i niepodlegaj\u0105cej opodatkowaniu\u201d<\/li>\n<\/ul>\n<p>&nbsp;<\/p>\n<p>W przypadku wyjazd\u00f3w <strong>mikrobusami z Cieszyna<\/strong> \u2013 ch\u0119\u0107 zorganizowania wyjazdu nale\u017cy zg\u0142osi\u0107 osobie nadzoruj\u0105cej tj. Przemys\u0142aw Witwicki. Proces zorganizowania wyjazdu opiera\u0107 b\u0119dzie si\u0119 na ka\u017cdorazowym rozeznaniu rynku \u2013 wnioski nale\u017cy sk\u0142ada\u0107 mo\u017cliwie jak najszybciej.<\/p>\n<p>&nbsp;<\/p>\n<p><strong>Osoba nadzoruj\u0105ca realizacj\u0119 um\u00f3w: Przemys\u0142aw Witwicki <\/strong><\/p>\n<p><strong>Dzia\u0142 Logistyki U\u015a, ul. Bankowa 12, Katowice. <\/strong><\/p>\n<p><strong>tel. 32\/359-1941, mail: przemyslaw.witwicki@us.edu.pl<\/strong><\/p>\n<\/div>\r\n                    <\/div>\r\n                <\/div>[\/vc_column][\/vc_row][vc_row][vc_column]\r\n\t\t\t\t\t<div class='container'>\r\n\t\t\t\t\t\t<div class='sidebar_moduls sidebar_dropdown zakladki' style='background-color: '>\r\n\t\t\t\t\t\t\t<h3 class='page-title'><\/h3>\r\n\t\t\t\t\t\t\t<p class='zakladki__desc'><\/p>\r\n\r\n\t\t\t\t\t\t\t<div class='bookmarks'><\/div>\r\n\t\t\t\t\t\t<\/div>\r\n\t\t\t\t\t <\/div>[\/vc_column][\/vc_row]<\/p>","protected":false},"excerpt":{"rendered":"<p>[vc_row][vc_column][\/vc_column][\/vc_row][vc_row][vc_column][\/vc_column][\/vc_row][vc_row][vc_column][\/vc_column][\/vc_row] [&#8230;]<\/p>\n<p><a class=\"btn btn-secondary understrap-read-more-link\" href=\"https:\/\/us.edu.pl\/pracownik\/procedury-i-obieg-dokumentow\/logistyka\/aktualne-umowy-dlugoterminowe\/uslugi-transportowe\/\">Read More&#8230;<\/a><\/p>\n","protected":false},"author":41,"featured_media":0,"parent":2268,"menu_order":298,"comment_status":"closed","ping_status":"closed","template":"page-templates\/inner-page.php","meta":{"_expiration-date-status":"","_expiration-date":0,"_expiration-date-type":"","_expiration-date-categories":[],"_expiration-date-options":[]},"acf":[],"_links":{"self":[{"href":"https:\/\/us.edu.pl\/pracownik\/wp-json\/wp\/v2\/pages\/2380"}],"collection":[{"href":"https:\/\/us.edu.pl\/pracownik\/wp-json\/wp\/v2\/pages"}],"about":[{"href":"https:\/\/us.edu.pl\/pracownik\/wp-json\/wp\/v2\/types\/page"}],"author":[{"embeddable":true,"href":"https:\/\/us.edu.pl\/pracownik\/wp-json\/wp\/v2\/users\/41"}],"replies":[{"embeddable":true,"href":"https:\/\/us.edu.pl\/pracownik\/wp-json\/wp\/v2\/comments?post=2380"}],"version-history":[{"count":11,"href":"https:\/\/us.edu.pl\/pracownik\/wp-json\/wp\/v2\/pages\/2380\/revisions"}],"predecessor-version":[{"id":35425,"href":"https:\/\/us.edu.pl\/pracownik\/wp-json\/wp\/v2\/pages\/2380\/revisions\/35425"}],"up":[{"embeddable":true,"href":"https:\/\/us.edu.pl\/pracownik\/wp-json\/wp\/v2\/pages\/2268"}],"wp:attachment":[{"href":"https:\/\/us.edu.pl\/pracownik\/wp-json\/wp\/v2\/media?parent=2380"}],"curies":[{"name":"wp","href":"https:\/\/api.w.org\/{rel}","templated":true}]}}