{"id":23807,"date":"2023-12-18T12:04:39","date_gmt":"2023-12-18T11:04:39","guid":{"rendered":"https:\/\/us.edu.pl\/pracownik\/?page_id=23807"},"modified":"2026-04-02T10:14:38","modified_gmt":"2026-04-02T08:14:38","slug":"szkolenia-i-dokumenty-wewnetrzne","status":"publish","type":"page","link":"https:\/\/us.edu.pl\/pracownik\/sprawy-dydaktyczne\/karta-kierunku\/szkolenia-i-dokumenty-wewnetrzne\/","title":{"rendered":"Szkolenia i dokumenty wewn\u0119trzne"},"content":{"rendered":"<p>[vc_row][vc_column]\r\n                <div class=\"text-modules reverse\">\r\n                    <div class=\"container\">\r\n                        <h3 class=\"section-title section-title_border-bottom\">Wytyczne dotycz\u0105ce konstruowania program\u00f3w studi\u00f3w w Karcie Kierunku<\/h3> \r\n                        <div class=\"row m-0\">\r\n                            <div class=\"text-modules__content\">\r\n                                \u21d2\u00a0<a href=\"https:\/\/us.edu.pl\/pracownik\/wp-content\/uploads\/sites\/2\/Editor\/sprawy-dydatktyczne\/karta-kierunku\/wytyczne-KK-instrukcja\/Wytyczne-dot.-konstruowania-programow-studiow-w-KK-WERSJA-OSTATECZNA-31.03.2026.pdf\" class=\"mtli_attachment mtli_pdf\" data-mtli=\"mtli_filesize897,01kB\">plik do pobrania<\/a> \r\n                                <div class=\"mt-3\"><\/div>\r\n                            <\/div>\r\n                            \r\n                            <div class=\"text-modules__img\"><img src=\"https:\/\/us.edu.pl\/pracownik\/wp-content\/uploads\/sites\/2\/Bez-kategorii\/ikona-dokument-granat-150x150-1.png\" alt=\"img\"><\/div>\r\n                        <\/div>\r\n                    <\/div>\r\n                <\/div>\r\n                <div class=\"text-modules reverse\">\r\n                    <div class=\"container\">\r\n                         <h3 class=\"subtitle text-modules__subtitle\">Za\u0142\u0105czniki do wytycznych<\/h3>\r\n                        <div class=\"row m-0\">\r\n                            <div class=\"text-modules__content\">\r\n                                <span style=\"font-size: 12pt;\"><strong>\u21d2<\/strong><\/span> Instrukcja weryfikacji poprawno\u015bci formalnej dokumentacji programu studi\u00f3w<br \/>\n\u2192 <a href=\"https:\/\/us.edu.pl\/pracownik\/wp-content\/uploads\/sites\/2\/Editor\/sprawy-dydatktyczne\/karta-kierunku\/wytyczne-KK-instrukcja\/Instrukcja-weryfikacji-programu-studiow.pdf\" class=\"mtli_attachment mtli_pdf\" data-mtli=\"mtli_filesize432,08kB\">plik do pobrania<\/a><\/p>\n<p><span style=\"font-size: 12pt;\"><strong>\u21d2<\/strong><\/span>\u00a0Charakterystyki PRK: efekty uczenia si\u0119 \u2013 kluczowe elementy<br \/>\n\u2192 <a href=\"https:\/\/us.edu.pl\/pracownik\/wp-content\/uploads\/sites\/2\/Editor\/sprawy-dydatktyczne\/karta-kierunku\/wytyczne-KK-instrukcja\/Polska-Rama-Kwalifikacji_-poziomy-6-8_ogolne-kluczowe-elementy.pdf\" class=\"mtli_attachment mtli_pdf\" data-mtli=\"mtli_filesize117,44kB\">plik do pobrania<\/a><\/p>\n<p><span style=\"font-size: 12pt;\"><strong>\u21d2<\/strong><\/span> S\u0142ownictwo wykorzystywane w opisie efekt\u00f3w uczenia si\u0119<br \/>\n\u2192 <a href=\"https:\/\/us.edu.pl\/pracownik\/wp-content\/uploads\/sites\/2\/Editor\/sprawy-dydatktyczne\/karta-kierunku\/wytyczne-KK-instrukcja\/Slownictwo-wykorzystywane-w-opisie-efektow-uczenia-sie.pdf\" class=\"mtli_attachment mtli_pdf\" data-mtli=\"mtli_filesize103,05kB\">plik do pobrania<\/a><\/p>\n<p><strong><span style=\"font-size: 12pt;\">\u21d2<\/span><\/strong>\u00a0Rozk\u0142ad godzin modu\u0142\u00f3w og\u00f3lnouniwersyteckich dla studi\u00f3w stacjonarnych I stopnia (modu\u0142y obszarowe, OMU, lektoraty, w-f)<br \/>\n\u2192 <a href=\"https:\/\/us.edu.pl\/pracownik\/wp-content\/uploads\/sites\/2\/Editor\/sprawy-dydatktyczne\/karta-kierunku\/wytyczne-KK-instrukcja\/NKS-rozklad-godzin-i-ECTS_stacjonarne.pdf\" class=\"mtli_attachment mtli_pdf\" data-mtli=\"mtli_filesize261,21kB\">plik do pobrania<\/a><\/p>\n<p><span style=\"font-size: 12pt;\"><strong>\u21d2<\/strong> <\/span>Rozk\u0142ad godzin modu\u0142\u00f3w og\u00f3lnouniwersyteckich dla studi\u00f3w niestacjonarnych I stopnia (modu\u0142y obszarowe, OMU, lektoraty, w-f)<br \/>\n\u2192 <a href=\"https:\/\/us.edu.pl\/pracownik\/wp-content\/uploads\/sites\/2\/Editor\/sprawy-dydatktyczne\/karta-kierunku\/wytyczne-KK-instrukcja\/NKS-rozklad-godzin-i-ECTS_studia-niestacjonarne.pdf\" class=\"mtli_attachment mtli_pdf\" data-mtli=\"mtli_filesize266,36kB\">plik do pobrania<\/a><\/p>\n<p><span style=\"font-size: 12pt;\"><strong>\u21d2<\/strong> <\/span>Rozk\u0142ad godzin modu\u0142\u00f3w dla kszta\u0142cenia nauczycielskiego na studiach stacjonarnych I i II stopnia<br \/>\n\u2192 <a href=\"https:\/\/us.edu.pl\/pracownik\/wp-content\/uploads\/sites\/2\/Editor\/sprawy-dydatktyczne\/karta-kierunku\/wytyczne-KK-instrukcja\/Ksztalcenie-nauczycielskie-rozklad-godzin-i-ECTS-_-I-i-II-stopien.pdf\" class=\"mtli_attachment mtli_pdf\" data-mtli=\"mtli_filesize294,96kB\">plik do pobrania<\/a><\/p>\n<p><span style=\"font-size: 12pt;\"><strong>\u21d2<\/strong><\/span>\u00a0S\u0142ownik metod prowadzenia zaj\u0119\u0107<br \/>\n\u2192 <a href=\"https:\/\/us.edu.pl\/pracownik\/wp-content\/uploads\/sites\/2\/Editor\/sprawy-dydatktyczne\/karta-kierunku\/wytyczne-KK-instrukcja\/Slownik-metod-prowadzenia-zajec.pdf\" class=\"mtli_attachment mtli_pdf\" data-mtli=\"mtli_filesize340,10kB\">plik do pobrania<\/a><\/p>\n<p><span style=\"font-size: 12pt;\"><strong>\u21d2<\/strong><\/span>\u00a0S\u0142ownik rodzaj\u00f3w pracy w\u0142asnej studenta<br \/>\n\u2192\u00a0<a href=\"https:\/\/us.edu.pl\/pracownik\/wp-content\/uploads\/sites\/2\/Editor\/sprawy-dydatktyczne\/karta-kierunku\/wytyczne-KK-instrukcja\/Slownik-rodzajow-pracy-wlasnej-studenta.pdf\" class=\"mtli_attachment mtli_pdf\" data-mtli=\"mtli_filesize148,79kB\">plik do pobrania<\/a><\/p>\n<p><span style=\"font-size: 12pt;\"><strong>\u21d2<\/strong> <\/span>Wz\u00f3r opisu modu\u0142u projektowego &#8211; 30h i 3 ECTS<br \/>\n\u2192 <a href=\"https:\/\/us.edu.pl\/pracownik\/wp-content\/uploads\/sites\/2\/Editor\/sprawy-dydatktyczne\/karta-kierunku\/wytyczne-KK-instrukcja\/Wzor-opisu-modulu-projektowego-30h-i-3-pkt-ECTS.pdf\" class=\"mtli_attachment mtli_pdf\" data-mtli=\"mtli_filesize292,45kB\">plik do pobrania<\/a><\/p>\n<p><span style=\"font-size: 12pt;\"><strong>\u21d2<\/strong><\/span> Wz\u00f3r opisu modu\u0142u projektowego &#8211; 15h i 2 ECTS<br \/>\n\u2192 <a href=\"https:\/\/us.edu.pl\/pracownik\/wp-content\/uploads\/sites\/2\/Editor\/sprawy-dydatktyczne\/karta-kierunku\/wytyczne-KK-instrukcja\/Wzor-opisu-modulu-projektowego-15h-i-2-pkt-ECTS.pdf\" class=\"mtli_attachment mtli_pdf\" data-mtli=\"mtli_filesize291,74kB\">plik do pobrania<\/a><\/p>\n<p><span style=\"font-size: 12pt;\"><strong>\u21d2\u00a0<\/strong><\/span>Wideotutorial, jak obs\u0142ugiwa\u0107 Kart\u0119 Kierunku \u2013 adresowany dla dyrekcji kierunk\u00f3w studi\u00f3w i innych os\u00f3b posiadaj\u0105cych uprawnienia w systemie<br \/>\n\u2192 <a href=\"https:\/\/uniwersytetslaski.sharepoint.com\/:v:\/s\/BiuroJakociKsztacenia\/IQCcxwxy4cjNSLUz9JygRZUMAV0itamJ6AGOG2U4s85vBSQ\">link do nagrania<\/a><\/p>\n<p><strong><span style=\"font-size: 12pt;\">\u21d2\u00a0<\/span><\/strong>Wideotutorial, jak wprowadza\u0107 opisy modu\u0142\u00f3w za po\u015brednictwem strony informator.us.edu.pl<br \/>\n\u2192 <a href=\"https:\/\/uniwersytetslaski.sharepoint.com\/:v:\/s\/BiuroJakociKsztacenia\/IQD2xuD-6KIRR4x8SA1XpMOqATVEKKVR0Eo1WHCJo056kVM\">link do nagrania<\/a> \r\n                                <div class=\"mt-3\"><\/div>\r\n                            <\/div>\r\n                            \r\n                            <div class=\"text-modules__img\"><img src=\"https:\/\/us.edu.pl\/pracownik\/wp-content\/uploads\/sites\/2\/Bez-kategorii\/ikona-dokument-granat-150x150-2.png\" alt=\"img\"><\/div>\r\n                        <\/div>\r\n                    <\/div>\r\n                <\/div>[\/vc_column][\/vc_row]<\/p>\n<style type=\"text\/css\">a[data-mtli~=\"mtli_filesize897,01kB\"]:after {content:\" (897,01 kB)\"}a[data-mtli~=\"mtli_filesize432,08kB\"]:after {content:\" (432,08 kB)\"}a[data-mtli~=\"mtli_filesize117,44kB\"]:after {content:\" (117,44 kB)\"}a[data-mtli~=\"mtli_filesize103,05kB\"]:after {content:\" (103,05 kB)\"}a[data-mtli~=\"mtli_filesize261,21kB\"]:after {content:\" (261,21 kB)\"}a[data-mtli~=\"mtli_filesize266,36kB\"]:after {content:\" (266,36 kB)\"}a[data-mtli~=\"mtli_filesize294,96kB\"]:after {content:\" (294,96 kB)\"}a[data-mtli~=\"mtli_filesize340,10kB\"]:after {content:\" (340,10 kB)\"}a[data-mtli~=\"mtli_filesize148,79kB\"]:after {content:\" (148,79 kB)\"}a[data-mtli~=\"mtli_filesize292,45kB\"]:after {content:\" (292,45 kB)\"}a[data-mtli~=\"mtli_filesize291,74kB\"]:after {content:\" (291,74 kB)\"}<\/style>","protected":false},"excerpt":{"rendered":"<p>[vc_row][vc_column][\/vc_column][\/vc_row] [&#8230;]<\/p>\n<p><a class=\"btn btn-secondary understrap-read-more-link\" href=\"https:\/\/us.edu.pl\/pracownik\/sprawy-dydaktyczne\/karta-kierunku\/szkolenia-i-dokumenty-wewnetrzne\/\">Read More&#8230;<\/a><\/p>\n","protected":false},"author":41,"featured_media":0,"parent":2255,"menu_order":432,"comment_status":"closed","ping_status":"closed","template":"page-templates\/inner-page.php","meta":{"_expiration-date-status":"","_expiration-date":0,"_expiration-date-type":"","_expiration-date-categories":[],"_expiration-date-options":[]},"acf":[],"_links":{"self":[{"href":"https:\/\/us.edu.pl\/pracownik\/wp-json\/wp\/v2\/pages\/23807"}],"collection":[{"href":"https:\/\/us.edu.pl\/pracownik\/wp-json\/wp\/v2\/pages"}],"about":[{"href":"https:\/\/us.edu.pl\/pracownik\/wp-json\/wp\/v2\/types\/page"}],"author":[{"embeddable":true,"href":"https:\/\/us.edu.pl\/pracownik\/wp-json\/wp\/v2\/users\/41"}],"replies":[{"embeddable":true,"href":"https:\/\/us.edu.pl\/pracownik\/wp-json\/wp\/v2\/comments?post=23807"}],"version-history":[{"count":10,"href":"https:\/\/us.edu.pl\/pracownik\/wp-json\/wp\/v2\/pages\/23807\/revisions"}],"predecessor-version":[{"id":42908,"href":"https:\/\/us.edu.pl\/pracownik\/wp-json\/wp\/v2\/pages\/23807\/revisions\/42908"}],"up":[{"embeddable":true,"href":"https:\/\/us.edu.pl\/pracownik\/wp-json\/wp\/v2\/pages\/2255"}],"wp:attachment":[{"href":"https:\/\/us.edu.pl\/pracownik\/wp-json\/wp\/v2\/media?parent=23807"}],"curies":[{"name":"wp","href":"https:\/\/api.w.org\/{rel}","templated":true}]}}