{"id":23960,"date":"2024-01-09T12:17:00","date_gmt":"2024-01-09T11:17:00","guid":{"rendered":"https:\/\/us.edu.pl\/pracownik\/?page_id=23960"},"modified":"2024-01-11T11:45:59","modified_gmt":"2024-01-11T10:45:59","slug":"posiedzenie-komisji-11-01-2024","status":"publish","type":"page","link":"https:\/\/us.edu.pl\/pracownik\/sprawy-dydaktyczne\/senacka-komisja-ds-ksztalcenia\/senacka-komisja-ds-ksztalcenia-sklad-komisji\/kadencja-2020-2024\/posiedzenie-komisji-11-01-2024\/","title":{"rendered":"Posiedzenie komisji &#8211; 11.01.2024"},"content":{"rendered":"<p>[vc_row][vc_column]\r\n                <div class=\"text-modules\">\r\n                    <div class=\"container\">\r\n                        <h3 class=\"page-title text__title\">Posiedzenie Komisji ds. kszta\u0142cenia i student\u00f3w - 11 stycznia 2024 r.<\/h3>\r\n                        <div class=\"text-modules__content\"><p>Posiedzenie Komisji ds. kszta\u0142cenia i student\u00f3w, kt\u00f3re odb\u0119dzie si\u0119 w czwartek <strong>11 stycznia 2024 r. o godz. 13.00 w sali 1.20<\/strong> w budynku Rektoratu Uniwersytetu \u015al\u0105skiego.<\/p>\n<p>&nbsp;<\/p>\n<p>Planowany porz\u0105dek posiedzenia:<\/p>\n<ol>\n<li>Komunikaty Prorektorki ds. kszta\u0142cenia i student\u00f3w.<\/li>\n<li>Opinia do wniosku inicjuj\u0105cego utworzenie nowego kierunku studi\u00f3w na Wydziale Humanistycznym: <strong><em><a href=\"https:\/\/us.edu.pl\/pracownik\/wp-content\/uploads\/sites\/2\/Editor\/sprawy-dydatktyczne\/Komisja-ksztalcenia\/Kadencja-2020-2024\/20232024\/11-stycznia\/wniosek-o-utworzenie-nowego-kierunku.pdf\" class=\"mtli_attachment mtli_pdf\" data-mtli=\"mtli_filesize448,08kB\" class=\"mtli_attachment mtli_pdf\" data-mtli=\"mtli_filesize448,08kB\">Humanistyka \u015brodowiskowa<\/a>, <\/em><\/strong>studia stacjonarne pierwszego stopnia.<\/li>\n<li>Opinia do wniosku w sprawie ustalenia programu studi\u00f3w dla nowego kierunku studi\u00f3w: <strong><em><a href=\"https:\/\/us.edu.pl\/pracownik\/wp-content\/uploads\/sites\/2\/Editor\/sprawy-dydatktyczne\/Komisja-ksztalcenia\/Kadencja-2020-2024\/20232024\/11-stycznia\/Zarzadzanie-w-kulturze-i-przemyslach-kreatywnych.zip\">Zarz\u0105dzanie w kulturze i przemys\u0142ach kreatywnych<\/a>, <\/em><\/strong>studia stacjonarne pierwszego stopnia.<\/li>\n<li>Organizacja zaj\u0119\u0107 og\u00f3lnouniwersyteckich &#8211; OOD oraz kszta\u0142cenie obszarowe.<\/li>\n<li>Wolne wnioski. ( terminarze rekrutacji 2024_2025 &#8211; <strong><a href=\"https:\/\/us.edu.pl\/pracownik\/wp-content\/uploads\/sites\/2\/Editor\/sprawy-dydatktyczne\/Komisja-ksztalcenia\/Kadencja-2020-2024\/20232024\/11-stycznia\/Terminarz-ramowy-2024_2025_I-stopnia-_jedn_mgr.xls\" class=\"mtli_attachment mtli_xls\" data-mtli=\"mtli_filesize38,50kB\" class=\"mtli_attachment mtli_xls\" data-mtli=\"mtli_filesize38,50kB\">studia I stopnia i jednolite magisterskie<\/a>,<\/strong>\u00a0 <strong><a href=\"https:\/\/us.edu.pl\/pracownik\/wp-content\/uploads\/sites\/2\/Editor\/sprawy-dydatktyczne\/Komisja-ksztalcenia\/Kadencja-2020-2024\/20232024\/11-stycznia\/Terminarz-2024_2025_II-stopien.xls\" class=\"mtli_attachment mtli_xls\" data-mtli=\"mtli_filesize38,50kB\" class=\"mtli_attachment mtli_xls\" data-mtli=\"mtli_filesize38,50kB\">studia II stopnia<\/a> <\/strong>)<\/li>\n<\/ol>\n<p>\n<style type=\"text\/css\">a[data-mtli~=\"mtli_filesize448,08kB\"]:after {content:\" (448,08 kB)\"}a[data-mtli~=\"mtli_filesize38,50kB\"]:after {content:\" (38,50 kB)\"}<\/style><\/div>\r\n                    <\/div>\r\n                <\/div>[\/vc_column][\/vc_row]<\/p>\n<style type=\"text\/css\">a[data-mtli~=\"mtli_filesize448,08kB\"]:after {content:\" (448,08 kB)\"}a[data-mtli~=\"mtli_filesize38,50kB\"]:after {content:\" (38,50 kB)\"}<\/style>","protected":false},"excerpt":{"rendered":"<p>[vc_row][vc_column][\/vc_column][\/vc_row] [&#8230;]<\/p>\n<p><a class=\"btn btn-secondary understrap-read-more-link\" href=\"https:\/\/us.edu.pl\/pracownik\/sprawy-dydaktyczne\/senacka-komisja-ds-ksztalcenia\/senacka-komisja-ds-ksztalcenia-sklad-komisji\/kadencja-2020-2024\/posiedzenie-komisji-11-01-2024\/\">Read More&#8230;<\/a><\/p>\n","protected":false},"author":31,"featured_media":0,"parent":5151,"menu_order":-35,"comment_status":"closed","ping_status":"closed","template":"page-templates\/inner-page.php","meta":{"_expiration-date-status":"saved","_expiration-date":0,"_expiration-date-type":"","_expiration-date-categories":[],"_expiration-date-options":[]},"acf":[],"_links":{"self":[{"href":"https:\/\/us.edu.pl\/pracownik\/wp-json\/wp\/v2\/pages\/23960"}],"collection":[{"href":"https:\/\/us.edu.pl\/pracownik\/wp-json\/wp\/v2\/pages"}],"about":[{"href":"https:\/\/us.edu.pl\/pracownik\/wp-json\/wp\/v2\/types\/page"}],"author":[{"embeddable":true,"href":"https:\/\/us.edu.pl\/pracownik\/wp-json\/wp\/v2\/users\/31"}],"replies":[{"embeddable":true,"href":"https:\/\/us.edu.pl\/pracownik\/wp-json\/wp\/v2\/comments?post=23960"}],"version-history":[{"count":4,"href":"https:\/\/us.edu.pl\/pracownik\/wp-json\/wp\/v2\/pages\/23960\/revisions"}],"predecessor-version":[{"id":23975,"href":"https:\/\/us.edu.pl\/pracownik\/wp-json\/wp\/v2\/pages\/23960\/revisions\/23975"}],"up":[{"embeddable":true,"href":"https:\/\/us.edu.pl\/pracownik\/wp-json\/wp\/v2\/pages\/5151"}],"wp:attachment":[{"href":"https:\/\/us.edu.pl\/pracownik\/wp-json\/wp\/v2\/media?parent=23960"}],"curies":[{"name":"wp","href":"https:\/\/api.w.org\/{rel}","templated":true}]}}