{"id":24106,"date":"2024-01-26T11:43:34","date_gmt":"2024-01-26T10:43:34","guid":{"rendered":"https:\/\/us.edu.pl\/pracownik\/?page_id=24106"},"modified":"2024-02-12T08:00:03","modified_gmt":"2024-02-12T07:00:03","slug":"projekty-2023","status":"publish","type":"page","link":"https:\/\/us.edu.pl\/pracownik\/projekty-2023\/","title":{"rendered":"Projekty 2023"},"content":{"rendered":"<p>[vc_row][vc_column]\r\n                <div class=\"text-modules\">\r\n                    <div class=\"container\">\r\n                        <h3 class=\"page-title text__title\">Projekty 2023<\/h3>\r\n                        <div class=\"text-modules__content\"><p>Informacje o z\u0142o\u017conych wnioskach projektowych i wygranych konkursach przez Uniwersytet \u015al\u0105ski w Katowicach w 2023 roku.<\/p>\n<\/div>\r\n                    <\/div>\r\n                <\/div>[\/vc_column][\/vc_row]<\/p>","protected":false},"excerpt":{"rendered":"<p>[vc_row][vc_column][\/vc_column][\/vc_row] [&#8230;]<\/p>\n<p><a class=\"btn btn-secondary understrap-read-more-link\" href=\"https:\/\/us.edu.pl\/pracownik\/projekty-2023\/\">Read More&#8230;<\/a><\/p>\n","protected":false},"author":41,"featured_media":0,"parent":0,"menu_order":23,"comment_status":"closed","ping_status":"closed","template":"page-templates\/inner-page-with-bookmarks.php","meta":{"_expiration-date-status":"","_expiration-date":0,"_expiration-date-type":"","_expiration-date-categories":[],"_expiration-date-options":[]},"acf":[],"_links":{"self":[{"href":"https:\/\/us.edu.pl\/pracownik\/wp-json\/wp\/v2\/pages\/24106"}],"collection":[{"href":"https:\/\/us.edu.pl\/pracownik\/wp-json\/wp\/v2\/pages"}],"about":[{"href":"https:\/\/us.edu.pl\/pracownik\/wp-json\/wp\/v2\/types\/page"}],"author":[{"embeddable":true,"href":"https:\/\/us.edu.pl\/pracownik\/wp-json\/wp\/v2\/users\/41"}],"replies":[{"embeddable":true,"href":"https:\/\/us.edu.pl\/pracownik\/wp-json\/wp\/v2\/comments?post=24106"}],"version-history":[{"count":8,"href":"https:\/\/us.edu.pl\/pracownik\/wp-json\/wp\/v2\/pages\/24106\/revisions"}],"predecessor-version":[{"id":24265,"href":"https:\/\/us.edu.pl\/pracownik\/wp-json\/wp\/v2\/pages\/24106\/revisions\/24265"}],"wp:attachment":[{"href":"https:\/\/us.edu.pl\/pracownik\/wp-json\/wp\/v2\/media?parent=24106"}],"curies":[{"name":"wp","href":"https:\/\/api.w.org\/{rel}","templated":true}]}}