{"id":2412,"date":"2019-10-23T08:29:58","date_gmt":"2019-10-23T06:29:58","guid":{"rendered":"https:\/\/us.edu.pl\/pracownik\/?page_id=2412"},"modified":"2025-08-27T13:34:27","modified_gmt":"2025-08-27T11:34:27","slug":"system-wydruku","status":"publish","type":"page","link":"https:\/\/us.edu.pl\/pracownik\/procedury-i-obieg-dokumentow\/logistyka\/system-wydruku\/","title":{"rendered":"System wydruku"},"content":{"rendered":"<p>[vc_row][vc_column][\/vc_column][\/vc_row][vc_row][vc_column]\r\n                <div class=\"text-modules\">\r\n                    <div class=\"container\">\r\n                        <h3 class=\"page-title text__title\">System wydruku<\/h3>\r\n                        <div class=\"text-modules__content\"><p><strong>Zg\u0142oszenie awarii w dzia\u0142aniu urz\u0105dzenia &#8211; <a href=\"https:\/\/us.edu.pl\/pracownik\/wp-content\/uploads\/sites\/2\/Bez-kategorii\/S-nr-ident-data.docx\" class=\"mtli_attachment mtli_docx\" data-mtli=\"mtli_filesize16,97kB\" class=\"mtli_attachment mtli_docx\" data-mtli=\"mtli_filesize16,97kB\">S-nr ident &#8211; data<\/a><\/strong><\/p>\n<p>&nbsp;<\/p>\n<p><strong>Zapotrzebowanie na toner &#8211; <a href=\"https:\/\/us.edu.pl\/pracownik\/wp-content\/uploads\/sites\/2\/Bez-kategorii\/T-nr-ident-data.docx\" class=\"mtli_attachment mtli_docx\" data-mtli=\"mtli_filesize17,36kB\" class=\"mtli_attachment mtli_docx\" data-mtli=\"mtli_filesize17,36kB\">T-nr ident &#8211; data<\/a><\/strong><\/p>\n<p>&nbsp;<\/p>\n<p>W ramach zawartej umowy nr DZP.382.4.16.2025<strong><em>\u00a0<\/em><\/strong>U\u015a ma mo\u017cliwo\u015b\u0107 dzier\u017cawienia urz\u0105dze\u0144 wielofunkcyjnych w ilo\u015bci do 35 szt. urz\u0105dze\u0144 segmentu U-DP-A3K, oraz do 20 szt. urz\u0105dze\u0144 segmentu U-DP-A4K.<\/p>\n<p>W celu realizacji dzier\u017cawy urz\u0105dzenia konieczne jest przygotowanie, podpisanie i przes\u0142anie na adres <a href=\"mailto:printoscope-l@us.edu.pl\">printoscope-l@us.edu.pl<\/a> skanu zg\u0142oszenia potrzeby wydzier\u017cawienia urz\u0105dzenia wg poni\u017cszego wzoru.<\/p>\n<p><strong><a href=\"https:\/\/us.edu.pl\/pracownik\/wp-content\/uploads\/sites\/2\/Bez-kategorii\/Zgloszenie-dotyczace-dzierzawy-urzadzenia.docx\" class=\"mtli_attachment mtli_docx\" data-mtli=\"mtli_filesize19,81kB\" class=\"mtli_attachment mtli_docx\" data-mtli=\"mtli_filesize19,81kB\">Zg\u0142oszenie dotycz\u0105ce dzier\u017cawy urz\u0105dzenia<\/a><\/strong><\/p>\n<p>&nbsp;<\/p>\n<p><span style=\"text-decoration: underline;\">W zakresie dzier\u017cawy dost\u0119pne s\u0105 urz\u0105dzenia:<\/span><\/p>\n<p>U-DP-A3K \u2013 urz\u0105dzenie kolorowe format A3\u00a0\u00a0\u00a0\u00a0\u00a0\u00a0 koszt dzier\u017cawy &#8211; <strong>15 z\u0142 netto\/ dzie\u0144<\/strong><\/p>\n<p>U-DP-A4K &#8211; urz\u0105dzenie kolorowe format A4\u00a0\u00a0\u00a0\u00a0\u00a0\u00a0\u00a0 koszt dzier\u017cawy &#8211; <strong>10\u00a0z\u0142 netto\/ dzie\u0144<\/strong><\/p>\n<p>&nbsp;<\/p>\n<p>Rezygnacja z dzier\u017cawy urz\u0105dzenia wymaga przygotowania i przes\u0142ania na adres <a href=\"mailto:printoscope-l@us.edu.pl\">printoscope-l@us.edu.pl<\/a> skanu zg\u0142oszenia zako\u0144czenia dzier\u017cawy urz\u0105dzenia wg poni\u017cszego wzoru.<\/p>\n<p>&nbsp;<\/p>\n<p><a href=\"https:\/\/us.edu.pl\/pracownik\/wp-content\/uploads\/sites\/2\/Editor\/logistyka\/System-drukowania-i-kopiowania\/Zgloszenie-zakonczenia-udostepniania-urzadzenia-1.docx\" class=\"mtli_attachment mtli_docx\" data-mtli=\"mtli_filesize16,58kB\" class=\"mtli_attachment mtli_docx\" data-mtli=\"mtli_filesize16,58kB\"><strong>Zg\u0142oszenie zako\u0144czenia dzier\u017cawy urz\u0105dzenia<\/strong><\/a><\/p>\n<p>&nbsp;<\/p>\n<p>Maksymalny okres dzier\u017cawy urz\u0105dzenia mo\u017ce trwa\u0107 do dnia zako\u0144czenia umowy.<\/p>\n<p>Z tym dniem niezako\u0144czone wcze\u015bniej dzier\u017cawy wygasn\u0105 automatycznie, co spowoduje odebranie przez Wykonawc\u0119 dzier\u017cawionych urz\u0105dze\u0144.<\/p>\n<p>&nbsp;<\/p>\n<p><u>W zakresie zakupu urz\u0105dze\u0144 w ramach umowy dost\u0119pne s\u0105 urz\u0105dzenia:<\/u><\/p>\n<table style=\"width: 102.066%; height: 120px;\" border=\".\">\n<tbody>\n<tr style=\"height: 99px;\">\n<td style=\"width: 11.8392%; height: 99px;\"><span style=\"font-size: 10pt;\">DP-A3K<\/span><\/td>\n<td style=\"width: 17.5638%; height: 99px;\"><span style=\"font-size: 10pt;\">model: IM C3010<\/span><\/p>\n<p><span style=\"font-size: 10pt;\">2 sztuki<\/span><\/td>\n<td style=\"width: 27.0084%; height: 99px;\"><span style=\"font-size: 10pt;\">cena: 16 800 PLN netto<\/span><\/td>\n<td style=\"width: 43.7505%; height: 99px;\"><span style=\"font-size: 10pt;\">urz\u0105dz. dla gr. roboczej rozliczane z licznika<\/span><\/td>\n<\/tr>\n<tr style=\"height: 37px;\">\n<td style=\"width: 11.8392%; height: 21px;\"><span style=\"font-size: 10pt;\">DP-A4K<\/span><\/td>\n<td style=\"width: 17.5638%; height: 21px;\"><span style=\"font-size: 10pt;\">model: IM C300<\/span><\/p>\n<p><span style=\"font-size: 10pt;\">6 sztuk<\/span><\/td>\n<td style=\"width: 27.0084%; height: 21px;\"><span style=\"font-size: 10pt;\">cena: 10 600 PLN netto<\/span><\/td>\n<td style=\"width: 43.7505%; height: 21px;\"><span style=\"font-size: 10pt;\">urz\u0105dz. dla gr. roboczej rozliczane z licznika<\/span><\/td>\n<\/tr>\n<\/tbody>\n<\/table>\n<p>&nbsp;<\/p>\n<p>Ilo\u015b\u0107 aktualnie dost\u0119pnych urz\u0105dze\u0144 zgodnie z zawart\u0105 umow\u0105 dost\u0119pna jest w Dziale Logistyki.<\/p>\n<style type=\"text\/css\">a[data-mtli~=\"mtli_filesize16,97kB\"]:after {content:\" (16,97 kB)\"}a[data-mtli~=\"mtli_filesize17,36kB\"]:after {content:\" (17,36 kB)\"}a[data-mtli~=\"mtli_filesize19,81kB\"]:after {content:\" (19,81 kB)\"}a[data-mtli~=\"mtli_filesize16,58kB\"]:after {content:\" (16,58 kB)\"}<\/style><\/div>\r\n                    <\/div>\r\n                <\/div>[\/vc_column][\/vc_row][vc_row][vc_column]\r\n\t\t\t\t<div class='container'>\r\n\t\t\t\t\t<div class='list-links list-links_'>\r\n\t\t\t\t\t\t  \r\n\t\t\t\t\t\t  <ul><\/ul>\r\n\t\t\t\t\t<\/div>\r\n\t\t\t\t<\/div>   \r\n\t\t\t\t\t[\/vc_column][\/vc_row]<\/p>\n<style type=\"text\/css\">a[data-mtli~=\"mtli_filesize16,97kB\"]:after {content:\" (16,97 kB)\"}a[data-mtli~=\"mtli_filesize17,36kB\"]:after {content:\" (17,36 kB)\"}a[data-mtli~=\"mtli_filesize19,81kB\"]:after {content:\" (19,81 kB)\"}a[data-mtli~=\"mtli_filesize16,58kB\"]:after {content:\" (16,58 kB)\"}<\/style>","protected":false},"excerpt":{"rendered":"<p>[vc_row][vc_column][\/vc_column][\/vc_row][vc_row][vc_column][\/vc_column][\/vc_row][vc_row][vc_column][\/vc_column][\/vc_row] [&#8230;]<\/p>\n<p><a class=\"btn btn-secondary understrap-read-more-link\" href=\"https:\/\/us.edu.pl\/pracownik\/procedury-i-obieg-dokumentow\/logistyka\/system-wydruku\/\">Read More&#8230;<\/a><\/p>\n","protected":false},"author":41,"featured_media":0,"parent":2168,"menu_order":297,"comment_status":"closed","ping_status":"closed","template":"page-templates\/inner-page-with-bookmarks.php","meta":{"_expiration-date-status":"saved","_expiration-date":0,"_expiration-date-type":"","_expiration-date-categories":[],"_expiration-date-options":[]},"acf":[],"_links":{"self":[{"href":"https:\/\/us.edu.pl\/pracownik\/wp-json\/wp\/v2\/pages\/2412"}],"collection":[{"href":"https:\/\/us.edu.pl\/pracownik\/wp-json\/wp\/v2\/pages"}],"about":[{"href":"https:\/\/us.edu.pl\/pracownik\/wp-json\/wp\/v2\/types\/page"}],"author":[{"embeddable":true,"href":"https:\/\/us.edu.pl\/pracownik\/wp-json\/wp\/v2\/users\/41"}],"replies":[{"embeddable":true,"href":"https:\/\/us.edu.pl\/pracownik\/wp-json\/wp\/v2\/comments?post=2412"}],"version-history":[{"count":10,"href":"https:\/\/us.edu.pl\/pracownik\/wp-json\/wp\/v2\/pages\/2412\/revisions"}],"predecessor-version":[{"id":40773,"href":"https:\/\/us.edu.pl\/pracownik\/wp-json\/wp\/v2\/pages\/2412\/revisions\/40773"}],"up":[{"embeddable":true,"href":"https:\/\/us.edu.pl\/pracownik\/wp-json\/wp\/v2\/pages\/2168"}],"wp:attachment":[{"href":"https:\/\/us.edu.pl\/pracownik\/wp-json\/wp\/v2\/media?parent=2412"}],"curies":[{"name":"wp","href":"https:\/\/api.w.org\/{rel}","templated":true}]}}