{"id":24213,"date":"2024-02-07T09:30:18","date_gmt":"2024-02-07T08:30:18","guid":{"rendered":"https:\/\/us.edu.pl\/pracownik\/?page_id=24213"},"modified":"2024-03-29T11:56:42","modified_gmt":"2024-03-29T10:56:42","slug":"archiwum-oceny-okresowej-2023","status":"publish","type":"page","link":"https:\/\/us.edu.pl\/pracownik\/sprawy-pracownicze\/ocena-okresowa\/archiwum-oceny-okresowej-nauczyciela-akademickiego\/archiwum-oceny-okresowej-2023\/","title":{"rendered":"Archiwum oceny okresowej 2023"},"content":{"rendered":"<p>[vc_row][vc_column]\r\n                <div class=\"text-modules\">\r\n                    <div class=\"container\">\r\n                        <h3 class=\"page-title text__title\">Archiwum oceny okresowej 2023<\/h3>\r\n                        <div class=\"text-modules__content\"><\/p>\n<ol>\n<li>Ocenie okresowej podlegaj\u0105 nauczyciele akademiccy zatrudnieni w Uniwersytecie, z wyj\u0105tkiem rektora.<\/li>\n<li>Oceny okresowej nauczyciela akademickiego dokonuje si\u0119 nie rzadziej ni\u017c raz na cztery lata lub na wniosek rektora.<\/li>\n<li>Z inicjatyw\u0105 przeprowadzenia indywidualnej oceny okresowej mo\u017ce wyst\u0105pi\u0107 do rektora zainteresowany nauczyciel akademicki, w szczeg\u00f3lno\u015bci w zwi\u0105zku z ubieganiem si\u0119 o awans lub przed\u0142u\u017cenie zatrudnienia na podstawie umowy o prac\u0119 na czas nieokre\u015blony.<\/li>\n<li>Kryteria i tryb dokonywania oceny okresowej nauczycieli akademickich zatrudnionych w Uniwersytecie \u015al\u0105skim w Katowicach, jak r\u00f3wnie\u017c zasady i tryb powo\u0142ywania komisji oceniaj\u0105cych okre\u015bla w\u0142a\u015bciwe zarz\u0105dzenie rektora.<\/li>\n<\/ol>\n<p>&nbsp;<\/p>\n<p>W razie stwierdzenia braku lub b\u0142\u0119d\u00f3w w danych zamieszczonych w Portalu Pracownika mo\u017cna skontaktowa\u0107 si\u0119 \u00a0z:<\/p>\n<ul>\n<li>publikacje, dorobek naukowy lub artystyczny afiliowane dla U\u015a &#8211; CINiBA: <a href=\"mailto:bibliogr@ciniba.edu.pl\">bibliogr@ciniba.edu.pl<\/a>;<\/li>\n<li>projekty finansowane ze \u015brodk\u00f3w zewn\u0119trznych i wnioski sk\u0142adane w konkursach &#8211; Dzia\u0142 Projekt\u00f3w: <a href=\"mailto:projekty@us.edu.pl\">projekty@us.edu.pl<\/a>;<\/li>\n<li>prace badawcze zlecone realizowane w Uniwersytecie lub poprzez SPIN-US &#8211; Biuro Wsp\u00f3\u0142pracy z Gospodark\u0105: <a href=\"mailto:transfer@us.edu.pl\">transfer@us.edu.pl<\/a>;<\/li>\n<li>projekty wynalazcze Biuro Rzecznik\u00f3w Patentowych U\u015a: <a href=\"mailto:brp@us.edu.pl\">brp@us.edu.pl<\/a>;<\/li>\n<\/ul>\n<p>\n<\/div>\r\n                    <\/div>\r\n                <\/div>[\/vc_column][\/vc_row]<\/p>","protected":false},"excerpt":{"rendered":"<p>[vc_row][vc_column][\/vc_column][\/vc_row] [&#8230;]<\/p>\n<p><a class=\"btn btn-secondary understrap-read-more-link\" href=\"https:\/\/us.edu.pl\/pracownik\/sprawy-pracownicze\/ocena-okresowa\/archiwum-oceny-okresowej-nauczyciela-akademickiego\/archiwum-oceny-okresowej-2023\/\">Read More&#8230;<\/a><\/p>\n","protected":false},"author":41,"featured_media":0,"parent":20404,"menu_order":92,"comment_status":"closed","ping_status":"closed","template":"page-templates\/inner-page-with-bookmarks.php","meta":{"_expiration-date-status":"","_expiration-date":0,"_expiration-date-type":"","_expiration-date-categories":[],"_expiration-date-options":[]},"acf":[],"_links":{"self":[{"href":"https:\/\/us.edu.pl\/pracownik\/wp-json\/wp\/v2\/pages\/24213"}],"collection":[{"href":"https:\/\/us.edu.pl\/pracownik\/wp-json\/wp\/v2\/pages"}],"about":[{"href":"https:\/\/us.edu.pl\/pracownik\/wp-json\/wp\/v2\/types\/page"}],"author":[{"embeddable":true,"href":"https:\/\/us.edu.pl\/pracownik\/wp-json\/wp\/v2\/users\/41"}],"replies":[{"embeddable":true,"href":"https:\/\/us.edu.pl\/pracownik\/wp-json\/wp\/v2\/comments?post=24213"}],"version-history":[{"count":5,"href":"https:\/\/us.edu.pl\/pracownik\/wp-json\/wp\/v2\/pages\/24213\/revisions"}],"predecessor-version":[{"id":25168,"href":"https:\/\/us.edu.pl\/pracownik\/wp-json\/wp\/v2\/pages\/24213\/revisions\/25168"}],"up":[{"embeddable":true,"href":"https:\/\/us.edu.pl\/pracownik\/wp-json\/wp\/v2\/pages\/20404"}],"wp:attachment":[{"href":"https:\/\/us.edu.pl\/pracownik\/wp-json\/wp\/v2\/media?parent=24213"}],"curies":[{"name":"wp","href":"https:\/\/api.w.org\/{rel}","templated":true}]}}