{"id":24607,"date":"2024-02-26T12:19:44","date_gmt":"2024-02-26T11:19:44","guid":{"rendered":"https:\/\/us.edu.pl\/pracownik\/?page_id=24607"},"modified":"2024-03-04T11:39:45","modified_gmt":"2024-03-04T10:39:45","slug":"programy-profilaktyki-zdrowia","status":"publish","type":"page","link":"https:\/\/us.edu.pl\/pracownik\/programy-profilaktyki-zdrowia\/","title":{"rendered":"programy profilaktyki zdrowia"},"content":{"rendered":"<p>[vc_row][vc_column][\/vc_column][\/vc_row][vc_row][vc_column]\r\n                <div class=\"text-modules\">\r\n                    <div class=\"container\">\r\n                        <h3 class=\"page-title text__title\">programy profilaktyki zdrowia dla kadry Uniwersytetu \u015al\u0105skiego<\/h3>\r\n                        <div class=\"text-modules__content\"><\/div>\r\n                    <\/div>\r\n                <\/div>[\/vc_column][\/vc_row][vc_row][vc_column]\r\n                <div class=\"text-modules \">\r\n                    <div class=\"container\">\r\n                         <h3 class=\"subtitle text-modules__subtitle\">profilaktyka zdrowia w 2024<\/h3>\r\n                        <div class=\"row m-0\">\r\n                            <div class=\"text-modules__content\">\r\n                                 \r\n                                <div class=\"mt-3\"><\/div>\r\n                            <\/div>\r\n                            \r\n                            \r\n                        <\/div>\r\n                    <\/div>\r\n                <\/div>[\/vc_column][\/vc_row][vc_row][vc_column]\r\n\t\t\t\t<div class='container'>\r\n\t\t\t\t\t<div class='list-links list-links_gray'>\r\n\t\t\t\t\t\t  \r\n\t\t\t\t\t\t  <ul>\r\n\t\t\t\t\t\t\t\t<li><a href='https:\/\/us.edu.pl\/pracownik\/2024\/03\/04\/profilaktyka-zdrowia-diety-nfz-program-nfz-i-ministerstwa-zdrowia\/'><p>Diety NFZ program NFZ i Ministerstwa Zdrowia<\/p><\/a><\/li>\r\n\t\t\t\t\t\t\t\t<li><a href='https:\/\/us.edu.pl\/pracownik\/2024\/02\/09\/zaproszenie-na-szczepienia-przeciwko-covid-19\/'><p>Zaproszenie na szczepienia przeciwko COVID-19<\/p><\/a><\/li>\r\n\t\t\t\t\t\t\t\t<li><a href='https:\/\/us.edu.pl\/pracownik\/2023\/11\/27\/zaproszenie-do-programu-szczepien-przeciwko-grypie-dla-pracownikow-us\/'><p>Zaproszenie do programu szczepie\u0144 przeciwko grypie dla pracownik\u00f3w U\u015a<\/p><\/a><\/li><\/ul>\r\n\t\t\t\t\t<\/div>\r\n\t\t\t\t<\/div>   \r\n\t\t\t\t\t[\/vc_column][\/vc_row][vc_row][vc_column]<div class=\"container\"><div class=\"separator\" style=\"background-color: #000000\"><\/div><\/div>[\/vc_column][\/vc_row][vc_row][vc_column]\r\n                <div class=\"text-modules \">\r\n                    <div class=\"container\">\r\n                         <h3 class=\"subtitle text-modules__subtitle\">profilaktyka zdrowia w 2023<\/h3>\r\n                        <div class=\"row m-0\">\r\n                            <div class=\"text-modules__content\">\r\n                                 \r\n                                <div class=\"mt-3\"><\/div>\r\n                            <\/div>\r\n                            \r\n                            \r\n                        <\/div>\r\n                    <\/div>\r\n                <\/div>[\/vc_column][\/vc_row][vc_row][vc_column]\r\n\t\t\t\t<div class='container'>\r\n\t\t\t\t\t<div class='list-links list-links_gray'>\r\n\t\t\t\t\t\t  \r\n\t\t\t\t\t\t  <ul>\r\n\t\t\t\t\t\t\t\t<li><a href='https:\/\/us.edu.pl\/pracownik\/2023\/11\/17\/zaproszenie-do-bezplatnych-badan-mammograficznych\/'><p>Mammobus przy rektoracie | zaproszenie do bezp\u0142atnych bada\u0144<\/p><\/a><\/li>\r\n\t\t\t\t\t\t\t\t<li><a href='https:\/\/us.edu.pl\/pracownik\/2023\/11\/17\/program-profilaktyka-40-plus-na-terenie-us-ostatni-termin-badan\/'><p>Program Profilaktyka 40 PLUS na terenie U\u015a | ostatni termin bada\u0144<\/p><\/a><\/li>\r\n\t\t\t\t\t\t\t\t<li><a href='https:\/\/us.edu.pl\/pracownik\/2023\/11\/17\/profilaktyka-zdrowia-badanie-na-osteoporoze\/'><p>Profilaktyka zdrowia | badanie na osteoporoz\u0119<\/p><\/a><\/li>\r\n\t\t\t\t\t\t\t\t<li><a href='https:\/\/us.edu.pl\/pracownik\/2023\/10\/20\/zaproszenie-do-udzialu-w-programie-profilaktyka-40-plus-3\/'><p>Zaproszenie do udzia\u0142u w programie Profilaktyka 40 PLUS<\/p><\/a><\/li><\/ul>\r\n\t\t\t\t\t<\/div>\r\n\t\t\t\t<\/div>   \r\n\t\t\t\t\t[\/vc_column][\/vc_row][vc_row][vc_column]<div class=\"container\"><div class=\"separator\" style=\"background-color: #000000\"><\/div><\/div>[\/vc_column][\/vc_row][vc_row][vc_column]\r\n                <div class=\"text-modules \">\r\n                    <div class=\"container\">\r\n                         <h3 class=\"subtitle text-modules__subtitle\">profilaktyka zdrowia w 2022<\/h3>\r\n                        <div class=\"row m-0\">\r\n                            <div class=\"text-modules__content\">\r\n                                 \r\n                                <div class=\"mt-3\"><\/div>\r\n                            <\/div>\r\n                            \r\n                            \r\n                        <\/div>\r\n                    <\/div>\r\n                <\/div>[\/vc_column][\/vc_row][vc_row][vc_column]\r\n\t\t\t\t<div class='container'>\r\n\t\t\t\t\t<div class='list-links list-links_gray'>\r\n\t\t\t\t\t\t  \r\n\t\t\t\t\t\t  <ul>\r\n\t\t\t\t\t\t\t\t<li><a href='https:\/\/us.edu.pl\/pracownik\/2022\/03\/21\/zaproszenie-do-udzialu-w-programie-profilaktyka-40-plus\/'><p>Zaproszenie do udzia\u0142u w programie Profilaktyka 40 PLUS <\/p><\/a><\/li>\r\n\t\t\t\t\t\t\t\t<li><a href='https:\/\/us.edu.pl\/pracownik\/2022\/03\/11\/darmowe-badania-wzroku-dla-pracownikow-us\/'><p>Darmowe badania wzroku dla pracownik\u00f3w U\u015a<\/p><\/a><\/li>\r\n\t\t\t\t\t\t\t\t<li><a href='https:\/\/us.edu.pl\/komunikat-rektora-w-sprawie-bezpieczenstwa-w-uniwersytecie-slaskim-w-zwiazku-z-covid-19\/'><p>Komunikat rektora w sprawie bezpiecze\u0144stwa w Uniwersytecie \u015al\u0105skim w zwi\u0105zku z COVID-19<\/p><\/a><\/li><\/ul>\r\n\t\t\t\t\t<\/div>\r\n\t\t\t\t<\/div>   \r\n\t\t\t\t\t[\/vc_column][\/vc_row][vc_row][vc_column]<div class=\"container\"><div class=\"separator\" style=\"background-color: #000000\"><\/div><\/div>[\/vc_column][\/vc_row][vc_row][vc_column]\r\n                <div class=\"text-modules \">\r\n                    <div class=\"container\">\r\n                         <h3 class=\"subtitle text-modules__subtitle\">profilaktyka zdrowia w 2021<\/h3>\r\n                        <div class=\"row m-0\">\r\n                            <div class=\"text-modules__content\">\r\n                                 \r\n                                <div class=\"mt-3\"><\/div>\r\n                            <\/div>\r\n                            \r\n                            \r\n                        <\/div>\r\n                    <\/div>\r\n                <\/div>[\/vc_column][\/vc_row][vc_row][vc_column]\r\n\t\t\t\t<div class='container'>\r\n\t\t\t\t\t<div class='list-links list-links_gray'>\r\n\t\t\t\t\t\t  \r\n\t\t\t\t\t\t  <ul>\r\n\t\t\t\t\t\t\t\t<li><a href='https:\/\/us.edu.pl\/komunikat-w-sprawie-szczepien-w-zakladach-pracy-uczelni\/'><p>Komunikat w sprawie szczepie\u0144 w zak\u0142adach pracy (uczelni)<\/p><\/a><\/li>\r\n\t\t\t\t\t\t\t\t<li><a href='https:\/\/us.edu.pl\/komunikat-w-sprawie-terminow-szczepien\/'><p>Komunikat w sprawie termin\u00f3w szczepie\u0144<\/p><\/a><\/li><\/ul>\r\n\t\t\t\t\t<\/div>\r\n\t\t\t\t<\/div>   \r\n\t\t\t\t\t[\/vc_column][\/vc_row]<\/p>","protected":false},"excerpt":{"rendered":"<p>[vc_row][vc_column][\/vc_column][\/vc_row][vc_row][vc_column][\/vc_column][\/vc_row][vc_row][vc_column][\/vc_column][\/vc_row][vc_row][vc_column][\/vc_column][\/vc_row][vc_row][vc_column][\/vc_column][\/vc_row][vc_row][vc_column][\/vc_column][\/vc_row][vc_row][vc_column][\/vc_column][\/vc_row][vc_row][vc_column][\/vc_column][\/vc_row][vc_row][vc_column][\/vc_column][\/vc_row][vc_row][vc_column][\/vc_column][\/vc_row][vc_row][vc_column][\/vc_column][\/vc_row][vc_row][vc_column][\/vc_column][\/vc_row][vc_row][vc_column][\/vc_column][\/vc_row] [&#8230;]<\/p>\n<p><a class=\"btn btn-secondary understrap-read-more-link\" href=\"https:\/\/us.edu.pl\/pracownik\/programy-profilaktyki-zdrowia\/\">Read More&#8230;<\/a><\/p>\n","protected":false},"author":41,"featured_media":0,"parent":0,"menu_order":21,"comment_status":"closed","ping_status":"closed","template":"","meta":{"_expiration-date-status":"","_expiration-date":0,"_expiration-date-type":"","_expiration-date-categories":[],"_expiration-date-options":[]},"acf":[],"_links":{"self":[{"href":"https:\/\/us.edu.pl\/pracownik\/wp-json\/wp\/v2\/pages\/24607"}],"collection":[{"href":"https:\/\/us.edu.pl\/pracownik\/wp-json\/wp\/v2\/pages"}],"about":[{"href":"https:\/\/us.edu.pl\/pracownik\/wp-json\/wp\/v2\/types\/page"}],"author":[{"embeddable":true,"href":"https:\/\/us.edu.pl\/pracownik\/wp-json\/wp\/v2\/users\/41"}],"replies":[{"embeddable":true,"href":"https:\/\/us.edu.pl\/pracownik\/wp-json\/wp\/v2\/comments?post=24607"}],"version-history":[{"count":9,"href":"https:\/\/us.edu.pl\/pracownik\/wp-json\/wp\/v2\/pages\/24607\/revisions"}],"predecessor-version":[{"id":24711,"href":"https:\/\/us.edu.pl\/pracownik\/wp-json\/wp\/v2\/pages\/24607\/revisions\/24711"}],"wp:attachment":[{"href":"https:\/\/us.edu.pl\/pracownik\/wp-json\/wp\/v2\/media?parent=24607"}],"curies":[{"name":"wp","href":"https:\/\/api.w.org\/{rel}","templated":true}]}}