{"id":24699,"date":"2024-03-04T08:14:09","date_gmt":"2024-03-04T07:14:09","guid":{"rendered":"https:\/\/us.edu.pl\/pracownik\/?page_id=24699"},"modified":"2024-03-07T10:35:22","modified_gmt":"2024-03-07T09:35:22","slug":"posiedzenie-komisji-07-03-2024","status":"publish","type":"page","link":"https:\/\/us.edu.pl\/pracownik\/sprawy-dydaktyczne\/senacka-komisja-ds-ksztalcenia\/senacka-komisja-ds-ksztalcenia-sklad-komisji\/kadencja-2020-2024\/posiedzenie-komisji-07-03-2024\/","title":{"rendered":"Posiedzenie komisji &#8211; 07.03.2024"},"content":{"rendered":"<p>[vc_row][vc_column]\r\n                <div class=\"text-modules\">\r\n                    <div class=\"container\">\r\n                        <h3 class=\"page-title text__title\">Posiedzenie Komisji ds. kszta\u0142cenia i student\u00f3w - 7 marca 2024 r.<\/h3>\r\n                        <div class=\"text-modules__content\"><p>Posiedzenie Komisji ds. kszta\u0142cenia i student\u00f3w, kt\u00f3re odb\u0119dzie si\u0119 w czwartek <strong>7 marca\u00a02024 r. o godz. 13.00 w sali 1.20<\/strong> w budynku Rektoratu Uniwersytetu \u015al\u0105skiego.<\/p>\n<p>&nbsp;<\/p>\n<p>Planowany porz\u0105dek posiedzenia:<\/p>\n<ol>\n<li>Komunikaty Prorektorki ds. kszta\u0142cenia i student\u00f3w.<\/li>\n<li>Uchwa\u0142a w sprawie przyj\u0119cia sprawozdania z <a href=\"https:\/\/us.edu.pl\/pracownik\/wp-content\/uploads\/sites\/2\/Editor\/sprawy-dydatktyczne\/Komisja-ksztalcenia\/Kadencja-2020-2024\/20232024\/7-marca\/Raport-z-oceny-jakosci-ksztalcenia-w-Uniwersytecie-Slaskim-w-roku-akad-2022-2023.docx\" class=\"mtli_attachment mtli_docx\" data-mtli=\"mtli_filesize352,51kB\" class=\"mtli_attachment mtli_docx\" data-mtli=\"mtli_filesize352,51kB\">Oceny jako\u015bci kszta\u0142cenia na Uniwersytecie \u015al\u0105skim w Katowicach za rok akademicki 2022\/2023<\/a>.<\/li>\n<li>Podj\u0119cie Uchwa\u0142y Komisji kszta\u0142cenia i student\u00f3w okre\u015blaj\u0105cej przes\u0142anki uzyskania dyplomu z wyr\u00f3\u017cnieniem.<\/li>\n<li>Informacja na temat <a href=\"https:\/\/us.edu.pl\/pracownik\/wp-content\/uploads\/sites\/2\/Editor\/sprawy-dydatktyczne\/Komisja-ksztalcenia\/Kadencja-2020-2024\/20232024\/7-marca\/2023_12_05_zarzadzenie-w-sprawie-nostryfiakcj2-WKU.docx\" class=\"mtli_attachment mtli_docx\" data-mtli=\"mtli_filesize35,20kB\" class=\"mtli_attachment mtli_docx\" data-mtli=\"mtli_filesize35,20kB\">Zarz\u0105dzenia Rektora w sprawie nostryfikacji dyplom\u00f3w uko\u0144czenia studi\u00f3w za granic\u0105 oraz potwierdzania uko\u0144czenia studi\u00f3w na okre\u015blonym poziomie w Uniwersytecie \u015al\u0105skim w Katowicach.<\/a><\/li>\n<li>Wdro\u017cenie procedury elektronicznego zatwierdzania <a href=\"https:\/\/us.edu.pl\/pracownik\/wp-content\/uploads\/sites\/2\/Editor\/sprawy-dydatktyczne\/Komisja-ksztalcenia\/Kadencja-2020-2024\/20232024\/7-marca\/KOOS.zip\">kart okresowych osi\u0105gni\u0119\u0107 studenta (KOOS)<\/a>.<\/li>\n<li>Wolne wnioski.<\/li>\n<\/ol>\n<p>\n<style type=\"text\/css\">a[data-mtli~=\"mtli_filesize352,51kB\"]:after {content:\" (352,51 kB)\"}a[data-mtli~=\"mtli_filesize35,20kB\"]:after {content:\" (35,20 kB)\"}<\/style><\/div>\r\n                    <\/div>\r\n                <\/div>[\/vc_column][\/vc_row]<\/p>\n<style type=\"text\/css\">a[data-mtli~=\"mtli_filesize352,51kB\"]:after {content:\" (352,51 kB)\"}a[data-mtli~=\"mtli_filesize35,20kB\"]:after {content:\" (35,20 kB)\"}<\/style>","protected":false},"excerpt":{"rendered":"<p>[vc_row][vc_column][\/vc_column][\/vc_row] [&#8230;]<\/p>\n<p><a class=\"btn btn-secondary understrap-read-more-link\" href=\"https:\/\/us.edu.pl\/pracownik\/sprawy-dydaktyczne\/senacka-komisja-ds-ksztalcenia\/senacka-komisja-ds-ksztalcenia-sklad-komisji\/kadencja-2020-2024\/posiedzenie-komisji-07-03-2024\/\">Read More&#8230;<\/a><\/p>\n","protected":false},"author":31,"featured_media":0,"parent":5151,"menu_order":-36,"comment_status":"closed","ping_status":"closed","template":"page-templates\/inner-page.php","meta":{"_expiration-date-status":"saved","_expiration-date":0,"_expiration-date-type":"","_expiration-date-categories":[],"_expiration-date-options":[]},"acf":[],"_links":{"self":[{"href":"https:\/\/us.edu.pl\/pracownik\/wp-json\/wp\/v2\/pages\/24699"}],"collection":[{"href":"https:\/\/us.edu.pl\/pracownik\/wp-json\/wp\/v2\/pages"}],"about":[{"href":"https:\/\/us.edu.pl\/pracownik\/wp-json\/wp\/v2\/types\/page"}],"author":[{"embeddable":true,"href":"https:\/\/us.edu.pl\/pracownik\/wp-json\/wp\/v2\/users\/31"}],"replies":[{"embeddable":true,"href":"https:\/\/us.edu.pl\/pracownik\/wp-json\/wp\/v2\/comments?post=24699"}],"version-history":[{"count":4,"href":"https:\/\/us.edu.pl\/pracownik\/wp-json\/wp\/v2\/pages\/24699\/revisions"}],"predecessor-version":[{"id":24765,"href":"https:\/\/us.edu.pl\/pracownik\/wp-json\/wp\/v2\/pages\/24699\/revisions\/24765"}],"up":[{"embeddable":true,"href":"https:\/\/us.edu.pl\/pracownik\/wp-json\/wp\/v2\/pages\/5151"}],"wp:attachment":[{"href":"https:\/\/us.edu.pl\/pracownik\/wp-json\/wp\/v2\/media?parent=24699"}],"curies":[{"name":"wp","href":"https:\/\/api.w.org\/{rel}","templated":true}]}}