{"id":2481,"date":"2019-10-23T13:47:34","date_gmt":"2019-10-23T11:47:34","guid":{"rendered":"https:\/\/us.edu.pl\/pracownik\/?page_id=2481"},"modified":"2026-03-09T15:20:26","modified_gmt":"2026-03-09T14:20:26","slug":"szkolenia","status":"publish","type":"page","link":"https:\/\/us.edu.pl\/pracownik\/szkolenia\/","title":{"rendered":"Szkolenia dla kadry"},"content":{"rendered":"<p>[vc_row el_class=&#8221;container&#8221;][vc_column][\/vc_column][\/vc_row][vc_row el_class=&#8221;container&#8221;][vc_column width=&#8221;2\/3&#8243;]\r\n                <div class=\"text-modules\">\r\n                    <div class=\"container\">\r\n                        <h3 class=\"page-title text__title\">Szkolenia dla kadry<\/h3>\r\n                        <div class=\"text-modules__content\"><p>Zapraszamy do skorzystania z oferty szkole\u0144 i warsztat\u00f3w przygotowanych z my\u015bl\u0105 o rozwoju kompetencji i kwalifikacji kadry Uniwersytetu. Udzia\u0142 w nich jest bezp\u0142atny (inicjatywy te finansowane s\u0105 w ramach projekt\u00f3w realizowanych w Uniwersytecie).<\/p>\n<p>Na stronie znajduj\u0105 si\u0119 r\u00f3wnie\u017c informacje na temat inicjatyw pozauczelnianych, o kt\u00f3rych warto pami\u0119ta\u0107 planuj\u0105c rozw\u00f3j kompetencji i kwalifikacji zawodowych.<\/p>\n<\/div>\r\n                    <\/div>\r\n                <\/div>[\/vc_column][vc_column width=&#8221;1\/3&#8243;]\r\n                <div class=\"text-modules\">\r\n                    <div class=\"container\">\r\n                        \r\n                        <div class=\"text-modules__content\"><\/p>\n<p style=\"text-align: center;\"><strong>KONTAKT<\/strong><\/p>\n<p style=\"text-align: center;\"><span style=\"font-size: 14pt;\"><strong>Dzia\u0142 HR<\/strong><\/span><br \/>\nul. Bankowa 14 (p. 418)<br \/>\n40-007 Katowice<br \/>\ntel. 32\/359 24 90; tel. 32\/359 24 60<br \/>\ne-mail:\u00a0<a href=\"mailto:dhr@us.edu.pl\" target=\"_blank\" rel=\"noopener\">dhr@us.edu.pl<\/a><\/p>\n<p>\n<\/div>\r\n                    <\/div>\r\n                <\/div>[\/vc_column][\/vc_row][vc_row][vc_column]<div class=\"container\"><div class=\"separator\" style=\"background-color: #000000\"><\/div><\/div>[\/vc_column][\/vc_row][vc_row el_class=&#8221;container&#8221;][vc_column]\r\n                <div class=\"tiles-section\" style=\"background: \">\r\n                    <div class=\"container\">\r\n                        <h3 class=\"page-title\"><\/h3>\r\n                        <div class=\"tiles tiles-3\">\r\n                            <a href=\"https:\/\/us.edu.pl\/pracownik\/szkolenia\/aktualne-nabory-na-szkolenia\/\" class=\"tile tile_ justify-content-center\" style=\"background-color: #002E5A; font-weight: bold; color: #ffffff;  \">\r\n                                \r\n                                   \r\n                               \r\n                                <div class=\"tile__name\">Nabory na szkolenia realizowane w Uniwersytecie<\/div>\r\n                            <\/a>\r\n                            <a href=\"https:\/\/us.edu.pl\/pracownik\/szkolenia\/materialy-szkoleniowe-i-instruktaze-w-uniwersytecie\/\" class=\"tile tile_ justify-content-center\" style=\"background-color: #EBEBEB; font-weight: bold; color: #002E5A;  \">\r\n                                \r\n                                   \r\n                               \r\n                                <div class=\"tile__name\">Materia\u0142y szkoleniowe i instrukta\u017ce w Uniwersytecie<\/div>\r\n                            <\/a>\r\n                            <a href=\"https:\/\/us.edu.pl\/pracownik\/szkolenia\/szkolenia-zewnetrzne\/\" class=\"tile tile_ justify-content-center\" style=\"background-color: #002E5A; font-weight: bold; color: #ffffff;  \">\r\n                                \r\n                                   \r\n                               \r\n                                <div class=\"tile__name\">Nabory na szkolenia realizowane poza Uniwersytetem<\/div>\r\n                            <\/a><\/div>\r\n                    <\/div>\r\n                <\/div>[\/vc_column][\/vc_row][vc_row][vc_column]<div class=\"container\"><div class=\"separator\" style=\"background-color: #EBEBEB\"><\/div><\/div>[\/vc_column][\/vc_row][vc_row el_class=&#8221;container&#8221;][vc_column]\r\n                <div class='sidebar_moduls sidebar_one_header' style='color:#002E5A;background-color: #EBEBEB'>\r\n                    <a href='https:\/\/us.edu.pl\/ksztalcenie\/projekty-edukacyjne\/dla-pracownikow\/' class='link'>Projekty na rzecz rozwoju kompetencji kadry<\/a>\r\n                <\/div>[\/vc_column][\/vc_row][vc_row][vc_column]<div class=\"container\"><div class=\"separator\" style=\"background-color: #000000\"><\/div><\/div>[\/vc_column][\/vc_row][vc_row el_class=&#8221;container&#8221;][vc_column width=&#8221;2\/3&#8243;]\r\n                <div class=\"text-modules\">\r\n                    <div class=\"container\">\r\n                        \r\n                        <div class=\"text-modules__content\"><\/p>\n<h3><span style=\"font-size: 24pt;\"><strong>Nowe inicjatywy<\/strong><\/span><\/h3>\n<p>Zach\u0119camy do zg\u0142aszania propozycji szkole\u0144 wewn\u0119trznych, skierowanych do kadry Uniwersytetu oraz do podzielenia si\u0119 potrzebami w zakresie aktywno\u015bci szkoleniowych, kt\u00f3re pomog\u0105 osi\u0105ga\u0107 zak\u0142adane cele i odwa\u017cnie mierzy\u0107 si\u0119 z wyzwaniami zawodowymi.<\/p>\n<p>Zapraszamy do kontaktu z <a href=\"https:\/\/ab.us.edu.pl\/unit?id=606522\" target=\"_blank\" rel=\"noopener\">Dzia\u0142em HR<\/a>. Nasz zesp\u00f3\u0142 szkoleniowy w miar\u0119 mo\u017cliwo\u015bci pomo\u017ce w organizacji przedsi\u0119wzi\u0119cia rozwojowego lub udzieli niezb\u0119dnych informacji.<\/p>\n<\/div>\r\n                    <\/div>\r\n                <\/div>[\/vc_column][vc_column width=&#8221;1\/3&#8243;]\r\n                <div class='sidebar_moduls sidebar_links color-blue' style='background-color: #EBEBEB'>\r\n                    <h3>Wa\u017cne linki<\/h3>\r\n                    <ul class='angle-list'>\r\n                    <li><a href=\"https:\/\/aktyprawne.us.edu.pl\/423\/d\/5105\/5\/\">Zarz\u0105dzenie 82\/2021 Rektora U\u015a (z dnia 10 maja 2021) w sprawie zasad i warunk\u00f3w podnoszenia kwalifikacji zawodowych pracownik\u00f3w nieb\u0119d\u0105cych nauczycielami akademickimi<\/a><\/li><li><a href=\"https:\/\/us.edu.pl\/pracownik\/wp-content\/uploads\/sites\/2\/pracownik\/formularz-do-opisu-wydarzenia-na-strone_dhr-1.docx\" class=\"mtli_attachment mtli_docx\" data-mtli=\"mtli_filesize23,53kB\">Formularz do zg\u0142aszania wydarzenia\/szkolenia\/<\/a><\/li>\r\n                <\/ul>\r\n            <\/div>[\/vc_column][\/vc_row][vc_row disable_element=&#8221;yes&#8221; el_class=&#8221;container&#8221;][vc_column]\r\n                <div class=\"tiles-section\" style=\"background: \">\r\n                    <div class=\"container\">\r\n                        <h3 class=\"page-title\"><\/h3>\r\n                        <div class=\"tiles tiles-2\">\r\n                            <a href=\"https:\/\/ec.europa.eu\/era-talent-platform\/\" class=\"tile tile_double \" style=\"background-color: #002E5A; font-weight: ; color: #ffffff;  \">\r\n                                \r\n                                   <div class=\"tile__img\"><img src=\"https:\/\/us.edu.pl\/pracownik\/wp-content\/uploads\/sites\/2\/pracownik\/Ikony-graficzne\/hr-150x150-1.png\" alt=\"ERA Talent Platform\"> <\/div>\r\n                               \r\n                                <div class=\"tile__name\">ERA Talent Platform<\/div>\r\n                            <\/a><\/div>\r\n                    <\/div>\r\n                <\/div>\r\n                <div class=\"tiles-section\" style=\"background: \">\r\n                    <div class=\"container\">\r\n                        <h3 class=\"page-title\"><\/h3>\r\n                        <div class=\"tiles tiles-3\">\r\n                            <a href=\"https:\/\/us.edu.pl\/pracownik\/szkolenia\/szkolenia-organizowane-przez-us\/\" class=\"tile tile_ justify-content-center\" style=\"background-color: #EBEBEB; font-weight: ; color: #002E5A;  \">\r\n                                \r\n                                   \r\n                               \r\n                                <div class=\"tile__name\">Szkolenia organizowane przez U\u015a <\/div>\r\n                            <\/a>\r\n                            <a href=\"https:\/\/us.edu.pl\/pracownik\/szkolenia\/szkolenia-zewnetrzne\/\" class=\"tile tile_ justify-content-center\" style=\"background-color: #EBEBEB; font-weight: ; color: #002E5A;  \">\r\n                                \r\n                                   \r\n                               \r\n                                <div class=\"tile__name\">Szkolenia zewn\u0119trzne<\/div>\r\n                            <\/a>\r\n                            <a href=\"https:\/\/us.edu.pl\/pracownik\/szkolenia-w-projektach\/\" class=\"tile tile_ justify-content-center\" style=\"background-color: #EBEBEB; font-weight: ; color: #002E5A;  \">\r\n                                \r\n                                   \r\n                               \r\n                                <div class=\"tile__name\">Szkolenia w projektach<\/div>\r\n                            <\/a><\/div>\r\n                    <\/div>\r\n                <\/div>[\/vc_column][\/vc_row]<\/p>\n<style type=\"text\/css\">a[data-mtli~=\"mtli_filesize23,53kB\"]:after {content:\" (23,53 kB)\"}<\/style>","protected":false},"excerpt":{"rendered":"<p>[vc_row el_class=&#8221;container&#8221;][vc_column][\/vc_column][\/vc_row][vc_row el_class=&#8221;container&#8221;][vc_column width=&#8221;2\/3&#8243;][\/vc_column][vc_column width=&#8221;1\/3&#8243;][\/vc_column][\/vc_row][vc_row][vc_column][\/vc_column][\/vc_row][vc_row el_class=&#8221;container&#8221;][vc_column][\/vc_column][\/vc_row][vc_row][vc_column][\/vc_column][\/vc_row][vc_row el_class=&#8221;container&#8221;][vc_column][\/vc_column][\/vc_row][vc_row][vc_column][\/vc_column][\/vc_row][vc_row el_class=&#8221;container&#8221;][vc_column width=&#8221;2\/3&#8243;][\/vc_column][vc_column width=&#8221;1\/3&#8243;][\/vc_column][\/vc_row][vc_row disable_element=&#8221;yes&#8221; el_class=&#8221;container&#8221;][vc_column][\/vc_column][\/vc_row] [&#8230;]<\/p>\n<p><a class=\"btn btn-secondary understrap-read-more-link\" href=\"https:\/\/us.edu.pl\/pracownik\/szkolenia\/\">Read More&#8230;<\/a><\/p>\n","protected":false},"author":41,"featured_media":0,"parent":0,"menu_order":296,"comment_status":"closed","ping_status":"closed","template":"","meta":{"_expiration-date-status":"","_expiration-date":0,"_expiration-date-type":"","_expiration-date-categories":[],"_expiration-date-options":[]},"acf":[],"_links":{"self":[{"href":"https:\/\/us.edu.pl\/pracownik\/wp-json\/wp\/v2\/pages\/2481"}],"collection":[{"href":"https:\/\/us.edu.pl\/pracownik\/wp-json\/wp\/v2\/pages"}],"about":[{"href":"https:\/\/us.edu.pl\/pracownik\/wp-json\/wp\/v2\/types\/page"}],"author":[{"embeddable":true,"href":"https:\/\/us.edu.pl\/pracownik\/wp-json\/wp\/v2\/users\/41"}],"replies":[{"embeddable":true,"href":"https:\/\/us.edu.pl\/pracownik\/wp-json\/wp\/v2\/comments?post=2481"}],"version-history":[{"count":12,"href":"https:\/\/us.edu.pl\/pracownik\/wp-json\/wp\/v2\/pages\/2481\/revisions"}],"predecessor-version":[{"id":42555,"href":"https:\/\/us.edu.pl\/pracownik\/wp-json\/wp\/v2\/pages\/2481\/revisions\/42555"}],"wp:attachment":[{"href":"https:\/\/us.edu.pl\/pracownik\/wp-json\/wp\/v2\/media?parent=2481"}],"curies":[{"name":"wp","href":"https:\/\/api.w.org\/{rel}","templated":true}]}}