{"id":25258,"date":"2024-04-08T09:23:56","date_gmt":"2024-04-08T07:23:56","guid":{"rendered":"https:\/\/us.edu.pl\/pracownik\/?page_id=25258"},"modified":"2024-04-11T10:35:33","modified_gmt":"2024-04-11T08:35:33","slug":"posiedzenie-komisji-11-04-2024","status":"publish","type":"page","link":"https:\/\/us.edu.pl\/pracownik\/sprawy-dydaktyczne\/senacka-komisja-ds-ksztalcenia\/senacka-komisja-ds-ksztalcenia-sklad-komisji\/kadencja-2020-2024\/posiedzenie-komisji-11-04-2024\/","title":{"rendered":"Posiedzenie komisji &#8211; 11.04.2024"},"content":{"rendered":"<p>[vc_row][vc_column]\r\n                <div class=\"text-modules\">\r\n                    <div class=\"container\">\r\n                        <h3 class=\"page-title text__title\">Posiedzenie Komisji ds. kszta\u0142cenia i student\u00f3w - 11 kwietnia 2024 r.<\/h3>\r\n                        <div class=\"text-modules__content\"><p>Posiedzenie Komisji ds. kszta\u0142cenia i student\u00f3w, kt\u00f3re odb\u0119dzie si\u0119 w czwartek <strong>11 kwietnia\u00a02024 r. o godz. 13.00 w sali 1.20<\/strong> w budynku Rektoratu Uniwersytetu \u015al\u0105skiego.<\/p>\n<p>&nbsp;<\/p>\n<p>Planowany porz\u0105dek posiedzenia:<\/p>\n<ol>\n<li>Komunikaty Prorektorki ds. kszta\u0142cenia i student\u00f3w.<\/li>\n<li>Opiniowanie projektu nowego Regulaminu Studi\u00f3w w Uniwersytecie \u015al\u0105skim.<\/li>\n<li>Podj\u0119cie <a href=\"https:\/\/us.edu.pl\/pracownik\/wp-content\/uploads\/sites\/2\/Editor\/sprawy-dydatktyczne\/Komisja-ksztalcenia\/Kadencja-2020-2024\/20232024\/11-kwietnia\/20240408_dyplomy-z-wyroznieniem.docx\" class=\"mtli_attachment mtli_docx\" data-mtli=\"mtli_filesize33,57kB\" class=\"mtli_attachment mtli_docx\" data-mtli=\"mtli_filesize33,57kB\">Uchwa\u0142y Komisji kszta\u0142cenia i student\u00f3w okre\u015blaj\u0105cej przes\u0142anki uzyskania dyplomu z wyr\u00f3\u017cnieniem.<\/a><\/li>\n<li>Opinia do wniosku w sprawie ustalenia programu studi\u00f3w dla nowego kierunku studi\u00f3w \u2013\u00a0<a href=\"https:\/\/us.edu.pl\/pracownik\/wp-content\/uploads\/sites\/2\/Editor\/sprawy-dydatktyczne\/Komisja-ksztalcenia\/Kadencja-2020-2024\/20232024\/11-kwietnia\/Interdysc.-studia-human.-nad-srod.-_-I-st.-SS-_-2024-2025.zip\"><em>interdyscyplinarne studia humanistyczne nad \u015brodowiskiem<\/em>, studia stacjonarne I stopnia<\/a>.<\/li>\n<li>Opinie do wniosk\u00f3w w sprawie modyfikacji program\u00f3w studi\u00f3w:\n<ol>\n<li><a href=\"https:\/\/us.edu.pl\/pracownik\/wp-content\/uploads\/sites\/2\/Editor\/sprawy-dydatktyczne\/Komisja-ksztalcenia\/Kadencja-2020-2024\/20232024\/Pedagogika-WNS.zip\">Pedagogika (WNS) \u2013 studia stacjonarne i niestacjonarne I stopnia \u2013 od cyklu dydaktycznego 2024\/2025<\/a>;<\/li>\n<li><a href=\"https:\/\/us.edu.pl\/pracownik\/wp-content\/uploads\/sites\/2\/Editor\/sprawy-dydatktyczne\/Komisja-ksztalcenia\/Kadencja-2020-2024\/20232024\/11-kwietnia\/Turystyka-_-II-st.-SS-_-2023-2024.zip\">Turystyka, studia stacjonarne II stopnia \u2013 od cyklu dydaktycznego 2023\/2024<\/a>;<\/li>\n<li><a href=\"https:\/\/us.edu.pl\/pracownik\/wp-content\/uploads\/sites\/2\/Editor\/sprawy-dydatktyczne\/Komisja-ksztalcenia\/Kadencja-2020-2024\/20232024\/Teologia-pastoralna.zip\">Teologia, specjalno\u015b\u0107 pastoralna, studia stacjonarne jednolite magisterskie \u2013 od cyklu dydaktycznego 2023\/2024.<\/a><\/li>\n<\/ol>\n<\/li>\n<li>Wolne wnioski.<\/li>\n<\/ol>\n<p>\n<style type=\"text\/css\">a[data-mtli~=\"mtli_filesize33,57kB\"]:after {content:\" (33,57 kB)\"}<\/style><\/div>\r\n                    <\/div>\r\n                <\/div>[\/vc_column][\/vc_row]<\/p>\n<style type=\"text\/css\">a[data-mtli~=\"mtli_filesize33,57kB\"]:after {content:\" (33,57 kB)\"}<\/style>","protected":false},"excerpt":{"rendered":"<p>[vc_row][vc_column][\/vc_column][\/vc_row] [&#8230;]<\/p>\n<p><a class=\"btn btn-secondary understrap-read-more-link\" href=\"https:\/\/us.edu.pl\/pracownik\/sprawy-dydaktyczne\/senacka-komisja-ds-ksztalcenia\/senacka-komisja-ds-ksztalcenia-sklad-komisji\/kadencja-2020-2024\/posiedzenie-komisji-11-04-2024\/\">Read More&#8230;<\/a><\/p>\n","protected":false},"author":31,"featured_media":0,"parent":5151,"menu_order":-37,"comment_status":"closed","ping_status":"closed","template":"page-templates\/inner-page.php","meta":{"_expiration-date-status":"saved","_expiration-date":0,"_expiration-date-type":"","_expiration-date-categories":[],"_expiration-date-options":[]},"acf":[],"_links":{"self":[{"href":"https:\/\/us.edu.pl\/pracownik\/wp-json\/wp\/v2\/pages\/25258"}],"collection":[{"href":"https:\/\/us.edu.pl\/pracownik\/wp-json\/wp\/v2\/pages"}],"about":[{"href":"https:\/\/us.edu.pl\/pracownik\/wp-json\/wp\/v2\/types\/page"}],"author":[{"embeddable":true,"href":"https:\/\/us.edu.pl\/pracownik\/wp-json\/wp\/v2\/users\/31"}],"replies":[{"embeddable":true,"href":"https:\/\/us.edu.pl\/pracownik\/wp-json\/wp\/v2\/comments?post=25258"}],"version-history":[{"count":6,"href":"https:\/\/us.edu.pl\/pracownik\/wp-json\/wp\/v2\/pages\/25258\/revisions"}],"predecessor-version":[{"id":25293,"href":"https:\/\/us.edu.pl\/pracownik\/wp-json\/wp\/v2\/pages\/25258\/revisions\/25293"}],"up":[{"embeddable":true,"href":"https:\/\/us.edu.pl\/pracownik\/wp-json\/wp\/v2\/pages\/5151"}],"wp:attachment":[{"href":"https:\/\/us.edu.pl\/pracownik\/wp-json\/wp\/v2\/media?parent=25258"}],"curies":[{"name":"wp","href":"https:\/\/api.w.org\/{rel}","templated":true}]}}