{"id":25694,"date":"2024-06-14T14:11:44","date_gmt":"2024-06-14T12:11:44","guid":{"rendered":"https:\/\/us.edu.pl\/pracownik\/?page_id=25694"},"modified":"2024-06-17T09:48:45","modified_gmt":"2024-06-17T07:48:45","slug":"posiedzenie-komisji-17-06-2024","status":"publish","type":"page","link":"https:\/\/us.edu.pl\/pracownik\/sprawy-dydaktyczne\/senacka-komisja-ds-ksztalcenia\/senacka-komisja-ds-ksztalcenia-sklad-komisji\/kadencja-2020-2024\/posiedzenie-komisji-17-06-2024\/","title":{"rendered":"Posiedzenie komisji &#8211; 17.06.2024"},"content":{"rendered":"<p>[vc_row][vc_column]\r\n                <div class=\"text-modules\">\r\n                    <div class=\"container\">\r\n                        <h3 class=\"page-title text__title\">Posiedzenie Komisji ds. kszta\u0142cenia i student\u00f3w - 17 czerwca 2024 r.<\/h3>\r\n                        <div class=\"text-modules__content\"><p>Posiedzenie Komisji ds. kszta\u0142cenia i student\u00f3w odb\u0119dzie si\u0119 w czwartek <strong>17 czerwca 2024 r. o godz. 10.00 w sali 1.20<\/strong> w budynku Rektoratu Uniwersytetu \u015al\u0105skiego.<\/p>\n<p>Planowany porz\u0105dek posiedzenia:<\/p>\n<ol>\n<li>Komunikaty Prorektorki ds. kszta\u0142cenia i student\u00f3w.<\/li>\n<li>Opinia do projektu uchwa\u0142y w sprawie <a href=\"https:\/\/us.edu.pl\/pracownik\/wp-content\/uploads\/sites\/2\/Editor\/sprawy-dydatktyczne\/Komisja-ksztalcenia\/Kadencja-2020-2024\/20232024\/17-czerwca\/Uchwala-rekrutacyjna-2025_26.zip\">warunk\u00f3w i trybu rekrutacji na I rok studi\u00f3w w Uniwersytecie \u015al\u0105skim w roku akademickim 2025\/2026.<\/a><\/li>\n<li>Opinie do wniosk\u00f3w w sprawie modyfikacji program\u00f3w studi\u00f3w dla cyklu dydaktycznego 2024\/2025:\n<ol style=\"list-style-type: lower-alpha;\">\n<li><a href=\"https:\/\/us.edu.pl\/pracownik\/wp-content\/uploads\/sites\/2\/Editor\/sprawy-dydatktyczne\/Komisja-ksztalcenia\/Kadencja-2020-2024\/20232024\/17-czerwca\/Fil.-klasyczna-_-I-st.-SS-_-2024-2025.zip\">filologia klasyczna \u2013 studia stacjonarne I stopnia<\/a><\/li>\n<li><a href=\"https:\/\/us.edu.pl\/pracownik\/wp-content\/uploads\/sites\/2\/Editor\/sprawy-dydatktyczne\/Komisja-ksztalcenia\/Kadencja-2020-2024\/20232024\/17-czerwca\/Inf.-nauk.-i-bibliotek.-_-I-st.-SS-NS-_-2024-2025.zip\">informacja naukowa i bibliotekoznawstwo \u2013 studia stacjonarne i niestacjonarne I stopnia<\/a><\/li>\n<li><a href=\"https:\/\/us.edu.pl\/pracownik\/wp-content\/uploads\/sites\/2\/Editor\/sprawy-dydatktyczne\/Komisja-ksztalcenia\/Kadencja-2020-2024\/20232024\/17-czerwca\/Geografia-_-I-st.-SS-_-2024-2025.zip\">geografia \u2013 studia stacjonarne I stopnia<\/a><\/li>\n<li><a href=\"https:\/\/us.edu.pl\/pracownik\/wp-content\/uploads\/sites\/2\/Editor\/sprawy-dydatktyczne\/Komisja-ksztalcenia\/Kadencja-2020-2024\/20232024\/17-czerwca\/Geologia-_-I-st.-SS-_-2024-2025.zip\">geologia \u2013 studia stacjonarne I stopnia<\/a><\/li>\n<li><a href=\"https:\/\/us.edu.pl\/pracownik\/wp-content\/uploads\/sites\/2\/Editor\/sprawy-dydatktyczne\/Komisja-ksztalcenia\/Kadencja-2020-2024\/20232024\/17-czerwca\/Geologia-stos.-_-I-st.-SS-_-2024-2025.zip\">geologia stosowana \u2013 studia stacjonarne I stopnia<\/a><\/li>\n<li><a href=\"https:\/\/us.edu.pl\/pracownik\/wp-content\/uploads\/sites\/2\/Editor\/sprawy-dydatktyczne\/Komisja-ksztalcenia\/Kadencja-2020-2024\/20232024\/17-czerwca\/Bezp.-narodowe-i-miedzynarodowe-I-st.-SS-i-NS-1.zip\">bezpiecze\u0144stwo narodowe i mi\u0119dzynarodowe \u2013 studia stacjonarne i niestacjonarne I stopnia<\/a><\/li>\n<li><a href=\"https:\/\/us.edu.pl\/pracownik\/wp-content\/uploads\/sites\/2\/Editor\/sprawy-dydatktyczne\/Komisja-ksztalcenia\/Kadencja-2020-2024\/20232024\/17-czerwca\/MSNPD-I-SS.zip\">mi\u0119dzynarodowe studia nauk politycznych i dyplomacji \u2013 studia stacjonarne I stopnia<\/a><\/li>\n<li><a href=\"https:\/\/us.edu.pl\/pracownik\/wp-content\/uploads\/sites\/2\/Editor\/sprawy-dydatktyczne\/Komisja-ksztalcenia\/Kadencja-2020-2024\/20232024\/17-czerwca\/MSNPD-II-SS.zip\">mi\u0119dzynarodowe studia nauk politycznych i dyplomacji \u2013 studia stacjonarne II stopnia (w j\u0119zyku polskim oraz w j\u0119zyku angielskim)<\/a><\/li>\n<li><a href=\"https:\/\/us.edu.pl\/pracownik\/wp-content\/uploads\/sites\/2\/Editor\/sprawy-dydatktyczne\/Komisja-ksztalcenia\/Kadencja-2020-2024\/20232024\/17-czerwca\/Chemia-II-SS.zip\">chemia \u2013 studia stacjonarne II stopnia<\/a><\/li>\n<li><a href=\"https:\/\/us.edu.pl\/pracownik\/wp-content\/uploads\/sites\/2\/Editor\/sprawy-dydatktyczne\/Komisja-ksztalcenia\/Kadencja-2020-2024\/20232024\/17-czerwca\/Technologia-chemiczna-I-SS.zip\">technologia chemiczna \u2013 studia stacjonarne I stopnia<\/a><\/li>\n<li><a href=\"https:\/\/us.edu.pl\/pracownik\/wp-content\/uploads\/sites\/2\/Editor\/sprawy-dydatktyczne\/Komisja-ksztalcenia\/Kadencja-2020-2024\/20232024\/17-czerwca\/Informatyka-I-SS-i-NS.zip\">informatyka \u2013 studia stacjonarne i niestacjonarne I stopnia<\/a><\/li>\n<li><a href=\"https:\/\/us.edu.pl\/pracownik\/wp-content\/uploads\/sites\/2\/Editor\/sprawy-dydatktyczne\/Komisja-ksztalcenia\/Kadencja-2020-2024\/20232024\/17-czerwca\/Matematyka-I-SS.zip\">matematyka \u2013 studia stacjonarne I stopnia<\/a><\/li>\n<li><a href=\"https:\/\/us.edu.pl\/pracownik\/wp-content\/uploads\/sites\/2\/Editor\/sprawy-dydatktyczne\/Komisja-ksztalcenia\/Kadencja-2020-2024\/20232024\/17-czerwca\/Matematyka-II-SS-i-NS.zip\">matematyka \u2013 studia stacjonarne i niestacjonarne II stopnia<\/a><\/li>\n<li><a href=\"https:\/\/us.edu.pl\/pracownik\/wp-content\/uploads\/sites\/2\/Editor\/sprawy-dydatktyczne\/Komisja-ksztalcenia\/Kadencja-2020-2024\/20232024\/17-czerwca\/Administracja-_-I-st-SS-NS-_-2024-2025.zip\">administracja \u2013 studia stacjonarne i niestacjonarne I stopnia<\/a><\/li>\n<li><a href=\"https:\/\/us.edu.pl\/pracownik\/wp-content\/uploads\/sites\/2\/Editor\/sprawy-dydatktyczne\/Komisja-ksztalcenia\/Kadencja-2020-2024\/20232024\/17-czerwca\/Administracja-II-st-SS-NS.zip\">administracja \u2013 studia stacjonarne i niestacjonarne II stopnia<\/a><\/li>\n<li><a href=\"https:\/\/us.edu.pl\/pracownik\/wp-content\/uploads\/sites\/2\/Editor\/sprawy-dydatktyczne\/Komisja-ksztalcenia\/Kadencja-2020-2024\/20232024\/17-czerwca\/Przedsiebiorczosc-_-I-st.-SS-_-2024-2025.zip\">przedsi\u0119biorczo\u015b\u0107 \u2013 studia stacjonarne I stopnia<\/a><\/li>\n<li><a href=\"https:\/\/us.edu.pl\/pracownik\/wp-content\/uploads\/sites\/2\/Editor\/sprawy-dydatktyczne\/Komisja-ksztalcenia\/Kadencja-2020-2024\/20232024\/17-czerwca\/Edukacja-art.-w-zakr.-sztuk-plastycznych-I-SS.zip\">edukacja artystyczna w zakresie sztuk plastycznych \u2013 studia stacjonarne I stopnia<\/a><\/li>\n<li><a href=\"https:\/\/us.edu.pl\/pracownik\/wp-content\/uploads\/sites\/2\/Editor\/sprawy-dydatktyczne\/Komisja-ksztalcenia\/Kadencja-2020-2024\/20232024\/17-czerwca\/Grafika-JM-SS.zip\">grafika \u2013 studia stacjonarne jednolite magisterskie<\/a><\/li>\n<\/ol>\n<\/li>\n<li>Opinie do wniosk\u00f3w w sprawie modyfikacji program\u00f3w studi\u00f3w od cyklu dydaktycznego 2023\/2024:\n<ol style=\"list-style-type: lower-alpha;\">\n<li><a href=\"https:\/\/us.edu.pl\/pracownik\/wp-content\/uploads\/sites\/2\/Editor\/sprawy-dydatktyczne\/Komisja-ksztalcenia\/Kadencja-2020-2024\/20232024\/17-czerwca\/Biologia-II-SS.zip\">biologia \u2013 studia stacjonarne II stopnia<\/a><\/li>\n<\/ol>\n<\/li>\n<li>Opinie do wniosk\u00f3w w sprawie modyfikacji program\u00f3w studi\u00f3w od cyklu dydaktycznego 2025\/2026:\n<ol style=\"list-style-type: lower-alpha;\">\n<li><a href=\"https:\/\/us.edu.pl\/pracownik\/wp-content\/uploads\/sites\/2\/Editor\/sprawy-dydatktyczne\/Komisja-ksztalcenia\/Kadencja-2020-2024\/20232024\/17-czerwca\/Aquamatyka-_-II-st.-SS-_-2025-2026-w-j.-ang.zip\">aquamatyka &#8211; interdyscyplinarne gospodarowanie \u015brodowiskami wodnymi \u2013 studia stacjonarne II stopnia (w j\u0119zyku angielskim)<\/a><\/li>\n<\/ol>\n<\/li>\n<li>Uchwa\u0142a Senatu U\u015a w sprawie <a href=\"https:\/\/us.edu.pl\/pracownik\/wp-content\/uploads\/sites\/2\/Editor\/sprawy-dydatktyczne\/Komisja-ksztalcenia\/Kadencja-2020-2024\/20232024\/17-czerwca\/Uchwala-ujednolicenie-OOD.docx\" class=\"mtli_attachment mtli_docx\" data-mtli=\"mtli_filesize49,36kB\" class=\"mtli_attachment mtli_docx\" data-mtli=\"mtli_filesize49,36kB\">ujednolicenia w programach studi\u00f3w opis\u00f3w modu\u0142\u00f3w z Og\u00f3lnoakademickiej Oferty Dydaktycznej<\/a>.<\/li>\n<li>Wolne wnioski.<\/li>\n<\/ol>\n<p>\n<style type=\"text\/css\">a[data-mtli~=\"mtli_filesize49,36kB\"]:after {content:\" (49,36 kB)\"}<\/style><\/div>\r\n                    <\/div>\r\n                <\/div>[\/vc_column][\/vc_row]<\/p>\n<style type=\"text\/css\">a[data-mtli~=\"mtli_filesize49,36kB\"]:after {content:\" (49,36 kB)\"}<\/style>","protected":false},"excerpt":{"rendered":"<p>[vc_row][vc_column][\/vc_column][\/vc_row] [&#8230;]<\/p>\n<p><a class=\"btn btn-secondary understrap-read-more-link\" href=\"https:\/\/us.edu.pl\/pracownik\/sprawy-dydaktyczne\/senacka-komisja-ds-ksztalcenia\/senacka-komisja-ds-ksztalcenia-sklad-komisji\/kadencja-2020-2024\/posiedzenie-komisji-17-06-2024\/\">Read More&#8230;<\/a><\/p>\n","protected":false},"author":5108,"featured_media":0,"parent":5151,"menu_order":-39,"comment_status":"closed","ping_status":"closed","template":"page-templates\/inner-page.php","meta":{"_expiration-date-status":"saved","_expiration-date":0,"_expiration-date-type":"","_expiration-date-categories":[],"_expiration-date-options":[]},"acf":[],"_links":{"self":[{"href":"https:\/\/us.edu.pl\/pracownik\/wp-json\/wp\/v2\/pages\/25694"}],"collection":[{"href":"https:\/\/us.edu.pl\/pracownik\/wp-json\/wp\/v2\/pages"}],"about":[{"href":"https:\/\/us.edu.pl\/pracownik\/wp-json\/wp\/v2\/types\/page"}],"author":[{"embeddable":true,"href":"https:\/\/us.edu.pl\/pracownik\/wp-json\/wp\/v2\/users\/5108"}],"replies":[{"embeddable":true,"href":"https:\/\/us.edu.pl\/pracownik\/wp-json\/wp\/v2\/comments?post=25694"}],"version-history":[{"count":10,"href":"https:\/\/us.edu.pl\/pracownik\/wp-json\/wp\/v2\/pages\/25694\/revisions"}],"predecessor-version":[{"id":25735,"href":"https:\/\/us.edu.pl\/pracownik\/wp-json\/wp\/v2\/pages\/25694\/revisions\/25735"}],"up":[{"embeddable":true,"href":"https:\/\/us.edu.pl\/pracownik\/wp-json\/wp\/v2\/pages\/5151"}],"wp:attachment":[{"href":"https:\/\/us.edu.pl\/pracownik\/wp-json\/wp\/v2\/media?parent=25694"}],"curies":[{"name":"wp","href":"https:\/\/api.w.org\/{rel}","templated":true}]}}