{"id":25882,"date":"2024-06-27T12:58:44","date_gmt":"2024-06-27T10:58:44","guid":{"rendered":"https:\/\/us.edu.pl\/pracownik\/?page_id=25882"},"modified":"2024-06-27T12:58:44","modified_gmt":"2024-06-27T10:58:44","slug":"posiedzenie-komisji-3-07-2024","status":"publish","type":"page","link":"https:\/\/us.edu.pl\/pracownik\/sprawy-dydaktyczne\/senacka-komisja-ds-ksztalcenia\/senacka-komisja-ds-ksztalcenia-sklad-komisji\/kadencja-2020-2024\/posiedzenie-komisji-3-07-2024\/","title":{"rendered":"Posiedzenie komisji &#8211; 3.07.2024"},"content":{"rendered":"<p>[vc_row][vc_column]\r\n                <div class=\"text-modules\">\r\n                    <div class=\"container\">\r\n                        <h3 class=\"page-title text__title\">Posiedzenie Komisji ds. kszta\u0142cenia i student\u00f3w - 3 lipca 2024 r.<\/h3>\r\n                        <div class=\"text-modules__content\"><p>Posiedzenie Komisji ds. kszta\u0142cenia i student\u00f3w odb\u0119dzie si\u0119 w <strong>\u015brod\u0119 3 lipca\u00a02024 r. o godz. 10.00 w sali 1.20<\/strong> w budynku Rektoratu Uniwersytetu \u015al\u0105skiego.<\/p>\n<p>Planowany porz\u0105dek posiedzenia:<\/p>\n<ol>\n<li>Komunikaty Prorektorki ds. kszta\u0142cenia i student\u00f3w.<\/li>\n<li>Opiniowanie wniosk\u00f3w dotycz\u0105cych awansu na stanowisko profesora uczelni w grupie pracownik\u00f3w badawczo-dydaktycznych.<\/li>\n<li>Opiniowanie wniosk\u00f3w dotycz\u0105cych awansu na stanowisko profesora uczelni w grupie pracownik\u00f3w dydaktycznych.<\/li>\n<li>Opiniowanie wniosk\u00f3w dotycz\u0105cych awansu na stanowisko starszego asystenta w grupie pracownik\u00f3w dydaktycznych.<\/li>\n<li>Opiniowania Regulaminu konkursu przyznawania Wyr\u00f3\u017cnie\u0144 JM Rektora\u00a0 Uniwersytetu \u015al\u0105skiego w Katowicach za doskona\u0142\u0105 dydaktyk\u0119 w roku akademickim 2023\/2024 organizowanego w ramach systemu motywacyjnego w dydaktyce akademickiej (SMoDA) Uniwersytetu \u015al\u0105skiego w Katowicach.<\/li>\n<li>Wolne wnioski.<\/li>\n<\/ol>\n<p>\n<\/div>\r\n                    <\/div>\r\n                <\/div>[\/vc_column][\/vc_row]<\/p>","protected":false},"excerpt":{"rendered":"<p>[vc_row][vc_column][\/vc_column][\/vc_row] [&#8230;]<\/p>\n<p><a class=\"btn btn-secondary understrap-read-more-link\" href=\"https:\/\/us.edu.pl\/pracownik\/sprawy-dydaktyczne\/senacka-komisja-ds-ksztalcenia\/senacka-komisja-ds-ksztalcenia-sklad-komisji\/kadencja-2020-2024\/posiedzenie-komisji-3-07-2024\/\">Read More&#8230;<\/a><\/p>\n","protected":false},"author":31,"featured_media":0,"parent":5151,"menu_order":-40,"comment_status":"closed","ping_status":"closed","template":"page-templates\/inner-page.php","meta":{"_expiration-date-status":"saved","_expiration-date":0,"_expiration-date-type":"","_expiration-date-categories":[],"_expiration-date-options":[]},"acf":[],"_links":{"self":[{"href":"https:\/\/us.edu.pl\/pracownik\/wp-json\/wp\/v2\/pages\/25882"}],"collection":[{"href":"https:\/\/us.edu.pl\/pracownik\/wp-json\/wp\/v2\/pages"}],"about":[{"href":"https:\/\/us.edu.pl\/pracownik\/wp-json\/wp\/v2\/types\/page"}],"author":[{"embeddable":true,"href":"https:\/\/us.edu.pl\/pracownik\/wp-json\/wp\/v2\/users\/31"}],"replies":[{"embeddable":true,"href":"https:\/\/us.edu.pl\/pracownik\/wp-json\/wp\/v2\/comments?post=25882"}],"version-history":[{"count":1,"href":"https:\/\/us.edu.pl\/pracownik\/wp-json\/wp\/v2\/pages\/25882\/revisions"}],"predecessor-version":[{"id":25883,"href":"https:\/\/us.edu.pl\/pracownik\/wp-json\/wp\/v2\/pages\/25882\/revisions\/25883"}],"up":[{"embeddable":true,"href":"https:\/\/us.edu.pl\/pracownik\/wp-json\/wp\/v2\/pages\/5151"}],"wp:attachment":[{"href":"https:\/\/us.edu.pl\/pracownik\/wp-json\/wp\/v2\/media?parent=25882"}],"curies":[{"name":"wp","href":"https:\/\/api.w.org\/{rel}","templated":true}]}}