{"id":25926,"date":"2024-07-03T14:56:42","date_gmt":"2024-07-03T12:56:42","guid":{"rendered":"https:\/\/us.edu.pl\/pracownik\/?page_id=25926"},"modified":"2024-07-09T08:45:48","modified_gmt":"2024-07-09T06:45:48","slug":"materialy-szkoleniowe-i-instruktaze-w-uniwersytecie","status":"publish","type":"page","link":"https:\/\/us.edu.pl\/pracownik\/szkolenia\/materialy-szkoleniowe-i-instruktaze-w-uniwersytecie\/","title":{"rendered":"Materia\u0142y szkoleniowe i instrukta\u017ce w Uniwersytecie"},"content":{"rendered":"<p>[vc_row][vc_column][\/vc_column][\/vc_row][vc_row][vc_column]\r\n                <div class=\"text-modules\">\r\n                    <div class=\"container\">\r\n                        <h3 class=\"page-title text__title\">Materia\u0142y szkoleniowe i instrukta\u017ce w Uniwersytecie<\/h3>\r\n                        <div class=\"text-modules__content\"><p>Na kolejnych podstronach zebrane zosta\u0142y:<\/p>\n<ul>\n<li>kompleksowe bazy wiedzy i informacji w r\u00f3\u017cnorodnych obszarach tematycznych, przydatne dla pracownik\u00f3w U\u015a w ich codziennej pracy;<\/li>\n<li>szkolenia w formie e-learningu oraz cyfrowe materia\u0142y do u\u017cytku w\u0142asnego, umo\u017cliwiaj\u0105ce samodzielne nabycie wiedzy i wypracowanie okre\u015blonych umiej\u0119tno\u015bci niezb\u0119dnych w realizacji zada\u0144 w Uczelni.<\/li>\n<\/ul>\n<p>Zamieszczone linki kieruj\u0105 do stron \u017ar\u00f3d\u0142owych opracowanych przez w\u0142a\u015bciwe dzia\u0142y i\/lub zespo\u0142y merytoryczne Uczelni. Dost\u0119p do cz\u0119\u015bci materia\u0142\u00f3w wymaga zalogowania si\u0119 za pomoc\u0105 Centralnego Systemu Uwierzytelniaj\u0105cego.<\/p>\n<\/div>\r\n                    <\/div>\r\n                <\/div>[\/vc_column][\/vc_row][vc_row][vc_column]<div class=\"container\"><div class=\"separator\" style=\"background-color: #000000\"><\/div><\/div>[\/vc_column][\/vc_row][vc_row][vc_column]\r\n                <div class=\"tiles-section\" style=\"background: #EBEBEB\">\r\n                    <div class=\"container\">\r\n                        <h3 class=\"page-title\"><\/h3>\r\n                        <div class=\"tiles tiles-2\">\r\n                            <a href=\"https:\/\/us.edu.pl\/pracownik\/szkolenia\/materialy-szkoleniowe-i-instruktaze-w-uniwersytecie\/bazy-wiedzy-us\/\" class=\"tile tile_ justify-content-center\" style=\"background-color: #002E5A; font-weight: ; color: #ffffff;  \">\r\n                                \r\n                                   \r\n                               \r\n                                <div class=\"tile__name\">Bazy wiedzy U\u015a<\/div>\r\n                            <\/a>\r\n                            <a href=\"https:\/\/us.edu.pl\/pracownik\/szkolenia\/materialy-szkoleniowe-i-instruktaze-w-uniwersytecie\/szkolenia-e-learningowe-i-materialy-szkoleniowe\/\" class=\"tile tile_ justify-content-center\" style=\"background-color: #002E5A; font-weight: ; color: #ffffff;  \">\r\n                                \r\n                                   \r\n                               \r\n                                <div class=\"tile__name\">Szkolenia e-learningowe i materia\u0142y szkoleniowe<\/div>\r\n                            <\/a><\/div>\r\n                    <\/div>\r\n                <\/div>[\/vc_column][\/vc_row]<\/p>","protected":false},"excerpt":{"rendered":"<p>[vc_row][vc_column][\/vc_column][\/vc_row][vc_row][vc_column][\/vc_column][\/vc_row][vc_row][vc_column][\/vc_column][\/vc_row][vc_row][vc_column][\/vc_column][\/vc_row] [&#8230;]<\/p>\n<p><a class=\"btn btn-secondary understrap-read-more-link\" href=\"https:\/\/us.edu.pl\/pracownik\/szkolenia\/materialy-szkoleniowe-i-instruktaze-w-uniwersytecie\/\">Read More&#8230;<\/a><\/p>\n","protected":false},"author":41,"featured_media":0,"parent":2481,"menu_order":74,"comment_status":"closed","ping_status":"closed","template":"page-templates\/inner-page.php","meta":{"_expiration-date-status":"","_expiration-date":0,"_expiration-date-type":"","_expiration-date-categories":[],"_expiration-date-options":[]},"acf":[],"_links":{"self":[{"href":"https:\/\/us.edu.pl\/pracownik\/wp-json\/wp\/v2\/pages\/25926"}],"collection":[{"href":"https:\/\/us.edu.pl\/pracownik\/wp-json\/wp\/v2\/pages"}],"about":[{"href":"https:\/\/us.edu.pl\/pracownik\/wp-json\/wp\/v2\/types\/page"}],"author":[{"embeddable":true,"href":"https:\/\/us.edu.pl\/pracownik\/wp-json\/wp\/v2\/users\/41"}],"replies":[{"embeddable":true,"href":"https:\/\/us.edu.pl\/pracownik\/wp-json\/wp\/v2\/comments?post=25926"}],"version-history":[{"count":6,"href":"https:\/\/us.edu.pl\/pracownik\/wp-json\/wp\/v2\/pages\/25926\/revisions"}],"predecessor-version":[{"id":26004,"href":"https:\/\/us.edu.pl\/pracownik\/wp-json\/wp\/v2\/pages\/25926\/revisions\/26004"}],"up":[{"embeddable":true,"href":"https:\/\/us.edu.pl\/pracownik\/wp-json\/wp\/v2\/pages\/2481"}],"wp:attachment":[{"href":"https:\/\/us.edu.pl\/pracownik\/wp-json\/wp\/v2\/media?parent=25926"}],"curies":[{"name":"wp","href":"https:\/\/api.w.org\/{rel}","templated":true}]}}