{"id":25928,"date":"2024-07-03T14:58:29","date_gmt":"2024-07-03T12:58:29","guid":{"rendered":"https:\/\/us.edu.pl\/pracownik\/?page_id=25928"},"modified":"2024-07-03T14:58:29","modified_gmt":"2024-07-03T12:58:29","slug":"materialy-szkoleniowe-i-instruktaze-zewnetrzne","status":"publish","type":"page","link":"https:\/\/us.edu.pl\/pracownik\/szkolenia\/materialy-szkoleniowe-i-instruktaze-zewnetrzne\/","title":{"rendered":"Materia\u0142y szkoleniowe i instrukta\u017ce zewn\u0119trzne"},"content":{"rendered":"<p>[vc_row][vc_column][\/vc_column][\/vc_row][vc_row][vc_column]\r\n                <div class=\"text-modules\">\r\n                    <div class=\"container\">\r\n                        <h3 class=\"page-title text__title\">Materia\u0142y szkoleniowe i instrukta\u017ce zewn\u0119trzne<\/h3>\r\n                        <div class=\"text-modules__content\"><p>(tekst) strona w budowie<\/p>\n<\/div>\r\n                    <\/div>\r\n                <\/div>[\/vc_column][\/vc_row]<\/p>","protected":false},"excerpt":{"rendered":"<p>[vc_row][vc_column][\/vc_column][\/vc_row][vc_row][vc_column][\/vc_column][\/vc_row] [&#8230;]<\/p>\n<p><a class=\"btn btn-secondary understrap-read-more-link\" href=\"https:\/\/us.edu.pl\/pracownik\/szkolenia\/materialy-szkoleniowe-i-instruktaze-zewnetrzne\/\">Read More&#8230;<\/a><\/p>\n","protected":false},"author":41,"featured_media":0,"parent":2481,"menu_order":70,"comment_status":"closed","ping_status":"closed","template":"page-templates\/inner-page.php","meta":{"_expiration-date-status":"","_expiration-date":0,"_expiration-date-type":"","_expiration-date-categories":[],"_expiration-date-options":[]},"acf":[],"_links":{"self":[{"href":"https:\/\/us.edu.pl\/pracownik\/wp-json\/wp\/v2\/pages\/25928"}],"collection":[{"href":"https:\/\/us.edu.pl\/pracownik\/wp-json\/wp\/v2\/pages"}],"about":[{"href":"https:\/\/us.edu.pl\/pracownik\/wp-json\/wp\/v2\/types\/page"}],"author":[{"embeddable":true,"href":"https:\/\/us.edu.pl\/pracownik\/wp-json\/wp\/v2\/users\/41"}],"replies":[{"embeddable":true,"href":"https:\/\/us.edu.pl\/pracownik\/wp-json\/wp\/v2\/comments?post=25928"}],"version-history":[{"count":1,"href":"https:\/\/us.edu.pl\/pracownik\/wp-json\/wp\/v2\/pages\/25928\/revisions"}],"predecessor-version":[{"id":25929,"href":"https:\/\/us.edu.pl\/pracownik\/wp-json\/wp\/v2\/pages\/25928\/revisions\/25929"}],"up":[{"embeddable":true,"href":"https:\/\/us.edu.pl\/pracownik\/wp-json\/wp\/v2\/pages\/2481"}],"wp:attachment":[{"href":"https:\/\/us.edu.pl\/pracownik\/wp-json\/wp\/v2\/media?parent=25928"}],"curies":[{"name":"wp","href":"https:\/\/api.w.org\/{rel}","templated":true}]}}