{"id":25932,"date":"2024-07-03T15:32:18","date_gmt":"2024-07-03T13:32:18","guid":{"rendered":"https:\/\/us.edu.pl\/pracownik\/?page_id=25932"},"modified":"2025-07-29T10:09:06","modified_gmt":"2025-07-29T08:09:06","slug":"bazy-wiedzy-us","status":"publish","type":"page","link":"https:\/\/us.edu.pl\/pracownik\/szkolenia\/materialy-szkoleniowe-i-instruktaze-w-uniwersytecie\/bazy-wiedzy-us\/","title":{"rendered":"Bazy wiedzy U\u015a"},"content":{"rendered":"<p>[vc_row][vc_column][\/vc_column][\/vc_row][vc_row][vc_column]\r\n                <div class=\"text-modules\">\r\n                    <div class=\"container\">\r\n                        <h3 class=\"page-title text__title\">Bazy wiedzy U\u015a<\/h3>\r\n                        <div class=\"text-modules__content\"><\/div>\r\n                    <\/div>\r\n                <\/div>[\/vc_column][\/vc_row][vc_row][vc_column]<div class=\"container\"><div class=\"separator\" style=\"background-color: #000000\"><\/div><\/div>[\/vc_column][\/vc_row][vc_row][vc_column]\r\n                <div class=\"text-modules \">\r\n                    <div class=\"container\">\r\n                        <h3 class=\"section-title section-title_border-bottom\">Baza wiedzy SAP<\/h3> \r\n                        <div class=\"row m-0\">\r\n                            <div class=\"text-modules__content\">\r\n                                Zamieszczone tu tre\u015bci maj\u0105 za zadanie pom\u00f3c pracownikom w codziennej pracy ze Zintegrowanym Informatycznym Systemem Wspomagania Zarz\u0105dzania Uczelni\u0105 (program SAP). Aktualno\u015bci z kolei stanowi\u0105 seri\u0119 komunikat\u00f3w dotycz\u0105cych wdra\u017canych funkcjonalno\u015bci, termin\u00f3w wykonywania r\u00f3\u017cnorodnych zada\u0144 w systemie czy dzia\u0142ania poszczeg\u00f3lnych modu\u0142\u00f3w systemu. \r\n                                <div class=\"mt-3\"><a href=\"https:\/\/info.adm.us.edu.pl\/sap\/index.html\" class=\"link-button mr-3 \">Link do strony: Baza Wiedzy SAP<\/a><\/div>\r\n                            <\/div>\r\n                            \r\n                            <div class=\"text-modules__img\"><img src=\"https:\/\/us.edu.pl\/pracownik\/wp-content\/uploads\/sites\/2\/pracownik\/wiadomosci\/john-schnobrich-FlPc9_VocJ4-unsplash_www.png\" alt=\"img\"><\/div>\r\n                        <\/div>\r\n                    <\/div>\r\n                <\/div>[\/vc_column][\/vc_row][vc_row][vc_column]<div class=\"container\"><div class=\"separator\" style=\"background-color: #000000\"><\/div><\/div>[\/vc_column][\/vc_row][vc_row][vc_column]\r\n                <div class=\"text-modules \">\r\n                    <div class=\"container\">\r\n                        <h3 class=\"section-title section-title_border-bottom\">Procedura realizacji dostaw i us\u0142ug<\/h3> \r\n                        <div class=\"row m-0\">\r\n                            <div class=\"text-modules__content\">\r\n                                Plan Zam\u00f3wie\u0144 Publicznych tworzony jest ka\u017cdego roku na podstawie warto\u015bci zakup\u00f3w zaplanowanych przez wydzia\u0142y i inne jednostki Uniwersytetu \u015al\u0105skiego. W materiale znajduje si\u0119 opis przebiegu realizacji zam\u00f3wienia publicznego, plan zam\u00f3wie\u0144 publicznych, harmonogram realizacji dostaw i us\u0142ug oraz inne analizy i wymagania niezb\u0119dne w realizacji um\u00f3w d\u0142ugoterminowych. \r\n                                <div class=\"mt-3\"><a href=\"https:\/\/us.edu.pl\/pracownik\/procedury-i-obieg-dokumentow\/logistyka\/procedura-zakupow\/\" class=\"link-button mr-3 \">Link do strony: Procedura realizacji dostaw i us\u0142ug (zakup\u00f3w) w U\u015a<\/a><\/div>\r\n                            <\/div>\r\n                            \r\n                            <div class=\"text-modules__img\"><img src=\"https:\/\/us.edu.pl\/pracownik\/wp-content\/uploads\/sites\/2\/Editor\/logistyka\/Osoby-odpowiedzialne-w-Jednostkach\/avel-chuklanov-DUmFLtMeAbQ-unsplash.jpg\" alt=\"img\"><\/div>\r\n                        <\/div>\r\n                    <\/div>\r\n                <\/div>[\/vc_column][\/vc_row][vc_row][vc_column]<div class=\"container\"><div class=\"separator\" style=\"background-color: #000000\"><\/div><\/div>[\/vc_column][\/vc_row][vc_row][vc_column]\r\n                <div class=\"text-modules \">\r\n                    <div class=\"container\">\r\n                        <h3 class=\"section-title section-title_border-bottom\">Pozosta\u0142e procedury i obieg dokument\u00f3w<\/h3> \r\n                        <div class=\"row m-0\">\r\n                            <div class=\"text-modules__content\">\r\n                                Na tej podstronie znajduj\u0105 si\u0119 tre\u015bci podzielone na 9 obszar\u00f3w tematycznych. Klikaj\u0105c w nie, mo\u017cna znale\u017a\u0107 wa\u017cne informacje dotycz\u0105ce funkcjonowania Uczelni danym obszarze, w tym dzia\u0142\u00f3w merytorycznych zajmuj\u0105cych si\u0119 opisywanymi kwestiami. Ponadto zamieszczono tam odpowiednie akty prawne, istniej\u0105ce umowy, instrukcje, procedury, prezentacje czy dane kontaktowe dzia\u0142\u00f3w i pracownik\u00f3w. \r\n                                <div class=\"mt-3\"><a href=\"https:\/\/us.edu.pl\/pracownik\/procedury-i-obieg-dokumentow\/\" class=\"link-button mr-3 \">Link do strony: Procedury i obieg dokument\u00f3w<\/a><\/div>\r\n                            <\/div>\r\n                            \r\n                            <div class=\"text-modules__img\"><img src=\"https:\/\/us.edu.pl\/pracownik\/wp-content\/uploads\/sites\/2\/pracownik\/wiadomosci\/Fotolia_48757595_Subscription_XXL.jpg\" alt=\"img\"><\/div>\r\n                        <\/div>\r\n                    <\/div>\r\n                <\/div>[\/vc_column][\/vc_row][vc_row][vc_column]<div class=\"container\"><div class=\"separator\" style=\"background-color: #000000\"><\/div><\/div>[\/vc_column][\/vc_row][vc_row][vc_column]\r\n                <div class=\"text-modules \">\r\n                    <div class=\"container\">\r\n                        <h3 class=\"section-title section-title_border-bottom\">R\u00f3wne traktowanie - sekcja informacyjna<\/h3> \r\n                        <div class=\"row m-0\">\r\n                            <div class=\"text-modules__content\">\r\n                                W celu realizacji deklaracji: <em>Uniwersytet \u015al\u0105ski &#8211; Wsp\u00f3lnoty R\u00f3wnych i R\u00f3\u017cnorodnych<\/em>, a tak\u017ce warto\u015bci wyra\u017conych w \u00a7 4 Statutu Uniwersytetu \u015al\u0105skiego w Katowicach, przyjmujemy Zasady R\u00f3wno\u015bci i R\u00f3\u017cnorodno\u015bci, zgodnie z kt\u00f3rymi opracowane i rozwijane b\u0119d\u0105 szczeg\u00f3\u0142owe programy dzia\u0142a\u0144. w materiale znajduje si\u0119 m.in.: sekcja wsparcia okre\u015blaj\u0105ca miejsce, gdzie mo\u017cna szuka\u0107 wsparcia w przeciwdzia\u0142aniu mobbingowi, w przeciwdzia\u0142ania molestowaniu seksualnemu, w zg\u0142aszaniu narusze\u0144. \r\n                                <div class=\"mt-3\"><a href=\"https:\/\/us.edu.pl\/uczelnia\/rowne-traktowanie\/#sekcja-informacyjna\" class=\"link-button mr-3 \">Link do strony: R\u00f3wne traktowanie<\/a><\/div>\r\n                            <\/div>\r\n                            \r\n                            <div class=\"text-modules__img\"><img src=\"https:\/\/us.edu.pl\/pracownik\/wp-content\/uploads\/sites\/2\/pracownik\/wiadomosci\/pexels-fauxels-3184418-scaled.jpg\" alt=\"img\"><\/div>\r\n                        <\/div>\r\n                    <\/div>\r\n                <\/div>[\/vc_column][\/vc_row][vc_row][vc_column]<div class=\"container\"><div class=\"separator\" style=\"background-color: #000000\"><\/div><\/div>[\/vc_column][\/vc_row]<\/p>","protected":false},"excerpt":{"rendered":"<p>[vc_row][vc_column][\/vc_column][\/vc_row][vc_row][vc_column][\/vc_column][\/vc_row][vc_row][vc_column][\/vc_column][\/vc_row][vc_row][vc_column][\/vc_column][\/vc_row][vc_row][vc_column][\/vc_column][\/vc_row][vc_row][vc_column][\/vc_column][\/vc_row][vc_row][vc_column][\/vc_column][\/vc_row][vc_row][vc_column][\/vc_column][\/vc_row][vc_row][vc_column][\/vc_column][\/vc_row][vc_row][vc_column][\/vc_column][\/vc_row][vc_row][vc_column][\/vc_column][\/vc_row] [&#8230;]<\/p>\n<p><a class=\"btn btn-secondary understrap-read-more-link\" href=\"https:\/\/us.edu.pl\/pracownik\/szkolenia\/materialy-szkoleniowe-i-instruktaze-w-uniwersytecie\/bazy-wiedzy-us\/\">Read More&#8230;<\/a><\/p>\n","protected":false},"author":41,"featured_media":0,"parent":25926,"menu_order":66,"comment_status":"closed","ping_status":"closed","template":"","meta":{"_expiration-date-status":"","_expiration-date":0,"_expiration-date-type":"","_expiration-date-categories":[],"_expiration-date-options":[]},"acf":[],"_links":{"self":[{"href":"https:\/\/us.edu.pl\/pracownik\/wp-json\/wp\/v2\/pages\/25932"}],"collection":[{"href":"https:\/\/us.edu.pl\/pracownik\/wp-json\/wp\/v2\/pages"}],"about":[{"href":"https:\/\/us.edu.pl\/pracownik\/wp-json\/wp\/v2\/types\/page"}],"author":[{"embeddable":true,"href":"https:\/\/us.edu.pl\/pracownik\/wp-json\/wp\/v2\/users\/41"}],"replies":[{"embeddable":true,"href":"https:\/\/us.edu.pl\/pracownik\/wp-json\/wp\/v2\/comments?post=25932"}],"version-history":[{"count":10,"href":"https:\/\/us.edu.pl\/pracownik\/wp-json\/wp\/v2\/pages\/25932\/revisions"}],"predecessor-version":[{"id":40165,"href":"https:\/\/us.edu.pl\/pracownik\/wp-json\/wp\/v2\/pages\/25932\/revisions\/40165"}],"up":[{"embeddable":true,"href":"https:\/\/us.edu.pl\/pracownik\/wp-json\/wp\/v2\/pages\/25926"}],"wp:attachment":[{"href":"https:\/\/us.edu.pl\/pracownik\/wp-json\/wp\/v2\/media?parent=25932"}],"curies":[{"name":"wp","href":"https:\/\/api.w.org\/{rel}","templated":true}]}}