{"id":25941,"date":"2024-07-04T09:53:57","date_gmt":"2024-07-04T07:53:57","guid":{"rendered":"https:\/\/us.edu.pl\/pracownik\/?page_id=25941"},"modified":"2024-07-12T09:16:15","modified_gmt":"2024-07-12T07:16:15","slug":"szkolenia-e-learningowe-i-materialy-szkoleniowe","status":"publish","type":"page","link":"https:\/\/us.edu.pl\/pracownik\/szkolenia\/materialy-szkoleniowe-i-instruktaze-w-uniwersytecie\/szkolenia-e-learningowe-i-materialy-szkoleniowe\/","title":{"rendered":"Szkolenia e-learningowe i materia\u0142y szkoleniowe"},"content":{"rendered":"<p>[vc_row][vc_column][\/vc_column][\/vc_row][vc_row][vc_column]\r\n                <div class=\"text-modules\">\r\n                    <div class=\"container\">\r\n                        <h3 class=\"page-title text__title\">Szkolenia e-learningowe i materia\u0142y szkoleniowe<\/h3>\r\n                        <div class=\"text-modules__content\"><\/div>\r\n                    <\/div>\r\n                <\/div>[\/vc_column][\/vc_row][vc_row][vc_column]<div class=\"container\"><div class=\"separator\" style=\"background-color: #000000\"><\/div><\/div>[\/vc_column][\/vc_row][vc_row][vc_column]\r\n                <div class=\"text-modules \">\r\n                    <div class=\"container\">\r\n                        <h3 class=\"section-title section-title_border-bottom\">Centrum Kszta\u0142cenia na Odleg\u0142o\u015b\u0107<\/h3> \r\n                        <div class=\"row m-0\">\r\n                            <div class=\"text-modules__content\">\r\n                                Centrum Kszta\u0142cenia na Odleg\u0142o\u015b\u0107 w Uniwersytecie \u015al\u0105skim stanowi og\u00f3lnouczelnian\u0105 jednostk\u0119 organizacyjn\u0105 Uniwersytetu \u015al\u0105skiego, prowadz\u0105c\u0105 dzia\u0142alno\u015b\u0107 w zakresie kszta\u0142cenia elektronicznego oraz wykorzystania do tego celu technologii internetowych. Zakres jego dzia\u0142alno\u015bci oraz kontakty do Pe\u0142nomocnik\u00f3w Wydzia\u0142owych ds. Kszta\u0142cenia na Odleg\u0142o\u015b\u0107 znajduj\u0105 si\u0119 na podstronie: <a href=\"https:\/\/el.us.edu.pl\/cko\/?page_id=753\">O nas | Centrum Kszta\u0142cenia na Odleg\u0142o\u015b\u0107 | Strona g\u0142\u00f3wna (us.edu.pl)<\/a> Klikni\u0119cie przycisku \u201ewyk\u0142adowca\u201d ods\u0142ania seri\u0119 zasob\u00f3w: informacji, instrukta\u017cy, procedur i tutoriali umo\u017cliwiaj\u0105cych pracownikom (nie tylko nauczycielom akademickim) tworzenie kurs\u00f3w czy test\u00f3w na platformie Moodle oraz uruchamianie bada\u0144 ankietowych na platformie Lime Survey. \r\n                                <div class=\"mt-3\"><a href=\"https:\/\/el.us.edu.pl\/cko\/?page_id=753\" class=\"link-button mr-3 \">Link do zakresu dzia\u0142alno\u015bci Centrum Kszta\u0142cenia na Odleg\u0142o\u015b\u0107<\/a><\/div>\r\n                            <\/div>\r\n                            \r\n                            <div class=\"text-modules__img\"><img src=\"https:\/\/us.edu.pl\/pracownik\/wp-content\/uploads\/sites\/2\/pracownik\/wiadomosci\/mezczyzna-przedsiebiorca-korzystajacy-z-laptopa-podczas-spotkania-online-i-rozmawiania-ze-swoim-kolega-o-raportach-biznesowych-fokus-jest-na-ekranie-laptopa.jpg\" alt=\"img\"><\/div>\r\n                        <\/div>\r\n                    <\/div>\r\n                <\/div>[\/vc_column][\/vc_row][vc_row][vc_column]<div class=\"container\"><div class=\"separator\" style=\"background-color: #000000\"><\/div><\/div>[\/vc_column][\/vc_row][vc_row][vc_column]\r\n                <div class=\"text-modules \">\r\n                    <div class=\"container\">\r\n                        <h3 class=\"section-title section-title_border-bottom\">Nowa Koncepcja Studi\u00f3w<\/h3> \r\n                        <div class=\"row m-0\">\r\n                            <div class=\"text-modules__content\">\r\n                                Nowa koncepcja kszta\u0142cenia na studiach licencjackich, in\u017cynierskich i jednolitych magisterskich zosta\u0142a opracowana przez zesp\u00f3\u0142 pracownik\u00f3w reprezentuj\u0105cych wszystkie wydzia\u0142y, jednostki administracyjne odpowiedzialne za organizacj\u0119 dydaktyki oraz przedstawicieli samorz\u0105du studenckiego U\u015a. Wdra\u017cana jest sukcesywnie od pa\u017adziernika 2023 roku.<\/p>\n<p>W uj\u0119ciu koncepcji model kszta\u0142cenia licencjackiego sk\u0142ada si\u0119 z dw\u00f3ch obszar\u00f3w: modu\u0142\u00f3w kierunkowych prowadz\u0105cych do dyplomu z danego kierunku oraz modu\u0142\u00f3w otwartych, tzw. uniwersyteckich, kt\u00f3re wzbogacaj\u0105 kszta\u0142cenie kierunkowe i wi\u0105\u017c\u0105 je z wiedz\u0105 z innych dyscyplin obecnych w naszym uniwersytecie. Obie cz\u0119\u015bci programu stanowi\u0105 ca\u0142o\u015b\u0107, w obr\u0119bie kt\u00f3rej student dokonuje wyboru modu\u0142\u00f3w uniwersyteckich.<\/p>\n<p>Na stronie prezentuj\u0105cej prace wdro\u017ceniowe oraz za\u0142o\u017cenia Nowej Koncepcji Studi\u00f3w znajduj\u0105 si\u0119 informacje, wytyczne, tutoriale i inne materia\u0142w z zakresu doskonalenia program\u00f3w studi\u00f3w I stopnia oraz studi\u00f3w jednolitych magisterskich zgodnie z jej za\u0142o\u017ceniami. \r\n                                <div class=\"mt-3\"><a href=\"https:\/\/us.edu.pl\/pracownik\/sprawy-dydaktyczne\/nowa-koncepcja-studiow\/\" class=\"link-button mr-3 \">Link do strony: Nowa Koncepcja Studi\u00f3w<\/a><\/div>\r\n                            <\/div>\r\n                            \r\n                            <div class=\"text-modules__img\"><img src=\"https:\/\/us.edu.pl\/pracownik\/wp-content\/uploads\/sites\/2\/pracownik\/wiadomosci\/DSC5817-kopiawww-575x384-1.webp\" alt=\"img\"><\/div>\r\n                        <\/div>\r\n                    <\/div>\r\n                <\/div>[\/vc_column][\/vc_row][vc_row][vc_column]<div class=\"container\"><div class=\"separator\" style=\"background-color: #000000\"><\/div><\/div>[\/vc_column][\/vc_row][vc_row][vc_column]\r\n                <div class=\"text-modules \">\r\n                    <div class=\"container\">\r\n                        <h3 class=\"section-title section-title_border-bottom\">RODO | szkolenie z zakresu ochrony danych osobowych na platformie e-learningowej<\/h3> \r\n                        <div class=\"row m-0\">\r\n                            <div class=\"text-modules__content\">\r\n                                Dwucz\u0119\u015bciowy kurs o ochronie danych osobowych jest skierowany do wszystkich pracownik\u00f3w Uniwersytetu. Realizacja szkole\u0144 jest obligatoryjna i ka\u017cdy z pracownik\u00f3w jest obowi\u0105zany za ich realizacj\u0119. Szkolenie obejmuje zagadnienia, m.in.:<\/p>\n<ul>\n<li>og\u00f3lne informacje na temat ochrony danych osobowych, m.in.: definicj\u0119 danych osobowych, kategorii danych;<\/li>\n<li>zasady przetwarzania danych oraz legalne podstawy prawne przetwarzania danych osobowych;<\/li>\n<li>naruszenia ochrony danych;<\/li>\n<li>wewn\u0119trzne akty prawnych dot. kwestii ochrony danych osobowych (Polityka Bezpiecze\u0144stwa Informacji);<\/li>\n<li>kiedy i jak spe\u0142ni\u0107 obowi\u0105zek informacyjny RODO (klauzula informacyjna RODO);<\/li>\n<li>jakie prawa maj\u0105 osoby, kt\u00f3rych dane s\u0105 przetwarzane oraz jak skorzysta\u0107 z tych praw;<\/li>\n<li>jak nale\u017cy zachowa\u0107 si\u0119 w przypadku phishingu (oszustwa zmierzaj\u0105cego do wy\u0142udzenia danych osobowych);<\/li>\n<li>jak legalnie przekazywa\u0107 dane osobowe (w drodze um\u00f3w powierzenia lub udost\u0119pnienia danych).<\/li>\n<\/ul>\n<p>Uwaga!<br \/>\nWymaga zalogowania si\u0119 przez Centralny System Uwierzytelniania (nale\u017cy wpisa\u0107 indywidulany login i has\u0142o do systemu CAS). Po zrealizowaniu kurs\u00f3w automatycznie generuje si\u0119 za\u015bwiadczenie o realizacji kursu. \r\n                                <div class=\"mt-3\"><a href=\"https:\/\/el.us.edu.pl\/sw\/mod\/page\/view.php?id=543 \" class=\"link-button mr-3 \">Link do szkolenia | RODO cz. 1<\/a><a href=\"https:\/\/el.us.edu.pl\/sw\/course\/view.php?id=14\" class=\"link-button mr-3 \">Link do szkolenia | RODO cz. 2<\/a><\/div>\r\n                            <\/div>\r\n                            \r\n                            <div class=\"text-modules__img\"><img src=\"https:\/\/us.edu.pl\/pracownik\/wp-content\/uploads\/sites\/2\/pracownik\/wiadomosci\/17-ochrona-danych-osobowych-20230516132056.jpg\" alt=\"img\"><\/div>\r\n                        <\/div>\r\n                    <\/div>\r\n                <\/div>[\/vc_column][\/vc_row][vc_row][vc_column]<div class=\"container\"><div class=\"separator\" style=\"background-color: #000000\"><\/div><\/div>[\/vc_column][\/vc_row][vc_row][vc_column]\r\n                <div class=\"text-modules \">\r\n                    <div class=\"container\">\r\n                        <h3 class=\"section-title section-title_border-bottom\">Kurs BHP - szkolenie okresowe dla pracownik\u00f3w 2024<\/h3> \r\n                        <div class=\"row m-0\">\r\n                            <div class=\"text-modules__content\">\r\n                                Szkolenie okresowe z zakresu BHP obejmuje kilka wa\u017cnych temat\u00f3w, m.in.:<\/p>\n<ul>\n<li>prawa i obowi\u0105zki pracodawcy i pracownika uj\u0119te w Prawie pracy, wp\u0142yw czynnik\u00f3w szkodliwych i uci\u0105\u017cliwych na organizm cz\u0142owieka, wypadki przy pracy i choroby zawodowe, profilaktyka szkole\u0144 w zakresie bezpiecze\u0144stwa i higieny pracy, urlopy pracownicze, praca przy komputerze, ochrona pracy kobiet, transport r\u0119czny dla m\u0119\u017cczyzn, pierwsza pomoc przedlekarska, ochrona przeciwpo\u017carowa.<\/li>\n<\/ul>\n<p>Kurs nale\u017cy przechodzi\u0107 w kolejno\u015bci podanej w zasadach korzystania z kursu BHP. Po dokonaniu wyboru zagro\u017ce\u0144 dodatkowych, na kt\u00f3re nara\u017cony jest pracownik podczas wykonywania pracy przechodzi si\u0119 do zagadnie\u0144.<\/p>\n<p>Uwaga!<br \/>\nWymaga zalogowania si\u0119 przez Centralny System Uwierzytelniania (nale\u017cy wpisa\u0107 indywidualny login i has\u0142o do systemu CAS). \r\n                                <div class=\"mt-3\"><a href=\"https:\/\/el.us.edu.pl\/sw\/course\/view.php?id=30\" class=\"link-button mr-3 \">Link do szkolenia okresowego BHP<\/a><\/div>\r\n                            <\/div>\r\n                            \r\n                            <div class=\"text-modules__img\"><img src=\"https:\/\/us.edu.pl\/pracownik\/wp-content\/uploads\/sites\/2\/pracownik\/wiadomosci\/Fotolia_34179140_Subscription_XXL.jpg\" alt=\"img\"><\/div>\r\n                        <\/div>\r\n                    <\/div>\r\n                <\/div>[\/vc_column][\/vc_row][vc_row][vc_column]<div class=\"container\"><div class=\"separator\" style=\"background-color: #000000\"><\/div><\/div>[\/vc_column][\/vc_row][vc_row][vc_column]\r\n                <div class=\"text-modules \">\r\n                    <div class=\"container\">\r\n                        <h3 class=\"section-title section-title_border-bottom\">Kurs BHP - szkolenie okresowe dla os\u00f3b kieruj\u0105cych pracownikami 2024<\/h3> \r\n                        <div class=\"row m-0\">\r\n                            <div class=\"text-modules__content\">\r\n                                Szkolenie okresowe dla os\u00f3b kieruj\u0105cych pracownikami z zakresu BHP obejmuje kilka wa\u017cnych temat\u00f3w, m.in.:<\/p>\n<ul>\n<li>prawa i obowi\u0105zki pracodawcy i pracownika uj\u0119te w Prawie pracy, r\u00f3wne traktowanie w zatrudnieniu, wp\u0142yw czynnik\u00f3w szkodliwych i uci\u0105\u017cliwych na organizm cz\u0142owieka, wypadki przy pracy i choroby zawodowe, profilaktyka szkole\u0144 w zakresie bezpiecze\u0144stwa i higieny pracy, urlopy pracownicze, praca przy komputerze, ochrona pracy kobiet, transport r\u0119czny dla m\u0119\u017cczyzn i kobiet, pierwsza pomoc przedlekarska, ochrona przeciwpo\u017carowa.<\/li>\n<\/ul>\n<p>Kurs nale\u017cy przechodzi\u0107 w kolejno\u015bci podanej w zasadach korzystania z kursu BHP. Po dokonaniu wyboru zagro\u017ce\u0144 dodatkowych, na kt\u00f3re nara\u017cony jest pracownik podczas wykonywania pracy, przechodzi si\u0119 do zagadnie\u0144.<\/p>\n<p>Uwaga!<br \/>\nWymaga zalogowania si\u0119 przez Centralny System Uwierzytelniania (nale\u017cy wpisa\u0107 indywidualny login i has\u0142o do systemu CAS). \r\n                                <div class=\"mt-3\"><a href=\"https:\/\/el.us.edu.pl\/sw\/course\/view.php?id=31\" class=\"link-button mr-3 \">Link do szkolenia okresowego BHP - dla os\u00f3b kieruj\u0105cych pracownikami 2024<\/a><\/div>\r\n                            <\/div>\r\n                            \r\n                            <div class=\"text-modules__img\"><img src=\"https:\/\/us.edu.pl\/pracownik\/wp-content\/uploads\/sites\/2\/pracownik\/wiadomosci\/pexels-kampus1.jpg\" alt=\"img\"><\/div>\r\n                        <\/div>\r\n                    <\/div>\r\n                <\/div>[\/vc_column][\/vc_row][vc_row][vc_column]<div class=\"container\"><div class=\"separator\" style=\"background-color: #000000\"><\/div><\/div>[\/vc_column][\/vc_row][vc_row][vc_column]\r\n                <div class=\"text-modules \">\r\n                    <div class=\"container\">\r\n                        <h3 class=\"section-title section-title_border-bottom\">Kurs BHP dla pracownik\u00f3w NNA wykonuj\u0105cych prac\u0119 zdaln\u0105<\/h3> \r\n                        <div class=\"row m-0\">\r\n                            <div class=\"text-modules__content\">\r\n                                Regulacje dotycz\u0105ce pracy zdalnej okre\u015blone s\u0105 w <strong>Kodeksie Pracy (Roz. IIc \u00a0&#8211; Art. 67<sup>18<\/sup>\u00a0&#8211; Art. 67<sup>34)<\/sup><\/strong>.<\/p>\n<p>W zakresie tre\u015bci szkolenia obejmuj\u0105 nast\u0119puj\u0105ce tematy: definicja pracy zdalnej, zasady traktowania pracownika wykonuj\u0105cego prac\u0119 zdaln\u0105, uzgodnienie umowy o prac\u0119 zdaln\u0105 wykonywan\u0105 poza biurem, BHP przy pracy zdalnej, ocena ryzyka zawodowego, kontrola wykonywania pracy zdalnej przez pracodawc\u0119, wypadki przy pracy zdalnej, zasady bezpiecznego wykonywania pracy zdalnej, post\u0119powanie w razie wypadku &#8211; pierwsza pomoc przedlekarska.<\/p>\n<p>Szkolenie nale\u017cy wykona\u0107 w kolejno\u015bci prezentowanych temat\u00f3w.<\/p>\n<p>Uwaga!<br \/>\nWymaga zalogowania si\u0119 przez Centralny System Uwierzytelniania (nale\u017cy wpisa\u0107 indywidulany login i has\u0142o do systemu CAS). \r\n                                <div class=\"mt-3\"><a href=\"https:\/\/el.us.edu.pl\/sw\/course\/view.php?id=28\" class=\"link-button mr-3 \">Link do szkolenia<\/a><a href=\"https:\/\/view.officeapps.live.com\/op\/view.aspx?src=https%3A%2F%2Fus.edu.pl%2Fpracownik%2Fwp-content%2Fuploads%2Fsites%2F2%2FEditor%2Fkadry_DSOS%2FPZ.pps&wdOrigin=BROWSELINK\" class=\"link-button mr-3 \">Prezentacja dotycz\u0105ca pracy zdanej w U\u015a<\/a><\/div>\r\n                            <\/div>\r\n                            \r\n                            <div class=\"text-modules__img\"><img src=\"https:\/\/us.edu.pl\/pracownik\/wp-content\/uploads\/sites\/2\/2021\/04\/pexels-vojtech-okenka-mysz-reka.jpg\" alt=\"img\"><\/div>\r\n                        <\/div>\r\n                    <\/div>\r\n                <\/div>[\/vc_column][\/vc_row][vc_row][vc_column]<div class=\"container\"><div class=\"separator\" style=\"background-color: #000000\"><\/div><\/div>[\/vc_column][\/vc_row][vc_row][vc_column]\r\n                <div class=\"text-modules \">\r\n                    <div class=\"container\">\r\n                        <h3 class=\"section-title section-title_border-bottom\">Cyberbezpiecze\u0144stwo<\/h3> \r\n                        <div class=\"row m-0\">\r\n                            <div class=\"text-modules__content\">\r\n                                Szkolenie z zakresu byberbezpiecze\u0144stwa w sieci zawiera materia\u0142 video pt.: Bezpieczne has\u0142a, bezpieczne us\u0142ugi cyfrowe &#8211; Cyberhigiena.<\/p>\n<p>&nbsp;<\/p>\n<p>Uwaga!<br \/>\nWymaga zalogowania si\u0119 przez Centralny System Uwierzytelniania (nale\u017cy wpisa\u0107 indywidualny login i has\u0142o do systemu CAS). \r\n                                <div class=\"mt-3\"><a href=\"https:\/\/el.us.edu.pl\/sw\/course\/section.php?id=339\" class=\"link-button mr-3 \">Link do szkolenia: Cyberhigiena<\/a><\/div>\r\n                            <\/div>\r\n                            \r\n                            <div class=\"text-modules__img\"><img src=\"https:\/\/us.edu.pl\/pracownik\/wp-content\/uploads\/sites\/2\/pracownik\/wiadomosci\/eye-futuristic-robot_www.jpg\" alt=\"img\"><\/div>\r\n                        <\/div>\r\n                    <\/div>\r\n                <\/div>[\/vc_column][\/vc_row][vc_row][vc_column]<div class=\"container\"><div class=\"separator\" style=\"background-color: #000000\"><\/div><\/div>[\/vc_column][\/vc_row][vc_row][vc_column]\r\n                <div class=\"text-modules \">\r\n                    <div class=\"container\">\r\n                        <h3 class=\"section-title section-title_border-bottom\">System EZD | przepisy archiwalno-kancelaryjne w U\u015a<\/h3> \r\n                        <div class=\"row m-0\">\r\n                            <div class=\"text-modules__content\">\r\n                                W materiale znajduj\u0105 si\u0119 zasady pracy biurowej obowi\u0105zuj\u0105ce pracownik\u00f3w Uniwersytetu. Zasady s\u0105 regulowane przez normatywy kancelaryjno-archiwalne, m.in.: Jednolity rzeczowy wykaz akt wprowadzony, Instrukcja kancelaryjna Uniwersytetu \u015al\u0105skiego w Katowicach, Instrukcja archiwalna Uniwersytetu \u015al\u0105skiego. Materia\u0142 zawiera tak\u017ce informacj\u0119 o wprowadzeniu systemu EZD &#8211; (Elektroniczne Zarz\u0105dzanie Dokumentacj\u0105) wspomagaj\u0105cego wykonywanie czynno\u015bci kancelaryjnych.<\/p>\n<p>&nbsp;<\/p>\n<p>Uwaga!<br \/>\nWymaga zalogowania si\u0119 przez Centralny System Uwierzytelniania (nale\u017cy wpisa\u0107 indywidualny login i has\u0142o do systemu CAS). \r\n                                <div class=\"mt-3\"><a href=\"https:\/\/ezdedu.us.edu.pl\/index.php\/materialy-szkoleniowe\/\" class=\"link-button mr-3 \">Materia\u0142y szkoleniowe i instrukcje | EZD | kancelaria | archiwum<\/a><a href=\"https:\/\/ezdedu.us.edu.pl\/index.php\/harmonogramy-szkolen\/\" class=\"link-button mr-3 \">Harmonogramy szkole\u0144<\/a><\/div>\r\n                            <\/div>\r\n                            \r\n                            <div class=\"text-modules__img\"><img src=\"https:\/\/us.edu.pl\/pracownik\/wp-content\/uploads\/sites\/2\/Editor\/sprawy-naukowe\/content-2.jpg\" alt=\"img\"><\/div>\r\n                        <\/div>\r\n                    <\/div>\r\n                <\/div>[\/vc_column][\/vc_row][vc_row][vc_column]<div class=\"container\"><div class=\"separator\" style=\"background-color: #000000\"><\/div><\/div>[\/vc_column][\/vc_row]<\/p>","protected":false},"excerpt":{"rendered":"<p>[vc_row][vc_column][\/vc_column][\/vc_row][vc_row][vc_column][\/vc_column][\/vc_row][vc_row][vc_column][\/vc_column][\/vc_row][vc_row][vc_column][\/vc_column][\/vc_row][vc_row][vc_column][\/vc_column][\/vc_row][vc_row][vc_column][\/vc_column][\/vc_row][vc_row][vc_column][\/vc_column][\/vc_row][vc_row][vc_column][\/vc_column][\/vc_row][vc_row][vc_column][\/vc_column][\/vc_row][vc_row][vc_column][\/vc_column][\/vc_row][vc_row][vc_column][\/vc_column][\/vc_row][vc_row][vc_column][\/vc_column][\/vc_row][vc_row][vc_column][\/vc_column][\/vc_row][vc_row][vc_column][\/vc_column][\/vc_row][vc_row][vc_column][\/vc_column][\/vc_row][vc_row][vc_column][\/vc_column][\/vc_row][vc_row][vc_column][\/vc_column][\/vc_row][vc_row][vc_column][\/vc_column][\/vc_row][vc_row][vc_column][\/vc_column][\/vc_row] [&#8230;]<\/p>\n<p><a class=\"btn btn-secondary understrap-read-more-link\" href=\"https:\/\/us.edu.pl\/pracownik\/szkolenia\/materialy-szkoleniowe-i-instruktaze-w-uniwersytecie\/szkolenia-e-learningowe-i-materialy-szkoleniowe\/\">Read More&#8230;<\/a><\/p>\n","protected":false},"author":41,"featured_media":0,"parent":25926,"menu_order":500,"comment_status":"closed","ping_status":"closed","template":"","meta":{"_expiration-date-status":"","_expiration-date":0,"_expiration-date-type":"","_expiration-date-categories":[],"_expiration-date-options":[]},"acf":[],"_links":{"self":[{"href":"https:\/\/us.edu.pl\/pracownik\/wp-json\/wp\/v2\/pages\/25941"}],"collection":[{"href":"https:\/\/us.edu.pl\/pracownik\/wp-json\/wp\/v2\/pages"}],"about":[{"href":"https:\/\/us.edu.pl\/pracownik\/wp-json\/wp\/v2\/types\/page"}],"author":[{"embeddable":true,"href":"https:\/\/us.edu.pl\/pracownik\/wp-json\/wp\/v2\/users\/41"}],"replies":[{"embeddable":true,"href":"https:\/\/us.edu.pl\/pracownik\/wp-json\/wp\/v2\/comments?post=25941"}],"version-history":[{"count":10,"href":"https:\/\/us.edu.pl\/pracownik\/wp-json\/wp\/v2\/pages\/25941\/revisions"}],"predecessor-version":[{"id":26049,"href":"https:\/\/us.edu.pl\/pracownik\/wp-json\/wp\/v2\/pages\/25941\/revisions\/26049"}],"up":[{"embeddable":true,"href":"https:\/\/us.edu.pl\/pracownik\/wp-json\/wp\/v2\/pages\/25926"}],"wp:attachment":[{"href":"https:\/\/us.edu.pl\/pracownik\/wp-json\/wp\/v2\/media?parent=25941"}],"curies":[{"name":"wp","href":"https:\/\/api.w.org\/{rel}","templated":true}]}}