{"id":2736,"date":"2019-10-25T10:02:22","date_gmt":"2019-10-25T08:02:22","guid":{"rendered":"https:\/\/us.edu.pl\/pracownik\/?page_id=2736"},"modified":"2019-10-25T10:08:26","modified_gmt":"2019-10-25T08:08:26","slug":"zasady-rozliczenia-drukow-scislego-zarachowania-w-systemie-sap","status":"publish","type":"page","link":"https:\/\/us.edu.pl\/pracownik\/procedury-i-obieg-dokumentow\/sprawy-finansowe-i-ksiegowe\/sprawy-ksiegowe\/zasady-rozliczenia-drukow-scislego-zarachowania-w-systemie-sap\/","title":{"rendered":"Zasady rozliczenia druk\u00f3w \u015bcis\u0142ego zarachowania w systemie SAP"},"content":{"rendered":"<p>[vc_row][vc_column][\/vc_column][\/vc_row][vc_row][vc_column]\r\n                <div class=\"text-modules\">\r\n                    <div class=\"container\">\r\n                        <h3 class=\"page-title text__title\">Zasady rozliczania druk\u00f3w \u015bcis\u0142ego zarachowania w systemie SAP<\/h3>\r\n                        <div class=\"text-modules__content\"><p>Zasady rozliczania.<\/p>\n<p>1. Druki rozchodowane w danym kwartale nale\u017cy zdj\u0105\u0107 ze stanu magazynowego danego sk\u0142adu dokumentem materia\u0142owym utworzonym w systemie, tj:<\/p>\n<p>&#8211; dok. <strong>RW <\/strong>&#8211;\u00a0 w przypadku wydania studentom i do akt,<\/p>\n<p>&#8211; dok. <strong>LK <\/strong>\u00a0\u00a0&#8211; w przypadku kasacji druk\u00f3w uszkodzonych lub nieaktualnych,<\/p>\n<p>&#8211; dok. <strong>MM<\/strong> &#8211; w przypadku zwrotu czystych druk\u00f3w do magazynu artyku\u0142\u00f3w r\u00f3\u017cnych.<\/p>\n<p>&#8211; dok. <strong>SRW<\/strong>, <strong>SLK<\/strong>, <strong>SMM<\/strong> \u2013 storno [korekta] dokumentu materia\u0142owego nale\u017cy wykona\u0107 w ramach danego <strong>miesi\u0105ca<\/strong> w przypadku\u00a0b\u0142\u0119dnego utworzenia dokumentu <strong>RW<\/strong>, <strong>LK<\/strong> lub <strong>MM<\/strong>.<\/p>\n<p>2. Osoba materialnie odpowiedzialna tworzy dokumenty materia\u0142owe w systemie.<\/p>\n<p>Orygina\u0142y utworzonych dokument\u00f3w nale\u017cy niezw\u0142ocznie dostarczy\u0107 do Dzia\u0142u Ksi\u0119gowo\u015bci Maj\u0105tkowej [pok50].<\/p>\n<p>3.Dzia\u0142 Ksi\u0119gowo\u015bci Maj\u0105tkowej dokonuje przesuni\u0119cia druk\u00f3w \u015bcis\u0142ego zarachowania mi\u0119dzy sk\u0142adami magazynowymi dokumentem <strong>MM<\/strong> na podstawie <strong>protoko\u0142u<\/strong> <strong>zdawczo- odbiorczego<\/strong> dostarczonego przez dan\u0105 jednostk\u0119<\/p>\n<p><a href=\"\/pracownik\/wp-content\/uploads\/sites\/2\/pracownik\/druki\/za\u0142.1-protokol_zo_druk-P1.doc\" class=\"mtli_attachment mtli_doc\" data-mtli=\"mtli_filesize42,50kB\" class=\"mtli_attachment mtli_doc\" data-mtli=\"mtli_filesize42,50kB\"><em>druk protoko\u0142u do pobrania<\/em><\/a><\/p>\n<p>4. Na koniec ka\u017cdego roku [<strong>IV kwarta\u0142<\/strong>] przeprowadza si\u0119 inwentaryzacj\u0119 stanu sk\u0142ad\u00f3w magazynowych. Przed jej dokonaniem osoby materialnie odpowiedzialne dostarczaj\u0105 wszystkie dokumenty materia\u0142owe do Dz. Ksi\u0119gowo\u015bci Maj\u0105tkowej w celu ich uzgodnienia.<\/p>\n<p>5. Nie nale\u017cy przetrzymywa\u0107 czystych druk\u00f3w \u015bcis\u0142ego zarachowania pobranych ponad potrzeb\u0119 Jednostki. W takim przypadku nale\u017cy je zwr\u00f3ci\u0107 do magazynu art. r\u00f3\u017cnych jako zb\u0119dne zapasy zgodnie z zasadami racjonalnej gospodarki materia\u0142owej.<\/p>\n<p>&nbsp;<\/p>\n<p>W razie dodatkowych pyta\u0144 prosimy o kontakt z Dzia\u0142em Ksi\u0119gowo\u015bci Maj\u0105tkowej<\/p>\n<p>ul. Bankowa 12; pok.50 lub pod numerem tel. 032 359 18 48<\/p>\n<style type=\"text\/css\">a[data-mtli~=\"mtli_filesize42,50kB\"]:after {content:\" (42,50 kB)\"}<\/style><\/div>\r\n                    <\/div>\r\n                <\/div>[\/vc_column][\/vc_row]<\/p>\n<style type=\"text\/css\">a[data-mtli~=\"mtli_filesize42,50kB\"]:after {content:\" (42,50 kB)\"}<\/style>","protected":false},"excerpt":{"rendered":"<p>[vc_row][vc_column][\/vc_column][\/vc_row][vc_row][vc_column][\/vc_column][\/vc_row] [&#8230;]<\/p>\n<p><a class=\"btn btn-secondary understrap-read-more-link\" href=\"https:\/\/us.edu.pl\/pracownik\/procedury-i-obieg-dokumentow\/sprawy-finansowe-i-ksiegowe\/sprawy-ksiegowe\/zasady-rozliczenia-drukow-scislego-zarachowania-w-systemie-sap\/\">Read More&#8230;<\/a><\/p>\n","protected":false},"author":41,"featured_media":0,"parent":664,"menu_order":294,"comment_status":"closed","ping_status":"closed","template":"page-templates\/inner-page.php","meta":{"_expiration-date-status":"","_expiration-date":0,"_expiration-date-type":"","_expiration-date-categories":[],"_expiration-date-options":[]},"acf":[],"_links":{"self":[{"href":"https:\/\/us.edu.pl\/pracownik\/wp-json\/wp\/v2\/pages\/2736"}],"collection":[{"href":"https:\/\/us.edu.pl\/pracownik\/wp-json\/wp\/v2\/pages"}],"about":[{"href":"https:\/\/us.edu.pl\/pracownik\/wp-json\/wp\/v2\/types\/page"}],"author":[{"embeddable":true,"href":"https:\/\/us.edu.pl\/pracownik\/wp-json\/wp\/v2\/users\/41"}],"replies":[{"embeddable":true,"href":"https:\/\/us.edu.pl\/pracownik\/wp-json\/wp\/v2\/comments?post=2736"}],"version-history":[{"count":2,"href":"https:\/\/us.edu.pl\/pracownik\/wp-json\/wp\/v2\/pages\/2736\/revisions"}],"predecessor-version":[{"id":2739,"href":"https:\/\/us.edu.pl\/pracownik\/wp-json\/wp\/v2\/pages\/2736\/revisions\/2739"}],"up":[{"embeddable":true,"href":"https:\/\/us.edu.pl\/pracownik\/wp-json\/wp\/v2\/pages\/664"}],"wp:attachment":[{"href":"https:\/\/us.edu.pl\/pracownik\/wp-json\/wp\/v2\/media?parent=2736"}],"curies":[{"name":"wp","href":"https:\/\/api.w.org\/{rel}","templated":true}]}}