{"id":2741,"date":"2019-10-25T10:38:30","date_gmt":"2019-10-25T08:38:30","guid":{"rendered":"https:\/\/us.edu.pl\/pracownik\/?page_id=2741"},"modified":"2023-01-20T13:56:49","modified_gmt":"2023-01-20T12:56:49","slug":"zmiany-w-sposobie-ewidencji-ksiegowej-w-systemie-sap","status":"publish","type":"page","link":"https:\/\/us.edu.pl\/pracownik\/procedury-i-obieg-dokumentow\/sprawy-finansowe-i-ksiegowe\/sprawy-ksiegowe\/zmiany-w-sposobie-ewidencji-ksiegowej-w-systemie-sap\/","title":{"rendered":"Zmiany w sposobie ewidencji ksi\u0119gowej w systemie SAP"},"content":{"rendered":"<p>[vc_row][vc_column][\/vc_column][\/vc_row][vc_row][vc_column]\r\n                <div class=\"text-modules\">\r\n                    <div class=\"container\">\r\n                        <h3 class=\"page-title text__title\">Zmiany w sposobie ewidencji ksi\u0119gowej w systemie SAP<\/h3>\r\n                        <div class=\"text-modules__content\"><p>Zmiany w sposobie ewid<span style=\"font-weight: 400;\">encji ksi\u0119gowej <\/span><span style=\"font-weight: 400;\">w <\/span><span style=\"font-weight: 400;\">systemie <\/span><span style=\"font-weight: 400;\">S<\/span><span style=\"font-weight: 400;\">A<\/span><span style=\"font-weight: 400;\">P <\/span><span style=\"font-weight: 400;\">obowi\u0105zuj\u0105ce <\/span>od 01 stycznia 2019 roku.<\/p>\n<p><span style=\"font-weight: 400;\">W <\/span><i><span style=\"font-weight: 400;\">z<\/span><\/i><span style=\"font-weight: 400;\">wi\u0105zku <\/span><span style=\"font-weight: 400;\">z <\/span><span style=\"font-weight: 400;\">wej\u015bciem <\/span><span style=\"font-weight: 400;\">w <\/span><span style=\"font-weight: 400;\">\u017cycie <\/span><span style=\"font-weight: 400;\">01 <\/span><span style=\"font-weight: 400;\">pa\u017adziernika <\/span><span style=\"font-weight: 400;\">2018 <\/span><span style=\"font-weight: 400;\">roku ustawy <\/span><span style=\"font-weight: 400;\">z <\/span><span style=\"font-weight: 400;\">dnia <\/span><span style=\"font-weight: 400;\">20 <\/span><span style=\"font-weight: 400;\">lipca <\/span><span style=\"font-weight: 400;\">2018 roku <\/span><span style=\"font-weight: 400;\">&#8211; ,,Prawo o szkolnictwie <\/span><i><span style=\"font-weight: 400;\">wy\u017cs<\/span><\/i><span style=\"font-weight: 400;\">zym i nauce&#8221; (Dz. U., poz. 1<\/span><span style=\"font-weight: 400;\">66<\/span><span style=\"font-weight: 400;\">8) oraz ustawy z dnia 03 lipca 2018 ro<\/span><span style=\"font-weight: 400;\">k<\/span><span style=\"font-weight: 400;\">u &#8211; Przepisy wprowadzaj\u0105ce ustaw\u0119 &#8211; Prawo o szkolnictwie <\/span><i><span style=\"font-weight: 400;\">wy\u017c<\/span><\/i><span style=\"font-weight: 400;\">s<\/span><i><span style=\"font-weight: 400;\">z<\/span><\/i><span style=\"font-weight: 400;\">ym i nauce (Dz. <\/span><span style=\"font-weight: 400;\">U.<\/span><span style=\"font-weight: 400;\">, p<\/span><span style=\"font-weight: 400;\">oz. 1669) zwanej dalej \u201eustaw\u0105 wprowadzaj\u0105c\u0105&#8221; <\/span><span style=\"font-weight: 400;\">z d<\/span><span style=\"font-weight: 400;\">niem 01 stycznia 2<\/span><span style=\"font-weight: 400;\">019 <\/span><span style=\"font-weight: 400;\">wprowadza <\/span><span style=\"font-weight: 400;\">si\u0119 zmiany w sposobie ewidencji ksi\u0119gowej SAP.<\/span><\/p>\n<\/div>\r\n                    <\/div>\r\n                <\/div>[\/vc_column][\/vc_row]<\/p>","protected":false},"excerpt":{"rendered":"<p>[vc_row][vc_column][\/vc_column][\/vc_row][vc_row][vc_column][\/vc_column][\/vc_row] [&#8230;]<\/p>\n<p><a class=\"btn btn-secondary understrap-read-more-link\" href=\"https:\/\/us.edu.pl\/pracownik\/procedury-i-obieg-dokumentow\/sprawy-finansowe-i-ksiegowe\/sprawy-ksiegowe\/zmiany-w-sposobie-ewidencji-ksiegowej-w-systemie-sap\/\">Read More&#8230;<\/a><\/p>\n","protected":false},"author":41,"featured_media":0,"parent":664,"menu_order":293,"comment_status":"closed","ping_status":"closed","template":"page-templates\/inner-page-with-bookmarks.php","meta":{"_expiration-date-status":"","_expiration-date":0,"_expiration-date-type":"","_expiration-date-categories":[],"_expiration-date-options":[]},"acf":[],"_links":{"self":[{"href":"https:\/\/us.edu.pl\/pracownik\/wp-json\/wp\/v2\/pages\/2741"}],"collection":[{"href":"https:\/\/us.edu.pl\/pracownik\/wp-json\/wp\/v2\/pages"}],"about":[{"href":"https:\/\/us.edu.pl\/pracownik\/wp-json\/wp\/v2\/types\/page"}],"author":[{"embeddable":true,"href":"https:\/\/us.edu.pl\/pracownik\/wp-json\/wp\/v2\/users\/41"}],"replies":[{"embeddable":true,"href":"https:\/\/us.edu.pl\/pracownik\/wp-json\/wp\/v2\/comments?post=2741"}],"version-history":[{"count":9,"href":"https:\/\/us.edu.pl\/pracownik\/wp-json\/wp\/v2\/pages\/2741\/revisions"}],"predecessor-version":[{"id":19984,"href":"https:\/\/us.edu.pl\/pracownik\/wp-json\/wp\/v2\/pages\/2741\/revisions\/19984"}],"up":[{"embeddable":true,"href":"https:\/\/us.edu.pl\/pracownik\/wp-json\/wp\/v2\/pages\/664"}],"wp:attachment":[{"href":"https:\/\/us.edu.pl\/pracownik\/wp-json\/wp\/v2\/media?parent=2741"}],"curies":[{"name":"wp","href":"https:\/\/api.w.org\/{rel}","templated":true}]}}