{"id":2750,"date":"2019-10-25T12:08:29","date_gmt":"2019-10-25T10:08:29","guid":{"rendered":"https:\/\/us.edu.pl\/pracownik\/?page_id=2750"},"modified":"2019-10-25T12:09:53","modified_gmt":"2019-10-25T10:09:53","slug":"tworzenie-wniosku-w-sap","status":"publish","type":"page","link":"https:\/\/us.edu.pl\/pracownik\/procedury-i-obieg-dokumentow\/sprawy-finansowe-i-ksiegowe\/sprawy-ksiegowe\/tworzenie-wniosku-w-sap\/","title":{"rendered":"Tworzenie wniosku w SAP"},"content":{"rendered":"<p>[vc_row][vc_column][\/vc_column][\/vc_row][vc_row][vc_column]\r\n                <div class=\"text-modules\">\r\n                    <div class=\"container\">\r\n                        <h3 class=\"page-title text__title\">Tworzenie wniosku w SAP<\/h3>\r\n                        <div class=\"text-modules__content\"><p>Zatwierdzony wniosek (zg\u0142oszenie zapotrzebowania) przez Bran\u017cyst\u00f3w trafia w wersji elektronicznej do Dzia\u0142u Ksi\u0119gowo\u015bci Maj\u0105tkowej, kt\u00f3ry to dokonuje kontroli poprawno\u015bci dekretacji na obiekty kontrolingowe oraz sprawdza dost\u0119pno\u015b\u0107 \u015brodk\u00f3w finansowych.<\/p>\n<p><em><a href=\"\/pracownik\/wp-content\/uploads\/sites\/2\/pliki-dodatkowe\/ksi\u0119gowo\u015b\u0107\/za\u0142.-9-P-4-Wskaz-przy-tworz-wnios-SAP.docx\" class=\"mtli_attachment mtli_docx\" data-mtli=\"mtli_filesize121,50kB\" class=\"mtli_attachment mtli_docx\" data-mtli=\"mtli_filesize121,50kB\">Instrukcja tworzenia wniosku w SAP<\/a><\/em><\/p>\n<style type=\"text\/css\">a[data-mtli~=\"mtli_filesize121,50kB\"]:after {content:\" (121,50 kB)\"}<\/style><\/div>\r\n                    <\/div>\r\n                <\/div>[\/vc_column][\/vc_row]<\/p>\n<style type=\"text\/css\">a[data-mtli~=\"mtli_filesize121,50kB\"]:after {content:\" (121,50 kB)\"}<\/style>","protected":false},"excerpt":{"rendered":"<p>[vc_row][vc_column][\/vc_column][\/vc_row][vc_row][vc_column][\/vc_column][\/vc_row] [&#8230;]<\/p>\n<p><a class=\"btn btn-secondary understrap-read-more-link\" href=\"https:\/\/us.edu.pl\/pracownik\/procedury-i-obieg-dokumentow\/sprawy-finansowe-i-ksiegowe\/sprawy-ksiegowe\/tworzenie-wniosku-w-sap\/\">Read More&#8230;<\/a><\/p>\n","protected":false},"author":41,"featured_media":0,"parent":664,"menu_order":292,"comment_status":"closed","ping_status":"closed","template":"page-templates\/inner-page.php","meta":{"_expiration-date-status":"","_expiration-date":0,"_expiration-date-type":"","_expiration-date-categories":[],"_expiration-date-options":[]},"acf":[],"_links":{"self":[{"href":"https:\/\/us.edu.pl\/pracownik\/wp-json\/wp\/v2\/pages\/2750"}],"collection":[{"href":"https:\/\/us.edu.pl\/pracownik\/wp-json\/wp\/v2\/pages"}],"about":[{"href":"https:\/\/us.edu.pl\/pracownik\/wp-json\/wp\/v2\/types\/page"}],"author":[{"embeddable":true,"href":"https:\/\/us.edu.pl\/pracownik\/wp-json\/wp\/v2\/users\/41"}],"replies":[{"embeddable":true,"href":"https:\/\/us.edu.pl\/pracownik\/wp-json\/wp\/v2\/comments?post=2750"}],"version-history":[{"count":2,"href":"https:\/\/us.edu.pl\/pracownik\/wp-json\/wp\/v2\/pages\/2750\/revisions"}],"predecessor-version":[{"id":2753,"href":"https:\/\/us.edu.pl\/pracownik\/wp-json\/wp\/v2\/pages\/2750\/revisions\/2753"}],"up":[{"embeddable":true,"href":"https:\/\/us.edu.pl\/pracownik\/wp-json\/wp\/v2\/pages\/664"}],"wp:attachment":[{"href":"https:\/\/us.edu.pl\/pracownik\/wp-json\/wp\/v2\/media?parent=2750"}],"curies":[{"name":"wp","href":"https:\/\/api.w.org\/{rel}","templated":true}]}}