{"id":27929,"date":"2024-10-08T12:07:51","date_gmt":"2024-10-08T10:07:51","guid":{"rendered":"https:\/\/us.edu.pl\/pracownik\/?page_id=27929"},"modified":"2024-10-11T13:56:31","modified_gmt":"2024-10-11T11:56:31","slug":"posiedzenie-komisji-14-10-2024","status":"publish","type":"page","link":"https:\/\/us.edu.pl\/pracownik\/sprawy-dydaktyczne\/senacka-komisja-ds-ksztalcenia\/senacka-komisja-ds-ksztalcenia-sklad-komisji\/kadencja-2024-2028\/posiedzenie-komisji-14-10-2024\/","title":{"rendered":"Posiedzenie komisji &#8211; 14.10.2024"},"content":{"rendered":"<p>[vc_row][vc_column]\r\n                <div class=\"text-modules\">\r\n                    <div class=\"container\">\r\n                        <h3 class=\"page-title text__title\">Posiedzenie Komisji ds. kszta\u0142cenia i student\u00f3w - 14 pa\u017adziernika 2024 r.<\/h3>\r\n                        <div class=\"text-modules__content\"><p>Posiedzenie Komisji ds. kszta\u0142cenia i student\u00f3w odb\u0119dzie si\u0119 <strong>w poniedzia\u0142ek 14 pa\u017adziernika 2024 r. o godz. 13.00<\/strong>\u00a0w sali 1.20 w budynku Rektoratu Uniwersytetu \u015al\u0105skiego.<\/p>\n<ol style=\"font-weight: 400;\">\n<li>Komunikaty Prorektorki ds. kszta\u0142cenia i student\u00f3w.<\/li>\n<li><a href=\"https:\/\/aktyprawne.us.edu.pl\/d\/7621\/6\/\">Regulaminu konkursu przyznawania Wyr\u00f3\u017cnie\u0144 JM Rektora Uniwersytetu \u015al\u0105skiego w Katowicach za doskona\u0142\u0105 dydaktyk\u0119 w roku akademickim 2023\/2024 organizowanego w ramach systemu motywacyjnego w dydaktyce akademickiej (SMoDA) Uniwersytetu \u015al\u0105skiego w Katowicach.<\/a><\/li>\n<li>Planowanie i organizacji dydaktyki\u200b w roku akademickim 2024\/2025.<\/li>\n<li>Komunikaty Pe\u0142nomocniczki Rektora ds. Jako\u015bci Kszta\u0142cenia i Akredytacji.<\/li>\n<li>Opiniowanie programu studi\u00f3w podyplomowych:<\/li>\n<\/ol>\n<ol>\n<li style=\"list-style-type: none;\">\n<ol style=\"list-style-type: lower-alpha;\">\n<li>Kwalifikacyjne studia podyplomowe <a href=\"https:\/\/us.edu.pl\/pracownik\/wp-content\/uploads\/sites\/2\/Editor\/sprawy-dydatktyczne\/Komisja-ksztalcenia\/Kadencja-2024-2028\/20242025\/14-pazdziernik\/Kwalifikacyjne-studia-podyplomowe-Pedagog-Specjalny-w-edukacji-wlaczajacej-1.zip\">Pedagog Specjalny w edukacji w\u0142\u0105czaj\u0105cej;<\/a> <em>(studia dotowane z Ministerstwa Edukacji Narodowej).<\/em><\/li>\n<li><a href=\"https:\/\/us.edu.pl\/pracownik\/wp-content\/uploads\/sites\/2\/Editor\/sprawy-dydatktyczne\/Komisja-ksztalcenia\/Kadencja-2024-2028\/20242025\/14-pazdziernik\/Kwalifikacyjne-studia-podyplomowe-przygotowujace-czynnych-zawodowo-nauczycieli-do-nauczania-informatyki.zip\">Kwalifikacyjne studia podyplomowe przygotowuj\u0105ce czynnych zawodowo nauczycieli do nauczania informatyki<\/a><\/li>\n<li><a href=\"https:\/\/us.edu.pl\/pracownik\/wp-content\/uploads\/sites\/2\/Editor\/sprawy-dydatktyczne\/Komisja-ksztalcenia\/Kadencja-2024-2028\/20242025\/14-pazdziernik\/Doskonalace-studia-podyplomowe-dla-czynnych-zawodowo-nauczycieli-informatyki.zip\">Doskonal\u0105ce studia podyplomowe dla czynnych zawodowo nauczycieli informatyki;<\/a><\/li>\n<li><a href=\"https:\/\/us.edu.pl\/pracownik\/wp-content\/uploads\/sites\/2\/Editor\/sprawy-dydatktyczne\/Komisja-ksztalcenia\/Kadencja-2024-2028\/20242025\/14-pazdziernik\/nauczycieli-edukacji-wczesnoszkolnej-w-zakresie-edukacji-informatycznej.zip\">Doskonal\u0105ce studia podyplomowe dla czynnych zawodowo nauczycieli edukacji wczesnoszkolnej w zakresie edukacji informatycznej;<\/a><\/li>\n<li>Studia podyplomowe <a href=\"https:\/\/us.edu.pl\/pracownik\/wp-content\/uploads\/sites\/2\/Editor\/sprawy-dydatktyczne\/Komisja-ksztalcenia\/Kadencja-2024-2028\/20242025\/14-pazdziernik\/Studia-podyplomowe-Zrownowazona-gospodarka-odpadami-w-dobie-GOZ.zip\">Zr\u00f3wnowa\u017cona gospodarka odpadami w dobie gospodarki o obiegu zamkni\u0119tym (GOZ);<\/a><\/li>\n<li>Studia podyplomowe <a href=\"https:\/\/us.edu.pl\/pracownik\/wp-content\/uploads\/sites\/2\/Editor\/sprawy-dydatktyczne\/Komisja-ksztalcenia\/Kadencja-2024-2028\/20242025\/14-pazdziernik\/Studia-podyplomowe-Zarzadzanie-sladem-weglowym.zip\">Zarz\u0105dzanie \u015bladem w\u0119glowym.<\/a><\/li>\n<\/ol>\n<\/li>\n<\/ol>\n<p>6. Wolne wnioski.<\/p>\n<\/div>\r\n                    <\/div>\r\n                <\/div>[\/vc_column][\/vc_row]<\/p>","protected":false},"excerpt":{"rendered":"<p>[vc_row][vc_column][\/vc_column][\/vc_row] [&#8230;]<\/p>\n<p><a class=\"btn btn-secondary understrap-read-more-link\" href=\"https:\/\/us.edu.pl\/pracownik\/sprawy-dydaktyczne\/senacka-komisja-ds-ksztalcenia\/senacka-komisja-ds-ksztalcenia-sklad-komisji\/kadencja-2024-2028\/posiedzenie-komisji-14-10-2024\/\">Read More&#8230;<\/a><\/p>\n","protected":false},"author":31,"featured_media":0,"parent":27904,"menu_order":-39,"comment_status":"closed","ping_status":"closed","template":"page-templates\/inner-page.php","meta":{"_expiration-date-status":"saved","_expiration-date":0,"_expiration-date-type":"","_expiration-date-categories":[],"_expiration-date-options":[]},"acf":[],"_links":{"self":[{"href":"https:\/\/us.edu.pl\/pracownik\/wp-json\/wp\/v2\/pages\/27929"}],"collection":[{"href":"https:\/\/us.edu.pl\/pracownik\/wp-json\/wp\/v2\/pages"}],"about":[{"href":"https:\/\/us.edu.pl\/pracownik\/wp-json\/wp\/v2\/types\/page"}],"author":[{"embeddable":true,"href":"https:\/\/us.edu.pl\/pracownik\/wp-json\/wp\/v2\/users\/31"}],"replies":[{"embeddable":true,"href":"https:\/\/us.edu.pl\/pracownik\/wp-json\/wp\/v2\/comments?post=27929"}],"version-history":[{"count":8,"href":"https:\/\/us.edu.pl\/pracownik\/wp-json\/wp\/v2\/pages\/27929\/revisions"}],"predecessor-version":[{"id":28151,"href":"https:\/\/us.edu.pl\/pracownik\/wp-json\/wp\/v2\/pages\/27929\/revisions\/28151"}],"up":[{"embeddable":true,"href":"https:\/\/us.edu.pl\/pracownik\/wp-json\/wp\/v2\/pages\/27904"}],"wp:attachment":[{"href":"https:\/\/us.edu.pl\/pracownik\/wp-json\/wp\/v2\/media?parent=27929"}],"curies":[{"name":"wp","href":"https:\/\/api.w.org\/{rel}","templated":true}]}}