{"id":28403,"date":"2024-12-17T10:50:57","date_gmt":"2024-12-17T09:50:57","guid":{"rendered":"https:\/\/us.edu.pl\/pracownik\/?page_id=28403"},"modified":"2026-02-17T14:02:30","modified_gmt":"2026-02-17T13:02:30","slug":"dsoo-us-kat","status":"publish","type":"page","link":"https:\/\/us.edu.pl\/pracownik\/dsoo-us-kat\/","title":{"rendered":"Dzia\u0142 Spraw Obronnych i&nbsp;Ochrony"},"content":{"rendered":"<p>[vc_row][vc_column][\/vc_column][vc_column]<div class=\"container\"><div class=\"separator\" style=\"background-color: #002E5A\"><\/div><\/div>\r\n                <div class=\"text-modules \">\r\n                    <div class=\"container\">\r\n                         \r\n                        <div class=\"row m-0\">\r\n                            <div class=\"text-modules__content\">\r\n                                <\/p>\n<p style=\"text-align: right;\" align=\"right\"><span style=\"font-size: 18.0pt; font-family: 'Verdana',sans-serif; color: #002e5a;\">Nadzorujemy procesy konserwacji i usuwania awarii system\u00f3w monitoringu&#8230;<\/span><\/p>\n<div class=\"mt-3\"><\/div>\r\n                            <\/div>\r\n                            \r\n                            <div class=\"text-modules__img\"><img src=\"https:\/\/us.edu.pl\/pracownik\/wp-content\/uploads\/sites\/2\/Editor\/DSOO\/Logo-kameraGrafKafel.png\" alt=\"img\"><\/div>\r\n                        <\/div>\r\n                    <\/div>\r\n                <\/div><div class=\"container\"><div class=\"separator\" style=\"background-color: #002E5A\"><\/div><\/div>\r\n                <div class=\"text-modules reverse\">\r\n                    <div class=\"container\">\r\n                         \r\n                        <div class=\"row m-0\">\r\n                            <div class=\"text-modules__content\">\r\n                                <\/p>\n<p style=\"text-align: left;\"><span style=\"font-size: 18pt; color: #002e5a;\">Nadzorujemy us\u0142ugi ochrony obiekt\u00f3w Uniwersytetu \u015al\u0105skiego&#8230;<\/span><\/p>\n<div class=\"mt-3\"><\/div>\r\n                            <\/div>\r\n                            \r\n                            <div class=\"text-modules__img\"><img src=\"https:\/\/us.edu.pl\/pracownik\/wp-content\/uploads\/sites\/2\/2025\/01\/tarcza-logo-800x468.png\" alt=\"img\"><\/div>\r\n                        <\/div>\r\n                    <\/div>\r\n                <\/div><div class=\"container\"><div class=\"separator\" style=\"background-color: #002E5A\"><\/div><\/div>\r\n                <div class=\"text-modules \">\r\n                    <div class=\"container\">\r\n                         \r\n                        <div class=\"row m-0\">\r\n                            <div class=\"text-modules__content\">\r\n                                <\/p>\n<p style=\"text-align: right;\"><span style=\"font-size: 18pt; color: #002e5a;\">Nadzorujemy proces niszczenia dokument\u00f3w oraz zewn\u0119trznych no\u015bnik\u00f3w optyczno-magnetycznych&#8230;<\/span><\/p>\n<div class=\"mt-3\"><\/div>\r\n                            <\/div>\r\n                            \r\n                            <div class=\"text-modules__img\"><img src=\"https:\/\/us.edu.pl\/pracownik\/wp-content\/uploads\/sites\/2\/Bez-kategorii\/Logo-DokumentGrafKafel-1.png\" alt=\"img\"><\/div>\r\n                        <\/div>\r\n                    <\/div>\r\n                <\/div><div class=\"container\"><div class=\"separator\" style=\"background-color: #002E5A\"><\/div><\/div>\r\n                <div class=\"text-modules\">\r\n                    <div class=\"container\">\r\n                        \r\n                        <div class=\"text-modules__content\"><\/p>\n<p style=\"text-align: center;\"><span style=\"font-size: 24pt; color: #002e5a;\"><em><b>Dbamy o Wasze bezpiecze\u0144stwo!<\/b><\/em><\/span><\/p>\n<p>\n<\/div>\r\n                    <\/div>\r\n                <\/div>[\/vc_column][vc_column][vc_zigzag color=&#8221;blue&#8221;][\/vc_column][\/vc_row][vc_row][vc_column width=&#8221;1\/2&#8243;]\r\n                <div class=\"text-modules\">\r\n                    <div class=\"container\">\r\n                        <h3 class=\"page-title text__title\">Misja DSOO<\/h3>\r\n                        <div class=\"text-modules__content\"><p><span style=\"color: #002e5a;\"><strong>Nasza misja to&#8230;<\/strong><\/span><\/p>\n<p><span style=\"font-size: 14pt; color: #002e5a;\"><em><strong>Nadz\u00f3r nad bezpiecze\u0144stwem ludzi, mienia i przep\u0142ywu informacji.<\/strong><\/em><\/span><\/p>\n<\/div>\r\n                    <\/div>\r\n                <\/div>[\/vc_column][vc_column width=&#8221;1\/2&#8243;]\r\n                <div class=\"text-modules\">\r\n                    <div class=\"container\">\r\n                        <h3 class=\"page-title text__title\">Wizja DSOO<\/h3>\r\n                        <div class=\"text-modules__content\"><p><span style=\"color: #002e5a;\"><strong>Nasza wizja to&#8230;<\/strong><\/span><\/p>\n<p><span style=\"font-size: 14pt; color: #002e5a;\"><em><strong>Rozw\u00f3j technik bezpiecze\u0144stwa oraz wdra\u017canie nowych technologii.<\/strong><\/em><\/span><\/p>\n<\/div>\r\n                    <\/div>\r\n                <\/div>[\/vc_column][\/vc_row][vc_row][vc_column]<div class=\"container\"><div class=\"separator\" style=\"background-color: #002E5A\"><\/div><\/div>[\/vc_column][\/vc_row][vc_row][vc_column]\r\n                <div class=\"text-modules reverse\">\r\n                    <div class=\"container\">\r\n                        <h3 class=\"section-title section-title_border-bottom\">Kontakt<\/h3> \r\n                        <div class=\"row m-0\">\r\n                            <div class=\"text-modules__content\">\r\n                                <\/p>\n<h3>Dzia\u0142 Spraw Obronnych i Ochrony<\/h3>\n<p>ul. Bankowa 14<br \/>\n40-007 Katowice<br \/>\npok\u00f3j 320 i 329<br \/>\nemail: <a href=\"mailto:dsoo@us.edu.pl\" target=\"_blank\" rel=\"noopener\">dsoo@us.edu.pl<\/a> \r\n                                <div class=\"mt-3\"><\/div>\r\n                            <\/div>\r\n                            \r\n                            <div class=\"text-modules__img\"><img src=\"https:\/\/us.edu.pl\/pracownik\/wp-content\/uploads\/sites\/2\/Bez-kategorii\/Logo-DSOO_v2_CDR-2-800x800.png\" alt=\"img\"><\/div>\r\n                        <\/div>\r\n                    <\/div>\r\n                <\/div>[\/vc_column][\/vc_row][vc_row][vc_column]\r\n                <div class=\"text-modules\">\r\n                    <div class=\"container\">\r\n                        \r\n                        <div class=\"text-modules__content\"><\/p>\n<p style=\"text-align: right;\"><span style=\"font-size: 8pt;\">Redakcja: mgr <em><strong>Tomasz Szyndler<\/strong><\/em><\/span><\/p>\n<p>\n<\/div>\r\n                    <\/div>\r\n                <\/div>[\/vc_column][\/vc_row][vc_row][vc_column][\/vc_column][\/vc_row]<\/p>","protected":false},"excerpt":{"rendered":"<p>[vc_row][vc_column][\/vc_column][vc_column][\/vc_column][vc_column][vc_zigzag color=&#8221;blue&#8221;][\/vc_column][\/vc_row][vc_row][vc_column width=&#8221;1\/2&#8243;][\/vc_column][vc_column width=&#8221;1\/2&#8243;][\/vc_column][\/vc_row][vc_row][vc_column][\/vc_column][\/vc_row][vc_row][vc_column][\/vc_column][\/vc_row][vc_row][vc_column][\/vc_column][\/vc_row][vc_row][vc_column][\/vc_column][\/vc_row] [&#8230;]<\/p>\n<p><a class=\"btn btn-secondary understrap-read-more-link\" href=\"https:\/\/us.edu.pl\/pracownik\/dsoo-us-kat\/\">Read More&#8230;<\/a><\/p>\n","protected":false},"author":7143,"featured_media":30614,"parent":0,"menu_order":495,"comment_status":"closed","ping_status":"closed","template":"page-templates\/page-with-bookmarks.php","meta":{"_expiration-date-status":"","_expiration-date":0,"_expiration-date-type":"","_expiration-date-categories":[],"_expiration-date-options":[]},"acf":[],"_links":{"self":[{"href":"https:\/\/us.edu.pl\/pracownik\/wp-json\/wp\/v2\/pages\/28403"}],"collection":[{"href":"https:\/\/us.edu.pl\/pracownik\/wp-json\/wp\/v2\/pages"}],"about":[{"href":"https:\/\/us.edu.pl\/pracownik\/wp-json\/wp\/v2\/types\/page"}],"author":[{"embeddable":true,"href":"https:\/\/us.edu.pl\/pracownik\/wp-json\/wp\/v2\/users\/7143"}],"replies":[{"embeddable":true,"href":"https:\/\/us.edu.pl\/pracownik\/wp-json\/wp\/v2\/comments?post=28403"}],"version-history":[{"count":11,"href":"https:\/\/us.edu.pl\/pracownik\/wp-json\/wp\/v2\/pages\/28403\/revisions"}],"predecessor-version":[{"id":42320,"href":"https:\/\/us.edu.pl\/pracownik\/wp-json\/wp\/v2\/pages\/28403\/revisions\/42320"}],"wp:featuredmedia":[{"embeddable":true,"href":"https:\/\/us.edu.pl\/pracownik\/wp-json\/wp\/v2\/media\/30614"}],"wp:attachment":[{"href":"https:\/\/us.edu.pl\/pracownik\/wp-json\/wp\/v2\/media?parent=28403"}],"curies":[{"name":"wp","href":"https:\/\/api.w.org\/{rel}","templated":true}]}}