{"id":30057,"date":"2024-12-17T15:06:56","date_gmt":"2024-12-17T14:06:56","guid":{"rendered":"https:\/\/us.edu.pl\/pracownik\/?page_id=30057"},"modified":"2025-05-15T09:44:38","modified_gmt":"2025-05-15T07:44:38","slug":"majatek","status":"publish","type":"page","link":"https:\/\/us.edu.pl\/pracownik\/wnst\/majatek\/","title":{"rendered":"maj\u0105tek"},"content":{"rendered":"<p>[vc_row el_class=&#8221;container&#8221;][vc_column width=&#8221;1\/5&#8243;][vc_wp_custommenu nav_menu=&#8221;433&#8243;][vc_column_text css=&#8221;.vc_custom_1745394805618{margin-left: 10px !important;border-top-width: 1px !important;border-right-width: 1px !important;border-bottom-width: 1px !important;border-left-width: 1px !important;padding-top: 4px !important;padding-right: 2px !important;padding-bottom: 2px !important;padding-left: 10px !important;border-left-color: #002e5a !important;border-left-style: solid !important;border-right-color: #002e5a !important;border-right-style: solid !important;border-top-color: #002e5a !important;border-top-style: solid !important;border-bottom-color: #002e5a !important;border-bottom-style: solid !important;}&#8221;]<span style=\"color: #002e5a;\">Na tej stronie znajdziesz informacje o tym:<\/span><\/p>\n<ul>\n<li>jak sprawdzi\u0107, co mam na stanie maj\u0105tkowym<\/li>\n<li>jak przygotowa\u0107 si\u0119 do spisu maj\u0105tku trwa\u0142ego<\/li>\n<li>jak przekaza\u0107 innemu pracownikowi maj\u0105tek trwa\u0142y<\/li>\n<li>jak skasowa\u0107 maj\u0105tek trwa\u0142y<\/li>\n<li>jak oznacza\u0107 maj\u0105tek trwa\u0142y<\/li>\n<\/ul>\n<hr \/>\n<p><span style=\"color: #002e5a;\">Druki do pobrania<\/span><\/p>\n<ul>\n<li>Wniosek o przeprowadzenie kasacji: <a class=\"mtli_attachment mtli_doc mtli_attachment mtli_doc\" title=\"odno\u015bnik do dokument doc link otwiera si\u0119 w nowym oknie\" href=\"https:\/\/us.edu.pl\/wydzial\/wnst\/wp-content\/uploads\/sites\/18\/Dokumenty-zalaczniki\/wniosek-kasacyjny.doc\" target=\"_blank\" rel=\"noopener\" data-mtli=\"mtli_filesize48,50kB\">wniosek kasacyjny<\/a><\/li>\n<li>Wniosek o zmian\u0119 miejsca u\u017cytkowania: <a title=\"odno\u015bnik do pliku o rozszerzeniu doc link otwiera si\u0119 w nowym oknie\" href=\"https:\/\/us.edu.pl\/wydzial\/wnst\/wp-content\/uploads\/sites\/18\/Dokumenty-zalaczniki\/druk-mn-.doc\" class=\"mtli_attachment mtli_doc\" target=\"_blank\" rel=\"noopener\">druk mn<\/a><\/li>\n<li>Zgoda na u\u017cywanie sprz\u0119tu do cel\u00f3w s\u0142u\u017cbowych poza terenem Uniwersytetu \u015al\u0105skiego\u00a0 <a class=\"mtli_attachment mtli_docx mtli_attachment mtli_docx\" title=\"odno\u015bnik do dokument doc link otwiera si\u0119 w nowym oknie\" href=\"https:\/\/us.edu.pl\/pracownik\/wp-content\/uploads\/sites\/2\/pracownik\/zal.-nr-8.docx\" data-mtli=\"mtli_filesize15,54kB\" target=\"_blank\" rel=\"noopener\" data-mtli=\"mtli_filesize15,54kB\">druk zgody<\/a><\/li>\n<li>Upowa\u017cnienie innego pracownika na czas inwentaryzacji <a class=\"mtli_attachment mtli_docx mtli_attachment mtli_docx\" title=\"odno\u015bnik do dokument doc link otwiera si\u0119 w nowym oknie\" href=\"https:\/\/us.edu.pl\/pracownik\/wp-content\/uploads\/sites\/2\/pracownik\/zal.-nr-7.docx\" data-mtli=\"mtli_filesize13,41kB\" target=\"_blank\" rel=\"noopener\" data-mtli=\"mtli_filesize13,41kB\">druk upowa\u017cnienia<\/a><\/li>\n<\/ul>\n<p>[\/vc_column_text][\/vc_column][vc_column width=&#8221;4\/5&#8243;]\r\n                <div class=\"text-modules\">\r\n                    <div class=\"container\">\r\n                        \r\n                        <div class=\"text-modules__content\"><\/p>\n<h3><span style=\"color: #002e5a;\">Ewidencja i zarz\u0105dzanie maj\u0105tkiem trwa\u0142ym.<\/span><\/h3>\n<p><strong><span style=\"color: #002e5a;\">Sprawdzenie stanu posiadania<\/span><\/strong><\/p>\n<p>Aby sprawdzi\u0107 jaki maj\u0105tek posiadasz na swoim stanie wejd\u017a na stron\u0119 systemu <strong>asman<\/strong> <a href=\"https:\/\/asman.us.edu.pl\/\">https:\/\/asman.us.edu.pl<\/a> (dost\u0119pna po zalogowania). Strona zawiera wykaz maj\u0105tku wraz z m.in.\u00a0 numerem inwentarzowym, numerem seryjnym urz\u0105dzenia, dat\u0105 zakupu. Je\u015bli wype\u0142niasz formularze zwi\u0105zane z zarz\u0105dzaniem maj\u0105tkiem (wniosek kasacyjny, druk mn) w systemie <strong>asman<\/strong> <a href=\"https:\/\/asman.us.edu.pl\" target=\"_blank\" rel=\"noopener\">https:\/\/asman.us.edu.pl<\/a> znajdziesz wszystkie potrzebne informacje.<\/p>\n<hr \/>\n<p><span style=\"color: #002e5a;\"><strong>Ewidencja nowego urz\u0105dzenia<\/strong><\/span><\/p>\n<p>Od 1 stycznia 2024 r. obowi\u0105zuje na Uczelni system znakowania sk\u0142adnik\u00f3w maj\u0105tkowych kodami QR. Aby oznaczy\u0107 kodem QR urz\u0105dzenie:<\/p>\n<ul>\n<li>skontaktuj si\u0119 z zespo\u0142em wsparcia systemu <strong>asman <\/strong>w Twoim mie\u015bcie o zatwierdzenie w systemie nowego urz\u0105dzenia,<\/li>\n<li>wygeneruj i zle\u0107 do wydruku etykiet\u0119 w systemie <strong>asman<\/strong> zgodnie z punktami 5-9 instrukcji: <a title=\"odno\u015bnik do pliku o rozszerzeniu pdf\" href=\"https:\/\/us.edu.pl\/wydzial\/wnst\/wp-content\/uploads\/sites\/18\/Dokumenty-zalaczniki\/Instrukcja-obslugi-systemu-zarzadzania-majatkiem-uczelni-ASMAN.pdf\" class=\"mtli_attachment mtli_pdf\" class=\"mtli_attachment mtli_pdf\" target=\"_blank\" rel=\"noopener\">Instrukcja obs\u0142ugi systemu zarzadz\u0105nia maj\u0105tkiem uczelni<\/a>,<\/li>\n<li>skontaktuj si\u0119 z zespo\u0142em wsparcia systemu <strong>asman<\/strong> w Twoim mie\u015bcie w celu odbioru etykiety,<\/li>\n<li>oklej urz\u0105dzenie zgodnie z zasadami oklejania sprz\u0119tu okre\u015blonymi w dokumencie: <a title=\"odno\u015bnik do dokumentu o rozszerzeniu pdf, link otwiera si\u0119 w nowym oknie\" href=\"https:\/\/us.edu.pl\/wydzial\/wnst\/wp-content\/uploads\/sites\/18\/Dokumenty-zalaczniki\/Zasady-oklejania-sprzetow-kodami-QR.pdf\" class=\"mtli_attachment mtli_pdf\" class=\"mtli_attachment mtli_pdf\" target=\"_blank\" rel=\"noopener\">Zasady oklejania sprz\u0119t\u00f3w kodami QR<\/a>,<\/li>\n<li>je\u015bli Twoje urz\u0105dzenie jest zbyt ma\u0142e, aby naklei\u0107 etykiet\u0119 utw\u00f3rz tzw. kart\u0119 kod\u00f3w &#8211; wydrukowan\u0105 tabel\u0119, w kt\u00f3rej w odpowiednim miejscu naklejasz kod QR. Jak utworzy\u0107 kart\u0119 kod\u00f3w okre\u015bla instrukcja: <a title=\"odno\u015bnik do pliku o rozszerzeniu pdf, link otwiera si\u0119 w nowym oknie\" href=\"https:\/\/us.edu.pl\/wydzial\/wnst\/wp-content\/uploads\/sites\/18\/Dokumenty-zalaczniki\/Instrukcja-tworzenia-karty-kodow.pdf\" class=\"mtli_attachment mtli_pdf\" class=\"mtli_attachment mtli_pdf\" target=\"_blank\" rel=\"noopener\">Instrukcja tworzenia karty kod\u00f3w<\/a><\/li>\n<\/ul>\n<hr \/>\n<p><strong><span style=\"color: #002e5a;\">Przekazanie urz\u0105dzenia<\/span><\/strong><\/p>\n<p>Je\u015bli chcesz\/musisz przekaza\u0107 urz\u0105dzenie innemu pracownikowi:<\/p>\n<ul>\n<li>wype\u0142nij <a class=\"mtli_attachment mtli_doc mtli_attachment mtli_doc mtli_attachment mtli_doc\" title=\"odno\u015bnik do pliku o rozszerzeniu doc link otwiera si\u0119 w nowym oknie\" href=\"https:\/\/us.edu.pl\/wydzial\/wnst\/wp-content\/uploads\/sites\/18\/Dokumenty-zalaczniki\/druk-mn-.doc\" target=\"_blank\" rel=\"noopener\">druk MN<\/a> (zmiana miejsca u\u017cytkowania) w trzech egzemplarzach,<\/li>\n<li>wydrukowany dokument podpisz jako <em>Przekazuj\u0105cy,<\/em><\/li>\n<li>przeka\u017c dokument do podpisu\u00a0<em>Przyjmuj\u0105cemu i Zlecaj\u0105cemu,<\/em><\/li>\n<li>przeka\u017c komplet podpisanych dokument\u00f3w do Dzia\u0142u Ksi\u0119gowo\u015bci Maj\u0105tkowej.<\/li>\n<\/ul>\n<p>Gdy urz\u0105dzenie zostanie zarejestrowane w DKM otrzymasz 1 egz. dokumentu MN, a w systemie <a title=\"odno\u015bnik do innej strony www, link otwiera si\u0119 w nowym oknie\" href=\"https:\/\/asman.us.edu.pl\" target=\"_blank\" rel=\"noopener\">https:\/\/asman.us.edu.pl<\/a> urz\u0105dzenie zostanie usuni\u0119te z Twojej listy posiadanego majatku.<\/p>\n<hr \/>\n<p><strong><span style=\"color: #002e5a;\">Kasacja urz\u0105dzenia<\/span><\/strong><\/p>\n<p>Kasacj\u0105 zu\u017cytego i zepsutego sprz\u0119tu oraz druk\u00f3w \u015bcis\u0142ego zarachowania zajmuje si\u0119 Uczelniana Komisja Kasacyjna (UKK) Procedura kasacyjna sprz\u0119tu sk\u0142ada si\u0119 z nast\u0119puj\u0105cych etap\u00f3w:<\/p>\n<ol>\n<li>z\u0142\u00f3\u017c <a class=\"mtli_attachment mtli_doc mtli_attachment mtli_doc mtli_attachment mtli_doc\" href=\"https:\/\/us.edu.pl\/wydzial\/wnst\/wp-content\/uploads\/sites\/18\/Dokumenty-zalaczniki\/wniosek-kasacyjny.doc\">wniosek kasacyjny<\/a> wraz z potrzebnymi opiniami technicznymi.<br \/>\nWniosek kasacyjny w 1 egz. podpisuje:<\/p>\n<ul>\n<li>osoba materialnie odpowiedzialna,<\/li>\n<li>bezpo\u015bredni prze\u0142o\u017cony,<\/li>\n<li>kierownik jednostki tj. dziekan \u2013 tylko w przypadku sprz\u0119tu przeznaczonego do utylizacji (elektryczny, elektroniczny, komputerowy).<\/li>\n<\/ul>\n<p>Do wniosk\u00f3w kasacyjnych na sprz\u0119t elektryczny, elektroniczny, komputerowy wymagana jest opinia techniczna:<\/p>\n<ul>\n<li>sprz\u0119t elektryczny, elektroniczny &#8211; elektryk,<\/li>\n<li>sprz\u0119t komputerowy, kserokopiarki &#8211; informatyk,<\/li>\n<li>telefony, faxy &#8211; pracownik sekcji teletechnicznej U\u015a,<\/li>\n<\/ul>\n<\/li>\n<li>przeka\u017c podpisany wniosek do Uczelnianej Komisji Kasacyjnej,<\/li>\n<li>ustal termin kasacji. Zazwyczaj Komisja skontaktuje si\u0119 z Tob\u0105 w sprawie ustalenia dogodnego terminu,<\/li>\n<li>spotkaj si\u0119 z Komisj\u0105 w celu podj\u0119cia decyzji o kasacji,<\/li>\n<li>otrzymaj potwierdzenie kasacji urz\u0105dzenia w postaci protoko\u0142u. Po otrzymaniu protoko\u0142u urz\u0105dzenie zostanie usuni\u0119te z Twojego stanu posiadania. Mo\u017cesz to sprawdzi\u0107 i potwierdzi\u0107 w systemie <a title=\"odno\u015bnik do innej strony www, link otwiera si\u0119 w nowym oknie\" href=\"https:\/\/asman.us.edu.pl\" target=\"_blank\" rel=\"noopener\">https:\/\/asman.us.edu.pl<\/a><\/li>\n<\/ol>\n<p><small>podstawa prawna: <a title=\"odno\u015bnik do innej strony www, link otwiera si\u0119 w nowym oknie\" href=\"https:\/\/aktyprawne.us.edu.pl\/423-lista\/d\/4860\/5\/\" target=\"_blank\" rel=\"noopener\">Zarz\u0105dzenie nr 210\/2020<\/a><\/small><\/p>\n<hr \/>\n<p><span style=\"color: #002e5a;\"><strong>Inwentaryzacja<\/strong><\/span><\/p>\n<p>Inwentaryzacja to proces zmierzaj\u0105cy do ustalenia warto\u015bci sk\u0142adnik\u00f3w aktyw\u00f3w i pasyw\u00f3w Uniwersytetu. Proces odbywa si\u0119 co 3 lata.\u00a0 W czasie trwania procesu inwentaryzacji wszelkie dzia\u0142ania zwi\u0105zane z kasacj\u0105 aparatury lub zmian\u0105 jej u\u017cytkownika s\u0105 wstrzymane i nie b\u0119d\u0105 mo\u017cliwe do realizacji. O konieczno\u015bci przeprowadzenia inwentaryzacji zostaniesz powiadomiony w spos\u00f3b zwyczajowy przyj\u0119ty na Wydziale.<br \/>\nAby przeprowadzi\u0107 inwentaryzacj\u0119 sk\u0142adnik\u00f3w Twojego maj\u0105tku:<\/p>\n<ol>\n<li>zaczekaj na kontakt z Dzia\u0142u Inwentaryzacji w celu ustalenia dogodnego terminu,<\/li>\n<li>sprawd\u017a sw\u00f3j stan posiadania, zlokalizuj wszystkie urz\u0105dzenia,<\/li>\n<li>skasuj nieu\u017cywany lub\/i przestarza\u0142y\u00a0 sprz\u0119t,<\/li>\n<li>przeka\u017c urz\u0105dzenia, kt\u00f3re s\u0105 w u\u017cytkowaniu przez inn\u0105 osob\u0119<\/li>\n<li>oka\u017c maj\u0105tek Komisji,<\/li>\n<li>podpisz dokument potwierdzaj\u0105cy stan posiadania.<\/li>\n<\/ol>\n<p>Je\u017celi powstan\u0105 r\u00f3\u017cnice pomi\u0119dzy wykazem a rzeczywistym stanem, wyja\u015bnij pisemnie przyczyny powstania r\u00f3\u017cnic inwentaryzacyjnych. Wyja\u015bnienie nale\u017cy sk\u0142ada\u0107 w formie pisemnej do Biura Uczelnianej Komisji Inwentaryzacyjnej, z podpisem prze\u0142o\u017conego w terminie 7 dni od daty otrzymania wezwania.<\/p>\n<p><small>podstawa prawna: <a title=\"odno\u015bnik do innej strony www, link otwiera si\u0119 w nowym oknie\" href=\"https:\/\/aktyprawne.us.edu.pl\/423-lista\/d\/5188\/5\/\" target=\"_blank\" rel=\"noopener\">Zarz\u0105dzenie nr 102\/2021<\/a><\/small><\/p>\n<\/div>\r\n                    <\/div>\r\n                <\/div><div class=\"container\"><div class=\"separator\" style=\"background-color: #002E5A\"><\/div><\/div>[vc_column_text]<\/p>\n<h3><span style=\"color: #002e5a;\">WYKAZ OS\u00d3B KOORDYNUJ\u0104CYCH PROCES INWENTARYZACJI I KASACJI<\/span><\/h3>\n<p>[\/vc_column_text][vc_row_inner][vc_column_inner width=&#8221;1\/3&#8243;][vc_column_text]<\/p>\n<h3><span style=\"color: #002e5a;\">Sosnowiec<\/span><\/h3>\n<ul>\n<li><a title=\"odno\u015bnik do innej strony www link otwiera si\u0119 w tym samym oknie\" href=\"https:\/\/ab.us.edu.pl\/emp?id=10692\">mgr S\u0142awomir Kaptacz<\/a><\/li>\n<\/ul>\n<p>[\/vc_column_text][\/vc_column_inner][vc_column_inner width=&#8221;1\/3&#8243;][vc_column_text]<\/p>\n<h3><span style=\"color: #002e5a;\">Katowice<\/span><\/h3>\n<ul>\n<li><a title=\"odno\u015bnik do innej strony www link otwiera si\u0119 w tym samym oknie\" href=\"https:\/\/ab.us.edu.pl\/emp?id=17262\">dr S\u0142awomir Ma\u015blanka<\/a><\/li>\n<\/ul>\n<p>[\/vc_column_text][\/vc_column_inner][vc_column_inner width=&#8221;1\/3&#8243;][vc_column_text]<\/p>\n<h3><span style=\"color: #002e5a;\">Chorz\u00f3w<\/span><\/h3>\n<ul>\n<li><a title=\"odno\u015bnik do innej strony www link otwiera si\u0119 w tym samym oknie\" href=\"https:\/\/ab.us.edu.pl\/emp?id=25512\">mgr in\u017c. Andrzej Soszy\u0144ski<\/a><\/li>\n<li><a title=\"odno\u015bnik do innej strony www link otwiera si\u0119 w tym samym oknie\" href=\"https:\/\/ab.us.edu.pl\/emp?id=7772\">Miros\u0142aw Grzegrz\u00f3\u0142ka<\/a><\/li>\n<\/ul>\n<p>[\/vc_column_text][\/vc_column_inner][\/vc_row_inner]<div class=\"container\"><div class=\"separator\" style=\"background-color: #002E5A\"><\/div><\/div>[vc_column_text]<\/p>\n<h3><span style=\"color: #002e5a;\">ZESP\u00d3\u0141 WSPARCIA SYSTEMU ASMAN<\/span><\/h3>\n<p>[\/vc_column_text][vc_row_inner][vc_column_inner width=&#8221;1\/3&#8243;][vc_column_text]<\/p>\n<h3><span style=\"color: #002e5a;\">Sosnowiec<\/span><\/h3>\n<ul>\n<li><a title=\"odno\u015bnik do innej strony www link otwiera si\u0119 w tym samym oknie\" href=\"https:\/\/ab.us.edu.pl\/emp?id=10692\">mgr S\u0142awomir Kaptacz<\/a><\/li>\n<li><a title=\"odno\u015bnik do innej strony www link otwiera si\u0119 w tym samym oknie\" href=\"https:\/\/ab.us.edu.pl\/emp?id=12452\">Andrzej Korzekwa<\/a><\/li>\n<li><a title=\"odno\u015bnik do innej strony www link otwiera si\u0119 w tym samym oknie\" href=\"https:\/\/ab.us.edu.pl\/emp?id=20062\">dr Katarzyna Osi\u0144ska<\/a><\/li>\n<\/ul>\n<p>[\/vc_column_text][\/vc_column_inner][vc_column_inner width=&#8221;1\/3&#8243;][vc_column_text]<\/p>\n<h3><span style=\"color: #002e5a;\">Katowice<\/span><\/h3>\n<ul>\n<li><a title=\"odno\u015bnik do innej strony www link otwiera si\u0119 w tym samym oknie\" href=\"https:\/\/ab.us.edu.pl\/emp?id=1762\">Beata Bogoczek<\/a><\/li>\n<li><a title=\"odno\u015bnik do innej strony www link otwiera si\u0119 w tym samym oknie\" href=\"https:\/\/ab.us.edu.pl\/emp?id=59703\">dr Agata Sz\u0142apa-Kula<\/a><\/li>\n<\/ul>\n<p>[\/vc_column_text][\/vc_column_inner][vc_column_inner width=&#8221;1\/3&#8243;][vc_column_text]<\/p>\n<h3><span style=\"color: #002e5a;\">Chorz\u00f3w<\/span><\/h3>\n<ul>\n<li><a title=\"odno\u015bnik do innej strony www link otwiera si\u0119 w tym samym oknie\" href=\"https:\/\/ab.us.edu.pl\/emp?id=64263\">dr in\u017c. \u0141ukasz Grobelny<\/a><\/li>\n<li><a title=\"odno\u015bnik do innej strony www link otwiera si\u0119 w tym samym oknie\" href=\"https:\/\/ab.us.edu.pl\/emp?id=7772\">Miros\u0142aw Grzegrz\u00f3\u0142ka<\/a><\/li>\n<li><a title=\"odno\u015bnik do innej strony www link otwiera si\u0119 w tym samym oknie\" href=\"https:\/\/ab.us.edu.pl\/emp?id=8042\">dr Adam Guzik<\/a><\/li>\n<li><a title=\"odno\u015bnik do innej strony www link otwiera si\u0119 w tym samym oknie\" href=\"https:\/\/ab.us.edu.pl\/emp?id=38311\">Gra\u017cyna Kosowska<\/a><\/li>\n<li><a title=\"odno\u015bnik do innej strony www link otwiera si\u0119 w tym samym oknie\" href=\"https:\/\/ab.us.edu.pl\/emp?id=22982\">mgr Jan Rak<\/a><\/li>\n<li><a title=\"odno\u015bnik do innej strony www link otwiera si\u0119 w tym samym oknie\" href=\"https:\/\/ab.us.edu.pl\/emp?id=24242\">dr Bogdan Sawicki<\/a><\/li>\n<li><a title=\"odno\u015bnik do innej strony www link otwiera si\u0119 w tym samym oknie\" href=\"https:\/\/ab.us.edu.pl\/emp?id=PE128420\">dr Marcin Sikora<\/a><\/li>\n<li><a title=\"odno\u015bnik do innej strony www link otwiera si\u0119 w tym samym oknie\" href=\"https:\/\/ab.us.edu.pl\/emp?id=PE257651\">in\u017c. Robert Zelosko<\/a><\/li>\n<\/ul>\n<p>[\/vc_column_text][\/vc_column_inner][\/vc_row_inner][vc_row_inner][vc_column_inner width=&#8221;1\/3&#8243;][\/vc_column_inner][vc_column_inner width=&#8221;1\/3&#8243;][vc_single_image image=&#8221;30061&#8243; img_size=&#8221;large&#8221; alignment=&#8221;center&#8221; style=&#8221;vc_box_rounded&#8221;][\/vc_column_inner][vc_column_inner width=&#8221;1\/3&#8243;][\/vc_column_inner][\/vc_row_inner][\/vc_column][\/vc_row]<\/p>\n<style type=\"text\/css\">a[data-mtli~=\"mtli_filesize15,54kB\"]:after {content:\" (15,54 kB)\"}a[data-mtli~=\"mtli_filesize13,41kB\"]:after {content:\" (13,41 kB)\"}<\/style>","protected":false},"excerpt":{"rendered":"<p>[vc_row el_class=&#8221;container&#8221;][vc_column width=&#8221;1\/5&#8243;][vc_wp_custommenu nav_menu=&#8221;433&#8243;][vc_column_text css=&#8221;.vc_custom_1745394805618{margin-left: 10px !important;border-top-width: 1px !important;border-right-width: 1px !important;border-bottom-width: 1px !important;border-left-width: 1px !important;padding-top: 4px !important;padding-right: 2px !important;padding-bottom: 2px !important;padding-left: 10px !important;border-left-color: #002e5a !important;border-left-style: solid !important;border-right-color: #002e5a !important;border-right-style: solid !important;border-top-color: #002e5a !important;border-top-style: solid !important;border-bottom-color: #002e5a !important;border-bottom-style: solid !important;}&#8221;]Na tej stronie znajdziesz informacje o tym: jak sprawdzi\u0107, co mam na stanie maj\u0105tkowym jak przygotowa\u0107 si\u0119 [&#8230;]<\/p>\n<p><a class=\"btn btn-secondary understrap-read-more-link\" href=\"https:\/\/us.edu.pl\/pracownik\/wnst\/majatek\/\">Read More&#8230;<\/a><\/p>\n","protected":false},"author":92,"featured_media":0,"parent":29370,"menu_order":494,"comment_status":"closed","ping_status":"closed","template":"","meta":{"_expiration-date-status":"","_expiration-date":0,"_expiration-date-type":"","_expiration-date-categories":[],"_expiration-date-options":[]},"acf":[],"_links":{"self":[{"href":"https:\/\/us.edu.pl\/pracownik\/wp-json\/wp\/v2\/pages\/30057"}],"collection":[{"href":"https:\/\/us.edu.pl\/pracownik\/wp-json\/wp\/v2\/pages"}],"about":[{"href":"https:\/\/us.edu.pl\/pracownik\/wp-json\/wp\/v2\/types\/page"}],"author":[{"embeddable":true,"href":"https:\/\/us.edu.pl\/pracownik\/wp-json\/wp\/v2\/users\/92"}],"replies":[{"embeddable":true,"href":"https:\/\/us.edu.pl\/pracownik\/wp-json\/wp\/v2\/comments?post=30057"}],"version-history":[{"count":10,"href":"https:\/\/us.edu.pl\/pracownik\/wp-json\/wp\/v2\/pages\/30057\/revisions"}],"predecessor-version":[{"id":36230,"href":"https:\/\/us.edu.pl\/pracownik\/wp-json\/wp\/v2\/pages\/30057\/revisions\/36230"}],"up":[{"embeddable":true,"href":"https:\/\/us.edu.pl\/pracownik\/wp-json\/wp\/v2\/pages\/29370"}],"wp:attachment":[{"href":"https:\/\/us.edu.pl\/pracownik\/wp-json\/wp\/v2\/media?parent=30057"}],"curies":[{"name":"wp","href":"https:\/\/api.w.org\/{rel}","templated":true}]}}